{"id":60567,"date":"2023-11-03T09:03:26","date_gmt":"2023-11-03T08:03:28","guid":{"rendered":"https:\/\/www.champmarket.com\/?post_type=product&#038;p=60567"},"modified":"2024-07-18T15:05:57","modified_gmt":"2024-07-18T13:05:57","slug":"barons-de-rothschild-rare-collection-rose-2013-fles-met-doos","status":"publish","type":"product","link":"https:\/\/www.champmarket.com\/nl\/champagne\/barons-de-rothschild-rare-collection-rose-2013-fles-met-doos\/","title":{"rendered":"Barons de Rothschild Rare Collection Ros\u00e9 2013 Fles met doos"},"content":{"rendered":"<p>Barons de Rothschild Rare Collection Ros\u00e9 2013 wordt in zeer beperkte hoeveelheden geproduceerd en krijgt dezelfde zorg als de grootste wijnen van de familie Rothschild.<\/p>\n<p>Sinds de oprichting van het Champagnehuis in 2005 heeft de familie Rothschild zich in de Champagne gevestigd met als enige ambitie uitmuntendheid. Nog geen jaar later voltooit de creatie van een uitzonderlijke cuv\u00e9e in het teken van een groots wijnjaar, zoals de wijnen van hun grootste Ch\u00e2teaux.<\/p>\n","protected":false},"excerpt":{"rendered":"<p>Barons de Rothschild Rare Collection Ros\u00e9 2013, geproduceerd in zeer beperkte hoeveelheden, is de unieke combinatie van vier Chardonnay Grands Crus en een vleugje rode wijn uit een uitzonderlijk jaar. Een prestigieuze cuv\u00e9e met een perfecte harmonie, tussen volheid en delicatesse.<\/p>\n","protected":false},"featured_media":60556,"template":"","meta":{"_acf_changed":false},"product_brand":[],"product_cat":[3353,3321,3308,3138,3141,3106,3164,3176,3117,3115,3116,3114,3168],"product_tag":[3188,3190,3195,3200,3196,3198],"class_list":{"0":"post-60567","1":"product","2":"type-product","3":"status-publish","4":"has-post-thumbnail","6":"maisons-selectie-champagne-barons-de-rothschild-nl","7":"product_cat-kerstchampagnes","8":"product_cat-beste-champagnes","9":"product_cat-alle-champagnes-en-boxes","10":"product_cat-categorie-champagnehuizen","11":"product_cat-barons-de-rothschild-nl","12":"product_cat-flessen","13":"product_cat-nieuwigheden","14":"product_cat-tous-les-champagnes-nl","15":"product_cat-rose-champagne","16":"product_cat-vintage-champagne","17":"product_cat-prestige-champagne","18":"product_cat-champagne-extra-brut-non-dose-zero-dosage-nl","19":"product_cat-repas-nl","20":"product_tag-haute-couture-nl","21":"product_tag-la-vie-en-rose-nl","22":"product_tag-pour-offrir-nl","23":"product_tag-vintage-nl","24":"product_tag-repas-champagne-nl","25":"product_tag-cocktail-event-nl","27":"first","28":"outofstock","29":"taxable","30":"shipping-taxable","31":"purchasable","32":"product-type-simple"},"acf":[],"yoast_head":"<!-- This site is optimized with the Yoast SEO plugin v26.4 - https:\/\/yoast.com\/wordpress\/plugins\/seo\/ -->\n<title>Barons de Rothschild Rare Collection Ros\u00e9 2013 Fles met doos - Champmarket<\/title>\n<meta name=\"description\" content=\"Barons de Rothschild Rare Collection Ros\u00e9 2013 wordt in zeer beperkte hoeveelheden geproduceerd. Een prestigieuze cuv\u00e9e met een perfecte harmonie, tussen volheid en delicatesse.\" \/>\n<meta name=\"robots\" content=\"index, follow, max-snippet:-1, max-image-preview:large, max-video-preview:-1\" \/>\n<link rel=\"canonical\" href=\"https:\/\/www.champmarket.com\/nl\/champagne\/barons-de-rothschild-rare-collection-rose-2013-fles-met-doos\/\" \/>\n<meta property=\"og:locale\" content=\"nl_NL\" \/>\n<meta property=\"og:type\" content=\"article\" \/>\n<meta property=\"og:title\" content=\"Barons de Rothschild Rare Collection Ros\u00e9 2013 Fles met doos - Champmarket\" \/>\n<meta property=\"og:description\" content=\"Barons de Rothschild Rare Collection Ros\u00e9 2013 wordt in zeer beperkte hoeveelheden geproduceerd. Een prestigieuze cuv\u00e9e met een perfecte harmonie, tussen volheid en delicatesse.\" \/>\n<meta property=\"og:url\" content=\"https:\/\/www.champmarket.com\/nl\/champagne\/barons-de-rothschild-rare-collection-rose-2013-fles-met-doos\/\" \/>\n<meta property=\"og:site_name\" content=\"Champmarket\" \/>\n<meta property=\"article:publisher\" content=\"https:\/\/www.facebook.com\/ChampMarket\/\" \/>\n<meta property=\"article:modified_time\" content=\"2024-07-18T13:05:57+00:00\" \/>\n<meta property=\"og:image\" content=\"https:\/\/www.champmarket.com\/wp-content\/uploads\/2023\/11\/barons-de-rothschild-rare-collection-rose-2013-bouteille-coffret.webp\" \/>\n\t<meta property=\"og:image:width\" content=\"1400\" \/>\n\t<meta property=\"og:image:height\" content=\"1400\" \/>\n\t<meta property=\"og:image:type\" content=\"image\/webp\" \/>\n<meta name=\"twitter:card\" content=\"summary_large_image\" \/>\n<meta name=\"twitter:site\" content=\"@champmarket\" \/>\n<meta name=\"twitter:label1\" content=\"Geschatte leestijd\" \/>\n\t<meta name=\"twitter:data1\" content=\"1 minuut\" \/>\n<script type=\"application\/ld+json\" class=\"yoast-schema-graph\">{\"@context\":\"https:\/\/schema.org\",\"@graph\":[{\"@type\":\"WebPage\",\"@id\":\"https:\/\/www.champmarket.com\/nl\/champagne\/barons-de-rothschild-rare-collection-rose-2013-fles-met-doos\/\",\"url\":\"https:\/\/www.champmarket.com\/nl\/champagne\/barons-de-rothschild-rare-collection-rose-2013-fles-met-doos\/\",\"name\":\"Barons de Rothschild Rare Collection Ros\u00e9 2013 Fles met doos - Champmarket\",\"isPartOf\":{\"@id\":\"https:\/\/www.champmarket.com\/#website\"},\"primaryImageOfPage\":{\"@id\":\"https:\/\/www.champmarket.com\/nl\/champagne\/barons-de-rothschild-rare-collection-rose-2013-fles-met-doos\/#primaryimage\"},\"image\":{\"@id\":\"https:\/\/www.champmarket.com\/nl\/champagne\/barons-de-rothschild-rare-collection-rose-2013-fles-met-doos\/#primaryimage\"},\"thumbnailUrl\":\"https:\/\/www.champmarket.com\/wp-content\/uploads\/2023\/11\/barons-de-rothschild-rare-collection-rose-2013-bouteille-coffret.webp\",\"datePublished\":\"2023-11-03T08:03:28+00:00\",\"dateModified\":\"2024-07-18T13:05:57+00:00\",\"description\":\"Barons de Rothschild Rare Collection Ros\u00e9 2013 wordt in zeer beperkte hoeveelheden geproduceerd. Een prestigieuze cuv\u00e9e met een perfecte harmonie, tussen volheid en delicatesse.\",\"breadcrumb\":{\"@id\":\"https:\/\/www.champmarket.com\/nl\/champagne\/barons-de-rothschild-rare-collection-rose-2013-fles-met-doos\/#breadcrumb\"},\"inLanguage\":\"nl-NL\",\"potentialAction\":[{\"@type\":\"ReadAction\",\"target\":[\"https:\/\/www.champmarket.com\/nl\/champagne\/barons-de-rothschild-rare-collection-rose-2013-fles-met-doos\/\"]}]},{\"@type\":\"ImageObject\",\"inLanguage\":\"nl-NL\",\"@id\":\"https:\/\/www.champmarket.com\/nl\/champagne\/barons-de-rothschild-rare-collection-rose-2013-fles-met-doos\/#primaryimage\",\"url\":\"https:\/\/www.champmarket.com\/wp-content\/uploads\/2023\/11\/barons-de-rothschild-rare-collection-rose-2013-bouteille-coffret.webp\",\"contentUrl\":\"https:\/\/www.champmarket.com\/wp-content\/uploads\/2023\/11\/barons-de-rothschild-rare-collection-rose-2013-bouteille-coffret.webp\",\"width\":1400,\"height\":1400,\"caption\":\"Champagne Barons de Rothschild Rare Collection Ros\u00e9 2013 - Champmarket\"},{\"@type\":\"BreadcrumbList\",\"@id\":\"https:\/\/www.champmarket.com\/nl\/champagne\/barons-de-rothschild-rare-collection-rose-2013-fles-met-doos\/#breadcrumb\",\"itemListElement\":[{\"@type\":\"ListItem\",\"position\":1,\"name\":\"Accueil\",\"item\":\"https:\/\/www.champmarket.com\/nl\/\"},{\"@type\":\"ListItem\",\"position\":2,\"name\":\"Winkel\",\"item\":\"https:\/\/www.champmarket.com\/nl\/boutique\/\"},{\"@type\":\"ListItem\",\"position\":3,\"name\":\"Barons de Rothschild\",\"item\":\"https:\/\/www.champmarket.com\/nl\/maisons\/selectie-champagne-barons-de-rothschild-nl\/\"},{\"@type\":\"ListItem\",\"position\":4,\"name\":\"Barons de Rothschild Rare Collection Ros\u00e9 2013 Fles met doos\"}]},{\"@type\":\"WebSite\",\"@id\":\"https:\/\/www.champmarket.com\/#website\",\"url\":\"https:\/\/www.champmarket.com\/\",\"name\":\"Champmarket\",\"description\":\"Champmarket, Champagnes, Cadeaus en Levenskunst\",\"publisher\":{\"@id\":\"https:\/\/www.champmarket.com\/#organization\"},\"potentialAction\":[{\"@type\":\"SearchAction\",\"target\":{\"@type\":\"EntryPoint\",\"urlTemplate\":\"https:\/\/www.champmarket.com\/?s={search_term_string}\"},\"query-input\":{\"@type\":\"PropertyValueSpecification\",\"valueRequired\":true,\"valueName\":\"search_term_string\"}}],\"inLanguage\":\"nl-NL\"},{\"@type\":\"Organization\",\"@id\":\"https:\/\/www.champmarket.com\/#organization\",\"name\":\"Champmarket\",\"url\":\"https:\/\/www.champmarket.com\/\",\"logo\":{\"@type\":\"ImageObject\",\"inLanguage\":\"nl-NL\",\"@id\":\"https:\/\/www.champmarket.com\/#\/schema\/logo\/image\/\",\"url\":\"https:\/\/www.champmarket.com\/wp-content\/uploads\/2024\/08\/logo2024-1.svg\",\"contentUrl\":\"https:\/\/www.champmarket.com\/wp-content\/uploads\/2024\/08\/logo2024-1.svg\",\"width\":579.8,\"height\":80,\"caption\":\"Champmarket\"},\"image\":{\"@id\":\"https:\/\/www.champmarket.com\/#\/schema\/logo\/image\/\"},\"sameAs\":[\"https:\/\/www.facebook.com\/ChampMarket\/\",\"https:\/\/x.com\/champmarket\",\"https:\/\/www.instagram.com\/champmarket.paris\/\",\"https:\/\/www.pinterest.fr\/champmarketparis\/\",\"https:\/\/www.linkedin.com\/company\/champmarket\/\"]}]}<\/script>\n<!-- \/ Yoast SEO plugin. -->","yoast_head_json":{"title":"Barons de Rothschild Rare Collection Ros\u00e9 2013 Fles met doos - Champmarket","description":"Barons de Rothschild Rare Collection Ros\u00e9 2013 wordt in zeer beperkte hoeveelheden geproduceerd. Een prestigieuze cuv\u00e9e met een perfecte harmonie, tussen volheid en delicatesse.","robots":{"index":"index","follow":"follow","max-snippet":"max-snippet:-1","max-image-preview":"max-image-preview:large","max-video-preview":"max-video-preview:-1"},"canonical":"https:\/\/www.champmarket.com\/nl\/champagne\/barons-de-rothschild-rare-collection-rose-2013-fles-met-doos\/","og_locale":"nl_NL","og_type":"article","og_title":"Barons de Rothschild Rare Collection Ros\u00e9 2013 Fles met doos - Champmarket","og_description":"Barons de Rothschild Rare Collection Ros\u00e9 2013 wordt in zeer beperkte hoeveelheden geproduceerd. Een prestigieuze cuv\u00e9e met een perfecte harmonie, tussen volheid en delicatesse.","og_url":"https:\/\/www.champmarket.com\/nl\/champagne\/barons-de-rothschild-rare-collection-rose-2013-fles-met-doos\/","og_site_name":"Champmarket","article_publisher":"https:\/\/www.facebook.com\/ChampMarket\/","article_modified_time":"2024-07-18T13:05:57+00:00","og_image":[{"width":1400,"height":1400,"url":"https:\/\/www.champmarket.com\/wp-content\/uploads\/2023\/11\/barons-de-rothschild-rare-collection-rose-2013-bouteille-coffret.webp","type":"image\/webp"}],"twitter_card":"summary_large_image","twitter_site":"@champmarket","twitter_misc":{"Geschatte leestijd":"1 minuut"},"schema":{"@context":"https:\/\/schema.org","@graph":[{"@type":"WebPage","@id":"https:\/\/www.champmarket.com\/nl\/champagne\/barons-de-rothschild-rare-collection-rose-2013-fles-met-doos\/","url":"https:\/\/www.champmarket.com\/nl\/champagne\/barons-de-rothschild-rare-collection-rose-2013-fles-met-doos\/","name":"Barons de Rothschild Rare Collection Ros\u00e9 2013 Fles met doos - Champmarket","isPartOf":{"@id":"https:\/\/www.champmarket.com\/#website"},"primaryImageOfPage":{"@id":"https:\/\/www.champmarket.com\/nl\/champagne\/barons-de-rothschild-rare-collection-rose-2013-fles-met-doos\/#primaryimage"},"image":{"@id":"https:\/\/www.champmarket.com\/nl\/champagne\/barons-de-rothschild-rare-collection-rose-2013-fles-met-doos\/#primaryimage"},"thumbnailUrl":"https:\/\/www.champmarket.com\/wp-content\/uploads\/2023\/11\/barons-de-rothschild-rare-collection-rose-2013-bouteille-coffret.webp","datePublished":"2023-11-03T08:03:28+00:00","dateModified":"2024-07-18T13:05:57+00:00","description":"Barons de Rothschild Rare Collection Ros\u00e9 2013 wordt in zeer beperkte hoeveelheden geproduceerd. Een prestigieuze cuv\u00e9e met een perfecte harmonie, tussen volheid en delicatesse.","breadcrumb":{"@id":"https:\/\/www.champmarket.com\/nl\/champagne\/barons-de-rothschild-rare-collection-rose-2013-fles-met-doos\/#breadcrumb"},"inLanguage":"nl-NL","potentialAction":[{"@type":"ReadAction","target":["https:\/\/www.champmarket.com\/nl\/champagne\/barons-de-rothschild-rare-collection-rose-2013-fles-met-doos\/"]}]},{"@type":"ImageObject","inLanguage":"nl-NL","@id":"https:\/\/www.champmarket.com\/nl\/champagne\/barons-de-rothschild-rare-collection-rose-2013-fles-met-doos\/#primaryimage","url":"https:\/\/www.champmarket.com\/wp-content\/uploads\/2023\/11\/barons-de-rothschild-rare-collection-rose-2013-bouteille-coffret.webp","contentUrl":"https:\/\/www.champmarket.com\/wp-content\/uploads\/2023\/11\/barons-de-rothschild-rare-collection-rose-2013-bouteille-coffret.webp","width":1400,"height":1400,"caption":"Champagne Barons de Rothschild Rare Collection Ros\u00e9 2013 - Champmarket"},{"@type":"BreadcrumbList","@id":"https:\/\/www.champmarket.com\/nl\/champagne\/barons-de-rothschild-rare-collection-rose-2013-fles-met-doos\/#breadcrumb","itemListElement":[{"@type":"ListItem","position":1,"name":"Accueil","item":"https:\/\/www.champmarket.com\/nl\/"},{"@type":"ListItem","position":2,"name":"Winkel","item":"https:\/\/www.champmarket.com\/nl\/boutique\/"},{"@type":"ListItem","position":3,"name":"Barons de Rothschild","item":"https:\/\/www.champmarket.com\/nl\/maisons\/selectie-champagne-barons-de-rothschild-nl\/"},{"@type":"ListItem","position":4,"name":"Barons de Rothschild Rare Collection Ros\u00e9 2013 Fles met doos"}]},{"@type":"WebSite","@id":"https:\/\/www.champmarket.com\/#website","url":"https:\/\/www.champmarket.com\/","name":"Champmarket","description":"Champmarket, Champagnes, Cadeaus en Levenskunst","publisher":{"@id":"https:\/\/www.champmarket.com\/#organization"},"potentialAction":[{"@type":"SearchAction","target":{"@type":"EntryPoint","urlTemplate":"https:\/\/www.champmarket.com\/?s={search_term_string}"},"query-input":{"@type":"PropertyValueSpecification","valueRequired":true,"valueName":"search_term_string"}}],"inLanguage":"nl-NL"},{"@type":"Organization","@id":"https:\/\/www.champmarket.com\/#organization","name":"Champmarket","url":"https:\/\/www.champmarket.com\/","logo":{"@type":"ImageObject","inLanguage":"nl-NL","@id":"https:\/\/www.champmarket.com\/#\/schema\/logo\/image\/","url":"https:\/\/www.champmarket.com\/wp-content\/uploads\/2024\/08\/logo2024-1.svg","contentUrl":"https:\/\/www.champmarket.com\/wp-content\/uploads\/2024\/08\/logo2024-1.svg","width":579.8,"height":80,"caption":"Champmarket"},"image":{"@id":"https:\/\/www.champmarket.com\/#\/schema\/logo\/image\/"},"sameAs":["https:\/\/www.facebook.com\/ChampMarket\/","https:\/\/x.com\/champmarket","https:\/\/www.instagram.com\/champmarket.paris\/","https:\/\/www.pinterest.fr\/champmarketparis\/","https:\/\/www.linkedin.com\/company\/champmarket\/"]}]}},"_links":{"self":[{"href":"https:\/\/www.champmarket.com\/nl\/wp-json\/wp\/v2\/product\/60567","targetHints":{"allow":["GET"]}}],"collection":[{"href":"https:\/\/www.champmarket.com\/nl\/wp-json\/wp\/v2\/product"}],"about":[{"href":"https:\/\/www.champmarket.com\/nl\/wp-json\/wp\/v2\/types\/product"}],"version-history":[{"count":2,"href":"https:\/\/www.champmarket.com\/nl\/wp-json\/wp\/v2\/product\/60567\/revisions"}],"predecessor-version":[{"id":69503,"href":"https:\/\/www.champmarket.com\/nl\/wp-json\/wp\/v2\/product\/60567\/revisions\/69503"}],"wp:featuredmedia":[{"embeddable":true,"href":"https:\/\/www.champmarket.com\/nl\/wp-json\/wp\/v2\/media\/60556"}],"wp:attachment":[{"href":"https:\/\/www.champmarket.com\/nl\/wp-json\/wp\/v2\/media?parent=60567"}],"wp:term":[{"taxonomy":"product_brand","embeddable":true,"href":"https:\/\/www.champmarket.com\/nl\/wp-json\/wp\/v2\/product_brand?post=60567"},{"taxonomy":"product_cat","embeddable":true,"href":"https:\/\/www.champmarket.com\/nl\/wp-json\/wp\/v2\/product_cat?post=60567"},{"taxonomy":"product_tag","embeddable":true,"href":"https:\/\/www.champmarket.com\/nl\/wp-json\/wp\/v2\/product_tag?post=60567"}],"curies":[{"name":"wp","href":"https:\/\/api.w.org\/{rel}","templated":true}]}}