{"id":60678,"date":"2023-11-06T14:04:54","date_gmt":"2023-11-06T13:04:55","guid":{"rendered":"https:\/\/www.champmarket.com\/?post_type=product&#038;p=60678"},"modified":"2024-07-19T16:01:10","modified_gmt":"2024-07-19T14:01:10","slug":"krug-rose-21e-editie-magnum-met-koffer","status":"publish","type":"product","link":"https:\/\/www.champmarket.com\/nl\/champagne\/krug-rose-21e-editie-magnum-met-koffer\/","title":{"rendered":"Krug Ros\u00e9 21e editie magnum met doos"},"content":{"rendered":"<div class=\"horizontal-slide-v2\"><\/div>\n<div>Krug Ros\u00e9 21st Edition magnum met doos werd gecre\u00eberd rond de oogst van 2008. Na een zachte winter, een bewolkte lente en een koele zomer trokken de wolken half september op miraculeuze wijze weg, waardoor gunstige omstandigheden ontstonden die de hele oogst aanhielden en ervoor zorgden dat het fruit gezond en rijp bleef.<\/div>\n<p>Het Magnum-formaat is een grote fles met een inhoud van 1,5 liter, die staat voor 2 flessen champagne of 12 glazen. Dit grote formaat, gepresenteerd in een luxe koffer, is ideaal voor recepties, diners, speciale gelegenheden en geschenken.<\/p>\n","protected":false},"excerpt":{"rendered":"<p>Krug Ros\u00e9 is geboren uit de wens van Krug om fans zijn visie op ros\u00e9 champagne te bieden. Dit is een originele champagne, gecre\u00eberd volgens dezelfde filosofie als Krug Grande Cuv\u00e9e, die ook verder gaat dan het begrip Vintage. Krug Ros\u00e9 21st Edition magnum met doos is zowel verrassend als gedurfd. Met zijn uitgebreide palet van elegante noten onthult hij een partituur die even sensueel als gedurfd is. Een combinatie van gratie, diepte en vrijgevigheid. De meest onconventionele Champagne van Krug is de ideale partner voor alle gedurfde gastronomische ervaringen en speelt op briljante wijze de rol van een grote rode wijn op tafel.<\/p>\n","protected":false},"featured_media":60681,"template":"","meta":{"_acf_changed":false},"product_brand":[],"product_cat":[3308,3138,3147,3129,3132,3176,3117,3116,3168],"product_tag":[3187,3188,3190,3195,3196],"class_list":{"0":"post-60678","1":"product","2":"type-product","3":"status-publish","4":"has-post-thumbnail","6":"maisons-selectie-champagne-krug-nl","7":"product_cat-alle-champagnes-en-boxes","8":"product_cat-categorie-champagnehuizen","9":"product_cat-krug-nl","10":"product_cat-grote-flessen","11":"product_cat-magnum-nl","12":"product_cat-tous-les-champagnes-nl","13":"product_cat-rose-champagne","14":"product_cat-prestige-champagne","15":"product_cat-repas-nl","16":"product_tag-grand-flacon-nl","17":"product_tag-haute-couture-nl","18":"product_tag-la-vie-en-rose-nl","19":"product_tag-pour-offrir-nl","20":"product_tag-repas-champagne-nl","22":"first","23":"instock","24":"taxable","25":"shipping-taxable","26":"purchasable","27":"product-type-simple"},"acf":[],"yoast_head":"<!-- This site is optimized with the Yoast SEO plugin v26.4 - https:\/\/yoast.com\/wordpress\/plugins\/seo\/ -->\n<title>Krug Ros\u00e9 21e editie magnum met doos - Champmarket<\/title>\n<meta name=\"description\" content=\"Krug Ros\u00e9 21st Edition magnum met doos is zowel verrassend als gedurfd. Met zijn uitgebreide palet van elegante noten onthult hij een partituur die even sensueel als gedurfd is.\" \/>\n<meta name=\"robots\" content=\"index, follow, max-snippet:-1, max-image-preview:large, max-video-preview:-1\" \/>\n<link rel=\"canonical\" href=\"https:\/\/www.champmarket.com\/nl\/champagne\/krug-rose-21e-editie-magnum-met-koffer\/\" \/>\n<meta property=\"og:locale\" content=\"nl_NL\" \/>\n<meta property=\"og:type\" content=\"article\" \/>\n<meta property=\"og:title\" content=\"Krug Ros\u00e9 21e editie magnum met doos - Champmarket\" \/>\n<meta property=\"og:description\" content=\"Krug Ros\u00e9 21st Edition magnum met doos is zowel verrassend als gedurfd. Met zijn uitgebreide palet van elegante noten onthult hij een partituur die even sensueel als gedurfd is.\" \/>\n<meta property=\"og:url\" content=\"https:\/\/www.champmarket.com\/nl\/champagne\/krug-rose-21e-editie-magnum-met-koffer\/\" \/>\n<meta property=\"og:site_name\" content=\"Champmarket\" \/>\n<meta property=\"article:publisher\" content=\"https:\/\/www.facebook.com\/ChampMarket\/\" \/>\n<meta property=\"article:modified_time\" content=\"2024-07-19T14:01:10+00:00\" \/>\n<meta property=\"og:image\" content=\"https:\/\/www.champmarket.com\/wp-content\/uploads\/2023\/11\/krug-rose-21eme-edition-magnum.webp\" \/>\n\t<meta property=\"og:image:width\" content=\"1400\" \/>\n\t<meta property=\"og:image:height\" content=\"1400\" \/>\n\t<meta property=\"og:image:type\" content=\"image\/webp\" \/>\n<meta name=\"twitter:card\" content=\"summary_large_image\" \/>\n<meta name=\"twitter:site\" content=\"@champmarket\" \/>\n<meta name=\"twitter:label1\" content=\"Geschatte leestijd\" \/>\n\t<meta name=\"twitter:data1\" content=\"1 minuut\" \/>\n<script type=\"application\/ld+json\" class=\"yoast-schema-graph\">{\"@context\":\"https:\/\/schema.org\",\"@graph\":[{\"@type\":\"WebPage\",\"@id\":\"https:\/\/www.champmarket.com\/nl\/champagne\/krug-rose-21e-editie-magnum-met-koffer\/\",\"url\":\"https:\/\/www.champmarket.com\/nl\/champagne\/krug-rose-21e-editie-magnum-met-koffer\/\",\"name\":\"Krug Ros\u00e9 21e editie magnum met doos - Champmarket\",\"isPartOf\":{\"@id\":\"https:\/\/www.champmarket.com\/#website\"},\"primaryImageOfPage\":{\"@id\":\"https:\/\/www.champmarket.com\/nl\/champagne\/krug-rose-21e-editie-magnum-met-koffer\/#primaryimage\"},\"image\":{\"@id\":\"https:\/\/www.champmarket.com\/nl\/champagne\/krug-rose-21e-editie-magnum-met-koffer\/#primaryimage\"},\"thumbnailUrl\":\"https:\/\/www.champmarket.com\/wp-content\/uploads\/2023\/11\/krug-rose-21eme-edition-magnum.webp\",\"datePublished\":\"2023-11-06T13:04:55+00:00\",\"dateModified\":\"2024-07-19T14:01:10+00:00\",\"description\":\"Krug Ros\u00e9 21st Edition magnum met doos is zowel verrassend als gedurfd. Met zijn uitgebreide palet van elegante noten onthult hij een partituur die even sensueel als gedurfd is.\",\"breadcrumb\":{\"@id\":\"https:\/\/www.champmarket.com\/nl\/champagne\/krug-rose-21e-editie-magnum-met-koffer\/#breadcrumb\"},\"inLanguage\":\"nl-NL\",\"potentialAction\":[{\"@type\":\"ReadAction\",\"target\":[\"https:\/\/www.champmarket.com\/nl\/champagne\/krug-rose-21e-editie-magnum-met-koffer\/\"]}]},{\"@type\":\"ImageObject\",\"inLanguage\":\"nl-NL\",\"@id\":\"https:\/\/www.champmarket.com\/nl\/champagne\/krug-rose-21e-editie-magnum-met-koffer\/#primaryimage\",\"url\":\"https:\/\/www.champmarket.com\/wp-content\/uploads\/2023\/11\/krug-rose-21eme-edition-magnum.webp\",\"contentUrl\":\"https:\/\/www.champmarket.com\/wp-content\/uploads\/2023\/11\/krug-rose-21eme-edition-magnum.webp\",\"width\":1400,\"height\":1400,\"caption\":\"Champagne Krug Ros\u00e9 21\u00e8me \u00e9dition magnum - Champmarket\"},{\"@type\":\"BreadcrumbList\",\"@id\":\"https:\/\/www.champmarket.com\/nl\/champagne\/krug-rose-21e-editie-magnum-met-koffer\/#breadcrumb\",\"itemListElement\":[{\"@type\":\"ListItem\",\"position\":1,\"name\":\"Accueil\",\"item\":\"https:\/\/www.champmarket.com\/nl\/\"},{\"@type\":\"ListItem\",\"position\":2,\"name\":\"Winkel\",\"item\":\"https:\/\/www.champmarket.com\/nl\/boutique\/\"},{\"@type\":\"ListItem\",\"position\":3,\"name\":\"Krug\",\"item\":\"https:\/\/www.champmarket.com\/nl\/maisons\/selectie-champagne-krug-nl\/\"},{\"@type\":\"ListItem\",\"position\":4,\"name\":\"Krug Ros\u00e9 21e editie magnum met doos\"}]},{\"@type\":\"WebSite\",\"@id\":\"https:\/\/www.champmarket.com\/#website\",\"url\":\"https:\/\/www.champmarket.com\/\",\"name\":\"Champmarket\",\"description\":\"Champmarket, Champagnes, Cadeaus en Levenskunst\",\"publisher\":{\"@id\":\"https:\/\/www.champmarket.com\/#organization\"},\"potentialAction\":[{\"@type\":\"SearchAction\",\"target\":{\"@type\":\"EntryPoint\",\"urlTemplate\":\"https:\/\/www.champmarket.com\/?s={search_term_string}\"},\"query-input\":{\"@type\":\"PropertyValueSpecification\",\"valueRequired\":true,\"valueName\":\"search_term_string\"}}],\"inLanguage\":\"nl-NL\"},{\"@type\":\"Organization\",\"@id\":\"https:\/\/www.champmarket.com\/#organization\",\"name\":\"Champmarket\",\"url\":\"https:\/\/www.champmarket.com\/\",\"logo\":{\"@type\":\"ImageObject\",\"inLanguage\":\"nl-NL\",\"@id\":\"https:\/\/www.champmarket.com\/#\/schema\/logo\/image\/\",\"url\":\"https:\/\/www.champmarket.com\/wp-content\/uploads\/2024\/08\/logo2024-1.svg\",\"contentUrl\":\"https:\/\/www.champmarket.com\/wp-content\/uploads\/2024\/08\/logo2024-1.svg\",\"width\":579.8,\"height\":80,\"caption\":\"Champmarket\"},\"image\":{\"@id\":\"https:\/\/www.champmarket.com\/#\/schema\/logo\/image\/\"},\"sameAs\":[\"https:\/\/www.facebook.com\/ChampMarket\/\",\"https:\/\/x.com\/champmarket\",\"https:\/\/www.instagram.com\/champmarket.paris\/\",\"https:\/\/www.pinterest.fr\/champmarketparis\/\",\"https:\/\/www.linkedin.com\/company\/champmarket\/\"]}]}<\/script>\n<!-- \/ Yoast SEO plugin. -->","yoast_head_json":{"title":"Krug Ros\u00e9 21e editie magnum met doos - Champmarket","description":"Krug Ros\u00e9 21st Edition magnum met doos is zowel verrassend als gedurfd. Met zijn uitgebreide palet van elegante noten onthult hij een partituur die even sensueel als gedurfd is.","robots":{"index":"index","follow":"follow","max-snippet":"max-snippet:-1","max-image-preview":"max-image-preview:large","max-video-preview":"max-video-preview:-1"},"canonical":"https:\/\/www.champmarket.com\/nl\/champagne\/krug-rose-21e-editie-magnum-met-koffer\/","og_locale":"nl_NL","og_type":"article","og_title":"Krug Ros\u00e9 21e editie magnum met doos - Champmarket","og_description":"Krug Ros\u00e9 21st Edition magnum met doos is zowel verrassend als gedurfd. Met zijn uitgebreide palet van elegante noten onthult hij een partituur die even sensueel als gedurfd is.","og_url":"https:\/\/www.champmarket.com\/nl\/champagne\/krug-rose-21e-editie-magnum-met-koffer\/","og_site_name":"Champmarket","article_publisher":"https:\/\/www.facebook.com\/ChampMarket\/","article_modified_time":"2024-07-19T14:01:10+00:00","og_image":[{"width":1400,"height":1400,"url":"https:\/\/www.champmarket.com\/wp-content\/uploads\/2023\/11\/krug-rose-21eme-edition-magnum.webp","type":"image\/webp"}],"twitter_card":"summary_large_image","twitter_site":"@champmarket","twitter_misc":{"Geschatte leestijd":"1 minuut"},"schema":{"@context":"https:\/\/schema.org","@graph":[{"@type":"WebPage","@id":"https:\/\/www.champmarket.com\/nl\/champagne\/krug-rose-21e-editie-magnum-met-koffer\/","url":"https:\/\/www.champmarket.com\/nl\/champagne\/krug-rose-21e-editie-magnum-met-koffer\/","name":"Krug Ros\u00e9 21e editie magnum met doos - Champmarket","isPartOf":{"@id":"https:\/\/www.champmarket.com\/#website"},"primaryImageOfPage":{"@id":"https:\/\/www.champmarket.com\/nl\/champagne\/krug-rose-21e-editie-magnum-met-koffer\/#primaryimage"},"image":{"@id":"https:\/\/www.champmarket.com\/nl\/champagne\/krug-rose-21e-editie-magnum-met-koffer\/#primaryimage"},"thumbnailUrl":"https:\/\/www.champmarket.com\/wp-content\/uploads\/2023\/11\/krug-rose-21eme-edition-magnum.webp","datePublished":"2023-11-06T13:04:55+00:00","dateModified":"2024-07-19T14:01:10+00:00","description":"Krug Ros\u00e9 21st Edition magnum met doos is zowel verrassend als gedurfd. Met zijn uitgebreide palet van elegante noten onthult hij een partituur die even sensueel als gedurfd is.","breadcrumb":{"@id":"https:\/\/www.champmarket.com\/nl\/champagne\/krug-rose-21e-editie-magnum-met-koffer\/#breadcrumb"},"inLanguage":"nl-NL","potentialAction":[{"@type":"ReadAction","target":["https:\/\/www.champmarket.com\/nl\/champagne\/krug-rose-21e-editie-magnum-met-koffer\/"]}]},{"@type":"ImageObject","inLanguage":"nl-NL","@id":"https:\/\/www.champmarket.com\/nl\/champagne\/krug-rose-21e-editie-magnum-met-koffer\/#primaryimage","url":"https:\/\/www.champmarket.com\/wp-content\/uploads\/2023\/11\/krug-rose-21eme-edition-magnum.webp","contentUrl":"https:\/\/www.champmarket.com\/wp-content\/uploads\/2023\/11\/krug-rose-21eme-edition-magnum.webp","width":1400,"height":1400,"caption":"Champagne Krug Ros\u00e9 21\u00e8me \u00e9dition magnum - Champmarket"},{"@type":"BreadcrumbList","@id":"https:\/\/www.champmarket.com\/nl\/champagne\/krug-rose-21e-editie-magnum-met-koffer\/#breadcrumb","itemListElement":[{"@type":"ListItem","position":1,"name":"Accueil","item":"https:\/\/www.champmarket.com\/nl\/"},{"@type":"ListItem","position":2,"name":"Winkel","item":"https:\/\/www.champmarket.com\/nl\/boutique\/"},{"@type":"ListItem","position":3,"name":"Krug","item":"https:\/\/www.champmarket.com\/nl\/maisons\/selectie-champagne-krug-nl\/"},{"@type":"ListItem","position":4,"name":"Krug Ros\u00e9 21e editie magnum met doos"}]},{"@type":"WebSite","@id":"https:\/\/www.champmarket.com\/#website","url":"https:\/\/www.champmarket.com\/","name":"Champmarket","description":"Champmarket, Champagnes, Cadeaus en Levenskunst","publisher":{"@id":"https:\/\/www.champmarket.com\/#organization"},"potentialAction":[{"@type":"SearchAction","target":{"@type":"EntryPoint","urlTemplate":"https:\/\/www.champmarket.com\/?s={search_term_string}"},"query-input":{"@type":"PropertyValueSpecification","valueRequired":true,"valueName":"search_term_string"}}],"inLanguage":"nl-NL"},{"@type":"Organization","@id":"https:\/\/www.champmarket.com\/#organization","name":"Champmarket","url":"https:\/\/www.champmarket.com\/","logo":{"@type":"ImageObject","inLanguage":"nl-NL","@id":"https:\/\/www.champmarket.com\/#\/schema\/logo\/image\/","url":"https:\/\/www.champmarket.com\/wp-content\/uploads\/2024\/08\/logo2024-1.svg","contentUrl":"https:\/\/www.champmarket.com\/wp-content\/uploads\/2024\/08\/logo2024-1.svg","width":579.8,"height":80,"caption":"Champmarket"},"image":{"@id":"https:\/\/www.champmarket.com\/#\/schema\/logo\/image\/"},"sameAs":["https:\/\/www.facebook.com\/ChampMarket\/","https:\/\/x.com\/champmarket","https:\/\/www.instagram.com\/champmarket.paris\/","https:\/\/www.pinterest.fr\/champmarketparis\/","https:\/\/www.linkedin.com\/company\/champmarket\/"]}]}},"_links":{"self":[{"href":"https:\/\/www.champmarket.com\/nl\/wp-json\/wp\/v2\/product\/60678","targetHints":{"allow":["GET"]}}],"collection":[{"href":"https:\/\/www.champmarket.com\/nl\/wp-json\/wp\/v2\/product"}],"about":[{"href":"https:\/\/www.champmarket.com\/nl\/wp-json\/wp\/v2\/types\/product"}],"version-history":[{"count":1,"href":"https:\/\/www.champmarket.com\/nl\/wp-json\/wp\/v2\/product\/60678\/revisions"}],"predecessor-version":[{"id":69647,"href":"https:\/\/www.champmarket.com\/nl\/wp-json\/wp\/v2\/product\/60678\/revisions\/69647"}],"wp:featuredmedia":[{"embeddable":true,"href":"https:\/\/www.champmarket.com\/nl\/wp-json\/wp\/v2\/media\/60681"}],"wp:attachment":[{"href":"https:\/\/www.champmarket.com\/nl\/wp-json\/wp\/v2\/media?parent=60678"}],"wp:term":[{"taxonomy":"product_brand","embeddable":true,"href":"https:\/\/www.champmarket.com\/nl\/wp-json\/wp\/v2\/product_brand?post=60678"},{"taxonomy":"product_cat","embeddable":true,"href":"https:\/\/www.champmarket.com\/nl\/wp-json\/wp\/v2\/product_cat?post=60678"},{"taxonomy":"product_tag","embeddable":true,"href":"https:\/\/www.champmarket.com\/nl\/wp-json\/wp\/v2\/product_tag?post=60678"}],"curies":[{"name":"wp","href":"https:\/\/api.w.org\/{rel}","templated":true}]}}