{"id":61546,"date":"2023-11-21T16:36:31","date_gmt":"2023-11-21T15:36:32","guid":{"rendered":"https:\/\/www.champmarket.com\/?post_type=product&#038;p=61546"},"modified":"2024-10-10T12:46:08","modified_gmt":"2024-10-10T10:46:08","slug":"louis-roederer-brut-rose-2013-magnum-luxe-koffer","status":"publish","type":"product","link":"https:\/\/www.champmarket.com\/nl\/champagne\/louis-roederer-brut-rose-2013-magnum-luxe-koffer\/","title":{"rendered":"Louis Roederer Brut Ros\u00e9 2013 Magnum Luxe Geschenkset"},"content":{"rendered":"<p><em>&#8220;Een ros\u00e9 in roederer stijl: de concentratie, fruitigheid en dichte body van de pinot noir uit Cumi\u00e8res worden overtroffen door de elegantie, zuiverheid en frisheid van de grote chardonnays uit de C\u00f4te des Blancs.<\/em> &#8211; Jean-Baptiste L\u00e9caillon, keldermeester Het Magnum-formaat is een grote fles met een inhoud van 1,5 liter, die 2 flessen champagne of 12 glazen vertegenwoordigt. Dit grote formaat, gepresenteerd in een luxe koffer, is ideaal voor recepties, diners, speciale gelegenheden en geschenken.<\/p>\n","protected":false},"excerpt":{"rendered":"<p>Louis Roederer Ros\u00e9 2013 magnum met luxe doos is een wijn met een grote frisheid, balans en lichtheid. Deze champagne heeft echt charme! Een frisse Vintage, de 2013 Ros\u00e9 onthult alle sappige substantie van de Pinot Noirs van het vroegrijpe, zuidelijk geori\u00ebnteerde klei-kalksteen terroir van Cumi\u00e8res, verfijnd en uitgerekt door de frisheid van de noordelijk geori\u00ebnteerde Chardonnays uit Chouilly.<\/p>\n","protected":false},"featured_media":64220,"template":"","meta":{"_acf_changed":false},"product_brand":[],"product_cat":[3467,3138,3150,3129,3132,3164,3176,3117,3115,3169,3168],"product_tag":[3187,3190,3195,3200],"class_list":{"0":"post-61546","1":"product","2":"type-product","3":"status-publish","4":"has-post-thumbnail","6":"maisons-selectie-champagne-louis-roederer-nl","7":"product_cat-selection-grands-flacons","8":"product_cat-categorie-champagnehuizen","9":"product_cat-louis-roederer-nl","10":"product_cat-grote-flessen","11":"product_cat-magnum-nl","12":"product_cat-nieuwigheden","13":"product_cat-tous-les-champagnes-nl","14":"product_cat-rose-champagne","15":"product_cat-vintage-champagne","16":"product_cat-aperitief","17":"product_cat-repas-nl","18":"product_tag-grand-flacon-nl","19":"product_tag-la-vie-en-rose-nl","20":"product_tag-pour-offrir-nl","21":"product_tag-vintage-nl","23":"first","24":"instock","25":"taxable","26":"shipping-taxable","27":"purchasable","28":"product-type-simple"},"acf":[],"yoast_head":"<!-- This site is optimized with the Yoast SEO plugin v26.4 - https:\/\/yoast.com\/wordpress\/plugins\/seo\/ -->\n<title>Louis Roederer Brut Ros\u00e9 2013 Magnum Luxe Geschenkset - Champmarket<\/title>\n<meta name=\"description\" content=\"De Magnum Brut Ros\u00e9 2013 Louis Roederer valt op door zijn zonnige, kalkrijke en frisse stijl. Een champagne met rijk fruit en een bolvormig uiterlijk.\" \/>\n<meta name=\"robots\" content=\"index, follow, max-snippet:-1, max-image-preview:large, max-video-preview:-1\" \/>\n<link rel=\"canonical\" href=\"https:\/\/www.champmarket.com\/nl\/champagne\/louis-roederer-brut-rose-2013-magnum-luxe-koffer\/\" \/>\n<meta property=\"og:locale\" content=\"nl_NL\" \/>\n<meta property=\"og:type\" content=\"article\" \/>\n<meta property=\"og:title\" content=\"Louis Roederer Brut Ros\u00e9 2013 Magnum Luxe Geschenkset - Champmarket\" \/>\n<meta property=\"og:description\" content=\"De Magnum Brut Ros\u00e9 2013 Louis Roederer valt op door zijn zonnige, kalkrijke en frisse stijl. Een champagne met rijk fruit en een bolvormig uiterlijk.\" \/>\n<meta property=\"og:url\" content=\"https:\/\/www.champmarket.com\/nl\/champagne\/louis-roederer-brut-rose-2013-magnum-luxe-koffer\/\" \/>\n<meta property=\"og:site_name\" content=\"Champmarket\" \/>\n<meta property=\"article:publisher\" content=\"https:\/\/www.facebook.com\/ChampMarket\/\" \/>\n<meta property=\"article:modified_time\" content=\"2024-10-10T10:46:08+00:00\" \/>\n<meta property=\"og:image\" content=\"https:\/\/www.champmarket.com\/wp-content\/uploads\/2023\/11\/louis-roederer-rose-2013-magnum-coffret-luxe.webp\" \/>\n\t<meta property=\"og:image:width\" content=\"1200\" \/>\n\t<meta property=\"og:image:height\" content=\"1200\" \/>\n\t<meta property=\"og:image:type\" content=\"image\/webp\" \/>\n<meta name=\"twitter:card\" content=\"summary_large_image\" \/>\n<meta name=\"twitter:site\" content=\"@champmarket\" \/>\n<meta name=\"twitter:label1\" content=\"Geschatte leestijd\" \/>\n\t<meta name=\"twitter:data1\" content=\"1 minuut\" \/>\n<script type=\"application\/ld+json\" class=\"yoast-schema-graph\">{\"@context\":\"https:\/\/schema.org\",\"@graph\":[{\"@type\":\"WebPage\",\"@id\":\"https:\/\/www.champmarket.com\/nl\/champagne\/louis-roederer-brut-rose-2013-magnum-luxe-koffer\/\",\"url\":\"https:\/\/www.champmarket.com\/nl\/champagne\/louis-roederer-brut-rose-2013-magnum-luxe-koffer\/\",\"name\":\"Louis Roederer Brut Ros\u00e9 2013 Magnum Luxe Geschenkset - Champmarket\",\"isPartOf\":{\"@id\":\"https:\/\/www.champmarket.com\/#website\"},\"primaryImageOfPage\":{\"@id\":\"https:\/\/www.champmarket.com\/nl\/champagne\/louis-roederer-brut-rose-2013-magnum-luxe-koffer\/#primaryimage\"},\"image\":{\"@id\":\"https:\/\/www.champmarket.com\/nl\/champagne\/louis-roederer-brut-rose-2013-magnum-luxe-koffer\/#primaryimage\"},\"thumbnailUrl\":\"https:\/\/www.champmarket.com\/wp-content\/uploads\/2023\/11\/louis-roederer-rose-2013-magnum-coffret-luxe.webp\",\"datePublished\":\"2023-11-21T15:36:32+00:00\",\"dateModified\":\"2024-10-10T10:46:08+00:00\",\"description\":\"De Magnum Brut Ros\u00e9 2013 Louis Roederer valt op door zijn zonnige, kalkrijke en frisse stijl. Een champagne met rijk fruit en een bolvormig uiterlijk.\",\"breadcrumb\":{\"@id\":\"https:\/\/www.champmarket.com\/nl\/champagne\/louis-roederer-brut-rose-2013-magnum-luxe-koffer\/#breadcrumb\"},\"inLanguage\":\"nl-NL\",\"potentialAction\":[{\"@type\":\"ReadAction\",\"target\":[\"https:\/\/www.champmarket.com\/nl\/champagne\/louis-roederer-brut-rose-2013-magnum-luxe-koffer\/\"]}]},{\"@type\":\"ImageObject\",\"inLanguage\":\"nl-NL\",\"@id\":\"https:\/\/www.champmarket.com\/nl\/champagne\/louis-roederer-brut-rose-2013-magnum-luxe-koffer\/#primaryimage\",\"url\":\"https:\/\/www.champmarket.com\/wp-content\/uploads\/2023\/11\/louis-roederer-rose-2013-magnum-coffret-luxe.webp\",\"contentUrl\":\"https:\/\/www.champmarket.com\/wp-content\/uploads\/2023\/11\/louis-roederer-rose-2013-magnum-coffret-luxe.webp\",\"width\":1200,\"height\":1200,\"caption\":\"Champagne Louis Roederer Ros\u00e9 2013 magnum avec coffret Luxe - Champmarket\"},{\"@type\":\"BreadcrumbList\",\"@id\":\"https:\/\/www.champmarket.com\/nl\/champagne\/louis-roederer-brut-rose-2013-magnum-luxe-koffer\/#breadcrumb\",\"itemListElement\":[{\"@type\":\"ListItem\",\"position\":1,\"name\":\"Accueil\",\"item\":\"https:\/\/www.champmarket.com\/nl\/\"},{\"@type\":\"ListItem\",\"position\":2,\"name\":\"Winkel\",\"item\":\"https:\/\/www.champmarket.com\/nl\/boutique\/\"},{\"@type\":\"ListItem\",\"position\":3,\"name\":\"Louis Roederer\",\"item\":\"https:\/\/www.champmarket.com\/nl\/maisons\/selectie-champagne-louis-roederer-nl\/\"},{\"@type\":\"ListItem\",\"position\":4,\"name\":\"Louis Roederer Brut Ros\u00e9 2013 Magnum Luxe Geschenkset\"}]},{\"@type\":\"WebSite\",\"@id\":\"https:\/\/www.champmarket.com\/#website\",\"url\":\"https:\/\/www.champmarket.com\/\",\"name\":\"Champmarket\",\"description\":\"Champmarket, Champagnes, Cadeaus en Levenskunst\",\"publisher\":{\"@id\":\"https:\/\/www.champmarket.com\/#organization\"},\"potentialAction\":[{\"@type\":\"SearchAction\",\"target\":{\"@type\":\"EntryPoint\",\"urlTemplate\":\"https:\/\/www.champmarket.com\/?s={search_term_string}\"},\"query-input\":{\"@type\":\"PropertyValueSpecification\",\"valueRequired\":true,\"valueName\":\"search_term_string\"}}],\"inLanguage\":\"nl-NL\"},{\"@type\":\"Organization\",\"@id\":\"https:\/\/www.champmarket.com\/#organization\",\"name\":\"Champmarket\",\"url\":\"https:\/\/www.champmarket.com\/\",\"logo\":{\"@type\":\"ImageObject\",\"inLanguage\":\"nl-NL\",\"@id\":\"https:\/\/www.champmarket.com\/#\/schema\/logo\/image\/\",\"url\":\"https:\/\/www.champmarket.com\/wp-content\/uploads\/2024\/08\/logo2024-1.svg\",\"contentUrl\":\"https:\/\/www.champmarket.com\/wp-content\/uploads\/2024\/08\/logo2024-1.svg\",\"width\":579.8,\"height\":80,\"caption\":\"Champmarket\"},\"image\":{\"@id\":\"https:\/\/www.champmarket.com\/#\/schema\/logo\/image\/\"},\"sameAs\":[\"https:\/\/www.facebook.com\/ChampMarket\/\",\"https:\/\/x.com\/champmarket\",\"https:\/\/www.instagram.com\/champmarket.paris\/\",\"https:\/\/www.pinterest.fr\/champmarketparis\/\",\"https:\/\/www.linkedin.com\/company\/champmarket\/\"]}]}<\/script>\n<!-- \/ Yoast SEO plugin. -->","yoast_head_json":{"title":"Louis Roederer Brut Ros\u00e9 2013 Magnum Luxe Geschenkset - Champmarket","description":"De Magnum Brut Ros\u00e9 2013 Louis Roederer valt op door zijn zonnige, kalkrijke en frisse stijl. Een champagne met rijk fruit en een bolvormig uiterlijk.","robots":{"index":"index","follow":"follow","max-snippet":"max-snippet:-1","max-image-preview":"max-image-preview:large","max-video-preview":"max-video-preview:-1"},"canonical":"https:\/\/www.champmarket.com\/nl\/champagne\/louis-roederer-brut-rose-2013-magnum-luxe-koffer\/","og_locale":"nl_NL","og_type":"article","og_title":"Louis Roederer Brut Ros\u00e9 2013 Magnum Luxe Geschenkset - Champmarket","og_description":"De Magnum Brut Ros\u00e9 2013 Louis Roederer valt op door zijn zonnige, kalkrijke en frisse stijl. Een champagne met rijk fruit en een bolvormig uiterlijk.","og_url":"https:\/\/www.champmarket.com\/nl\/champagne\/louis-roederer-brut-rose-2013-magnum-luxe-koffer\/","og_site_name":"Champmarket","article_publisher":"https:\/\/www.facebook.com\/ChampMarket\/","article_modified_time":"2024-10-10T10:46:08+00:00","og_image":[{"width":1200,"height":1200,"url":"https:\/\/www.champmarket.com\/wp-content\/uploads\/2023\/11\/louis-roederer-rose-2013-magnum-coffret-luxe.webp","type":"image\/webp"}],"twitter_card":"summary_large_image","twitter_site":"@champmarket","twitter_misc":{"Geschatte leestijd":"1 minuut"},"schema":{"@context":"https:\/\/schema.org","@graph":[{"@type":"WebPage","@id":"https:\/\/www.champmarket.com\/nl\/champagne\/louis-roederer-brut-rose-2013-magnum-luxe-koffer\/","url":"https:\/\/www.champmarket.com\/nl\/champagne\/louis-roederer-brut-rose-2013-magnum-luxe-koffer\/","name":"Louis Roederer Brut Ros\u00e9 2013 Magnum Luxe Geschenkset - Champmarket","isPartOf":{"@id":"https:\/\/www.champmarket.com\/#website"},"primaryImageOfPage":{"@id":"https:\/\/www.champmarket.com\/nl\/champagne\/louis-roederer-brut-rose-2013-magnum-luxe-koffer\/#primaryimage"},"image":{"@id":"https:\/\/www.champmarket.com\/nl\/champagne\/louis-roederer-brut-rose-2013-magnum-luxe-koffer\/#primaryimage"},"thumbnailUrl":"https:\/\/www.champmarket.com\/wp-content\/uploads\/2023\/11\/louis-roederer-rose-2013-magnum-coffret-luxe.webp","datePublished":"2023-11-21T15:36:32+00:00","dateModified":"2024-10-10T10:46:08+00:00","description":"De Magnum Brut Ros\u00e9 2013 Louis Roederer valt op door zijn zonnige, kalkrijke en frisse stijl. Een champagne met rijk fruit en een bolvormig uiterlijk.","breadcrumb":{"@id":"https:\/\/www.champmarket.com\/nl\/champagne\/louis-roederer-brut-rose-2013-magnum-luxe-koffer\/#breadcrumb"},"inLanguage":"nl-NL","potentialAction":[{"@type":"ReadAction","target":["https:\/\/www.champmarket.com\/nl\/champagne\/louis-roederer-brut-rose-2013-magnum-luxe-koffer\/"]}]},{"@type":"ImageObject","inLanguage":"nl-NL","@id":"https:\/\/www.champmarket.com\/nl\/champagne\/louis-roederer-brut-rose-2013-magnum-luxe-koffer\/#primaryimage","url":"https:\/\/www.champmarket.com\/wp-content\/uploads\/2023\/11\/louis-roederer-rose-2013-magnum-coffret-luxe.webp","contentUrl":"https:\/\/www.champmarket.com\/wp-content\/uploads\/2023\/11\/louis-roederer-rose-2013-magnum-coffret-luxe.webp","width":1200,"height":1200,"caption":"Champagne Louis Roederer Ros\u00e9 2013 magnum avec coffret Luxe - Champmarket"},{"@type":"BreadcrumbList","@id":"https:\/\/www.champmarket.com\/nl\/champagne\/louis-roederer-brut-rose-2013-magnum-luxe-koffer\/#breadcrumb","itemListElement":[{"@type":"ListItem","position":1,"name":"Accueil","item":"https:\/\/www.champmarket.com\/nl\/"},{"@type":"ListItem","position":2,"name":"Winkel","item":"https:\/\/www.champmarket.com\/nl\/boutique\/"},{"@type":"ListItem","position":3,"name":"Louis Roederer","item":"https:\/\/www.champmarket.com\/nl\/maisons\/selectie-champagne-louis-roederer-nl\/"},{"@type":"ListItem","position":4,"name":"Louis Roederer Brut Ros\u00e9 2013 Magnum Luxe Geschenkset"}]},{"@type":"WebSite","@id":"https:\/\/www.champmarket.com\/#website","url":"https:\/\/www.champmarket.com\/","name":"Champmarket","description":"Champmarket, Champagnes, Cadeaus en Levenskunst","publisher":{"@id":"https:\/\/www.champmarket.com\/#organization"},"potentialAction":[{"@type":"SearchAction","target":{"@type":"EntryPoint","urlTemplate":"https:\/\/www.champmarket.com\/?s={search_term_string}"},"query-input":{"@type":"PropertyValueSpecification","valueRequired":true,"valueName":"search_term_string"}}],"inLanguage":"nl-NL"},{"@type":"Organization","@id":"https:\/\/www.champmarket.com\/#organization","name":"Champmarket","url":"https:\/\/www.champmarket.com\/","logo":{"@type":"ImageObject","inLanguage":"nl-NL","@id":"https:\/\/www.champmarket.com\/#\/schema\/logo\/image\/","url":"https:\/\/www.champmarket.com\/wp-content\/uploads\/2024\/08\/logo2024-1.svg","contentUrl":"https:\/\/www.champmarket.com\/wp-content\/uploads\/2024\/08\/logo2024-1.svg","width":579.8,"height":80,"caption":"Champmarket"},"image":{"@id":"https:\/\/www.champmarket.com\/#\/schema\/logo\/image\/"},"sameAs":["https:\/\/www.facebook.com\/ChampMarket\/","https:\/\/x.com\/champmarket","https:\/\/www.instagram.com\/champmarket.paris\/","https:\/\/www.pinterest.fr\/champmarketparis\/","https:\/\/www.linkedin.com\/company\/champmarket\/"]}]}},"_links":{"self":[{"href":"https:\/\/www.champmarket.com\/nl\/wp-json\/wp\/v2\/product\/61546","targetHints":{"allow":["GET"]}}],"collection":[{"href":"https:\/\/www.champmarket.com\/nl\/wp-json\/wp\/v2\/product"}],"about":[{"href":"https:\/\/www.champmarket.com\/nl\/wp-json\/wp\/v2\/types\/product"}],"version-history":[{"count":2,"href":"https:\/\/www.champmarket.com\/nl\/wp-json\/wp\/v2\/product\/61546\/revisions"}],"predecessor-version":[{"id":74841,"href":"https:\/\/www.champmarket.com\/nl\/wp-json\/wp\/v2\/product\/61546\/revisions\/74841"}],"wp:featuredmedia":[{"embeddable":true,"href":"https:\/\/www.champmarket.com\/nl\/wp-json\/wp\/v2\/media\/64220"}],"wp:attachment":[{"href":"https:\/\/www.champmarket.com\/nl\/wp-json\/wp\/v2\/media?parent=61546"}],"wp:term":[{"taxonomy":"product_brand","embeddable":true,"href":"https:\/\/www.champmarket.com\/nl\/wp-json\/wp\/v2\/product_brand?post=61546"},{"taxonomy":"product_cat","embeddable":true,"href":"https:\/\/www.champmarket.com\/nl\/wp-json\/wp\/v2\/product_cat?post=61546"},{"taxonomy":"product_tag","embeddable":true,"href":"https:\/\/www.champmarket.com\/nl\/wp-json\/wp\/v2\/product_tag?post=61546"}],"curies":[{"name":"wp","href":"https:\/\/api.w.org\/{rel}","templated":true}]}}