{"id":61714,"date":"2023-11-27T14:21:52","date_gmt":"2023-11-27T13:21:52","guid":{"rendered":"https:\/\/www.champmarket.com\/?post_type=product&#038;p=61714"},"modified":"2024-10-10T12:45:03","modified_gmt":"2024-10-10T10:45:03","slug":"tour-d-argent-cuvee-cathelin-grand-cru-2018-fles","status":"publish","type":"product","link":"https:\/\/www.champmarket.com\/nl\/champagne\/tour-d-argent-cuvee-cathelin-grand-cru-2018-fles\/","title":{"rendered":"Tour d&#8217;Argent Cuv\u00e9e Cathelin Grand Cru Vintage 2018 Fles"},"content":{"rendered":"<p>Champagne Tour d&#8217;Argent Cuv\u00e9e Cathelin Vintage 2018 is exclusief afkomstig van een perceel genaamd &#8220;Les Crosauts&#8221; in de gemeente Chouilly in de prestigieuze C\u00f4te des Blancs. Deze oogst van september 2018, gebotteld in mei 2019, is afkomstig van oude wijnstokken die zijn aangeplant in 1979 en 1983 (50 are). De wijn werd tot februari van dit jaar gerijpt op droesem en bewaard op 10\u00b0 in de halfdonkere kelders van de Champagne. <\/p>\n","protected":false},"excerpt":{"rendered":"<p>De 2018 Tour d&#8217;Argent Cuv\u00e9e Cathelin champagne is Claude Terrails eerbetoon aan de getalenteerde schilder Bernard Cathelin, die in het Tour d&#8217;Argent gebouw woonde, waar hij ook zijn atelier had. Deze derde Vintage wordt ook ge\u00efllustreerd door \u00e9\u00e9n van de zes lithografie\u00ebn van de schilder, &#8220;Roses blanches pour Paris&#8221;. De originaliteit van deze wijn ligt in het feit dat het etiket helemaal rond de fles loopt, waardoor je het meesterlijke werk van de kunstenaar kunt bewonderen. Dankzij de langzame gisting en een zeer lage dosering onthult deze cuv\u00e9e een fijne balans, zuurgraad en frisheid. De champagnes van La Tour d&#8217;Argent worden geproduceerd en gebotteld door R. &amp; L. Legras in Chouilly.      &nbsp;<\/p>\n","protected":false},"featured_media":61719,"template":"","meta":{"_acf_changed":false},"product_brand":[],"product_cat":[3308,3138,3506,3106,3176,3115,3169,3168],"product_tag":[3199,3200,3196],"class_list":{"0":"post-61714","1":"product","2":"type-product","3":"status-publish","4":"has-post-thumbnail","6":"maisons-selection-champagne-la-tour-argent-nl","7":"product_cat-alle-champagnes-en-boxes","8":"product_cat-categorie-champagnehuizen","9":"product_cat-la-tour-dargent-nl","10":"product_cat-flessen","11":"product_cat-tous-les-champagnes-nl","12":"product_cat-vintage-champagne","13":"product_cat-aperitief","14":"product_cat-repas-nl","15":"product_tag-aperitif-nl","16":"product_tag-vintage-nl","17":"product_tag-repas-champagne-nl","19":"first","20":"outofstock","21":"taxable","22":"shipping-taxable","23":"purchasable","24":"product-type-simple"},"acf":[],"yoast_head":"<!-- This site is optimized with the Yoast SEO plugin v26.4 - https:\/\/yoast.com\/wordpress\/plugins\/seo\/ -->\n<title>Tour d&#039;Argent Cuv\u00e9e Cathelin Grand Cru Vintage 2018 Fles - Champmarket<\/title>\n<meta name=\"description\" content=\"Tour d&#039;Argent Cuv\u00e9e Cathelin 2018 is Claude Terrails eerbetoon aan de getalenteerde schilder Bernard Cathelin, die in het Tour d&#039;Argent gebouw woonde, waar...\" \/>\n<meta name=\"robots\" content=\"index, follow, max-snippet:-1, max-image-preview:large, max-video-preview:-1\" \/>\n<link rel=\"canonical\" href=\"https:\/\/www.champmarket.com\/nl\/champagne\/tour-d-argent-cuvee-cathelin-grand-cru-2018-fles\/\" \/>\n<meta property=\"og:locale\" content=\"nl_NL\" \/>\n<meta property=\"og:type\" content=\"article\" \/>\n<meta property=\"og:title\" content=\"Tour d&#039;Argent Cuv\u00e9e Cathelin Grand Cru Vintage 2018 Fles - Champmarket\" \/>\n<meta property=\"og:description\" content=\"Tour d&#039;Argent Cuv\u00e9e Cathelin 2018 is Claude Terrails eerbetoon aan de getalenteerde schilder Bernard Cathelin, die in het Tour d&#039;Argent gebouw woonde, waar...\" \/>\n<meta property=\"og:url\" content=\"https:\/\/www.champmarket.com\/nl\/champagne\/tour-d-argent-cuvee-cathelin-grand-cru-2018-fles\/\" \/>\n<meta property=\"og:site_name\" content=\"Champmarket\" \/>\n<meta property=\"article:publisher\" content=\"https:\/\/www.facebook.com\/ChampMarket\/\" \/>\n<meta property=\"article:modified_time\" content=\"2024-10-10T10:45:03+00:00\" \/>\n<meta property=\"og:image\" content=\"https:\/\/www.champmarket.com\/wp-content\/uploads\/2023\/11\/champagne-tour-d-argent-cuvee-cathelin-2018-bouteille.webp\" \/>\n\t<meta property=\"og:image:width\" content=\"1400\" \/>\n\t<meta property=\"og:image:height\" content=\"1400\" \/>\n\t<meta property=\"og:image:type\" content=\"image\/webp\" \/>\n<meta name=\"twitter:card\" content=\"summary_large_image\" \/>\n<meta name=\"twitter:site\" content=\"@champmarket\" \/>\n<meta name=\"twitter:label1\" content=\"Geschatte leestijd\" \/>\n\t<meta name=\"twitter:data1\" content=\"1 minuut\" \/>\n<script type=\"application\/ld+json\" class=\"yoast-schema-graph\">{\"@context\":\"https:\/\/schema.org\",\"@graph\":[{\"@type\":\"WebPage\",\"@id\":\"https:\/\/www.champmarket.com\/nl\/champagne\/tour-d-argent-cuvee-cathelin-grand-cru-2018-fles\/\",\"url\":\"https:\/\/www.champmarket.com\/nl\/champagne\/tour-d-argent-cuvee-cathelin-grand-cru-2018-fles\/\",\"name\":\"Tour d'Argent Cuv\u00e9e Cathelin Grand Cru Vintage 2018 Fles - Champmarket\",\"isPartOf\":{\"@id\":\"https:\/\/www.champmarket.com\/#website\"},\"primaryImageOfPage\":{\"@id\":\"https:\/\/www.champmarket.com\/nl\/champagne\/tour-d-argent-cuvee-cathelin-grand-cru-2018-fles\/#primaryimage\"},\"image\":{\"@id\":\"https:\/\/www.champmarket.com\/nl\/champagne\/tour-d-argent-cuvee-cathelin-grand-cru-2018-fles\/#primaryimage\"},\"thumbnailUrl\":\"https:\/\/www.champmarket.com\/wp-content\/uploads\/2023\/11\/champagne-tour-d-argent-cuvee-cathelin-2018-bouteille.webp\",\"datePublished\":\"2023-11-27T13:21:52+00:00\",\"dateModified\":\"2024-10-10T10:45:03+00:00\",\"description\":\"Tour d'Argent Cuv\u00e9e Cathelin 2018 is Claude Terrails eerbetoon aan de getalenteerde schilder Bernard Cathelin, die in het Tour d'Argent gebouw woonde, waar...\",\"breadcrumb\":{\"@id\":\"https:\/\/www.champmarket.com\/nl\/champagne\/tour-d-argent-cuvee-cathelin-grand-cru-2018-fles\/#breadcrumb\"},\"inLanguage\":\"nl-NL\",\"potentialAction\":[{\"@type\":\"ReadAction\",\"target\":[\"https:\/\/www.champmarket.com\/nl\/champagne\/tour-d-argent-cuvee-cathelin-grand-cru-2018-fles\/\"]}]},{\"@type\":\"ImageObject\",\"inLanguage\":\"nl-NL\",\"@id\":\"https:\/\/www.champmarket.com\/nl\/champagne\/tour-d-argent-cuvee-cathelin-grand-cru-2018-fles\/#primaryimage\",\"url\":\"https:\/\/www.champmarket.com\/wp-content\/uploads\/2023\/11\/champagne-tour-d-argent-cuvee-cathelin-2018-bouteille.webp\",\"contentUrl\":\"https:\/\/www.champmarket.com\/wp-content\/uploads\/2023\/11\/champagne-tour-d-argent-cuvee-cathelin-2018-bouteille.webp\",\"width\":1400,\"height\":1400,\"caption\":\"Champagne Tour d\u2019Argent Cuv\u00e9e Cathelin Grand Cru Mill\u00e9sime 2018 - Champmarket\"},{\"@type\":\"BreadcrumbList\",\"@id\":\"https:\/\/www.champmarket.com\/nl\/champagne\/tour-d-argent-cuvee-cathelin-grand-cru-2018-fles\/#breadcrumb\",\"itemListElement\":[{\"@type\":\"ListItem\",\"position\":1,\"name\":\"Accueil\",\"item\":\"https:\/\/www.champmarket.com\/nl\/\"},{\"@type\":\"ListItem\",\"position\":2,\"name\":\"Winkel\",\"item\":\"https:\/\/www.champmarket.com\/nl\/boutique\/\"},{\"@type\":\"ListItem\",\"position\":3,\"name\":\"La Tour d&#039;Argent\",\"item\":\"https:\/\/www.champmarket.com\/nl\/maisons\/selection-champagne-la-tour-argent-nl\/\"},{\"@type\":\"ListItem\",\"position\":4,\"name\":\"Tour d&#8217;Argent Cuv\u00e9e Cathelin Grand Cru Vintage 2018 Fles\"}]},{\"@type\":\"WebSite\",\"@id\":\"https:\/\/www.champmarket.com\/#website\",\"url\":\"https:\/\/www.champmarket.com\/\",\"name\":\"Champmarket\",\"description\":\"Champmarket, Champagnes, Cadeaus en Levenskunst\",\"publisher\":{\"@id\":\"https:\/\/www.champmarket.com\/#organization\"},\"potentialAction\":[{\"@type\":\"SearchAction\",\"target\":{\"@type\":\"EntryPoint\",\"urlTemplate\":\"https:\/\/www.champmarket.com\/?s={search_term_string}\"},\"query-input\":{\"@type\":\"PropertyValueSpecification\",\"valueRequired\":true,\"valueName\":\"search_term_string\"}}],\"inLanguage\":\"nl-NL\"},{\"@type\":\"Organization\",\"@id\":\"https:\/\/www.champmarket.com\/#organization\",\"name\":\"Champmarket\",\"url\":\"https:\/\/www.champmarket.com\/\",\"logo\":{\"@type\":\"ImageObject\",\"inLanguage\":\"nl-NL\",\"@id\":\"https:\/\/www.champmarket.com\/#\/schema\/logo\/image\/\",\"url\":\"https:\/\/www.champmarket.com\/wp-content\/uploads\/2024\/08\/logo2024-1.svg\",\"contentUrl\":\"https:\/\/www.champmarket.com\/wp-content\/uploads\/2024\/08\/logo2024-1.svg\",\"width\":579.8,\"height\":80,\"caption\":\"Champmarket\"},\"image\":{\"@id\":\"https:\/\/www.champmarket.com\/#\/schema\/logo\/image\/\"},\"sameAs\":[\"https:\/\/www.facebook.com\/ChampMarket\/\",\"https:\/\/x.com\/champmarket\",\"https:\/\/www.instagram.com\/champmarket.paris\/\",\"https:\/\/www.pinterest.fr\/champmarketparis\/\",\"https:\/\/www.linkedin.com\/company\/champmarket\/\"]}]}<\/script>\n<!-- \/ Yoast SEO plugin. -->","yoast_head_json":{"title":"Tour d'Argent Cuv\u00e9e Cathelin Grand Cru Vintage 2018 Fles - Champmarket","description":"Tour d'Argent Cuv\u00e9e Cathelin 2018 is Claude Terrails eerbetoon aan de getalenteerde schilder Bernard Cathelin, die in het Tour d'Argent gebouw woonde, waar...","robots":{"index":"index","follow":"follow","max-snippet":"max-snippet:-1","max-image-preview":"max-image-preview:large","max-video-preview":"max-video-preview:-1"},"canonical":"https:\/\/www.champmarket.com\/nl\/champagne\/tour-d-argent-cuvee-cathelin-grand-cru-2018-fles\/","og_locale":"nl_NL","og_type":"article","og_title":"Tour d'Argent Cuv\u00e9e Cathelin Grand Cru Vintage 2018 Fles - Champmarket","og_description":"Tour d'Argent Cuv\u00e9e Cathelin 2018 is Claude Terrails eerbetoon aan de getalenteerde schilder Bernard Cathelin, die in het Tour d'Argent gebouw woonde, waar...","og_url":"https:\/\/www.champmarket.com\/nl\/champagne\/tour-d-argent-cuvee-cathelin-grand-cru-2018-fles\/","og_site_name":"Champmarket","article_publisher":"https:\/\/www.facebook.com\/ChampMarket\/","article_modified_time":"2024-10-10T10:45:03+00:00","og_image":[{"width":1400,"height":1400,"url":"https:\/\/www.champmarket.com\/wp-content\/uploads\/2023\/11\/champagne-tour-d-argent-cuvee-cathelin-2018-bouteille.webp","type":"image\/webp"}],"twitter_card":"summary_large_image","twitter_site":"@champmarket","twitter_misc":{"Geschatte leestijd":"1 minuut"},"schema":{"@context":"https:\/\/schema.org","@graph":[{"@type":"WebPage","@id":"https:\/\/www.champmarket.com\/nl\/champagne\/tour-d-argent-cuvee-cathelin-grand-cru-2018-fles\/","url":"https:\/\/www.champmarket.com\/nl\/champagne\/tour-d-argent-cuvee-cathelin-grand-cru-2018-fles\/","name":"Tour d'Argent Cuv\u00e9e Cathelin Grand Cru Vintage 2018 Fles - Champmarket","isPartOf":{"@id":"https:\/\/www.champmarket.com\/#website"},"primaryImageOfPage":{"@id":"https:\/\/www.champmarket.com\/nl\/champagne\/tour-d-argent-cuvee-cathelin-grand-cru-2018-fles\/#primaryimage"},"image":{"@id":"https:\/\/www.champmarket.com\/nl\/champagne\/tour-d-argent-cuvee-cathelin-grand-cru-2018-fles\/#primaryimage"},"thumbnailUrl":"https:\/\/www.champmarket.com\/wp-content\/uploads\/2023\/11\/champagne-tour-d-argent-cuvee-cathelin-2018-bouteille.webp","datePublished":"2023-11-27T13:21:52+00:00","dateModified":"2024-10-10T10:45:03+00:00","description":"Tour d'Argent Cuv\u00e9e Cathelin 2018 is Claude Terrails eerbetoon aan de getalenteerde schilder Bernard Cathelin, die in het Tour d'Argent gebouw woonde, waar...","breadcrumb":{"@id":"https:\/\/www.champmarket.com\/nl\/champagne\/tour-d-argent-cuvee-cathelin-grand-cru-2018-fles\/#breadcrumb"},"inLanguage":"nl-NL","potentialAction":[{"@type":"ReadAction","target":["https:\/\/www.champmarket.com\/nl\/champagne\/tour-d-argent-cuvee-cathelin-grand-cru-2018-fles\/"]}]},{"@type":"ImageObject","inLanguage":"nl-NL","@id":"https:\/\/www.champmarket.com\/nl\/champagne\/tour-d-argent-cuvee-cathelin-grand-cru-2018-fles\/#primaryimage","url":"https:\/\/www.champmarket.com\/wp-content\/uploads\/2023\/11\/champagne-tour-d-argent-cuvee-cathelin-2018-bouteille.webp","contentUrl":"https:\/\/www.champmarket.com\/wp-content\/uploads\/2023\/11\/champagne-tour-d-argent-cuvee-cathelin-2018-bouteille.webp","width":1400,"height":1400,"caption":"Champagne Tour d\u2019Argent Cuv\u00e9e Cathelin Grand Cru Mill\u00e9sime 2018 - Champmarket"},{"@type":"BreadcrumbList","@id":"https:\/\/www.champmarket.com\/nl\/champagne\/tour-d-argent-cuvee-cathelin-grand-cru-2018-fles\/#breadcrumb","itemListElement":[{"@type":"ListItem","position":1,"name":"Accueil","item":"https:\/\/www.champmarket.com\/nl\/"},{"@type":"ListItem","position":2,"name":"Winkel","item":"https:\/\/www.champmarket.com\/nl\/boutique\/"},{"@type":"ListItem","position":3,"name":"La Tour d&#039;Argent","item":"https:\/\/www.champmarket.com\/nl\/maisons\/selection-champagne-la-tour-argent-nl\/"},{"@type":"ListItem","position":4,"name":"Tour d&#8217;Argent Cuv\u00e9e Cathelin Grand Cru Vintage 2018 Fles"}]},{"@type":"WebSite","@id":"https:\/\/www.champmarket.com\/#website","url":"https:\/\/www.champmarket.com\/","name":"Champmarket","description":"Champmarket, Champagnes, Cadeaus en Levenskunst","publisher":{"@id":"https:\/\/www.champmarket.com\/#organization"},"potentialAction":[{"@type":"SearchAction","target":{"@type":"EntryPoint","urlTemplate":"https:\/\/www.champmarket.com\/?s={search_term_string}"},"query-input":{"@type":"PropertyValueSpecification","valueRequired":true,"valueName":"search_term_string"}}],"inLanguage":"nl-NL"},{"@type":"Organization","@id":"https:\/\/www.champmarket.com\/#organization","name":"Champmarket","url":"https:\/\/www.champmarket.com\/","logo":{"@type":"ImageObject","inLanguage":"nl-NL","@id":"https:\/\/www.champmarket.com\/#\/schema\/logo\/image\/","url":"https:\/\/www.champmarket.com\/wp-content\/uploads\/2024\/08\/logo2024-1.svg","contentUrl":"https:\/\/www.champmarket.com\/wp-content\/uploads\/2024\/08\/logo2024-1.svg","width":579.8,"height":80,"caption":"Champmarket"},"image":{"@id":"https:\/\/www.champmarket.com\/#\/schema\/logo\/image\/"},"sameAs":["https:\/\/www.facebook.com\/ChampMarket\/","https:\/\/x.com\/champmarket","https:\/\/www.instagram.com\/champmarket.paris\/","https:\/\/www.pinterest.fr\/champmarketparis\/","https:\/\/www.linkedin.com\/company\/champmarket\/"]}]}},"_links":{"self":[{"href":"https:\/\/www.champmarket.com\/nl\/wp-json\/wp\/v2\/product\/61714","targetHints":{"allow":["GET"]}}],"collection":[{"href":"https:\/\/www.champmarket.com\/nl\/wp-json\/wp\/v2\/product"}],"about":[{"href":"https:\/\/www.champmarket.com\/nl\/wp-json\/wp\/v2\/types\/product"}],"version-history":[{"count":3,"href":"https:\/\/www.champmarket.com\/nl\/wp-json\/wp\/v2\/product\/61714\/revisions"}],"predecessor-version":[{"id":74835,"href":"https:\/\/www.champmarket.com\/nl\/wp-json\/wp\/v2\/product\/61714\/revisions\/74835"}],"wp:featuredmedia":[{"embeddable":true,"href":"https:\/\/www.champmarket.com\/nl\/wp-json\/wp\/v2\/media\/61719"}],"wp:attachment":[{"href":"https:\/\/www.champmarket.com\/nl\/wp-json\/wp\/v2\/media?parent=61714"}],"wp:term":[{"taxonomy":"product_brand","embeddable":true,"href":"https:\/\/www.champmarket.com\/nl\/wp-json\/wp\/v2\/product_brand?post=61714"},{"taxonomy":"product_cat","embeddable":true,"href":"https:\/\/www.champmarket.com\/nl\/wp-json\/wp\/v2\/product_cat?post=61714"},{"taxonomy":"product_tag","embeddable":true,"href":"https:\/\/www.champmarket.com\/nl\/wp-json\/wp\/v2\/product_tag?post=61714"}],"curies":[{"name":"wp","href":"https:\/\/api.w.org\/{rel}","templated":true}]}}