{"id":64163,"date":"2024-01-25T15:24:01","date_gmt":"2024-01-25T14:24:01","guid":{"rendered":"https:\/\/www.champmarket.com\/?post_type=product&#038;p=64163"},"modified":"2025-05-09T14:39:18","modified_gmt":"2025-05-09T12:39:18","slug":"drappier-brut-naturetrop-m-en-faut-les-coteaux-champenois-fles","status":"publish","type":"product","link":"https:\/\/www.champmarket.com\/nl\/champagne\/drappier-brut-naturetrop-m-en-faut-les-coteaux-champenois-fles\/","title":{"rendered":"Brut Drappier Natuur Trop m&#8217;en faut! Fles Coteaux Champenois"},"content":{"rendered":"<p>De Collection Les \u00c9ph\u00e9m\u00e8res de Drappier: Antoine, Hugo en Michel Drappier halen hun inspiratie uit de lokale geografie en natuurlijke vinificatietechnieken, om voortdurend unieke cuv\u00e9es te cre\u00ebren. Ze werken samen met de kennis van Andr\u00e9 Drappier om originele projecten uit te voeren. Een massale S\u00e9lection, een unieke maceratie, een onverwachte blend, rijping onder zee&#8230; allemaal experimenten die hun werk als wijnmakers dagelijks tot leven brengen.  <\/p>\n<p>Hugo Drappier heeft Drappier Brut Nature Trop m&#8217;en faut! gecre\u00eberd. Coteaux Champenois wordt gemaakt van een vergeten druivenras uit de Champagne, Fromenteau, ook wel Pinot Gris genoemd. Deze druif, die al sinds de 17e eeuw in de Champagne voorkomt maar nu zeldzaam is geworden, biedt een gouden sap en delicate fruitige noten.  <\/p>\n<p>Deze cuv\u00e9e wordt gemaakt van \u00e9\u00e9n enkel perceel wijnstokken genaamd &#8220;Les Truchots&#8221;. Deze op het zuiden gelegen wijngaard wordt biologisch verbouwd onder Ecocert certificering en ligt op Kimmeridgian Jurassic bodem. <\/p>\n","protected":false},"excerpt":{"rendered":"<p>Brut De Drappier cuv\u00e9e Nature Trop m&#8217;en faut! Collection Coteaux Champenois maakt deel uit van Les \u00c9ph\u00e9m\u00e8res de Drappier. Deze cuv\u00e9e is een nieuw hoofdstuk in het engagement van Drappier voor het behoud van de plantendiversiteit in de Champagne. De naam &#8220;Trop m&#8217;en faut&#8221; is een spottende verwijzing naar &#8220;Fromenteau&#8221;, het vergeten druivenras uit de Champagne waaruit deze cuv\u00e9e is ontstaan, ook wel Pinot Gris genoemd.   <\/p>\n","protected":false},"featured_media":64167,"template":"","meta":{"_acf_changed":false},"product_brand":[],"product_cat":[3368,3355,3138,3144,3106,3176,3114,3168],"product_tag":[3184,3183,3196],"class_list":{"0":"post-64163","1":"product","2":"type-product","3":"status-publish","4":"has-post-thumbnail","6":"maisons-selectie-champagne-drappier-nl","7":"product_cat-brut-nature-nl","8":"product_cat-champagne-en-oesters","9":"product_cat-categorie-champagnehuizen","10":"product_cat-drappier-nl","11":"product_cat-flessen","12":"product_cat-tous-les-champagnes-nl","13":"product_cat-champagne-extra-brut-non-dose-zero-dosage-nl","14":"product_cat-repas-nl","15":"product_tag-fruits-de-mer-nl","16":"product_tag-met-sushi","17":"product_tag-repas-champagne-nl","19":"first","20":"onbackorder","21":"taxable","22":"shipping-taxable","23":"purchasable","24":"product-type-simple"},"acf":[],"yoast_head":"<!-- This site is optimized with the Yoast SEO plugin v26.4 - https:\/\/yoast.com\/wordpress\/plugins\/seo\/ -->\n<title>Brut Drappier Natuur Trop m&#039;en faut! Fles Coteaux Champenois - Champmarket<\/title>\n<meta name=\"description\" content=\"Brut De Drappier Nature Trop m&#039;en faut! Coteaux Champenois opent een nieuw hoofdstuk in de inzet van het Huis voor het behoud van de plantendiversiteit in de Champagne.\" \/>\n<meta name=\"robots\" content=\"index, follow, max-snippet:-1, max-image-preview:large, max-video-preview:-1\" \/>\n<link rel=\"canonical\" href=\"https:\/\/www.champmarket.com\/nl\/champagne\/drappier-brut-naturetrop-m-en-faut-les-coteaux-champenois-fles\/\" \/>\n<meta property=\"og:locale\" content=\"nl_NL\" \/>\n<meta property=\"og:type\" content=\"article\" \/>\n<meta property=\"og:title\" content=\"Brut Drappier Natuur Trop m&#039;en faut! Fles Coteaux Champenois - Champmarket\" \/>\n<meta property=\"og:description\" content=\"Brut De Drappier Nature Trop m&#039;en faut! Coteaux Champenois opent een nieuw hoofdstuk in de inzet van het Huis voor het behoud van de plantendiversiteit in de Champagne.\" \/>\n<meta property=\"og:url\" content=\"https:\/\/www.champmarket.com\/nl\/champagne\/drappier-brut-naturetrop-m-en-faut-les-coteaux-champenois-fles\/\" \/>\n<meta property=\"og:site_name\" content=\"Champmarket\" \/>\n<meta property=\"article:publisher\" content=\"https:\/\/www.facebook.com\/ChampMarket\/\" \/>\n<meta property=\"article:modified_time\" content=\"2025-05-09T12:39:18+00:00\" \/>\n<meta property=\"og:image\" content=\"https:\/\/www.champmarket.com\/wp-content\/uploads\/2024\/01\/drappier-brut-nature-trop-m-en-faut-bouteille.webp\" \/>\n\t<meta property=\"og:image:width\" content=\"1200\" \/>\n\t<meta property=\"og:image:height\" content=\"1200\" \/>\n\t<meta property=\"og:image:type\" content=\"image\/jpeg\" \/>\n<meta name=\"twitter:card\" content=\"summary_large_image\" \/>\n<meta name=\"twitter:site\" content=\"@champmarket\" \/>\n<meta name=\"twitter:label1\" content=\"Geschatte leestijd\" \/>\n\t<meta name=\"twitter:data1\" content=\"1 minuut\" \/>\n<script type=\"application\/ld+json\" class=\"yoast-schema-graph\">{\"@context\":\"https:\/\/schema.org\",\"@graph\":[{\"@type\":\"WebPage\",\"@id\":\"https:\/\/www.champmarket.com\/nl\/champagne\/drappier-brut-naturetrop-m-en-faut-les-coteaux-champenois-fles\/\",\"url\":\"https:\/\/www.champmarket.com\/nl\/champagne\/drappier-brut-naturetrop-m-en-faut-les-coteaux-champenois-fles\/\",\"name\":\"Brut Drappier Natuur Trop m'en faut! Fles Coteaux Champenois - Champmarket\",\"isPartOf\":{\"@id\":\"https:\/\/www.champmarket.com\/#website\"},\"primaryImageOfPage\":{\"@id\":\"https:\/\/www.champmarket.com\/nl\/champagne\/drappier-brut-naturetrop-m-en-faut-les-coteaux-champenois-fles\/#primaryimage\"},\"image\":{\"@id\":\"https:\/\/www.champmarket.com\/nl\/champagne\/drappier-brut-naturetrop-m-en-faut-les-coteaux-champenois-fles\/#primaryimage\"},\"thumbnailUrl\":\"https:\/\/www.champmarket.com\/wp-content\/uploads\/2024\/01\/drappier-brut-nature-trop-m-en-faut-bouteille.webp\",\"datePublished\":\"2024-01-25T14:24:01+00:00\",\"dateModified\":\"2025-05-09T12:39:18+00:00\",\"description\":\"Brut De Drappier Nature Trop m'en faut! Coteaux Champenois opent een nieuw hoofdstuk in de inzet van het Huis voor het behoud van de plantendiversiteit in de Champagne.\",\"breadcrumb\":{\"@id\":\"https:\/\/www.champmarket.com\/nl\/champagne\/drappier-brut-naturetrop-m-en-faut-les-coteaux-champenois-fles\/#breadcrumb\"},\"inLanguage\":\"nl-NL\",\"potentialAction\":[{\"@type\":\"ReadAction\",\"target\":[\"https:\/\/www.champmarket.com\/nl\/champagne\/drappier-brut-naturetrop-m-en-faut-les-coteaux-champenois-fles\/\"]}]},{\"@type\":\"ImageObject\",\"inLanguage\":\"nl-NL\",\"@id\":\"https:\/\/www.champmarket.com\/nl\/champagne\/drappier-brut-naturetrop-m-en-faut-les-coteaux-champenois-fles\/#primaryimage\",\"url\":\"https:\/\/www.champmarket.com\/wp-content\/uploads\/2024\/01\/drappier-brut-nature-trop-m-en-faut-bouteille.webp\",\"contentUrl\":\"https:\/\/www.champmarket.com\/wp-content\/uploads\/2024\/01\/drappier-brut-nature-trop-m-en-faut-bouteille.webp\",\"width\":1200,\"height\":1200,\"caption\":\"Champagne Drappier Brut Nature Trop m'en faut ! Coteaux Champenois - Champmarket\"},{\"@type\":\"BreadcrumbList\",\"@id\":\"https:\/\/www.champmarket.com\/nl\/champagne\/drappier-brut-naturetrop-m-en-faut-les-coteaux-champenois-fles\/#breadcrumb\",\"itemListElement\":[{\"@type\":\"ListItem\",\"position\":1,\"name\":\"Accueil\",\"item\":\"https:\/\/www.champmarket.com\/nl\/\"},{\"@type\":\"ListItem\",\"position\":2,\"name\":\"Winkel\",\"item\":\"https:\/\/www.champmarket.com\/nl\/boutique\/\"},{\"@type\":\"ListItem\",\"position\":3,\"name\":\"Drappier\",\"item\":\"https:\/\/www.champmarket.com\/nl\/maisons\/selectie-champagne-drappier-nl\/\"},{\"@type\":\"ListItem\",\"position\":4,\"name\":\"Brut Drappier Natuur Trop m&#8217;en faut! Fles Coteaux Champenois\"}]},{\"@type\":\"WebSite\",\"@id\":\"https:\/\/www.champmarket.com\/#website\",\"url\":\"https:\/\/www.champmarket.com\/\",\"name\":\"Champmarket\",\"description\":\"Champmarket, Champagnes, Cadeaus en Levenskunst\",\"publisher\":{\"@id\":\"https:\/\/www.champmarket.com\/#organization\"},\"potentialAction\":[{\"@type\":\"SearchAction\",\"target\":{\"@type\":\"EntryPoint\",\"urlTemplate\":\"https:\/\/www.champmarket.com\/?s={search_term_string}\"},\"query-input\":{\"@type\":\"PropertyValueSpecification\",\"valueRequired\":true,\"valueName\":\"search_term_string\"}}],\"inLanguage\":\"nl-NL\"},{\"@type\":\"Organization\",\"@id\":\"https:\/\/www.champmarket.com\/#organization\",\"name\":\"Champmarket\",\"url\":\"https:\/\/www.champmarket.com\/\",\"logo\":{\"@type\":\"ImageObject\",\"inLanguage\":\"nl-NL\",\"@id\":\"https:\/\/www.champmarket.com\/#\/schema\/logo\/image\/\",\"url\":\"https:\/\/www.champmarket.com\/wp-content\/uploads\/2024\/08\/logo2024-1.svg\",\"contentUrl\":\"https:\/\/www.champmarket.com\/wp-content\/uploads\/2024\/08\/logo2024-1.svg\",\"width\":579.8,\"height\":80,\"caption\":\"Champmarket\"},\"image\":{\"@id\":\"https:\/\/www.champmarket.com\/#\/schema\/logo\/image\/\"},\"sameAs\":[\"https:\/\/www.facebook.com\/ChampMarket\/\",\"https:\/\/x.com\/champmarket\",\"https:\/\/www.instagram.com\/champmarket.paris\/\",\"https:\/\/www.pinterest.fr\/champmarketparis\/\",\"https:\/\/www.linkedin.com\/company\/champmarket\/\"]}]}<\/script>\n<!-- \/ Yoast SEO plugin. -->","yoast_head_json":{"title":"Brut Drappier Natuur Trop m'en faut! Fles Coteaux Champenois - Champmarket","description":"Brut De Drappier Nature Trop m'en faut! Coteaux Champenois opent een nieuw hoofdstuk in de inzet van het Huis voor het behoud van de plantendiversiteit in de Champagne.","robots":{"index":"index","follow":"follow","max-snippet":"max-snippet:-1","max-image-preview":"max-image-preview:large","max-video-preview":"max-video-preview:-1"},"canonical":"https:\/\/www.champmarket.com\/nl\/champagne\/drappier-brut-naturetrop-m-en-faut-les-coteaux-champenois-fles\/","og_locale":"nl_NL","og_type":"article","og_title":"Brut Drappier Natuur Trop m'en faut! Fles Coteaux Champenois - Champmarket","og_description":"Brut De Drappier Nature Trop m'en faut! Coteaux Champenois opent een nieuw hoofdstuk in de inzet van het Huis voor het behoud van de plantendiversiteit in de Champagne.","og_url":"https:\/\/www.champmarket.com\/nl\/champagne\/drappier-brut-naturetrop-m-en-faut-les-coteaux-champenois-fles\/","og_site_name":"Champmarket","article_publisher":"https:\/\/www.facebook.com\/ChampMarket\/","article_modified_time":"2025-05-09T12:39:18+00:00","og_image":[{"width":1200,"height":1200,"url":"https:\/\/www.champmarket.com\/wp-content\/uploads\/2024\/01\/drappier-brut-nature-trop-m-en-faut-bouteille.webp","type":"image\/jpeg"}],"twitter_card":"summary_large_image","twitter_site":"@champmarket","twitter_misc":{"Geschatte leestijd":"1 minuut"},"schema":{"@context":"https:\/\/schema.org","@graph":[{"@type":"WebPage","@id":"https:\/\/www.champmarket.com\/nl\/champagne\/drappier-brut-naturetrop-m-en-faut-les-coteaux-champenois-fles\/","url":"https:\/\/www.champmarket.com\/nl\/champagne\/drappier-brut-naturetrop-m-en-faut-les-coteaux-champenois-fles\/","name":"Brut Drappier Natuur Trop m'en faut! Fles Coteaux Champenois - Champmarket","isPartOf":{"@id":"https:\/\/www.champmarket.com\/#website"},"primaryImageOfPage":{"@id":"https:\/\/www.champmarket.com\/nl\/champagne\/drappier-brut-naturetrop-m-en-faut-les-coteaux-champenois-fles\/#primaryimage"},"image":{"@id":"https:\/\/www.champmarket.com\/nl\/champagne\/drappier-brut-naturetrop-m-en-faut-les-coteaux-champenois-fles\/#primaryimage"},"thumbnailUrl":"https:\/\/www.champmarket.com\/wp-content\/uploads\/2024\/01\/drappier-brut-nature-trop-m-en-faut-bouteille.webp","datePublished":"2024-01-25T14:24:01+00:00","dateModified":"2025-05-09T12:39:18+00:00","description":"Brut De Drappier Nature Trop m'en faut! Coteaux Champenois opent een nieuw hoofdstuk in de inzet van het Huis voor het behoud van de plantendiversiteit in de Champagne.","breadcrumb":{"@id":"https:\/\/www.champmarket.com\/nl\/champagne\/drappier-brut-naturetrop-m-en-faut-les-coteaux-champenois-fles\/#breadcrumb"},"inLanguage":"nl-NL","potentialAction":[{"@type":"ReadAction","target":["https:\/\/www.champmarket.com\/nl\/champagne\/drappier-brut-naturetrop-m-en-faut-les-coteaux-champenois-fles\/"]}]},{"@type":"ImageObject","inLanguage":"nl-NL","@id":"https:\/\/www.champmarket.com\/nl\/champagne\/drappier-brut-naturetrop-m-en-faut-les-coteaux-champenois-fles\/#primaryimage","url":"https:\/\/www.champmarket.com\/wp-content\/uploads\/2024\/01\/drappier-brut-nature-trop-m-en-faut-bouteille.webp","contentUrl":"https:\/\/www.champmarket.com\/wp-content\/uploads\/2024\/01\/drappier-brut-nature-trop-m-en-faut-bouteille.webp","width":1200,"height":1200,"caption":"Champagne Drappier Brut Nature Trop m'en faut ! Coteaux Champenois - Champmarket"},{"@type":"BreadcrumbList","@id":"https:\/\/www.champmarket.com\/nl\/champagne\/drappier-brut-naturetrop-m-en-faut-les-coteaux-champenois-fles\/#breadcrumb","itemListElement":[{"@type":"ListItem","position":1,"name":"Accueil","item":"https:\/\/www.champmarket.com\/nl\/"},{"@type":"ListItem","position":2,"name":"Winkel","item":"https:\/\/www.champmarket.com\/nl\/boutique\/"},{"@type":"ListItem","position":3,"name":"Drappier","item":"https:\/\/www.champmarket.com\/nl\/maisons\/selectie-champagne-drappier-nl\/"},{"@type":"ListItem","position":4,"name":"Brut Drappier Natuur Trop m&#8217;en faut! Fles Coteaux Champenois"}]},{"@type":"WebSite","@id":"https:\/\/www.champmarket.com\/#website","url":"https:\/\/www.champmarket.com\/","name":"Champmarket","description":"Champmarket, Champagnes, Cadeaus en Levenskunst","publisher":{"@id":"https:\/\/www.champmarket.com\/#organization"},"potentialAction":[{"@type":"SearchAction","target":{"@type":"EntryPoint","urlTemplate":"https:\/\/www.champmarket.com\/?s={search_term_string}"},"query-input":{"@type":"PropertyValueSpecification","valueRequired":true,"valueName":"search_term_string"}}],"inLanguage":"nl-NL"},{"@type":"Organization","@id":"https:\/\/www.champmarket.com\/#organization","name":"Champmarket","url":"https:\/\/www.champmarket.com\/","logo":{"@type":"ImageObject","inLanguage":"nl-NL","@id":"https:\/\/www.champmarket.com\/#\/schema\/logo\/image\/","url":"https:\/\/www.champmarket.com\/wp-content\/uploads\/2024\/08\/logo2024-1.svg","contentUrl":"https:\/\/www.champmarket.com\/wp-content\/uploads\/2024\/08\/logo2024-1.svg","width":579.8,"height":80,"caption":"Champmarket"},"image":{"@id":"https:\/\/www.champmarket.com\/#\/schema\/logo\/image\/"},"sameAs":["https:\/\/www.facebook.com\/ChampMarket\/","https:\/\/x.com\/champmarket","https:\/\/www.instagram.com\/champmarket.paris\/","https:\/\/www.pinterest.fr\/champmarketparis\/","https:\/\/www.linkedin.com\/company\/champmarket\/"]}]}},"_links":{"self":[{"href":"https:\/\/www.champmarket.com\/nl\/wp-json\/wp\/v2\/product\/64163","targetHints":{"allow":["GET"]}}],"collection":[{"href":"https:\/\/www.champmarket.com\/nl\/wp-json\/wp\/v2\/product"}],"about":[{"href":"https:\/\/www.champmarket.com\/nl\/wp-json\/wp\/v2\/types\/product"}],"version-history":[{"count":4,"href":"https:\/\/www.champmarket.com\/nl\/wp-json\/wp\/v2\/product\/64163\/revisions"}],"predecessor-version":[{"id":78653,"href":"https:\/\/www.champmarket.com\/nl\/wp-json\/wp\/v2\/product\/64163\/revisions\/78653"}],"wp:featuredmedia":[{"embeddable":true,"href":"https:\/\/www.champmarket.com\/nl\/wp-json\/wp\/v2\/media\/64167"}],"wp:attachment":[{"href":"https:\/\/www.champmarket.com\/nl\/wp-json\/wp\/v2\/media?parent=64163"}],"wp:term":[{"taxonomy":"product_brand","embeddable":true,"href":"https:\/\/www.champmarket.com\/nl\/wp-json\/wp\/v2\/product_brand?post=64163"},{"taxonomy":"product_cat","embeddable":true,"href":"https:\/\/www.champmarket.com\/nl\/wp-json\/wp\/v2\/product_cat?post=64163"},{"taxonomy":"product_tag","embeddable":true,"href":"https:\/\/www.champmarket.com\/nl\/wp-json\/wp\/v2\/product_tag?post=64163"}],"curies":[{"name":"wp","href":"https:\/\/api.w.org\/{rel}","templated":true}]}}