{"id":64235,"date":"2024-01-29T11:30:44","date_gmt":"2024-01-29T10:30:44","guid":{"rendered":"https:\/\/www.champmarket.com\/?post_type=product&#038;p=64235"},"modified":"2024-10-10T12:31:49","modified_gmt":"2024-10-10T10:31:49","slug":"ruinart-duo-koffer-2-flessen-r-vintage-en-rose","status":"publish","type":"product","link":"https:\/\/www.champmarket.com\/nl\/champagne\/ruinart-duo-koffer-2-flessen-r-vintage-en-rose\/","title":{"rendered":"Ruinart Coffret Duo 2 Bouteilles R Vintage et Ros\u00e9"},"content":{"rendered":"<p>Wie het universum van Ruinart betreedt, ontdekt de keuzes van dit grote champagnehuis: een constante vraag, een zuivere en verfijnde geest, de stralende dominantie van chardonnay en een unieke fles, kenmerkend voor de champagnes van Ruinart. Voor uzelf of als geschenk, deze elegante houten koffer is geschikt voor alle gelegenheden.<\/p>\n","protected":false},"excerpt":{"rendered":"<p>Deze Geschenkset met 2 flessen Ruinart R Vintage en Ros\u00e9 is ideaal om cadeau te geven en bevat 2 van de onmisbare champagnes van Ruinart. De <strong>Ruinart Vintage <\/strong>cuv\u00e9e <strong>&#8220;R&#8221; <\/strong>is een evenwichtige en harmonieuze champagne, een ware illustratie van de smaak van Ruinart. <strong> Ruinart Ros\u00e9<\/strong> is de gastronomische uitdrukking van de smaak van Ruinart. <\/p>\n","protected":false},"featured_media":64243,"template":"","meta":{"_acf_changed":false},"product_brand":[],"product_cat":[3138,3159,3106,3107,3176,3117,3115,3169,3168],"product_tag":[3190,3189,3195,3199,3200,3196],"class_list":{"0":"post-64235","1":"product","2":"type-product","3":"status-publish","4":"has-post-thumbnail","6":"maisons-selectie-champagne-ruinart-nl","7":"product_cat-categorie-champagnehuizen","8":"product_cat-ruinart-nl","9":"product_cat-flessen","10":"product_cat-relatiegeschenken","11":"product_cat-tous-les-champagnes-nl","12":"product_cat-rose-champagne","13":"product_cat-vintage-champagne","14":"product_cat-aperitief","15":"product_cat-repas-nl","16":"product_tag-la-vie-en-rose-nl","17":"product_tag-incontournable-nl","18":"product_tag-pour-offrir-nl","19":"product_tag-aperitif-nl","20":"product_tag-vintage-nl","21":"product_tag-repas-champagne-nl","23":"first","24":"instock","25":"taxable","26":"shipping-taxable","27":"purchasable","28":"product-type-simple"},"acf":[],"yoast_head":"<!-- This site is optimized with the Yoast SEO plugin v26.4 - https:\/\/yoast.com\/wordpress\/plugins\/seo\/ -->\n<title>Ruinart Coffret Duo 2 Bouteilles R Vintage et Ros\u00e9 - Champmarket<\/title>\n<meta name=\"description\" content=\"Deze Duo set met 2 flessen Ruinart R Vintage en Ros\u00e9 is ideaal om cadeau te geven en bevat 2 van Ruinarts onmisbare champagnes.\" \/>\n<meta name=\"robots\" content=\"index, follow, max-snippet:-1, max-image-preview:large, max-video-preview:-1\" \/>\n<link rel=\"canonical\" href=\"https:\/\/www.champmarket.com\/nl\/champagne\/ruinart-duo-koffer-2-flessen-r-vintage-en-rose\/\" \/>\n<meta property=\"og:locale\" content=\"nl_NL\" \/>\n<meta property=\"og:type\" content=\"article\" \/>\n<meta property=\"og:title\" content=\"Ruinart Coffret Duo 2 Bouteilles R Vintage et Ros\u00e9 - Champmarket\" \/>\n<meta property=\"og:description\" content=\"Deze Duo set met 2 flessen Ruinart R Vintage en Ros\u00e9 is ideaal om cadeau te geven en bevat 2 van Ruinarts onmisbare champagnes.\" \/>\n<meta property=\"og:url\" content=\"https:\/\/www.champmarket.com\/nl\/champagne\/ruinart-duo-koffer-2-flessen-r-vintage-en-rose\/\" \/>\n<meta property=\"og:site_name\" content=\"Champmarket\" \/>\n<meta property=\"article:publisher\" content=\"https:\/\/www.facebook.com\/ChampMarket\/\" \/>\n<meta property=\"article:modified_time\" content=\"2024-10-10T10:31:49+00:00\" \/>\n<meta property=\"og:image\" content=\"https:\/\/www.champmarket.com\/wp-content\/uploads\/2024\/01\/ruinart-r-millesime-et-rose-coffret-duo-caisse-bois.webp\" \/>\n\t<meta property=\"og:image:width\" content=\"1200\" \/>\n\t<meta property=\"og:image:height\" content=\"1200\" \/>\n\t<meta property=\"og:image:type\" content=\"image\/webp\" \/>\n<meta name=\"twitter:card\" content=\"summary_large_image\" \/>\n<meta name=\"twitter:site\" content=\"@champmarket\" \/>\n<meta name=\"twitter:label1\" content=\"Geschatte leestijd\" \/>\n\t<meta name=\"twitter:data1\" content=\"1 minuut\" \/>\n<script type=\"application\/ld+json\" class=\"yoast-schema-graph\">{\"@context\":\"https:\/\/schema.org\",\"@graph\":[{\"@type\":\"WebPage\",\"@id\":\"https:\/\/www.champmarket.com\/nl\/champagne\/ruinart-duo-koffer-2-flessen-r-vintage-en-rose\/\",\"url\":\"https:\/\/www.champmarket.com\/nl\/champagne\/ruinart-duo-koffer-2-flessen-r-vintage-en-rose\/\",\"name\":\"Ruinart Coffret Duo 2 Bouteilles R Vintage et Ros\u00e9 - Champmarket\",\"isPartOf\":{\"@id\":\"https:\/\/www.champmarket.com\/#website\"},\"primaryImageOfPage\":{\"@id\":\"https:\/\/www.champmarket.com\/nl\/champagne\/ruinart-duo-koffer-2-flessen-r-vintage-en-rose\/#primaryimage\"},\"image\":{\"@id\":\"https:\/\/www.champmarket.com\/nl\/champagne\/ruinart-duo-koffer-2-flessen-r-vintage-en-rose\/#primaryimage\"},\"thumbnailUrl\":\"https:\/\/www.champmarket.com\/wp-content\/uploads\/2024\/01\/ruinart-r-millesime-et-rose-coffret-duo-caisse-bois.webp\",\"datePublished\":\"2024-01-29T10:30:44+00:00\",\"dateModified\":\"2024-10-10T10:31:49+00:00\",\"description\":\"Deze Duo set met 2 flessen Ruinart R Vintage en Ros\u00e9 is ideaal om cadeau te geven en bevat 2 van Ruinarts onmisbare champagnes.\",\"breadcrumb\":{\"@id\":\"https:\/\/www.champmarket.com\/nl\/champagne\/ruinart-duo-koffer-2-flessen-r-vintage-en-rose\/#breadcrumb\"},\"inLanguage\":\"nl-NL\",\"potentialAction\":[{\"@type\":\"ReadAction\",\"target\":[\"https:\/\/www.champmarket.com\/nl\/champagne\/ruinart-duo-koffer-2-flessen-r-vintage-en-rose\/\"]}]},{\"@type\":\"ImageObject\",\"inLanguage\":\"nl-NL\",\"@id\":\"https:\/\/www.champmarket.com\/nl\/champagne\/ruinart-duo-koffer-2-flessen-r-vintage-en-rose\/#primaryimage\",\"url\":\"https:\/\/www.champmarket.com\/wp-content\/uploads\/2024\/01\/ruinart-r-millesime-et-rose-coffret-duo-caisse-bois.webp\",\"contentUrl\":\"https:\/\/www.champmarket.com\/wp-content\/uploads\/2024\/01\/ruinart-r-millesime-et-rose-coffret-duo-caisse-bois.webp\",\"width\":1200,\"height\":1200,\"caption\":\"Champagne Ruinart Coffret Duo 2 Bouteilles R Mill\u00e9sim\u00e9 et Ros\u00e9 - Champmarket\"},{\"@type\":\"BreadcrumbList\",\"@id\":\"https:\/\/www.champmarket.com\/nl\/champagne\/ruinart-duo-koffer-2-flessen-r-vintage-en-rose\/#breadcrumb\",\"itemListElement\":[{\"@type\":\"ListItem\",\"position\":1,\"name\":\"Accueil\",\"item\":\"https:\/\/www.champmarket.com\/nl\/\"},{\"@type\":\"ListItem\",\"position\":2,\"name\":\"Winkel\",\"item\":\"https:\/\/www.champmarket.com\/nl\/boutique\/\"},{\"@type\":\"ListItem\",\"position\":3,\"name\":\"Ruinart\",\"item\":\"https:\/\/www.champmarket.com\/nl\/maisons\/selectie-champagne-ruinart-nl\/\"},{\"@type\":\"ListItem\",\"position\":4,\"name\":\"Ruinart Coffret Duo 2 Bouteilles R Vintage et Ros\u00e9\"}]},{\"@type\":\"WebSite\",\"@id\":\"https:\/\/www.champmarket.com\/#website\",\"url\":\"https:\/\/www.champmarket.com\/\",\"name\":\"Champmarket\",\"description\":\"Champmarket, Champagnes, Cadeaus en Levenskunst\",\"publisher\":{\"@id\":\"https:\/\/www.champmarket.com\/#organization\"},\"potentialAction\":[{\"@type\":\"SearchAction\",\"target\":{\"@type\":\"EntryPoint\",\"urlTemplate\":\"https:\/\/www.champmarket.com\/?s={search_term_string}\"},\"query-input\":{\"@type\":\"PropertyValueSpecification\",\"valueRequired\":true,\"valueName\":\"search_term_string\"}}],\"inLanguage\":\"nl-NL\"},{\"@type\":\"Organization\",\"@id\":\"https:\/\/www.champmarket.com\/#organization\",\"name\":\"Champmarket\",\"url\":\"https:\/\/www.champmarket.com\/\",\"logo\":{\"@type\":\"ImageObject\",\"inLanguage\":\"nl-NL\",\"@id\":\"https:\/\/www.champmarket.com\/#\/schema\/logo\/image\/\",\"url\":\"https:\/\/www.champmarket.com\/wp-content\/uploads\/2024\/08\/logo2024-1.svg\",\"contentUrl\":\"https:\/\/www.champmarket.com\/wp-content\/uploads\/2024\/08\/logo2024-1.svg\",\"width\":579.8,\"height\":80,\"caption\":\"Champmarket\"},\"image\":{\"@id\":\"https:\/\/www.champmarket.com\/#\/schema\/logo\/image\/\"},\"sameAs\":[\"https:\/\/www.facebook.com\/ChampMarket\/\",\"https:\/\/x.com\/champmarket\",\"https:\/\/www.instagram.com\/champmarket.paris\/\",\"https:\/\/www.pinterest.fr\/champmarketparis\/\",\"https:\/\/www.linkedin.com\/company\/champmarket\/\"]}]}<\/script>\n<!-- \/ Yoast SEO plugin. -->","yoast_head_json":{"title":"Ruinart Coffret Duo 2 Bouteilles R Vintage et Ros\u00e9 - Champmarket","description":"Deze Duo set met 2 flessen Ruinart R Vintage en Ros\u00e9 is ideaal om cadeau te geven en bevat 2 van Ruinarts onmisbare champagnes.","robots":{"index":"index","follow":"follow","max-snippet":"max-snippet:-1","max-image-preview":"max-image-preview:large","max-video-preview":"max-video-preview:-1"},"canonical":"https:\/\/www.champmarket.com\/nl\/champagne\/ruinart-duo-koffer-2-flessen-r-vintage-en-rose\/","og_locale":"nl_NL","og_type":"article","og_title":"Ruinart Coffret Duo 2 Bouteilles R Vintage et Ros\u00e9 - Champmarket","og_description":"Deze Duo set met 2 flessen Ruinart R Vintage en Ros\u00e9 is ideaal om cadeau te geven en bevat 2 van Ruinarts onmisbare champagnes.","og_url":"https:\/\/www.champmarket.com\/nl\/champagne\/ruinart-duo-koffer-2-flessen-r-vintage-en-rose\/","og_site_name":"Champmarket","article_publisher":"https:\/\/www.facebook.com\/ChampMarket\/","article_modified_time":"2024-10-10T10:31:49+00:00","og_image":[{"width":1200,"height":1200,"url":"https:\/\/www.champmarket.com\/wp-content\/uploads\/2024\/01\/ruinart-r-millesime-et-rose-coffret-duo-caisse-bois.webp","type":"image\/webp"}],"twitter_card":"summary_large_image","twitter_site":"@champmarket","twitter_misc":{"Geschatte leestijd":"1 minuut"},"schema":{"@context":"https:\/\/schema.org","@graph":[{"@type":"WebPage","@id":"https:\/\/www.champmarket.com\/nl\/champagne\/ruinart-duo-koffer-2-flessen-r-vintage-en-rose\/","url":"https:\/\/www.champmarket.com\/nl\/champagne\/ruinart-duo-koffer-2-flessen-r-vintage-en-rose\/","name":"Ruinart Coffret Duo 2 Bouteilles R Vintage et Ros\u00e9 - Champmarket","isPartOf":{"@id":"https:\/\/www.champmarket.com\/#website"},"primaryImageOfPage":{"@id":"https:\/\/www.champmarket.com\/nl\/champagne\/ruinart-duo-koffer-2-flessen-r-vintage-en-rose\/#primaryimage"},"image":{"@id":"https:\/\/www.champmarket.com\/nl\/champagne\/ruinart-duo-koffer-2-flessen-r-vintage-en-rose\/#primaryimage"},"thumbnailUrl":"https:\/\/www.champmarket.com\/wp-content\/uploads\/2024\/01\/ruinart-r-millesime-et-rose-coffret-duo-caisse-bois.webp","datePublished":"2024-01-29T10:30:44+00:00","dateModified":"2024-10-10T10:31:49+00:00","description":"Deze Duo set met 2 flessen Ruinart R Vintage en Ros\u00e9 is ideaal om cadeau te geven en bevat 2 van Ruinarts onmisbare champagnes.","breadcrumb":{"@id":"https:\/\/www.champmarket.com\/nl\/champagne\/ruinart-duo-koffer-2-flessen-r-vintage-en-rose\/#breadcrumb"},"inLanguage":"nl-NL","potentialAction":[{"@type":"ReadAction","target":["https:\/\/www.champmarket.com\/nl\/champagne\/ruinart-duo-koffer-2-flessen-r-vintage-en-rose\/"]}]},{"@type":"ImageObject","inLanguage":"nl-NL","@id":"https:\/\/www.champmarket.com\/nl\/champagne\/ruinart-duo-koffer-2-flessen-r-vintage-en-rose\/#primaryimage","url":"https:\/\/www.champmarket.com\/wp-content\/uploads\/2024\/01\/ruinart-r-millesime-et-rose-coffret-duo-caisse-bois.webp","contentUrl":"https:\/\/www.champmarket.com\/wp-content\/uploads\/2024\/01\/ruinart-r-millesime-et-rose-coffret-duo-caisse-bois.webp","width":1200,"height":1200,"caption":"Champagne Ruinart Coffret Duo 2 Bouteilles R Mill\u00e9sim\u00e9 et Ros\u00e9 - Champmarket"},{"@type":"BreadcrumbList","@id":"https:\/\/www.champmarket.com\/nl\/champagne\/ruinart-duo-koffer-2-flessen-r-vintage-en-rose\/#breadcrumb","itemListElement":[{"@type":"ListItem","position":1,"name":"Accueil","item":"https:\/\/www.champmarket.com\/nl\/"},{"@type":"ListItem","position":2,"name":"Winkel","item":"https:\/\/www.champmarket.com\/nl\/boutique\/"},{"@type":"ListItem","position":3,"name":"Ruinart","item":"https:\/\/www.champmarket.com\/nl\/maisons\/selectie-champagne-ruinart-nl\/"},{"@type":"ListItem","position":4,"name":"Ruinart Coffret Duo 2 Bouteilles R Vintage et Ros\u00e9"}]},{"@type":"WebSite","@id":"https:\/\/www.champmarket.com\/#website","url":"https:\/\/www.champmarket.com\/","name":"Champmarket","description":"Champmarket, Champagnes, Cadeaus en Levenskunst","publisher":{"@id":"https:\/\/www.champmarket.com\/#organization"},"potentialAction":[{"@type":"SearchAction","target":{"@type":"EntryPoint","urlTemplate":"https:\/\/www.champmarket.com\/?s={search_term_string}"},"query-input":{"@type":"PropertyValueSpecification","valueRequired":true,"valueName":"search_term_string"}}],"inLanguage":"nl-NL"},{"@type":"Organization","@id":"https:\/\/www.champmarket.com\/#organization","name":"Champmarket","url":"https:\/\/www.champmarket.com\/","logo":{"@type":"ImageObject","inLanguage":"nl-NL","@id":"https:\/\/www.champmarket.com\/#\/schema\/logo\/image\/","url":"https:\/\/www.champmarket.com\/wp-content\/uploads\/2024\/08\/logo2024-1.svg","contentUrl":"https:\/\/www.champmarket.com\/wp-content\/uploads\/2024\/08\/logo2024-1.svg","width":579.8,"height":80,"caption":"Champmarket"},"image":{"@id":"https:\/\/www.champmarket.com\/#\/schema\/logo\/image\/"},"sameAs":["https:\/\/www.facebook.com\/ChampMarket\/","https:\/\/x.com\/champmarket","https:\/\/www.instagram.com\/champmarket.paris\/","https:\/\/www.pinterest.fr\/champmarketparis\/","https:\/\/www.linkedin.com\/company\/champmarket\/"]}]}},"_links":{"self":[{"href":"https:\/\/www.champmarket.com\/nl\/wp-json\/wp\/v2\/product\/64235","targetHints":{"allow":["GET"]}}],"collection":[{"href":"https:\/\/www.champmarket.com\/nl\/wp-json\/wp\/v2\/product"}],"about":[{"href":"https:\/\/www.champmarket.com\/nl\/wp-json\/wp\/v2\/types\/product"}],"version-history":[{"count":3,"href":"https:\/\/www.champmarket.com\/nl\/wp-json\/wp\/v2\/product\/64235\/revisions"}],"predecessor-version":[{"id":74786,"href":"https:\/\/www.champmarket.com\/nl\/wp-json\/wp\/v2\/product\/64235\/revisions\/74786"}],"wp:featuredmedia":[{"embeddable":true,"href":"https:\/\/www.champmarket.com\/nl\/wp-json\/wp\/v2\/media\/64243"}],"wp:attachment":[{"href":"https:\/\/www.champmarket.com\/nl\/wp-json\/wp\/v2\/media?parent=64235"}],"wp:term":[{"taxonomy":"product_brand","embeddable":true,"href":"https:\/\/www.champmarket.com\/nl\/wp-json\/wp\/v2\/product_brand?post=64235"},{"taxonomy":"product_cat","embeddable":true,"href":"https:\/\/www.champmarket.com\/nl\/wp-json\/wp\/v2\/product_cat?post=64235"},{"taxonomy":"product_tag","embeddable":true,"href":"https:\/\/www.champmarket.com\/nl\/wp-json\/wp\/v2\/product_tag?post=64235"}],"curies":[{"name":"wp","href":"https:\/\/api.w.org\/{rel}","templated":true}]}}