{"id":64249,"date":"2024-01-29T11:52:56","date_gmt":"2024-01-29T10:52:56","guid":{"rendered":"https:\/\/www.champmarket.com\/?post_type=product&#038;p=64249"},"modified":"2024-10-10T12:30:59","modified_gmt":"2024-10-10T10:30:59","slug":"ruinart-discovery-box-4-flessen-brut-millesime-blanc-de-blancs-rose","status":"publish","type":"product","link":"https:\/\/www.champmarket.com\/nl\/champagne\/ruinart-discovery-box-4-flessen-brut-millesime-blanc-de-blancs-rose\/","title":{"rendered":"BrutRuinart Caisse-Cave D\u00e9couverte 4 Flessen R , R Millesime, Blanc de Blancs, Ros\u00e9"},"content":{"rendered":"<p>Wie het universum van Ruinart betreedt, ontdekt de keuzes van dit grote champagnehuis: een constante vraag, een zuivere en verfijnde geest, de stralende dominantie van chardonnay en een unieke fles, kenmerkend voor de champagnes van Ruinart.<\/p>\n<p><strong> BrutDe Ruinart Case-Cave D\u00e9couverte met 4 flessen is de perfecte gelegenheid om de onmisbare champagnes van dit grote Champagnehuis te ontdekken:<\/strong> <strong>R de Ruinart<\/strong>, de geest van het Huis Ruinart: constante hoge normen, een zuivere en verfijnde geest, de stralende dominantie van de Chardonnay en een unieke fles, kenmerkend voor de champagnes van Ruinart. <strong> <strong>Vintage R<\/strong>, een<span class=\"truncated\">evenwichtige en harmonieuze champagne, een ware illustratie van de smaak van Ruinart.<\/span><\/strong><\/p>\n<p><strong>Ruinart Blanc de Blancs<\/strong>, het embleem van de Ruinart smaak. Een zeer fijne Blanc de Blancs, zuiver, schoon en precies.<br \/>\n<strong>Ruinart Ros\u00e9<\/strong>, de gastronomische uitdrukking van de Ruinart smaak.<\/p>\n<p>Voor uzelf of als geschenk, deze elegante houten koffer met handgrepen is geschikt voor alle gelegenheden.<\/p>\n","protected":false},"excerpt":{"rendered":"<p>BrutDe Ruinart Discovery Box met 4 flessen is een gelegenheid om de belangrijkste cuv\u00e9es van dit grote champagnehuis te (her)ontdekken: R , R Vintage, Blanc de Blancs en Ros\u00e9.<\/p>\n","protected":false},"featured_media":64252,"template":"","meta":{"_acf_changed":false},"product_brand":[],"product_cat":[3138,3159,3106,3107,3176,3112,3110,3117,3170,3169,3168],"product_tag":[3195,3196],"class_list":{"0":"post-64249","1":"product","2":"type-product","3":"status-publish","4":"has-post-thumbnail","6":"maisons-selectie-champagne-ruinart-nl","7":"product_cat-categorie-champagnehuizen","8":"product_cat-ruinart-nl","9":"product_cat-flessen","10":"product_cat-relatiegeschenken","11":"product_cat-tous-les-champagnes-nl","12":"product_cat-brut-champagne","13":"product_cat-blanc-de-blancs-champagne","14":"product_cat-rose-champagne","15":"product_cat-dessert-nl","16":"product_cat-aperitief","17":"product_cat-repas-nl","18":"product_tag-pour-offrir-nl","19":"product_tag-repas-champagne-nl","21":"first","22":"instock","23":"taxable","24":"shipping-taxable","25":"purchasable","26":"product-type-simple"},"acf":[],"yoast_head":"<!-- This site is optimized with the Yoast SEO plugin v26.4 - https:\/\/yoast.com\/wordpress\/plugins\/seo\/ -->\n<title>BrutRuinart Caisse-Cave D\u00e9couverte 4 Flessen R , R Millesime, Blanc de Blancs, Ros\u00e9 - Champmarket<\/title>\n<meta name=\"description\" content=\"BrutDe Ruinart Discovery Box met 4 flessen is een gelegenheid om de belangrijkste cuv\u00e9es van dit grote champagnehuis te (her)ontdekken: R , R Vintage, Blanc de Blancs en Ros\u00e9.\" \/>\n<meta name=\"robots\" content=\"index, follow, max-snippet:-1, max-image-preview:large, max-video-preview:-1\" \/>\n<link rel=\"canonical\" href=\"https:\/\/www.champmarket.com\/nl\/champagne\/ruinart-discovery-box-4-flessen-brut-millesime-blanc-de-blancs-rose\/\" \/>\n<meta property=\"og:locale\" content=\"nl_NL\" \/>\n<meta property=\"og:type\" content=\"article\" \/>\n<meta property=\"og:title\" content=\"BrutRuinart Caisse-Cave D\u00e9couverte 4 Flessen R , R Millesime, Blanc de Blancs, Ros\u00e9 - Champmarket\" \/>\n<meta property=\"og:description\" content=\"BrutDe Ruinart Discovery Box met 4 flessen is een gelegenheid om de belangrijkste cuv\u00e9es van dit grote champagnehuis te (her)ontdekken: R , R Vintage, Blanc de Blancs en Ros\u00e9.\" \/>\n<meta property=\"og:url\" content=\"https:\/\/www.champmarket.com\/nl\/champagne\/ruinart-discovery-box-4-flessen-brut-millesime-blanc-de-blancs-rose\/\" \/>\n<meta property=\"og:site_name\" content=\"Champmarket\" \/>\n<meta property=\"article:publisher\" content=\"https:\/\/www.facebook.com\/ChampMarket\/\" \/>\n<meta property=\"article:modified_time\" content=\"2024-10-10T10:30:59+00:00\" \/>\n<meta property=\"og:image\" content=\"https:\/\/www.champmarket.com\/wp-content\/uploads\/2024\/01\/ruinart-caisse-cave-decouverte-4-bouteilles.webp\" \/>\n\t<meta property=\"og:image:width\" content=\"1200\" \/>\n\t<meta property=\"og:image:height\" content=\"1200\" \/>\n\t<meta property=\"og:image:type\" content=\"image\/webp\" \/>\n<meta name=\"twitter:card\" content=\"summary_large_image\" \/>\n<meta name=\"twitter:site\" content=\"@champmarket\" \/>\n<meta name=\"twitter:label1\" content=\"Geschatte leestijd\" \/>\n\t<meta name=\"twitter:data1\" content=\"1 minuut\" \/>\n<script type=\"application\/ld+json\" class=\"yoast-schema-graph\">{\"@context\":\"https:\/\/schema.org\",\"@graph\":[{\"@type\":\"WebPage\",\"@id\":\"https:\/\/www.champmarket.com\/nl\/champagne\/ruinart-discovery-box-4-flessen-brut-millesime-blanc-de-blancs-rose\/\",\"url\":\"https:\/\/www.champmarket.com\/nl\/champagne\/ruinart-discovery-box-4-flessen-brut-millesime-blanc-de-blancs-rose\/\",\"name\":\"BrutRuinart Caisse-Cave D\u00e9couverte 4 Flessen R , R Millesime, Blanc de Blancs, Ros\u00e9 - Champmarket\",\"isPartOf\":{\"@id\":\"https:\/\/www.champmarket.com\/#website\"},\"primaryImageOfPage\":{\"@id\":\"https:\/\/www.champmarket.com\/nl\/champagne\/ruinart-discovery-box-4-flessen-brut-millesime-blanc-de-blancs-rose\/#primaryimage\"},\"image\":{\"@id\":\"https:\/\/www.champmarket.com\/nl\/champagne\/ruinart-discovery-box-4-flessen-brut-millesime-blanc-de-blancs-rose\/#primaryimage\"},\"thumbnailUrl\":\"https:\/\/www.champmarket.com\/wp-content\/uploads\/2024\/01\/ruinart-caisse-cave-decouverte-4-bouteilles.webp\",\"datePublished\":\"2024-01-29T10:52:56+00:00\",\"dateModified\":\"2024-10-10T10:30:59+00:00\",\"description\":\"BrutDe Ruinart Discovery Box met 4 flessen is een gelegenheid om de belangrijkste cuv\u00e9es van dit grote champagnehuis te (her)ontdekken: R , R Vintage, Blanc de Blancs en Ros\u00e9.\",\"breadcrumb\":{\"@id\":\"https:\/\/www.champmarket.com\/nl\/champagne\/ruinart-discovery-box-4-flessen-brut-millesime-blanc-de-blancs-rose\/#breadcrumb\"},\"inLanguage\":\"nl-NL\",\"potentialAction\":[{\"@type\":\"ReadAction\",\"target\":[\"https:\/\/www.champmarket.com\/nl\/champagne\/ruinart-discovery-box-4-flessen-brut-millesime-blanc-de-blancs-rose\/\"]}]},{\"@type\":\"ImageObject\",\"inLanguage\":\"nl-NL\",\"@id\":\"https:\/\/www.champmarket.com\/nl\/champagne\/ruinart-discovery-box-4-flessen-brut-millesime-blanc-de-blancs-rose\/#primaryimage\",\"url\":\"https:\/\/www.champmarket.com\/wp-content\/uploads\/2024\/01\/ruinart-caisse-cave-decouverte-4-bouteilles.webp\",\"contentUrl\":\"https:\/\/www.champmarket.com\/wp-content\/uploads\/2024\/01\/ruinart-caisse-cave-decouverte-4-bouteilles.webp\",\"width\":1200,\"height\":1200,\"caption\":\"Champagne Ruinart Caisse-Cave D\u00e9couverte 4 Bouteilles - Champmarket\"},{\"@type\":\"BreadcrumbList\",\"@id\":\"https:\/\/www.champmarket.com\/nl\/champagne\/ruinart-discovery-box-4-flessen-brut-millesime-blanc-de-blancs-rose\/#breadcrumb\",\"itemListElement\":[{\"@type\":\"ListItem\",\"position\":1,\"name\":\"Accueil\",\"item\":\"https:\/\/www.champmarket.com\/nl\/\"},{\"@type\":\"ListItem\",\"position\":2,\"name\":\"Winkel\",\"item\":\"https:\/\/www.champmarket.com\/nl\/boutique\/\"},{\"@type\":\"ListItem\",\"position\":3,\"name\":\"Ruinart\",\"item\":\"https:\/\/www.champmarket.com\/nl\/maisons\/selectie-champagne-ruinart-nl\/\"},{\"@type\":\"ListItem\",\"position\":4,\"name\":\"BrutRuinart Caisse-Cave D\u00e9couverte 4 Flessen R , R Millesime, Blanc de Blancs, Ros\u00e9\"}]},{\"@type\":\"WebSite\",\"@id\":\"https:\/\/www.champmarket.com\/#website\",\"url\":\"https:\/\/www.champmarket.com\/\",\"name\":\"Champmarket\",\"description\":\"Champmarket, Champagnes, Cadeaus en Levenskunst\",\"publisher\":{\"@id\":\"https:\/\/www.champmarket.com\/#organization\"},\"potentialAction\":[{\"@type\":\"SearchAction\",\"target\":{\"@type\":\"EntryPoint\",\"urlTemplate\":\"https:\/\/www.champmarket.com\/?s={search_term_string}\"},\"query-input\":{\"@type\":\"PropertyValueSpecification\",\"valueRequired\":true,\"valueName\":\"search_term_string\"}}],\"inLanguage\":\"nl-NL\"},{\"@type\":\"Organization\",\"@id\":\"https:\/\/www.champmarket.com\/#organization\",\"name\":\"Champmarket\",\"url\":\"https:\/\/www.champmarket.com\/\",\"logo\":{\"@type\":\"ImageObject\",\"inLanguage\":\"nl-NL\",\"@id\":\"https:\/\/www.champmarket.com\/#\/schema\/logo\/image\/\",\"url\":\"https:\/\/www.champmarket.com\/wp-content\/uploads\/2024\/08\/logo2024-1.svg\",\"contentUrl\":\"https:\/\/www.champmarket.com\/wp-content\/uploads\/2024\/08\/logo2024-1.svg\",\"width\":579.8,\"height\":80,\"caption\":\"Champmarket\"},\"image\":{\"@id\":\"https:\/\/www.champmarket.com\/#\/schema\/logo\/image\/\"},\"sameAs\":[\"https:\/\/www.facebook.com\/ChampMarket\/\",\"https:\/\/x.com\/champmarket\",\"https:\/\/www.instagram.com\/champmarket.paris\/\",\"https:\/\/www.pinterest.fr\/champmarketparis\/\",\"https:\/\/www.linkedin.com\/company\/champmarket\/\"]}]}<\/script>\n<!-- \/ Yoast SEO plugin. -->","yoast_head_json":{"title":"BrutRuinart Caisse-Cave D\u00e9couverte 4 Flessen R , R Millesime, Blanc de Blancs, Ros\u00e9 - Champmarket","description":"BrutDe Ruinart Discovery Box met 4 flessen is een gelegenheid om de belangrijkste cuv\u00e9es van dit grote champagnehuis te (her)ontdekken: R , R Vintage, Blanc de Blancs en Ros\u00e9.","robots":{"index":"index","follow":"follow","max-snippet":"max-snippet:-1","max-image-preview":"max-image-preview:large","max-video-preview":"max-video-preview:-1"},"canonical":"https:\/\/www.champmarket.com\/nl\/champagne\/ruinart-discovery-box-4-flessen-brut-millesime-blanc-de-blancs-rose\/","og_locale":"nl_NL","og_type":"article","og_title":"BrutRuinart Caisse-Cave D\u00e9couverte 4 Flessen R , R Millesime, Blanc de Blancs, Ros\u00e9 - Champmarket","og_description":"BrutDe Ruinart Discovery Box met 4 flessen is een gelegenheid om de belangrijkste cuv\u00e9es van dit grote champagnehuis te (her)ontdekken: R , R Vintage, Blanc de Blancs en Ros\u00e9.","og_url":"https:\/\/www.champmarket.com\/nl\/champagne\/ruinart-discovery-box-4-flessen-brut-millesime-blanc-de-blancs-rose\/","og_site_name":"Champmarket","article_publisher":"https:\/\/www.facebook.com\/ChampMarket\/","article_modified_time":"2024-10-10T10:30:59+00:00","og_image":[{"width":1200,"height":1200,"url":"https:\/\/www.champmarket.com\/wp-content\/uploads\/2024\/01\/ruinart-caisse-cave-decouverte-4-bouteilles.webp","type":"image\/webp"}],"twitter_card":"summary_large_image","twitter_site":"@champmarket","twitter_misc":{"Geschatte leestijd":"1 minuut"},"schema":{"@context":"https:\/\/schema.org","@graph":[{"@type":"WebPage","@id":"https:\/\/www.champmarket.com\/nl\/champagne\/ruinart-discovery-box-4-flessen-brut-millesime-blanc-de-blancs-rose\/","url":"https:\/\/www.champmarket.com\/nl\/champagne\/ruinart-discovery-box-4-flessen-brut-millesime-blanc-de-blancs-rose\/","name":"BrutRuinart Caisse-Cave D\u00e9couverte 4 Flessen R , R Millesime, Blanc de Blancs, Ros\u00e9 - Champmarket","isPartOf":{"@id":"https:\/\/www.champmarket.com\/#website"},"primaryImageOfPage":{"@id":"https:\/\/www.champmarket.com\/nl\/champagne\/ruinart-discovery-box-4-flessen-brut-millesime-blanc-de-blancs-rose\/#primaryimage"},"image":{"@id":"https:\/\/www.champmarket.com\/nl\/champagne\/ruinart-discovery-box-4-flessen-brut-millesime-blanc-de-blancs-rose\/#primaryimage"},"thumbnailUrl":"https:\/\/www.champmarket.com\/wp-content\/uploads\/2024\/01\/ruinart-caisse-cave-decouverte-4-bouteilles.webp","datePublished":"2024-01-29T10:52:56+00:00","dateModified":"2024-10-10T10:30:59+00:00","description":"BrutDe Ruinart Discovery Box met 4 flessen is een gelegenheid om de belangrijkste cuv\u00e9es van dit grote champagnehuis te (her)ontdekken: R , R Vintage, Blanc de Blancs en Ros\u00e9.","breadcrumb":{"@id":"https:\/\/www.champmarket.com\/nl\/champagne\/ruinart-discovery-box-4-flessen-brut-millesime-blanc-de-blancs-rose\/#breadcrumb"},"inLanguage":"nl-NL","potentialAction":[{"@type":"ReadAction","target":["https:\/\/www.champmarket.com\/nl\/champagne\/ruinart-discovery-box-4-flessen-brut-millesime-blanc-de-blancs-rose\/"]}]},{"@type":"ImageObject","inLanguage":"nl-NL","@id":"https:\/\/www.champmarket.com\/nl\/champagne\/ruinart-discovery-box-4-flessen-brut-millesime-blanc-de-blancs-rose\/#primaryimage","url":"https:\/\/www.champmarket.com\/wp-content\/uploads\/2024\/01\/ruinart-caisse-cave-decouverte-4-bouteilles.webp","contentUrl":"https:\/\/www.champmarket.com\/wp-content\/uploads\/2024\/01\/ruinart-caisse-cave-decouverte-4-bouteilles.webp","width":1200,"height":1200,"caption":"Champagne Ruinart Caisse-Cave D\u00e9couverte 4 Bouteilles - Champmarket"},{"@type":"BreadcrumbList","@id":"https:\/\/www.champmarket.com\/nl\/champagne\/ruinart-discovery-box-4-flessen-brut-millesime-blanc-de-blancs-rose\/#breadcrumb","itemListElement":[{"@type":"ListItem","position":1,"name":"Accueil","item":"https:\/\/www.champmarket.com\/nl\/"},{"@type":"ListItem","position":2,"name":"Winkel","item":"https:\/\/www.champmarket.com\/nl\/boutique\/"},{"@type":"ListItem","position":3,"name":"Ruinart","item":"https:\/\/www.champmarket.com\/nl\/maisons\/selectie-champagne-ruinart-nl\/"},{"@type":"ListItem","position":4,"name":"BrutRuinart Caisse-Cave D\u00e9couverte 4 Flessen R , R Millesime, Blanc de Blancs, Ros\u00e9"}]},{"@type":"WebSite","@id":"https:\/\/www.champmarket.com\/#website","url":"https:\/\/www.champmarket.com\/","name":"Champmarket","description":"Champmarket, Champagnes, Cadeaus en Levenskunst","publisher":{"@id":"https:\/\/www.champmarket.com\/#organization"},"potentialAction":[{"@type":"SearchAction","target":{"@type":"EntryPoint","urlTemplate":"https:\/\/www.champmarket.com\/?s={search_term_string}"},"query-input":{"@type":"PropertyValueSpecification","valueRequired":true,"valueName":"search_term_string"}}],"inLanguage":"nl-NL"},{"@type":"Organization","@id":"https:\/\/www.champmarket.com\/#organization","name":"Champmarket","url":"https:\/\/www.champmarket.com\/","logo":{"@type":"ImageObject","inLanguage":"nl-NL","@id":"https:\/\/www.champmarket.com\/#\/schema\/logo\/image\/","url":"https:\/\/www.champmarket.com\/wp-content\/uploads\/2024\/08\/logo2024-1.svg","contentUrl":"https:\/\/www.champmarket.com\/wp-content\/uploads\/2024\/08\/logo2024-1.svg","width":579.8,"height":80,"caption":"Champmarket"},"image":{"@id":"https:\/\/www.champmarket.com\/#\/schema\/logo\/image\/"},"sameAs":["https:\/\/www.facebook.com\/ChampMarket\/","https:\/\/x.com\/champmarket","https:\/\/www.instagram.com\/champmarket.paris\/","https:\/\/www.pinterest.fr\/champmarketparis\/","https:\/\/www.linkedin.com\/company\/champmarket\/"]}]}},"_links":{"self":[{"href":"https:\/\/www.champmarket.com\/nl\/wp-json\/wp\/v2\/product\/64249","targetHints":{"allow":["GET"]}}],"collection":[{"href":"https:\/\/www.champmarket.com\/nl\/wp-json\/wp\/v2\/product"}],"about":[{"href":"https:\/\/www.champmarket.com\/nl\/wp-json\/wp\/v2\/types\/product"}],"version-history":[{"count":3,"href":"https:\/\/www.champmarket.com\/nl\/wp-json\/wp\/v2\/product\/64249\/revisions"}],"predecessor-version":[{"id":74783,"href":"https:\/\/www.champmarket.com\/nl\/wp-json\/wp\/v2\/product\/64249\/revisions\/74783"}],"wp:featuredmedia":[{"embeddable":true,"href":"https:\/\/www.champmarket.com\/nl\/wp-json\/wp\/v2\/media\/64252"}],"wp:attachment":[{"href":"https:\/\/www.champmarket.com\/nl\/wp-json\/wp\/v2\/media?parent=64249"}],"wp:term":[{"taxonomy":"product_brand","embeddable":true,"href":"https:\/\/www.champmarket.com\/nl\/wp-json\/wp\/v2\/product_brand?post=64249"},{"taxonomy":"product_cat","embeddable":true,"href":"https:\/\/www.champmarket.com\/nl\/wp-json\/wp\/v2\/product_cat?post=64249"},{"taxonomy":"product_tag","embeddable":true,"href":"https:\/\/www.champmarket.com\/nl\/wp-json\/wp\/v2\/product_tag?post=64249"}],"curies":[{"name":"wp","href":"https:\/\/api.w.org\/{rel}","templated":true}]}}