{"id":64674,"date":"2024-02-21T14:37:08","date_gmt":"2024-02-21T13:37:08","guid":{"rendered":"https:\/\/www.champmarket.com\/?post_type=product&#038;p=64674"},"modified":"2024-10-10T12:20:55","modified_gmt":"2024-10-10T10:20:55","slug":"veuve-clicquot-la-grande-dame-rose-2015-fles-met-doos","status":"publish","type":"product","link":"https:\/\/www.champmarket.com\/nl\/champagne\/veuve-clicquot-la-grande-dame-rose-2015-fles-met-doos\/","title":{"rendered":"Veuve Clicquot La Grande Dame Ros\u00e9 2015 Limited Edition by Paola Paronetto Fles met doos"},"content":{"rendered":"<p><em>&#8220;Onze zwarte druiven maken de beste witte wijnen<\/em>&#8220;: De glorie van Pinot Noir. La Grande Dame brengt hulde aan Madame Clicquot. In 1818 cre\u00eberde het de allereerste ros\u00e9blend door de rode wijn van Bouzy te combineren met zijn witte wijnen. La Grande Dame Ros\u00e9 2015 maakt zijn visie waar, met 90% Pinot Noir, voornamelijk afkomstig van de historische Grands Crus van het Veuve Clicquot terroir, plus een rode wijn toegevoegd aan de blend van \u00e9\u00e9n perceel: het &#8216;Clos Colin&#8217; perceel gelegen in Bouzy, een Grand Cru terroir. La Grande Dame Ros\u00e9 2015 Limited Edition van Paola Paronetto met Veuve Clicquot box is een ideale champagne om cadeau te geven of voor al je speciale proefmomenten.<\/p>\n","protected":false},"excerpt":{"rendered":"<p>&#8220;<em><strong>La Grande Dame 2015 Ros\u00e9 is de ultieme expressie van Madame Clicquot: het onthult haar kracht, energie, creativiteit en vooral haar gehechtheid aan Pinot Noir.<\/strong><\/em>&#8220;Didier Mariotti, keldermeester. Trouw aan het streven naar perfectie en de geest van het huis, een eerbetoon aan Madame Clicquot, is La Grande Dame Ros\u00e9 2015 Limited Edition by Paola Paronetto with Veuve Clicquot box een zeldzame en uitzonderlijke wijn die zich met grote elegantie uitdrukt. De spanning tussen de precisie van de Pinot Noir en het zonnige karakter van de Vintage komt tot uiting in deze nieuwe cuv\u00e9e, die diepte en karakter brengt. Deze nieuwe samenwerking is de eerste keer dat het Huis het ontwerp van zijn La Grande Dame Ros\u00e9 doos toevertrouwt aan een kunstenaar. Deze box maakt deel uit van de Collection of boxes die begin 2023 geproduceerd worden voor La Grande Dame 2015. De kunstenaar koos &#8216;Pesca Chiaro&#8217; uit zijn palet van 97 tinten: een levendig lichtroze dat zowel de frisheid als de diepte van de cuv\u00e9e uitdrukt.<\/p>\n","protected":false},"featured_media":64682,"template":"","meta":{"_acf_changed":false},"product_brand":[],"product_cat":[3308,3138,3161,3106,3178,3176,3117,3115,3116,3168],"product_tag":[3188,3190,3195,3199],"class_list":{"0":"post-64674","1":"product","2":"type-product","3":"status-publish","4":"has-post-thumbnail","6":"maisons-selectie-champagne-veuve-clicquot-nl","7":"product_cat-alle-champagnes-en-boxes","8":"product_cat-categorie-champagnehuizen","9":"product_cat-veuve-clicquot-nl","10":"product_cat-flessen","11":"product_cat-limited-editions","12":"product_cat-tous-les-champagnes-nl","13":"product_cat-rose-champagne","14":"product_cat-vintage-champagne","15":"product_cat-prestige-champagne","16":"product_cat-repas-nl","17":"product_tag-haute-couture-nl","18":"product_tag-la-vie-en-rose-nl","19":"product_tag-pour-offrir-nl","20":"product_tag-aperitif-nl","22":"first","23":"instock","24":"taxable","25":"shipping-taxable","26":"purchasable","27":"product-type-simple"},"acf":[],"yoast_head":"<!-- This site is optimized with the Yoast SEO plugin v26.4 - https:\/\/yoast.com\/wordpress\/plugins\/seo\/ -->\n<title>Veuve Clicquot La Grande Dame Ros\u00e9 2015 Limited Edition by Paola Paronetto Fles met doos - Champmarket<\/title>\n<meta name=\"description\" content=\"La Grande Dame Ros\u00e9 2015 Limited Edition van Paola Paronetto met doos van Veuve Clicquot is een zeldzame en uitzonderlijke wijn die zich met grote elegantie uitdrukt.\" \/>\n<meta name=\"robots\" content=\"index, follow, max-snippet:-1, max-image-preview:large, max-video-preview:-1\" \/>\n<link rel=\"canonical\" href=\"https:\/\/www.champmarket.com\/nl\/champagne\/veuve-clicquot-la-grande-dame-rose-2015-fles-met-doos\/\" \/>\n<meta property=\"og:locale\" content=\"nl_NL\" \/>\n<meta property=\"og:type\" content=\"article\" \/>\n<meta property=\"og:title\" content=\"Veuve Clicquot La Grande Dame Ros\u00e9 2015 Limited Edition by Paola Paronetto Fles met doos - Champmarket\" \/>\n<meta property=\"og:description\" content=\"La Grande Dame Ros\u00e9 2015 Limited Edition van Paola Paronetto met doos van Veuve Clicquot is een zeldzame en uitzonderlijke wijn die zich met grote elegantie uitdrukt.\" \/>\n<meta property=\"og:url\" content=\"https:\/\/www.champmarket.com\/nl\/champagne\/veuve-clicquot-la-grande-dame-rose-2015-fles-met-doos\/\" \/>\n<meta property=\"og:site_name\" content=\"Champmarket\" \/>\n<meta property=\"article:publisher\" content=\"https:\/\/www.facebook.com\/ChampMarket\/\" \/>\n<meta property=\"article:modified_time\" content=\"2024-10-10T10:20:55+00:00\" \/>\n<meta property=\"og:image\" content=\"https:\/\/www.champmarket.com\/wp-content\/uploads\/2024\/02\/veuve-clicquot-la-grande-dame-rose-2015-ed-lim-paola-panoretto-bouteille-coffret.webp\" \/>\n\t<meta property=\"og:image:width\" content=\"1200\" \/>\n\t<meta property=\"og:image:height\" content=\"1200\" \/>\n\t<meta property=\"og:image:type\" content=\"image\/jpeg\" \/>\n<meta name=\"twitter:card\" content=\"summary_large_image\" \/>\n<meta name=\"twitter:site\" content=\"@champmarket\" \/>\n<meta name=\"twitter:label1\" content=\"Geschatte leestijd\" \/>\n\t<meta name=\"twitter:data1\" content=\"1 minuut\" \/>\n<script type=\"application\/ld+json\" class=\"yoast-schema-graph\">{\"@context\":\"https:\/\/schema.org\",\"@graph\":[{\"@type\":\"WebPage\",\"@id\":\"https:\/\/www.champmarket.com\/nl\/champagne\/veuve-clicquot-la-grande-dame-rose-2015-fles-met-doos\/\",\"url\":\"https:\/\/www.champmarket.com\/nl\/champagne\/veuve-clicquot-la-grande-dame-rose-2015-fles-met-doos\/\",\"name\":\"Veuve Clicquot La Grande Dame Ros\u00e9 2015 Limited Edition by Paola Paronetto Fles met doos - Champmarket\",\"isPartOf\":{\"@id\":\"https:\/\/www.champmarket.com\/#website\"},\"primaryImageOfPage\":{\"@id\":\"https:\/\/www.champmarket.com\/nl\/champagne\/veuve-clicquot-la-grande-dame-rose-2015-fles-met-doos\/#primaryimage\"},\"image\":{\"@id\":\"https:\/\/www.champmarket.com\/nl\/champagne\/veuve-clicquot-la-grande-dame-rose-2015-fles-met-doos\/#primaryimage\"},\"thumbnailUrl\":\"https:\/\/www.champmarket.com\/wp-content\/uploads\/2024\/02\/veuve-clicquot-la-grande-dame-rose-2015-ed-lim-paola-panoretto-bouteille-coffret.webp\",\"datePublished\":\"2024-02-21T13:37:08+00:00\",\"dateModified\":\"2024-10-10T10:20:55+00:00\",\"description\":\"La Grande Dame Ros\u00e9 2015 Limited Edition van Paola Paronetto met doos van Veuve Clicquot is een zeldzame en uitzonderlijke wijn die zich met grote elegantie uitdrukt.\",\"breadcrumb\":{\"@id\":\"https:\/\/www.champmarket.com\/nl\/champagne\/veuve-clicquot-la-grande-dame-rose-2015-fles-met-doos\/#breadcrumb\"},\"inLanguage\":\"nl-NL\",\"potentialAction\":[{\"@type\":\"ReadAction\",\"target\":[\"https:\/\/www.champmarket.com\/nl\/champagne\/veuve-clicquot-la-grande-dame-rose-2015-fles-met-doos\/\"]}]},{\"@type\":\"ImageObject\",\"inLanguage\":\"nl-NL\",\"@id\":\"https:\/\/www.champmarket.com\/nl\/champagne\/veuve-clicquot-la-grande-dame-rose-2015-fles-met-doos\/#primaryimage\",\"url\":\"https:\/\/www.champmarket.com\/wp-content\/uploads\/2024\/02\/veuve-clicquot-la-grande-dame-rose-2015-ed-lim-paola-panoretto-bouteille-coffret.webp\",\"contentUrl\":\"https:\/\/www.champmarket.com\/wp-content\/uploads\/2024\/02\/veuve-clicquot-la-grande-dame-rose-2015-ed-lim-paola-panoretto-bouteille-coffret.webp\",\"width\":1200,\"height\":1200,\"caption\":\"Champagne La Grande Dame Ros\u00e9 2015 Veuve Clicquot - Champmarket\"},{\"@type\":\"BreadcrumbList\",\"@id\":\"https:\/\/www.champmarket.com\/nl\/champagne\/veuve-clicquot-la-grande-dame-rose-2015-fles-met-doos\/#breadcrumb\",\"itemListElement\":[{\"@type\":\"ListItem\",\"position\":1,\"name\":\"Accueil\",\"item\":\"https:\/\/www.champmarket.com\/nl\/\"},{\"@type\":\"ListItem\",\"position\":2,\"name\":\"Winkel\",\"item\":\"https:\/\/www.champmarket.com\/nl\/boutique\/\"},{\"@type\":\"ListItem\",\"position\":3,\"name\":\"Veuve Clicquot\",\"item\":\"https:\/\/www.champmarket.com\/nl\/maisons\/selectie-champagne-veuve-clicquot-nl\/\"},{\"@type\":\"ListItem\",\"position\":4,\"name\":\"Veuve Clicquot La Grande Dame Ros\u00e9 2015 Limited Edition by Paola Paronetto Fles met doos\"}]},{\"@type\":\"WebSite\",\"@id\":\"https:\/\/www.champmarket.com\/#website\",\"url\":\"https:\/\/www.champmarket.com\/\",\"name\":\"Champmarket\",\"description\":\"Champmarket, Champagnes, Cadeaus en Levenskunst\",\"publisher\":{\"@id\":\"https:\/\/www.champmarket.com\/#organization\"},\"potentialAction\":[{\"@type\":\"SearchAction\",\"target\":{\"@type\":\"EntryPoint\",\"urlTemplate\":\"https:\/\/www.champmarket.com\/?s={search_term_string}\"},\"query-input\":{\"@type\":\"PropertyValueSpecification\",\"valueRequired\":true,\"valueName\":\"search_term_string\"}}],\"inLanguage\":\"nl-NL\"},{\"@type\":\"Organization\",\"@id\":\"https:\/\/www.champmarket.com\/#organization\",\"name\":\"Champmarket\",\"url\":\"https:\/\/www.champmarket.com\/\",\"logo\":{\"@type\":\"ImageObject\",\"inLanguage\":\"nl-NL\",\"@id\":\"https:\/\/www.champmarket.com\/#\/schema\/logo\/image\/\",\"url\":\"https:\/\/www.champmarket.com\/wp-content\/uploads\/2024\/08\/logo2024-1.svg\",\"contentUrl\":\"https:\/\/www.champmarket.com\/wp-content\/uploads\/2024\/08\/logo2024-1.svg\",\"width\":579.8,\"height\":80,\"caption\":\"Champmarket\"},\"image\":{\"@id\":\"https:\/\/www.champmarket.com\/#\/schema\/logo\/image\/\"},\"sameAs\":[\"https:\/\/www.facebook.com\/ChampMarket\/\",\"https:\/\/x.com\/champmarket\",\"https:\/\/www.instagram.com\/champmarket.paris\/\",\"https:\/\/www.pinterest.fr\/champmarketparis\/\",\"https:\/\/www.linkedin.com\/company\/champmarket\/\"]}]}<\/script>\n<!-- \/ Yoast SEO plugin. -->","yoast_head_json":{"title":"Veuve Clicquot La Grande Dame Ros\u00e9 2015 Limited Edition by Paola Paronetto Fles met doos - Champmarket","description":"La Grande Dame Ros\u00e9 2015 Limited Edition van Paola Paronetto met doos van Veuve Clicquot is een zeldzame en uitzonderlijke wijn die zich met grote elegantie uitdrukt.","robots":{"index":"index","follow":"follow","max-snippet":"max-snippet:-1","max-image-preview":"max-image-preview:large","max-video-preview":"max-video-preview:-1"},"canonical":"https:\/\/www.champmarket.com\/nl\/champagne\/veuve-clicquot-la-grande-dame-rose-2015-fles-met-doos\/","og_locale":"nl_NL","og_type":"article","og_title":"Veuve Clicquot La Grande Dame Ros\u00e9 2015 Limited Edition by Paola Paronetto Fles met doos - Champmarket","og_description":"La Grande Dame Ros\u00e9 2015 Limited Edition van Paola Paronetto met doos van Veuve Clicquot is een zeldzame en uitzonderlijke wijn die zich met grote elegantie uitdrukt.","og_url":"https:\/\/www.champmarket.com\/nl\/champagne\/veuve-clicquot-la-grande-dame-rose-2015-fles-met-doos\/","og_site_name":"Champmarket","article_publisher":"https:\/\/www.facebook.com\/ChampMarket\/","article_modified_time":"2024-10-10T10:20:55+00:00","og_image":[{"width":1200,"height":1200,"url":"https:\/\/www.champmarket.com\/wp-content\/uploads\/2024\/02\/veuve-clicquot-la-grande-dame-rose-2015-ed-lim-paola-panoretto-bouteille-coffret.webp","type":"image\/jpeg"}],"twitter_card":"summary_large_image","twitter_site":"@champmarket","twitter_misc":{"Geschatte leestijd":"1 minuut"},"schema":{"@context":"https:\/\/schema.org","@graph":[{"@type":"WebPage","@id":"https:\/\/www.champmarket.com\/nl\/champagne\/veuve-clicquot-la-grande-dame-rose-2015-fles-met-doos\/","url":"https:\/\/www.champmarket.com\/nl\/champagne\/veuve-clicquot-la-grande-dame-rose-2015-fles-met-doos\/","name":"Veuve Clicquot La Grande Dame Ros\u00e9 2015 Limited Edition by Paola Paronetto Fles met doos - Champmarket","isPartOf":{"@id":"https:\/\/www.champmarket.com\/#website"},"primaryImageOfPage":{"@id":"https:\/\/www.champmarket.com\/nl\/champagne\/veuve-clicquot-la-grande-dame-rose-2015-fles-met-doos\/#primaryimage"},"image":{"@id":"https:\/\/www.champmarket.com\/nl\/champagne\/veuve-clicquot-la-grande-dame-rose-2015-fles-met-doos\/#primaryimage"},"thumbnailUrl":"https:\/\/www.champmarket.com\/wp-content\/uploads\/2024\/02\/veuve-clicquot-la-grande-dame-rose-2015-ed-lim-paola-panoretto-bouteille-coffret.webp","datePublished":"2024-02-21T13:37:08+00:00","dateModified":"2024-10-10T10:20:55+00:00","description":"La Grande Dame Ros\u00e9 2015 Limited Edition van Paola Paronetto met doos van Veuve Clicquot is een zeldzame en uitzonderlijke wijn die zich met grote elegantie uitdrukt.","breadcrumb":{"@id":"https:\/\/www.champmarket.com\/nl\/champagne\/veuve-clicquot-la-grande-dame-rose-2015-fles-met-doos\/#breadcrumb"},"inLanguage":"nl-NL","potentialAction":[{"@type":"ReadAction","target":["https:\/\/www.champmarket.com\/nl\/champagne\/veuve-clicquot-la-grande-dame-rose-2015-fles-met-doos\/"]}]},{"@type":"ImageObject","inLanguage":"nl-NL","@id":"https:\/\/www.champmarket.com\/nl\/champagne\/veuve-clicquot-la-grande-dame-rose-2015-fles-met-doos\/#primaryimage","url":"https:\/\/www.champmarket.com\/wp-content\/uploads\/2024\/02\/veuve-clicquot-la-grande-dame-rose-2015-ed-lim-paola-panoretto-bouteille-coffret.webp","contentUrl":"https:\/\/www.champmarket.com\/wp-content\/uploads\/2024\/02\/veuve-clicquot-la-grande-dame-rose-2015-ed-lim-paola-panoretto-bouteille-coffret.webp","width":1200,"height":1200,"caption":"Champagne La Grande Dame Ros\u00e9 2015 Veuve Clicquot - Champmarket"},{"@type":"BreadcrumbList","@id":"https:\/\/www.champmarket.com\/nl\/champagne\/veuve-clicquot-la-grande-dame-rose-2015-fles-met-doos\/#breadcrumb","itemListElement":[{"@type":"ListItem","position":1,"name":"Accueil","item":"https:\/\/www.champmarket.com\/nl\/"},{"@type":"ListItem","position":2,"name":"Winkel","item":"https:\/\/www.champmarket.com\/nl\/boutique\/"},{"@type":"ListItem","position":3,"name":"Veuve Clicquot","item":"https:\/\/www.champmarket.com\/nl\/maisons\/selectie-champagne-veuve-clicquot-nl\/"},{"@type":"ListItem","position":4,"name":"Veuve Clicquot La Grande Dame Ros\u00e9 2015 Limited Edition by Paola Paronetto Fles met doos"}]},{"@type":"WebSite","@id":"https:\/\/www.champmarket.com\/#website","url":"https:\/\/www.champmarket.com\/","name":"Champmarket","description":"Champmarket, Champagnes, Cadeaus en Levenskunst","publisher":{"@id":"https:\/\/www.champmarket.com\/#organization"},"potentialAction":[{"@type":"SearchAction","target":{"@type":"EntryPoint","urlTemplate":"https:\/\/www.champmarket.com\/?s={search_term_string}"},"query-input":{"@type":"PropertyValueSpecification","valueRequired":true,"valueName":"search_term_string"}}],"inLanguage":"nl-NL"},{"@type":"Organization","@id":"https:\/\/www.champmarket.com\/#organization","name":"Champmarket","url":"https:\/\/www.champmarket.com\/","logo":{"@type":"ImageObject","inLanguage":"nl-NL","@id":"https:\/\/www.champmarket.com\/#\/schema\/logo\/image\/","url":"https:\/\/www.champmarket.com\/wp-content\/uploads\/2024\/08\/logo2024-1.svg","contentUrl":"https:\/\/www.champmarket.com\/wp-content\/uploads\/2024\/08\/logo2024-1.svg","width":579.8,"height":80,"caption":"Champmarket"},"image":{"@id":"https:\/\/www.champmarket.com\/#\/schema\/logo\/image\/"},"sameAs":["https:\/\/www.facebook.com\/ChampMarket\/","https:\/\/x.com\/champmarket","https:\/\/www.instagram.com\/champmarket.paris\/","https:\/\/www.pinterest.fr\/champmarketparis\/","https:\/\/www.linkedin.com\/company\/champmarket\/"]}]}},"_links":{"self":[{"href":"https:\/\/www.champmarket.com\/nl\/wp-json\/wp\/v2\/product\/64674","targetHints":{"allow":["GET"]}}],"collection":[{"href":"https:\/\/www.champmarket.com\/nl\/wp-json\/wp\/v2\/product"}],"about":[{"href":"https:\/\/www.champmarket.com\/nl\/wp-json\/wp\/v2\/types\/product"}],"version-history":[{"count":2,"href":"https:\/\/www.champmarket.com\/nl\/wp-json\/wp\/v2\/product\/64674\/revisions"}],"predecessor-version":[{"id":74769,"href":"https:\/\/www.champmarket.com\/nl\/wp-json\/wp\/v2\/product\/64674\/revisions\/74769"}],"wp:featuredmedia":[{"embeddable":true,"href":"https:\/\/www.champmarket.com\/nl\/wp-json\/wp\/v2\/media\/64682"}],"wp:attachment":[{"href":"https:\/\/www.champmarket.com\/nl\/wp-json\/wp\/v2\/media?parent=64674"}],"wp:term":[{"taxonomy":"product_brand","embeddable":true,"href":"https:\/\/www.champmarket.com\/nl\/wp-json\/wp\/v2\/product_brand?post=64674"},{"taxonomy":"product_cat","embeddable":true,"href":"https:\/\/www.champmarket.com\/nl\/wp-json\/wp\/v2\/product_cat?post=64674"},{"taxonomy":"product_tag","embeddable":true,"href":"https:\/\/www.champmarket.com\/nl\/wp-json\/wp\/v2\/product_tag?post=64674"}],"curies":[{"name":"wp","href":"https:\/\/api.w.org\/{rel}","templated":true}]}}