{"id":65752,"date":"2024-03-07T11:44:10","date_gmt":"2024-03-07T10:44:11","guid":{"rendered":"https:\/\/www.champmarket.com\/?post_type=product&#038;p=65752"},"modified":"2025-05-09T14:29:36","modified_gmt":"2025-05-09T12:29:36","slug":"drappier-vintage-exception-2016-fles-copie-copie-copie-3","status":"publish","type":"product","link":"https:\/\/www.champmarket.com\/nl\/champagne\/drappier-vintage-exception-2016-fles-copie-copie-copie-3\/","title":{"rendered":"Drappier R\u00e9serve de l&#8217;Oenoth\u00e8que 2007 Fles met doos"},"content":{"rendered":"<p>Drappier&#8217;s 2016 Exception Vintage is een krachtige, rijke en complexe champagne, de uitdrukking van een geweldig jaar.<\/p>\n","protected":false},"excerpt":{"rendered":"<p>Drappier R\u00e9serve de l&#8217;Oenoth\u00e8que 2007 met kist is een intense champagne, die deel uitmaakt van de R\u00e9serve de l&#8217;Oenoth\u00e8que Collection, het levende geheugen van dit familie Champagnehuis. De Collection is ondergebracht in de 12e-eeuwse cisterci\u00ebnzerkelders en brengt enkele zeer zeldzame oude Vintage aan het licht. Wanneer ze klaar zijn om de intensiteit en originaliteit van hun geboortejaar te onthullen, geeft het huis ze af in kleine series, soms zelfs individueel.<\/p>\n","protected":false},"featured_media":65754,"template":"","meta":{"_acf_changed":false},"product_brand":[],"product_cat":[3308,3138,3144,3106,3164,3178,3176,3115,3169,3168],"product_tag":[3199,3200],"class_list":{"0":"post-65752","1":"product","2":"type-product","3":"status-publish","4":"has-post-thumbnail","6":"maisons-selectie-champagne-drappier-nl","7":"product_cat-alle-champagnes-en-boxes","8":"product_cat-categorie-champagnehuizen","9":"product_cat-drappier-nl","10":"product_cat-flessen","11":"product_cat-nieuwigheden","12":"product_cat-limited-editions","13":"product_cat-tous-les-champagnes-nl","14":"product_cat-vintage-champagne","15":"product_cat-aperitief","16":"product_cat-repas-nl","17":"product_tag-aperitif-nl","18":"product_tag-vintage-nl","20":"first","21":"instock","22":"taxable","23":"shipping-taxable","24":"purchasable","25":"product-type-simple"},"acf":[],"yoast_head":"<!-- This site is optimized with the Yoast SEO plugin v26.4 - https:\/\/yoast.com\/wordpress\/plugins\/seo\/ -->\n<title>Drappier R\u00e9serve de l&#039;Oenoth\u00e8que 2007 Fles met doos - Champmarket<\/title>\n<meta name=\"description\" content=\"Drappier R\u00e9serve de l&#039;Oenoth\u00e8que 2007 is een intense champagne, die deel uitmaakt van de R\u00e9serve de l&#039;Oenoth\u00e8que Collection.\" \/>\n<meta name=\"robots\" content=\"index, follow, max-snippet:-1, max-image-preview:large, max-video-preview:-1\" \/>\n<link rel=\"canonical\" href=\"https:\/\/www.champmarket.com\/nl\/champagne\/drappier-vintage-exception-2016-fles-copie-copie-copie-3\/\" \/>\n<meta property=\"og:locale\" content=\"nl_NL\" \/>\n<meta property=\"og:type\" content=\"article\" \/>\n<meta property=\"og:title\" content=\"Drappier R\u00e9serve de l&#039;Oenoth\u00e8que 2007 Fles met doos - Champmarket\" \/>\n<meta property=\"og:description\" content=\"Drappier R\u00e9serve de l&#039;Oenoth\u00e8que 2007 is een intense champagne, die deel uitmaakt van de R\u00e9serve de l&#039;Oenoth\u00e8que Collection.\" \/>\n<meta property=\"og:url\" content=\"https:\/\/www.champmarket.com\/nl\/champagne\/drappier-vintage-exception-2016-fles-copie-copie-copie-3\/\" \/>\n<meta property=\"og:site_name\" content=\"Champmarket\" \/>\n<meta property=\"article:publisher\" content=\"https:\/\/www.facebook.com\/ChampMarket\/\" \/>\n<meta property=\"article:modified_time\" content=\"2025-05-09T12:29:36+00:00\" \/>\n<meta property=\"og:image\" content=\"https:\/\/www.champmarket.com\/wp-content\/uploads\/2024\/03\/drappier-reserve-oenotheque-2007-bouteille-etui.webp\" \/>\n\t<meta property=\"og:image:width\" content=\"1200\" \/>\n\t<meta property=\"og:image:height\" content=\"1200\" \/>\n\t<meta property=\"og:image:type\" content=\"image\/webp\" \/>\n<meta name=\"twitter:card\" content=\"summary_large_image\" \/>\n<meta name=\"twitter:site\" content=\"@champmarket\" \/>\n<meta name=\"twitter:label1\" content=\"Geschatte leestijd\" \/>\n\t<meta name=\"twitter:data1\" content=\"1 minuut\" \/>\n<script type=\"application\/ld+json\" class=\"yoast-schema-graph\">{\"@context\":\"https:\/\/schema.org\",\"@graph\":[{\"@type\":\"WebPage\",\"@id\":\"https:\/\/www.champmarket.com\/nl\/champagne\/drappier-vintage-exception-2016-fles-copie-copie-copie-3\/\",\"url\":\"https:\/\/www.champmarket.com\/nl\/champagne\/drappier-vintage-exception-2016-fles-copie-copie-copie-3\/\",\"name\":\"Drappier R\u00e9serve de l'Oenoth\u00e8que 2007 Fles met doos - Champmarket\",\"isPartOf\":{\"@id\":\"https:\/\/www.champmarket.com\/#website\"},\"primaryImageOfPage\":{\"@id\":\"https:\/\/www.champmarket.com\/nl\/champagne\/drappier-vintage-exception-2016-fles-copie-copie-copie-3\/#primaryimage\"},\"image\":{\"@id\":\"https:\/\/www.champmarket.com\/nl\/champagne\/drappier-vintage-exception-2016-fles-copie-copie-copie-3\/#primaryimage\"},\"thumbnailUrl\":\"https:\/\/www.champmarket.com\/wp-content\/uploads\/2024\/03\/drappier-reserve-oenotheque-2007-bouteille-etui.webp\",\"datePublished\":\"2024-03-07T10:44:11+00:00\",\"dateModified\":\"2025-05-09T12:29:36+00:00\",\"description\":\"Drappier R\u00e9serve de l'Oenoth\u00e8que 2007 is een intense champagne, die deel uitmaakt van de R\u00e9serve de l'Oenoth\u00e8que Collection.\",\"breadcrumb\":{\"@id\":\"https:\/\/www.champmarket.com\/nl\/champagne\/drappier-vintage-exception-2016-fles-copie-copie-copie-3\/#breadcrumb\"},\"inLanguage\":\"nl-NL\",\"potentialAction\":[{\"@type\":\"ReadAction\",\"target\":[\"https:\/\/www.champmarket.com\/nl\/champagne\/drappier-vintage-exception-2016-fles-copie-copie-copie-3\/\"]}]},{\"@type\":\"ImageObject\",\"inLanguage\":\"nl-NL\",\"@id\":\"https:\/\/www.champmarket.com\/nl\/champagne\/drappier-vintage-exception-2016-fles-copie-copie-copie-3\/#primaryimage\",\"url\":\"https:\/\/www.champmarket.com\/wp-content\/uploads\/2024\/03\/drappier-reserve-oenotheque-2007-bouteille-etui.webp\",\"contentUrl\":\"https:\/\/www.champmarket.com\/wp-content\/uploads\/2024\/03\/drappier-reserve-oenotheque-2007-bouteille-etui.webp\",\"width\":1200,\"height\":1200,\"caption\":\"Champagne Drappier R\u00e9serve de l'Oenoth\u00e8que 2007 bouteille avec \u00e9tui - Champmlarket\"},{\"@type\":\"BreadcrumbList\",\"@id\":\"https:\/\/www.champmarket.com\/nl\/champagne\/drappier-vintage-exception-2016-fles-copie-copie-copie-3\/#breadcrumb\",\"itemListElement\":[{\"@type\":\"ListItem\",\"position\":1,\"name\":\"Accueil\",\"item\":\"https:\/\/www.champmarket.com\/nl\/\"},{\"@type\":\"ListItem\",\"position\":2,\"name\":\"Winkel\",\"item\":\"https:\/\/www.champmarket.com\/nl\/boutique\/\"},{\"@type\":\"ListItem\",\"position\":3,\"name\":\"Drappier\",\"item\":\"https:\/\/www.champmarket.com\/nl\/maisons\/selectie-champagne-drappier-nl\/\"},{\"@type\":\"ListItem\",\"position\":4,\"name\":\"Drappier R\u00e9serve de l&#8217;Oenoth\u00e8que 2007 Fles met doos\"}]},{\"@type\":\"WebSite\",\"@id\":\"https:\/\/www.champmarket.com\/#website\",\"url\":\"https:\/\/www.champmarket.com\/\",\"name\":\"Champmarket\",\"description\":\"Champmarket, Champagnes, Cadeaus en Levenskunst\",\"publisher\":{\"@id\":\"https:\/\/www.champmarket.com\/#organization\"},\"potentialAction\":[{\"@type\":\"SearchAction\",\"target\":{\"@type\":\"EntryPoint\",\"urlTemplate\":\"https:\/\/www.champmarket.com\/?s={search_term_string}\"},\"query-input\":{\"@type\":\"PropertyValueSpecification\",\"valueRequired\":true,\"valueName\":\"search_term_string\"}}],\"inLanguage\":\"nl-NL\"},{\"@type\":\"Organization\",\"@id\":\"https:\/\/www.champmarket.com\/#organization\",\"name\":\"Champmarket\",\"url\":\"https:\/\/www.champmarket.com\/\",\"logo\":{\"@type\":\"ImageObject\",\"inLanguage\":\"nl-NL\",\"@id\":\"https:\/\/www.champmarket.com\/#\/schema\/logo\/image\/\",\"url\":\"https:\/\/www.champmarket.com\/wp-content\/uploads\/2024\/08\/logo2024-1.svg\",\"contentUrl\":\"https:\/\/www.champmarket.com\/wp-content\/uploads\/2024\/08\/logo2024-1.svg\",\"width\":579.8,\"height\":80,\"caption\":\"Champmarket\"},\"image\":{\"@id\":\"https:\/\/www.champmarket.com\/#\/schema\/logo\/image\/\"},\"sameAs\":[\"https:\/\/www.facebook.com\/ChampMarket\/\",\"https:\/\/x.com\/champmarket\",\"https:\/\/www.instagram.com\/champmarket.paris\/\",\"https:\/\/www.pinterest.fr\/champmarketparis\/\",\"https:\/\/www.linkedin.com\/company\/champmarket\/\"]}]}<\/script>\n<!-- \/ Yoast SEO plugin. -->","yoast_head_json":{"title":"Drappier R\u00e9serve de l'Oenoth\u00e8que 2007 Fles met doos - Champmarket","description":"Drappier R\u00e9serve de l'Oenoth\u00e8que 2007 is een intense champagne, die deel uitmaakt van de R\u00e9serve de l'Oenoth\u00e8que Collection.","robots":{"index":"index","follow":"follow","max-snippet":"max-snippet:-1","max-image-preview":"max-image-preview:large","max-video-preview":"max-video-preview:-1"},"canonical":"https:\/\/www.champmarket.com\/nl\/champagne\/drappier-vintage-exception-2016-fles-copie-copie-copie-3\/","og_locale":"nl_NL","og_type":"article","og_title":"Drappier R\u00e9serve de l'Oenoth\u00e8que 2007 Fles met doos - Champmarket","og_description":"Drappier R\u00e9serve de l'Oenoth\u00e8que 2007 is een intense champagne, die deel uitmaakt van de R\u00e9serve de l'Oenoth\u00e8que Collection.","og_url":"https:\/\/www.champmarket.com\/nl\/champagne\/drappier-vintage-exception-2016-fles-copie-copie-copie-3\/","og_site_name":"Champmarket","article_publisher":"https:\/\/www.facebook.com\/ChampMarket\/","article_modified_time":"2025-05-09T12:29:36+00:00","og_image":[{"width":1200,"height":1200,"url":"https:\/\/www.champmarket.com\/wp-content\/uploads\/2024\/03\/drappier-reserve-oenotheque-2007-bouteille-etui.webp","type":"image\/webp"}],"twitter_card":"summary_large_image","twitter_site":"@champmarket","twitter_misc":{"Geschatte leestijd":"1 minuut"},"schema":{"@context":"https:\/\/schema.org","@graph":[{"@type":"WebPage","@id":"https:\/\/www.champmarket.com\/nl\/champagne\/drappier-vintage-exception-2016-fles-copie-copie-copie-3\/","url":"https:\/\/www.champmarket.com\/nl\/champagne\/drappier-vintage-exception-2016-fles-copie-copie-copie-3\/","name":"Drappier R\u00e9serve de l'Oenoth\u00e8que 2007 Fles met doos - Champmarket","isPartOf":{"@id":"https:\/\/www.champmarket.com\/#website"},"primaryImageOfPage":{"@id":"https:\/\/www.champmarket.com\/nl\/champagne\/drappier-vintage-exception-2016-fles-copie-copie-copie-3\/#primaryimage"},"image":{"@id":"https:\/\/www.champmarket.com\/nl\/champagne\/drappier-vintage-exception-2016-fles-copie-copie-copie-3\/#primaryimage"},"thumbnailUrl":"https:\/\/www.champmarket.com\/wp-content\/uploads\/2024\/03\/drappier-reserve-oenotheque-2007-bouteille-etui.webp","datePublished":"2024-03-07T10:44:11+00:00","dateModified":"2025-05-09T12:29:36+00:00","description":"Drappier R\u00e9serve de l'Oenoth\u00e8que 2007 is een intense champagne, die deel uitmaakt van de R\u00e9serve de l'Oenoth\u00e8que Collection.","breadcrumb":{"@id":"https:\/\/www.champmarket.com\/nl\/champagne\/drappier-vintage-exception-2016-fles-copie-copie-copie-3\/#breadcrumb"},"inLanguage":"nl-NL","potentialAction":[{"@type":"ReadAction","target":["https:\/\/www.champmarket.com\/nl\/champagne\/drappier-vintage-exception-2016-fles-copie-copie-copie-3\/"]}]},{"@type":"ImageObject","inLanguage":"nl-NL","@id":"https:\/\/www.champmarket.com\/nl\/champagne\/drappier-vintage-exception-2016-fles-copie-copie-copie-3\/#primaryimage","url":"https:\/\/www.champmarket.com\/wp-content\/uploads\/2024\/03\/drappier-reserve-oenotheque-2007-bouteille-etui.webp","contentUrl":"https:\/\/www.champmarket.com\/wp-content\/uploads\/2024\/03\/drappier-reserve-oenotheque-2007-bouteille-etui.webp","width":1200,"height":1200,"caption":"Champagne Drappier R\u00e9serve de l'Oenoth\u00e8que 2007 bouteille avec \u00e9tui - Champmlarket"},{"@type":"BreadcrumbList","@id":"https:\/\/www.champmarket.com\/nl\/champagne\/drappier-vintage-exception-2016-fles-copie-copie-copie-3\/#breadcrumb","itemListElement":[{"@type":"ListItem","position":1,"name":"Accueil","item":"https:\/\/www.champmarket.com\/nl\/"},{"@type":"ListItem","position":2,"name":"Winkel","item":"https:\/\/www.champmarket.com\/nl\/boutique\/"},{"@type":"ListItem","position":3,"name":"Drappier","item":"https:\/\/www.champmarket.com\/nl\/maisons\/selectie-champagne-drappier-nl\/"},{"@type":"ListItem","position":4,"name":"Drappier R\u00e9serve de l&#8217;Oenoth\u00e8que 2007 Fles met doos"}]},{"@type":"WebSite","@id":"https:\/\/www.champmarket.com\/#website","url":"https:\/\/www.champmarket.com\/","name":"Champmarket","description":"Champmarket, Champagnes, Cadeaus en Levenskunst","publisher":{"@id":"https:\/\/www.champmarket.com\/#organization"},"potentialAction":[{"@type":"SearchAction","target":{"@type":"EntryPoint","urlTemplate":"https:\/\/www.champmarket.com\/?s={search_term_string}"},"query-input":{"@type":"PropertyValueSpecification","valueRequired":true,"valueName":"search_term_string"}}],"inLanguage":"nl-NL"},{"@type":"Organization","@id":"https:\/\/www.champmarket.com\/#organization","name":"Champmarket","url":"https:\/\/www.champmarket.com\/","logo":{"@type":"ImageObject","inLanguage":"nl-NL","@id":"https:\/\/www.champmarket.com\/#\/schema\/logo\/image\/","url":"https:\/\/www.champmarket.com\/wp-content\/uploads\/2024\/08\/logo2024-1.svg","contentUrl":"https:\/\/www.champmarket.com\/wp-content\/uploads\/2024\/08\/logo2024-1.svg","width":579.8,"height":80,"caption":"Champmarket"},"image":{"@id":"https:\/\/www.champmarket.com\/#\/schema\/logo\/image\/"},"sameAs":["https:\/\/www.facebook.com\/ChampMarket\/","https:\/\/x.com\/champmarket","https:\/\/www.instagram.com\/champmarket.paris\/","https:\/\/www.pinterest.fr\/champmarketparis\/","https:\/\/www.linkedin.com\/company\/champmarket\/"]}]}},"_links":{"self":[{"href":"https:\/\/www.champmarket.com\/nl\/wp-json\/wp\/v2\/product\/65752","targetHints":{"allow":["GET"]}}],"collection":[{"href":"https:\/\/www.champmarket.com\/nl\/wp-json\/wp\/v2\/product"}],"about":[{"href":"https:\/\/www.champmarket.com\/nl\/wp-json\/wp\/v2\/types\/product"}],"version-history":[{"count":1,"href":"https:\/\/www.champmarket.com\/nl\/wp-json\/wp\/v2\/product\/65752\/revisions"}],"predecessor-version":[{"id":67435,"href":"https:\/\/www.champmarket.com\/nl\/wp-json\/wp\/v2\/product\/65752\/revisions\/67435"}],"wp:featuredmedia":[{"embeddable":true,"href":"https:\/\/www.champmarket.com\/nl\/wp-json\/wp\/v2\/media\/65754"}],"wp:attachment":[{"href":"https:\/\/www.champmarket.com\/nl\/wp-json\/wp\/v2\/media?parent=65752"}],"wp:term":[{"taxonomy":"product_brand","embeddable":true,"href":"https:\/\/www.champmarket.com\/nl\/wp-json\/wp\/v2\/product_brand?post=65752"},{"taxonomy":"product_cat","embeddable":true,"href":"https:\/\/www.champmarket.com\/nl\/wp-json\/wp\/v2\/product_cat?post=65752"},{"taxonomy":"product_tag","embeddable":true,"href":"https:\/\/www.champmarket.com\/nl\/wp-json\/wp\/v2\/product_tag?post=65752"}],"curies":[{"name":"wp","href":"https:\/\/api.w.org\/{rel}","templated":true}]}}