{"id":66223,"date":"2024-03-14T12:34:23","date_gmt":"2024-03-14T11:34:23","guid":{"rendered":"https:\/\/www.champmarket.com\/?post_type=product&#038;p=66223"},"modified":"2024-10-10T11:39:24","modified_gmt":"2024-10-10T09:39:24","slug":"louis-roederer-rose-2016-fles-copie-copie-copie","status":"publish","type":"product","link":"https:\/\/www.champmarket.com\/nl\/champagne\/louis-roederer-rose-2016-fles-copie-copie-copie\/","title":{"rendered":"Louis Roederer Ros\u00e9 2017 Fles met luxe doos"},"content":{"rendered":"<p>Louis Roederer Ros\u00e9 2017 met Luxe doos in een paar woorden: <em>&#8220;De zachtheid en frisheid van deze Ros\u00e9 2017 zijn het resultaat van deze &#8216;infusie&#8217; die het beste van de Pinots Noirs uit Cumi\u00e8res heeft geconcentreerd.<\/em> &#8221; &#8211; Jean-Baptiste L\u00e9caillon, keldermeester.  &nbsp;<\/p>\n<p>&nbsp;<\/p>\n","protected":false},"excerpt":{"rendered":"<p>Cuv\u00e9e Louis Roederer Ros\u00e9 2017 met Luxury Box is een champagne met een uitmuntende energie, die een grote aromatische finesse combineert met een uniek sterk karakter, tussen zilte frisheid en volheid van vlees. Deze champagne wordt gepresenteerd in een luxe doos en is ideaal voor speciale gelegenheden en cadeaus.<\/p>\n","protected":false},"featured_media":49585,"template":"","meta":{"_acf_changed":false},"product_brand":[],"product_cat":[3321,3308,3138,3150,3106,3164,3107,3176,3117,3115,3169,3168],"product_tag":[3190,3195,3199,3196],"class_list":{"0":"post-66223","1":"product","2":"type-product","3":"status-publish","4":"has-post-thumbnail","6":"maisons-selectie-champagne-louis-roederer-nl","7":"product_cat-beste-champagnes","8":"product_cat-alle-champagnes-en-boxes","9":"product_cat-categorie-champagnehuizen","10":"product_cat-louis-roederer-nl","11":"product_cat-flessen","12":"product_cat-nieuwigheden","13":"product_cat-relatiegeschenken","14":"product_cat-tous-les-champagnes-nl","15":"product_cat-rose-champagne","16":"product_cat-vintage-champagne","17":"product_cat-aperitief","18":"product_cat-repas-nl","19":"product_tag-la-vie-en-rose-nl","20":"product_tag-pour-offrir-nl","21":"product_tag-aperitif-nl","22":"product_tag-repas-champagne-nl","24":"first","25":"instock","26":"taxable","27":"shipping-taxable","28":"purchasable","29":"product-type-simple"},"acf":[],"yoast_head":"<!-- This site is optimized with the Yoast SEO plugin v26.4 - https:\/\/yoast.com\/wordpress\/plugins\/seo\/ -->\n<title>Louis Roederer Ros\u00e9 2017 Fles met luxe doos - Champmarket<\/title>\n<meta name=\"description\" content=\"Cuv\u00e9e Louis Roederer Ros\u00e9 2017 met Luxury Box is een champagne met een superieure energie, die een grote aromatische finesse combineert met een uniek sterk karakter.\" \/>\n<meta name=\"robots\" content=\"index, follow, max-snippet:-1, max-image-preview:large, max-video-preview:-1\" \/>\n<link rel=\"canonical\" href=\"https:\/\/www.champmarket.com\/nl\/champagne\/louis-roederer-rose-2016-fles-copie-copie-copie\/\" \/>\n<meta property=\"og:locale\" content=\"nl_NL\" \/>\n<meta property=\"og:type\" content=\"article\" \/>\n<meta property=\"og:title\" content=\"Louis Roederer Ros\u00e9 2017 Fles met luxe doos - Champmarket\" \/>\n<meta property=\"og:description\" content=\"Cuv\u00e9e Louis Roederer Ros\u00e9 2017 met Luxury Box is een champagne met een superieure energie, die een grote aromatische finesse combineert met een uniek sterk karakter.\" \/>\n<meta property=\"og:url\" content=\"https:\/\/www.champmarket.com\/nl\/champagne\/louis-roederer-rose-2016-fles-copie-copie-copie\/\" \/>\n<meta property=\"og:site_name\" content=\"Champmarket\" \/>\n<meta property=\"article:publisher\" content=\"https:\/\/www.facebook.com\/ChampMarket\/\" \/>\n<meta property=\"article:modified_time\" content=\"2024-10-10T09:39:24+00:00\" \/>\n<meta property=\"og:image\" content=\"https:\/\/www.champmarket.com\/wp-content\/uploads\/2023\/01\/louis-roederer-rose-millesime-bouteille-coffret-luxe.webp\" \/>\n\t<meta property=\"og:image:width\" content=\"2000\" \/>\n\t<meta property=\"og:image:height\" content=\"2000\" \/>\n\t<meta property=\"og:image:type\" content=\"image\/jpeg\" \/>\n<meta name=\"twitter:card\" content=\"summary_large_image\" \/>\n<meta name=\"twitter:site\" content=\"@champmarket\" \/>\n<script type=\"application\/ld+json\" class=\"yoast-schema-graph\">{\"@context\":\"https:\/\/schema.org\",\"@graph\":[{\"@type\":\"WebPage\",\"@id\":\"https:\/\/www.champmarket.com\/nl\/champagne\/louis-roederer-rose-2016-fles-copie-copie-copie\/\",\"url\":\"https:\/\/www.champmarket.com\/nl\/champagne\/louis-roederer-rose-2016-fles-copie-copie-copie\/\",\"name\":\"Louis Roederer Ros\u00e9 2017 Fles met luxe doos - Champmarket\",\"isPartOf\":{\"@id\":\"https:\/\/www.champmarket.com\/#website\"},\"primaryImageOfPage\":{\"@id\":\"https:\/\/www.champmarket.com\/nl\/champagne\/louis-roederer-rose-2016-fles-copie-copie-copie\/#primaryimage\"},\"image\":{\"@id\":\"https:\/\/www.champmarket.com\/nl\/champagne\/louis-roederer-rose-2016-fles-copie-copie-copie\/#primaryimage\"},\"thumbnailUrl\":\"https:\/\/www.champmarket.com\/wp-content\/uploads\/2023\/01\/louis-roederer-rose-millesime-bouteille-coffret-luxe.webp\",\"datePublished\":\"2024-03-14T11:34:23+00:00\",\"dateModified\":\"2024-10-10T09:39:24+00:00\",\"description\":\"Cuv\u00e9e Louis Roederer Ros\u00e9 2017 met Luxury Box is een champagne met een superieure energie, die een grote aromatische finesse combineert met een uniek sterk karakter.\",\"breadcrumb\":{\"@id\":\"https:\/\/www.champmarket.com\/nl\/champagne\/louis-roederer-rose-2016-fles-copie-copie-copie\/#breadcrumb\"},\"inLanguage\":\"nl-NL\",\"potentialAction\":[{\"@type\":\"ReadAction\",\"target\":[\"https:\/\/www.champmarket.com\/nl\/champagne\/louis-roederer-rose-2016-fles-copie-copie-copie\/\"]}]},{\"@type\":\"ImageObject\",\"inLanguage\":\"nl-NL\",\"@id\":\"https:\/\/www.champmarket.com\/nl\/champagne\/louis-roederer-rose-2016-fles-copie-copie-copie\/#primaryimage\",\"url\":\"https:\/\/www.champmarket.com\/wp-content\/uploads\/2023\/01\/louis-roederer-rose-millesime-bouteille-coffret-luxe.webp\",\"contentUrl\":\"https:\/\/www.champmarket.com\/wp-content\/uploads\/2023\/01\/louis-roederer-rose-millesime-bouteille-coffret-luxe.webp\",\"width\":2000,\"height\":2000},{\"@type\":\"BreadcrumbList\",\"@id\":\"https:\/\/www.champmarket.com\/nl\/champagne\/louis-roederer-rose-2016-fles-copie-copie-copie\/#breadcrumb\",\"itemListElement\":[{\"@type\":\"ListItem\",\"position\":1,\"name\":\"Accueil\",\"item\":\"https:\/\/www.champmarket.com\/nl\/\"},{\"@type\":\"ListItem\",\"position\":2,\"name\":\"Winkel\",\"item\":\"https:\/\/www.champmarket.com\/nl\/boutique\/\"},{\"@type\":\"ListItem\",\"position\":3,\"name\":\"Louis Roederer\",\"item\":\"https:\/\/www.champmarket.com\/maisons\/selection-champagne-louis-roederer\/\"},{\"@type\":\"ListItem\",\"position\":4,\"name\":\"Louis Roederer Ros\u00e9 2017 Fles met luxe doos\"}]},{\"@type\":\"WebSite\",\"@id\":\"https:\/\/www.champmarket.com\/#website\",\"url\":\"https:\/\/www.champmarket.com\/\",\"name\":\"Champmarket\",\"description\":\"Champmarket, Champagnes, Cadeaus en Levenskunst\",\"publisher\":{\"@id\":\"https:\/\/www.champmarket.com\/#organization\"},\"potentialAction\":[{\"@type\":\"SearchAction\",\"target\":{\"@type\":\"EntryPoint\",\"urlTemplate\":\"https:\/\/www.champmarket.com\/?s={search_term_string}\"},\"query-input\":{\"@type\":\"PropertyValueSpecification\",\"valueRequired\":true,\"valueName\":\"search_term_string\"}}],\"inLanguage\":\"nl-NL\"},{\"@type\":\"Organization\",\"@id\":\"https:\/\/www.champmarket.com\/#organization\",\"name\":\"Champmarket\",\"url\":\"https:\/\/www.champmarket.com\/\",\"logo\":{\"@type\":\"ImageObject\",\"inLanguage\":\"nl-NL\",\"@id\":\"https:\/\/www.champmarket.com\/#\/schema\/logo\/image\/\",\"url\":\"https:\/\/www.champmarket.com\/wp-content\/uploads\/2024\/08\/logo2024-1.svg\",\"contentUrl\":\"https:\/\/www.champmarket.com\/wp-content\/uploads\/2024\/08\/logo2024-1.svg\",\"width\":579.8,\"height\":80,\"caption\":\"Champmarket\"},\"image\":{\"@id\":\"https:\/\/www.champmarket.com\/#\/schema\/logo\/image\/\"},\"sameAs\":[\"https:\/\/www.facebook.com\/ChampMarket\/\",\"https:\/\/x.com\/champmarket\",\"https:\/\/www.instagram.com\/champmarket.paris\/\",\"https:\/\/www.pinterest.fr\/champmarketparis\/\",\"https:\/\/www.linkedin.com\/company\/champmarket\/\"]}]}<\/script>\n<!-- \/ Yoast SEO plugin. -->","yoast_head_json":{"title":"Louis Roederer Ros\u00e9 2017 Fles met luxe doos - Champmarket","description":"Cuv\u00e9e Louis Roederer Ros\u00e9 2017 met Luxury Box is een champagne met een superieure energie, die een grote aromatische finesse combineert met een uniek sterk karakter.","robots":{"index":"index","follow":"follow","max-snippet":"max-snippet:-1","max-image-preview":"max-image-preview:large","max-video-preview":"max-video-preview:-1"},"canonical":"https:\/\/www.champmarket.com\/nl\/champagne\/louis-roederer-rose-2016-fles-copie-copie-copie\/","og_locale":"nl_NL","og_type":"article","og_title":"Louis Roederer Ros\u00e9 2017 Fles met luxe doos - Champmarket","og_description":"Cuv\u00e9e Louis Roederer Ros\u00e9 2017 met Luxury Box is een champagne met een superieure energie, die een grote aromatische finesse combineert met een uniek sterk karakter.","og_url":"https:\/\/www.champmarket.com\/nl\/champagne\/louis-roederer-rose-2016-fles-copie-copie-copie\/","og_site_name":"Champmarket","article_publisher":"https:\/\/www.facebook.com\/ChampMarket\/","article_modified_time":"2024-10-10T09:39:24+00:00","og_image":[{"width":2000,"height":2000,"url":"https:\/\/www.champmarket.com\/wp-content\/uploads\/2023\/01\/louis-roederer-rose-millesime-bouteille-coffret-luxe.webp","type":"image\/jpeg"}],"twitter_card":"summary_large_image","twitter_site":"@champmarket","schema":{"@context":"https:\/\/schema.org","@graph":[{"@type":"WebPage","@id":"https:\/\/www.champmarket.com\/nl\/champagne\/louis-roederer-rose-2016-fles-copie-copie-copie\/","url":"https:\/\/www.champmarket.com\/nl\/champagne\/louis-roederer-rose-2016-fles-copie-copie-copie\/","name":"Louis Roederer Ros\u00e9 2017 Fles met luxe doos - Champmarket","isPartOf":{"@id":"https:\/\/www.champmarket.com\/#website"},"primaryImageOfPage":{"@id":"https:\/\/www.champmarket.com\/nl\/champagne\/louis-roederer-rose-2016-fles-copie-copie-copie\/#primaryimage"},"image":{"@id":"https:\/\/www.champmarket.com\/nl\/champagne\/louis-roederer-rose-2016-fles-copie-copie-copie\/#primaryimage"},"thumbnailUrl":"https:\/\/www.champmarket.com\/wp-content\/uploads\/2023\/01\/louis-roederer-rose-millesime-bouteille-coffret-luxe.webp","datePublished":"2024-03-14T11:34:23+00:00","dateModified":"2024-10-10T09:39:24+00:00","description":"Cuv\u00e9e Louis Roederer Ros\u00e9 2017 met Luxury Box is een champagne met een superieure energie, die een grote aromatische finesse combineert met een uniek sterk karakter.","breadcrumb":{"@id":"https:\/\/www.champmarket.com\/nl\/champagne\/louis-roederer-rose-2016-fles-copie-copie-copie\/#breadcrumb"},"inLanguage":"nl-NL","potentialAction":[{"@type":"ReadAction","target":["https:\/\/www.champmarket.com\/nl\/champagne\/louis-roederer-rose-2016-fles-copie-copie-copie\/"]}]},{"@type":"ImageObject","inLanguage":"nl-NL","@id":"https:\/\/www.champmarket.com\/nl\/champagne\/louis-roederer-rose-2016-fles-copie-copie-copie\/#primaryimage","url":"https:\/\/www.champmarket.com\/wp-content\/uploads\/2023\/01\/louis-roederer-rose-millesime-bouteille-coffret-luxe.webp","contentUrl":"https:\/\/www.champmarket.com\/wp-content\/uploads\/2023\/01\/louis-roederer-rose-millesime-bouteille-coffret-luxe.webp","width":2000,"height":2000},{"@type":"BreadcrumbList","@id":"https:\/\/www.champmarket.com\/nl\/champagne\/louis-roederer-rose-2016-fles-copie-copie-copie\/#breadcrumb","itemListElement":[{"@type":"ListItem","position":1,"name":"Accueil","item":"https:\/\/www.champmarket.com\/nl\/"},{"@type":"ListItem","position":2,"name":"Winkel","item":"https:\/\/www.champmarket.com\/nl\/boutique\/"},{"@type":"ListItem","position":3,"name":"Louis Roederer","item":"https:\/\/www.champmarket.com\/maisons\/selection-champagne-louis-roederer\/"},{"@type":"ListItem","position":4,"name":"Louis Roederer Ros\u00e9 2017 Fles met luxe doos"}]},{"@type":"WebSite","@id":"https:\/\/www.champmarket.com\/#website","url":"https:\/\/www.champmarket.com\/","name":"Champmarket","description":"Champmarket, Champagnes, Cadeaus en Levenskunst","publisher":{"@id":"https:\/\/www.champmarket.com\/#organization"},"potentialAction":[{"@type":"SearchAction","target":{"@type":"EntryPoint","urlTemplate":"https:\/\/www.champmarket.com\/?s={search_term_string}"},"query-input":{"@type":"PropertyValueSpecification","valueRequired":true,"valueName":"search_term_string"}}],"inLanguage":"nl-NL"},{"@type":"Organization","@id":"https:\/\/www.champmarket.com\/#organization","name":"Champmarket","url":"https:\/\/www.champmarket.com\/","logo":{"@type":"ImageObject","inLanguage":"nl-NL","@id":"https:\/\/www.champmarket.com\/#\/schema\/logo\/image\/","url":"https:\/\/www.champmarket.com\/wp-content\/uploads\/2024\/08\/logo2024-1.svg","contentUrl":"https:\/\/www.champmarket.com\/wp-content\/uploads\/2024\/08\/logo2024-1.svg","width":579.8,"height":80,"caption":"Champmarket"},"image":{"@id":"https:\/\/www.champmarket.com\/#\/schema\/logo\/image\/"},"sameAs":["https:\/\/www.facebook.com\/ChampMarket\/","https:\/\/x.com\/champmarket","https:\/\/www.instagram.com\/champmarket.paris\/","https:\/\/www.pinterest.fr\/champmarketparis\/","https:\/\/www.linkedin.com\/company\/champmarket\/"]}]}},"_links":{"self":[{"href":"https:\/\/www.champmarket.com\/nl\/wp-json\/wp\/v2\/product\/66223","targetHints":{"allow":["GET"]}}],"collection":[{"href":"https:\/\/www.champmarket.com\/nl\/wp-json\/wp\/v2\/product"}],"about":[{"href":"https:\/\/www.champmarket.com\/nl\/wp-json\/wp\/v2\/types\/product"}],"version-history":[{"count":3,"href":"https:\/\/www.champmarket.com\/nl\/wp-json\/wp\/v2\/product\/66223\/revisions"}],"predecessor-version":[{"id":74725,"href":"https:\/\/www.champmarket.com\/nl\/wp-json\/wp\/v2\/product\/66223\/revisions\/74725"}],"wp:featuredmedia":[{"embeddable":true,"href":"https:\/\/www.champmarket.com\/nl\/wp-json\/wp\/v2\/media\/49585"}],"wp:attachment":[{"href":"https:\/\/www.champmarket.com\/nl\/wp-json\/wp\/v2\/media?parent=66223"}],"wp:term":[{"taxonomy":"product_brand","embeddable":true,"href":"https:\/\/www.champmarket.com\/nl\/wp-json\/wp\/v2\/product_brand?post=66223"},{"taxonomy":"product_cat","embeddable":true,"href":"https:\/\/www.champmarket.com\/nl\/wp-json\/wp\/v2\/product_cat?post=66223"},{"taxonomy":"product_tag","embeddable":true,"href":"https:\/\/www.champmarket.com\/nl\/wp-json\/wp\/v2\/product_tag?post=66223"}],"curies":[{"name":"wp","href":"https:\/\/api.w.org\/{rel}","templated":true}]}}