{"id":67421,"date":"2024-03-13T13:28:36","date_gmt":"2024-03-13T12:28:36","guid":{"rendered":"https:\/\/www.champmarket.com\/champagne\/moet-chandon-grand-vintage-2013-magnum\/"},"modified":"2024-10-10T11:47:09","modified_gmt":"2024-10-10T09:47:09","slug":"moet-chandon-grand-vintage-2013-magnum","status":"publish","type":"product","link":"https:\/\/www.champmarket.com\/nl\/champagne\/moet-chandon-grand-vintage-2013-magnum\/","title":{"rendered":"Mo\u00ebt &amp; Chandon Grand Vintage 2013 Magnum"},"content":{"rendered":"<p>Sinds 1842, het jaar waarin Mo\u00ebt &amp; Chandon de cuv\u00e9e Grand Vintage cre\u00eberde, wordt deze geweldige champagne geproduceerd voor het plezier van kenners die op zoek zijn naar rijpere wijnen. Sindsdien is elke Grand Vintage uniek, een vrije en persoonlijke interpretatie van het jaar door de keldermeester van Mo\u00ebt &amp; Chandon. Mo\u00ebt &amp; Chandon Grand Vintage 2013 magnum is de 75e Vintage in de geschiedenis van het Huis, gemaakt van een druivenoogst die grotendeels en uitzonderlijk werd geoogst in oktober. De rijpheid van de wijn is onmiddellijk duidelijk in zijn herfstige aroma&#8217;s. Deze Extra Brut Champagne heeft een gebeitelde structuur en een energiek evenwicht in de mond, een licht goudgele kleur en fijne, persistente belletjes. Het Magnum-formaat is een grote fles met een inhoud van 1,5 liter, die staat voor 2 flessen champagne of 12 glazen. Dit grote formaat is ideaal voor recepties en speciale gelegenheden.<\/p>\n","protected":false},"excerpt":{"rendered":"<p>Elke Mo\u00ebt &amp; Chandon Grand Vintage is het resultaat van een vrije interpretatie door de keldermeester, gebaseerd op een S\u00e9lection van de meest opmerkelijke wijnen geproduceerd in \u00e9\u00e9n enkel jaar. Mo\u00ebt &amp; Chandon Grand Vintage 2013 magnum is een gebeitelde, energieke herfstchampagne.<\/p>\n","protected":false},"featured_media":66001,"template":"","meta":{"_acf_changed":false},"product_brand":[],"product_cat":[3138,3151,3129,3132,3176,3115,3116,3169,3168],"product_tag":[3187,3200,3196],"class_list":{"0":"post-67421","1":"product","2":"type-product","3":"status-publish","4":"has-post-thumbnail","6":"maisons-selectie-champagne-moet-chandon-nl","7":"product_cat-categorie-champagnehuizen","8":"product_cat-moet-chandon-nl","9":"product_cat-grote-flessen","10":"product_cat-magnum-nl","11":"product_cat-tous-les-champagnes-nl","12":"product_cat-vintage-champagne","13":"product_cat-prestige-champagne","14":"product_cat-aperitief","15":"product_cat-repas-nl","16":"product_tag-grand-flacon-nl","17":"product_tag-vintage-nl","18":"product_tag-repas-champagne-nl","20":"first","21":"onbackorder","22":"taxable","23":"shipping-taxable","24":"purchasable","25":"product-type-simple"},"acf":[],"yoast_head":"<!-- This site is optimized with the Yoast SEO plugin v26.4 - https:\/\/yoast.com\/wordpress\/plugins\/seo\/ -->\n<title>Mo\u00ebt &amp; Chandon Grand Vintage 2013 Magnum - Champmarket<\/title>\n<meta name=\"description\" content=\"Mo\u00ebt &amp; Chandon Grand Vintage 2013 magnum is een gebeitelde, energieke herfstchampagne.\" \/>\n<meta name=\"robots\" content=\"index, follow, max-snippet:-1, max-image-preview:large, max-video-preview:-1\" \/>\n<link rel=\"canonical\" href=\"https:\/\/www.champmarket.com\/nl\/champagne\/moet-chandon-grand-vintage-2013-magnum\/\" \/>\n<meta property=\"og:locale\" content=\"nl_NL\" \/>\n<meta property=\"og:type\" content=\"article\" \/>\n<meta property=\"og:title\" content=\"Mo\u00ebt &amp; Chandon Grand Vintage 2013 Magnum - Champmarket\" \/>\n<meta property=\"og:description\" content=\"Mo\u00ebt &amp; Chandon Grand Vintage 2013 magnum is een gebeitelde, energieke herfstchampagne.\" \/>\n<meta property=\"og:url\" content=\"https:\/\/www.champmarket.com\/nl\/champagne\/moet-chandon-grand-vintage-2013-magnum\/\" \/>\n<meta property=\"og:site_name\" content=\"Champmarket\" \/>\n<meta property=\"article:publisher\" content=\"https:\/\/www.facebook.com\/ChampMarket\/\" \/>\n<meta property=\"article:modified_time\" content=\"2024-10-10T09:47:09+00:00\" \/>\n<meta property=\"og:image\" content=\"https:\/\/www.champmarket.com\/wp-content\/uploads\/2024\/03\/moet-et-chandon-grand-vintage-2013-magnum.webp\" \/>\n\t<meta property=\"og:image:width\" content=\"1200\" \/>\n\t<meta property=\"og:image:height\" content=\"1200\" \/>\n\t<meta property=\"og:image:type\" content=\"image\/webp\" \/>\n<meta name=\"twitter:card\" content=\"summary_large_image\" \/>\n<meta name=\"twitter:site\" content=\"@champmarket\" \/>\n<meta name=\"twitter:label1\" content=\"Geschatte leestijd\" \/>\n\t<meta name=\"twitter:data1\" content=\"1 minuut\" \/>\n<script type=\"application\/ld+json\" class=\"yoast-schema-graph\">{\"@context\":\"https:\/\/schema.org\",\"@graph\":[{\"@type\":\"WebPage\",\"@id\":\"https:\/\/www.champmarket.com\/nl\/champagne\/moet-chandon-grand-vintage-2013-magnum\/\",\"url\":\"https:\/\/www.champmarket.com\/nl\/champagne\/moet-chandon-grand-vintage-2013-magnum\/\",\"name\":\"Mo\u00ebt &amp; Chandon Grand Vintage 2013 Magnum - Champmarket\",\"isPartOf\":{\"@id\":\"https:\/\/www.champmarket.com\/#website\"},\"primaryImageOfPage\":{\"@id\":\"https:\/\/www.champmarket.com\/nl\/champagne\/moet-chandon-grand-vintage-2013-magnum\/#primaryimage\"},\"image\":{\"@id\":\"https:\/\/www.champmarket.com\/nl\/champagne\/moet-chandon-grand-vintage-2013-magnum\/#primaryimage\"},\"thumbnailUrl\":\"https:\/\/www.champmarket.com\/wp-content\/uploads\/2024\/03\/moet-et-chandon-grand-vintage-2013-magnum.webp\",\"datePublished\":\"2024-03-13T12:28:36+00:00\",\"dateModified\":\"2024-10-10T09:47:09+00:00\",\"description\":\"Mo\u00ebt & Chandon Grand Vintage 2013 magnum is een gebeitelde, energieke herfstchampagne.\",\"breadcrumb\":{\"@id\":\"https:\/\/www.champmarket.com\/nl\/champagne\/moet-chandon-grand-vintage-2013-magnum\/#breadcrumb\"},\"inLanguage\":\"nl-NL\",\"potentialAction\":[{\"@type\":\"ReadAction\",\"target\":[\"https:\/\/www.champmarket.com\/nl\/champagne\/moet-chandon-grand-vintage-2013-magnum\/\"]}]},{\"@type\":\"ImageObject\",\"inLanguage\":\"nl-NL\",\"@id\":\"https:\/\/www.champmarket.com\/nl\/champagne\/moet-chandon-grand-vintage-2013-magnum\/#primaryimage\",\"url\":\"https:\/\/www.champmarket.com\/wp-content\/uploads\/2024\/03\/moet-et-chandon-grand-vintage-2013-magnum.webp\",\"contentUrl\":\"https:\/\/www.champmarket.com\/wp-content\/uploads\/2024\/03\/moet-et-chandon-grand-vintage-2013-magnum.webp\",\"width\":1200,\"height\":1200,\"caption\":\"Champagne Mo\u00ebt & Chandon Grand Vintage 2013 - Champmarket\"},{\"@type\":\"BreadcrumbList\",\"@id\":\"https:\/\/www.champmarket.com\/nl\/champagne\/moet-chandon-grand-vintage-2013-magnum\/#breadcrumb\",\"itemListElement\":[{\"@type\":\"ListItem\",\"position\":1,\"name\":\"Accueil\",\"item\":\"https:\/\/www.champmarket.com\/nl\/\"},{\"@type\":\"ListItem\",\"position\":2,\"name\":\"Winkel\",\"item\":\"https:\/\/www.champmarket.com\/nl\/boutique\/\"},{\"@type\":\"ListItem\",\"position\":3,\"name\":\"Mo\u00ebt &amp; Chandon\",\"item\":\"https:\/\/www.champmarket.com\/nl\/maisons\/selectie-champagne-moet-chandon-nl\/\"},{\"@type\":\"ListItem\",\"position\":4,\"name\":\"Mo\u00ebt &amp; Chandon Grand Vintage 2013 Magnum\"}]},{\"@type\":\"WebSite\",\"@id\":\"https:\/\/www.champmarket.com\/#website\",\"url\":\"https:\/\/www.champmarket.com\/\",\"name\":\"Champmarket\",\"description\":\"Champmarket, Champagnes, Cadeaus en Levenskunst\",\"publisher\":{\"@id\":\"https:\/\/www.champmarket.com\/#organization\"},\"potentialAction\":[{\"@type\":\"SearchAction\",\"target\":{\"@type\":\"EntryPoint\",\"urlTemplate\":\"https:\/\/www.champmarket.com\/?s={search_term_string}\"},\"query-input\":{\"@type\":\"PropertyValueSpecification\",\"valueRequired\":true,\"valueName\":\"search_term_string\"}}],\"inLanguage\":\"nl-NL\"},{\"@type\":\"Organization\",\"@id\":\"https:\/\/www.champmarket.com\/#organization\",\"name\":\"Champmarket\",\"url\":\"https:\/\/www.champmarket.com\/\",\"logo\":{\"@type\":\"ImageObject\",\"inLanguage\":\"nl-NL\",\"@id\":\"https:\/\/www.champmarket.com\/#\/schema\/logo\/image\/\",\"url\":\"https:\/\/www.champmarket.com\/wp-content\/uploads\/2024\/08\/logo2024-1.svg\",\"contentUrl\":\"https:\/\/www.champmarket.com\/wp-content\/uploads\/2024\/08\/logo2024-1.svg\",\"width\":579.8,\"height\":80,\"caption\":\"Champmarket\"},\"image\":{\"@id\":\"https:\/\/www.champmarket.com\/#\/schema\/logo\/image\/\"},\"sameAs\":[\"https:\/\/www.facebook.com\/ChampMarket\/\",\"https:\/\/x.com\/champmarket\",\"https:\/\/www.instagram.com\/champmarket.paris\/\",\"https:\/\/www.pinterest.fr\/champmarketparis\/\",\"https:\/\/www.linkedin.com\/company\/champmarket\/\"]}]}<\/script>\n<!-- \/ Yoast SEO plugin. -->","yoast_head_json":{"title":"Mo\u00ebt &amp; Chandon Grand Vintage 2013 Magnum - Champmarket","description":"Mo\u00ebt & Chandon Grand Vintage 2013 magnum is een gebeitelde, energieke herfstchampagne.","robots":{"index":"index","follow":"follow","max-snippet":"max-snippet:-1","max-image-preview":"max-image-preview:large","max-video-preview":"max-video-preview:-1"},"canonical":"https:\/\/www.champmarket.com\/nl\/champagne\/moet-chandon-grand-vintage-2013-magnum\/","og_locale":"nl_NL","og_type":"article","og_title":"Mo\u00ebt &amp; Chandon Grand Vintage 2013 Magnum - Champmarket","og_description":"Mo\u00ebt & Chandon Grand Vintage 2013 magnum is een gebeitelde, energieke herfstchampagne.","og_url":"https:\/\/www.champmarket.com\/nl\/champagne\/moet-chandon-grand-vintage-2013-magnum\/","og_site_name":"Champmarket","article_publisher":"https:\/\/www.facebook.com\/ChampMarket\/","article_modified_time":"2024-10-10T09:47:09+00:00","og_image":[{"width":1200,"height":1200,"url":"https:\/\/www.champmarket.com\/wp-content\/uploads\/2024\/03\/moet-et-chandon-grand-vintage-2013-magnum.webp","type":"image\/webp"}],"twitter_card":"summary_large_image","twitter_site":"@champmarket","twitter_misc":{"Geschatte leestijd":"1 minuut"},"schema":{"@context":"https:\/\/schema.org","@graph":[{"@type":"WebPage","@id":"https:\/\/www.champmarket.com\/nl\/champagne\/moet-chandon-grand-vintage-2013-magnum\/","url":"https:\/\/www.champmarket.com\/nl\/champagne\/moet-chandon-grand-vintage-2013-magnum\/","name":"Mo\u00ebt &amp; Chandon Grand Vintage 2013 Magnum - Champmarket","isPartOf":{"@id":"https:\/\/www.champmarket.com\/#website"},"primaryImageOfPage":{"@id":"https:\/\/www.champmarket.com\/nl\/champagne\/moet-chandon-grand-vintage-2013-magnum\/#primaryimage"},"image":{"@id":"https:\/\/www.champmarket.com\/nl\/champagne\/moet-chandon-grand-vintage-2013-magnum\/#primaryimage"},"thumbnailUrl":"https:\/\/www.champmarket.com\/wp-content\/uploads\/2024\/03\/moet-et-chandon-grand-vintage-2013-magnum.webp","datePublished":"2024-03-13T12:28:36+00:00","dateModified":"2024-10-10T09:47:09+00:00","description":"Mo\u00ebt & Chandon Grand Vintage 2013 magnum is een gebeitelde, energieke herfstchampagne.","breadcrumb":{"@id":"https:\/\/www.champmarket.com\/nl\/champagne\/moet-chandon-grand-vintage-2013-magnum\/#breadcrumb"},"inLanguage":"nl-NL","potentialAction":[{"@type":"ReadAction","target":["https:\/\/www.champmarket.com\/nl\/champagne\/moet-chandon-grand-vintage-2013-magnum\/"]}]},{"@type":"ImageObject","inLanguage":"nl-NL","@id":"https:\/\/www.champmarket.com\/nl\/champagne\/moet-chandon-grand-vintage-2013-magnum\/#primaryimage","url":"https:\/\/www.champmarket.com\/wp-content\/uploads\/2024\/03\/moet-et-chandon-grand-vintage-2013-magnum.webp","contentUrl":"https:\/\/www.champmarket.com\/wp-content\/uploads\/2024\/03\/moet-et-chandon-grand-vintage-2013-magnum.webp","width":1200,"height":1200,"caption":"Champagne Mo\u00ebt & Chandon Grand Vintage 2013 - Champmarket"},{"@type":"BreadcrumbList","@id":"https:\/\/www.champmarket.com\/nl\/champagne\/moet-chandon-grand-vintage-2013-magnum\/#breadcrumb","itemListElement":[{"@type":"ListItem","position":1,"name":"Accueil","item":"https:\/\/www.champmarket.com\/nl\/"},{"@type":"ListItem","position":2,"name":"Winkel","item":"https:\/\/www.champmarket.com\/nl\/boutique\/"},{"@type":"ListItem","position":3,"name":"Mo\u00ebt &amp; Chandon","item":"https:\/\/www.champmarket.com\/nl\/maisons\/selectie-champagne-moet-chandon-nl\/"},{"@type":"ListItem","position":4,"name":"Mo\u00ebt &amp; Chandon Grand Vintage 2013 Magnum"}]},{"@type":"WebSite","@id":"https:\/\/www.champmarket.com\/#website","url":"https:\/\/www.champmarket.com\/","name":"Champmarket","description":"Champmarket, Champagnes, Cadeaus en Levenskunst","publisher":{"@id":"https:\/\/www.champmarket.com\/#organization"},"potentialAction":[{"@type":"SearchAction","target":{"@type":"EntryPoint","urlTemplate":"https:\/\/www.champmarket.com\/?s={search_term_string}"},"query-input":{"@type":"PropertyValueSpecification","valueRequired":true,"valueName":"search_term_string"}}],"inLanguage":"nl-NL"},{"@type":"Organization","@id":"https:\/\/www.champmarket.com\/#organization","name":"Champmarket","url":"https:\/\/www.champmarket.com\/","logo":{"@type":"ImageObject","inLanguage":"nl-NL","@id":"https:\/\/www.champmarket.com\/#\/schema\/logo\/image\/","url":"https:\/\/www.champmarket.com\/wp-content\/uploads\/2024\/08\/logo2024-1.svg","contentUrl":"https:\/\/www.champmarket.com\/wp-content\/uploads\/2024\/08\/logo2024-1.svg","width":579.8,"height":80,"caption":"Champmarket"},"image":{"@id":"https:\/\/www.champmarket.com\/#\/schema\/logo\/image\/"},"sameAs":["https:\/\/www.facebook.com\/ChampMarket\/","https:\/\/x.com\/champmarket","https:\/\/www.instagram.com\/champmarket.paris\/","https:\/\/www.pinterest.fr\/champmarketparis\/","https:\/\/www.linkedin.com\/company\/champmarket\/"]}]}},"_links":{"self":[{"href":"https:\/\/www.champmarket.com\/nl\/wp-json\/wp\/v2\/product\/67421","targetHints":{"allow":["GET"]}}],"collection":[{"href":"https:\/\/www.champmarket.com\/nl\/wp-json\/wp\/v2\/product"}],"about":[{"href":"https:\/\/www.champmarket.com\/nl\/wp-json\/wp\/v2\/types\/product"}],"version-history":[{"count":2,"href":"https:\/\/www.champmarket.com\/nl\/wp-json\/wp\/v2\/product\/67421\/revisions"}],"predecessor-version":[{"id":74742,"href":"https:\/\/www.champmarket.com\/nl\/wp-json\/wp\/v2\/product\/67421\/revisions\/74742"}],"wp:featuredmedia":[{"embeddable":true,"href":"https:\/\/www.champmarket.com\/nl\/wp-json\/wp\/v2\/media\/66001"}],"wp:attachment":[{"href":"https:\/\/www.champmarket.com\/nl\/wp-json\/wp\/v2\/media?parent=67421"}],"wp:term":[{"taxonomy":"product_brand","embeddable":true,"href":"https:\/\/www.champmarket.com\/nl\/wp-json\/wp\/v2\/product_brand?post=67421"},{"taxonomy":"product_cat","embeddable":true,"href":"https:\/\/www.champmarket.com\/nl\/wp-json\/wp\/v2\/product_cat?post=67421"},{"taxonomy":"product_tag","embeddable":true,"href":"https:\/\/www.champmarket.com\/nl\/wp-json\/wp\/v2\/product_tag?post=67421"}],"curies":[{"name":"wp","href":"https:\/\/api.w.org\/{rel}","templated":true}]}}