{"id":67696,"date":"2024-04-30T11:06:56","date_gmt":"2024-04-30T09:06:57","guid":{"rendered":"https:\/\/www.champmarket.com\/?post_type=product&#038;p=67696"},"modified":"2024-10-10T11:21:21","modified_gmt":"2024-10-10T09:21:21","slug":"rare-rose-vintage-2012-fles-copie","status":"publish","type":"product","link":"https:\/\/www.champmarket.com\/nl\/champagne\/rare-rose-vintage-2012-fles-copie\/","title":{"rendered":"Zeldzame Ros\u00e9 Vintage 2014 Fles"},"content":{"rendered":"<p>De ultra-expressieve Ros\u00e9 Vintage 2014 heeft een vurig elan dat hem dichter bij de Rare Ros\u00e9 Vintage 2007 brengt. Zelfs op het eerste zicht valt de Vintage op en verrast hij met zijn buitengewone, dichte, licht koperkleurige kleur. Dan komt deze dynamiek tot rust. Van volumineus wordt de textuur strelend, geurig, zowel bloemig als kruidig. Diep origineel, roept Rare Ros\u00e9 Vintage 2014 een verfijnde vrouwelijke geur op, als een van die geuren die de hoogtijdagen van de Franse haute parfumerie markeerden. Zijn zintuiglijke excentriciteit verrijkt het expressieve palet van Rare Champagne.  &nbsp;<\/p>\n","protected":false},"excerpt":{"rendered":"<p>Deze vierde Vintage ros\u00e9 van Rare Champagne is volumineus en heeft een onbedwingbare energie op het eerste gezicht. Hij neemt je mee in een wervelwind van aroma&#8217;s. Daarna onthult het een strelende, geurige intensiteit, zowel bloemig als kruidig, als een verfijnde vrouwelijke geur. Ondersteund door het meesterschap van de keldermeester, combineert Rare Ros\u00e9 Vintage 2014 vlezige, volle, pittige energie zonder in te boeten aan de minerale elegantie die kenmerkend is voor de stijl van Rare Champagne. Zowel excentriek als buitengewoon!  <strong>&#8221; <em>Toen ik de Rare Ros\u00e9 Vintage 2014 proefde, werd ik verrast door zijn wervelende karakter en veelvuldige aroma&#8217;s. De onverwachte, excentrieke en gulle stijl lijkt sterk op de eerste Vintage Ros\u00e9 Mill\u00e9sime 2007 van het Huis.<\/em>  &#8220;<\/strong>\u00c9milien Boutillat, keldermanager bij Rare Champagne.<\/p>\n","protected":false},"featured_media":67714,"template":"","meta":{"_acf_changed":false},"product_brand":[],"product_cat":[3353,3321,3308,3138,3158,3106,3164,3176,3117,3115,3116,3169,3168],"product_tag":[3188,3190,3200,3196],"class_list":{"0":"post-67696","1":"product","2":"type-product","3":"status-publish","4":"has-post-thumbnail","6":"maisons-selectie-champagne-rare-nl","7":"product_cat-kerstchampagnes","8":"product_cat-beste-champagnes","9":"product_cat-alle-champagnes-en-boxes","10":"product_cat-categorie-champagnehuizen","11":"product_cat-rare-champagne-nl","12":"product_cat-flessen","13":"product_cat-nieuwigheden","14":"product_cat-tous-les-champagnes-nl","15":"product_cat-rose-champagne","16":"product_cat-vintage-champagne","17":"product_cat-prestige-champagne","18":"product_cat-aperitief","19":"product_cat-repas-nl","20":"product_tag-haute-couture-nl","21":"product_tag-la-vie-en-rose-nl","22":"product_tag-vintage-nl","23":"product_tag-repas-champagne-nl","25":"first","26":"instock","27":"taxable","28":"shipping-taxable","29":"purchasable","30":"product-type-simple"},"acf":[],"yoast_head":"<!-- This site is optimized with the Yoast SEO plugin v26.4 - https:\/\/yoast.com\/wordpress\/plugins\/seo\/ -->\n<title>Zeldzame Ros\u00e9 Vintage 2014 Fles - Champmarket<\/title>\n<meta name=\"description\" content=\"Gedreven door het meesterschap van de keldermeester neemt Rare Ros\u00e9 Vintage 2014 ons mee op een wervelwind van aroma&#039;s!\" \/>\n<meta name=\"robots\" content=\"index, follow, max-snippet:-1, max-image-preview:large, max-video-preview:-1\" \/>\n<link rel=\"canonical\" href=\"https:\/\/www.champmarket.com\/nl\/champagne\/rare-rose-vintage-2012-fles-copie\/\" \/>\n<meta property=\"og:locale\" content=\"nl_NL\" \/>\n<meta property=\"og:type\" content=\"article\" \/>\n<meta property=\"og:title\" content=\"Zeldzame Ros\u00e9 Vintage 2014 Fles - Champmarket\" \/>\n<meta property=\"og:description\" content=\"Gedreven door het meesterschap van de keldermeester neemt Rare Ros\u00e9 Vintage 2014 ons mee op een wervelwind van aroma&#039;s!\" \/>\n<meta property=\"og:url\" content=\"https:\/\/www.champmarket.com\/nl\/champagne\/rare-rose-vintage-2012-fles-copie\/\" \/>\n<meta property=\"og:site_name\" content=\"Champmarket\" \/>\n<meta property=\"article:publisher\" content=\"https:\/\/www.facebook.com\/ChampMarket\/\" \/>\n<meta property=\"article:modified_time\" content=\"2024-10-10T09:21:21+00:00\" \/>\n<meta property=\"og:image\" content=\"https:\/\/www.champmarket.com\/wp-content\/uploads\/2024\/04\/rare-rose-millesime-2014-bouteille.webp\" \/>\n\t<meta property=\"og:image:width\" content=\"1200\" \/>\n\t<meta property=\"og:image:height\" content=\"1200\" \/>\n\t<meta property=\"og:image:type\" content=\"image\/webp\" \/>\n<meta name=\"twitter:card\" content=\"summary_large_image\" \/>\n<meta name=\"twitter:site\" content=\"@champmarket\" \/>\n<script type=\"application\/ld+json\" class=\"yoast-schema-graph\">{\"@context\":\"https:\/\/schema.org\",\"@graph\":[{\"@type\":\"WebPage\",\"@id\":\"https:\/\/www.champmarket.com\/nl\/champagne\/rare-rose-vintage-2012-fles-copie\/\",\"url\":\"https:\/\/www.champmarket.com\/nl\/champagne\/rare-rose-vintage-2012-fles-copie\/\",\"name\":\"Zeldzame Ros\u00e9 Vintage 2014 Fles - Champmarket\",\"isPartOf\":{\"@id\":\"https:\/\/www.champmarket.com\/#website\"},\"primaryImageOfPage\":{\"@id\":\"https:\/\/www.champmarket.com\/nl\/champagne\/rare-rose-vintage-2012-fles-copie\/#primaryimage\"},\"image\":{\"@id\":\"https:\/\/www.champmarket.com\/nl\/champagne\/rare-rose-vintage-2012-fles-copie\/#primaryimage\"},\"thumbnailUrl\":\"https:\/\/www.champmarket.com\/wp-content\/uploads\/2024\/04\/rare-rose-millesime-2014-bouteille.webp\",\"datePublished\":\"2024-04-30T09:06:57+00:00\",\"dateModified\":\"2024-10-10T09:21:21+00:00\",\"description\":\"Gedreven door het meesterschap van de keldermeester neemt Rare Ros\u00e9 Vintage 2014 ons mee op een wervelwind van aroma's!\",\"breadcrumb\":{\"@id\":\"https:\/\/www.champmarket.com\/nl\/champagne\/rare-rose-vintage-2012-fles-copie\/#breadcrumb\"},\"inLanguage\":\"nl-NL\",\"potentialAction\":[{\"@type\":\"ReadAction\",\"target\":[\"https:\/\/www.champmarket.com\/nl\/champagne\/rare-rose-vintage-2012-fles-copie\/\"]}]},{\"@type\":\"ImageObject\",\"inLanguage\":\"nl-NL\",\"@id\":\"https:\/\/www.champmarket.com\/nl\/champagne\/rare-rose-vintage-2012-fles-copie\/#primaryimage\",\"url\":\"https:\/\/www.champmarket.com\/wp-content\/uploads\/2024\/04\/rare-rose-millesime-2014-bouteille.webp\",\"contentUrl\":\"https:\/\/www.champmarket.com\/wp-content\/uploads\/2024\/04\/rare-rose-millesime-2014-bouteille.webp\",\"width\":1200,\"height\":1200,\"caption\":\"Champagne Rare Ros\u00e9 mill\u00e9sime 2014 - Champmarket\"},{\"@type\":\"BreadcrumbList\",\"@id\":\"https:\/\/www.champmarket.com\/nl\/champagne\/rare-rose-vintage-2012-fles-copie\/#breadcrumb\",\"itemListElement\":[{\"@type\":\"ListItem\",\"position\":1,\"name\":\"Accueil\",\"item\":\"https:\/\/www.champmarket.com\/nl\/\"},{\"@type\":\"ListItem\",\"position\":2,\"name\":\"Winkel\",\"item\":\"https:\/\/www.champmarket.com\/nl\/boutique\/\"},{\"@type\":\"ListItem\",\"position\":3,\"name\":\"Rare Champagne\",\"item\":\"https:\/\/www.champmarket.com\/nl\/maisons\/selectie-champagne-rare-nl\/\"},{\"@type\":\"ListItem\",\"position\":4,\"name\":\"Zeldzame Ros\u00e9 Vintage 2014 Fles\"}]},{\"@type\":\"WebSite\",\"@id\":\"https:\/\/www.champmarket.com\/#website\",\"url\":\"https:\/\/www.champmarket.com\/\",\"name\":\"Champmarket\",\"description\":\"Champmarket, Champagnes, Cadeaus en Levenskunst\",\"publisher\":{\"@id\":\"https:\/\/www.champmarket.com\/#organization\"},\"potentialAction\":[{\"@type\":\"SearchAction\",\"target\":{\"@type\":\"EntryPoint\",\"urlTemplate\":\"https:\/\/www.champmarket.com\/?s={search_term_string}\"},\"query-input\":{\"@type\":\"PropertyValueSpecification\",\"valueRequired\":true,\"valueName\":\"search_term_string\"}}],\"inLanguage\":\"nl-NL\"},{\"@type\":\"Organization\",\"@id\":\"https:\/\/www.champmarket.com\/#organization\",\"name\":\"Champmarket\",\"url\":\"https:\/\/www.champmarket.com\/\",\"logo\":{\"@type\":\"ImageObject\",\"inLanguage\":\"nl-NL\",\"@id\":\"https:\/\/www.champmarket.com\/#\/schema\/logo\/image\/\",\"url\":\"https:\/\/www.champmarket.com\/wp-content\/uploads\/2024\/08\/logo2024-1.svg\",\"contentUrl\":\"https:\/\/www.champmarket.com\/wp-content\/uploads\/2024\/08\/logo2024-1.svg\",\"width\":579.8,\"height\":80,\"caption\":\"Champmarket\"},\"image\":{\"@id\":\"https:\/\/www.champmarket.com\/#\/schema\/logo\/image\/\"},\"sameAs\":[\"https:\/\/www.facebook.com\/ChampMarket\/\",\"https:\/\/x.com\/champmarket\",\"https:\/\/www.instagram.com\/champmarket.paris\/\",\"https:\/\/www.pinterest.fr\/champmarketparis\/\",\"https:\/\/www.linkedin.com\/company\/champmarket\/\"]}]}<\/script>\n<!-- \/ Yoast SEO plugin. -->","yoast_head_json":{"title":"Zeldzame Ros\u00e9 Vintage 2014 Fles - Champmarket","description":"Gedreven door het meesterschap van de keldermeester neemt Rare Ros\u00e9 Vintage 2014 ons mee op een wervelwind van aroma's!","robots":{"index":"index","follow":"follow","max-snippet":"max-snippet:-1","max-image-preview":"max-image-preview:large","max-video-preview":"max-video-preview:-1"},"canonical":"https:\/\/www.champmarket.com\/nl\/champagne\/rare-rose-vintage-2012-fles-copie\/","og_locale":"nl_NL","og_type":"article","og_title":"Zeldzame Ros\u00e9 Vintage 2014 Fles - Champmarket","og_description":"Gedreven door het meesterschap van de keldermeester neemt Rare Ros\u00e9 Vintage 2014 ons mee op een wervelwind van aroma's!","og_url":"https:\/\/www.champmarket.com\/nl\/champagne\/rare-rose-vintage-2012-fles-copie\/","og_site_name":"Champmarket","article_publisher":"https:\/\/www.facebook.com\/ChampMarket\/","article_modified_time":"2024-10-10T09:21:21+00:00","og_image":[{"width":1200,"height":1200,"url":"https:\/\/www.champmarket.com\/wp-content\/uploads\/2024\/04\/rare-rose-millesime-2014-bouteille.webp","type":"image\/webp"}],"twitter_card":"summary_large_image","twitter_site":"@champmarket","schema":{"@context":"https:\/\/schema.org","@graph":[{"@type":"WebPage","@id":"https:\/\/www.champmarket.com\/nl\/champagne\/rare-rose-vintage-2012-fles-copie\/","url":"https:\/\/www.champmarket.com\/nl\/champagne\/rare-rose-vintage-2012-fles-copie\/","name":"Zeldzame Ros\u00e9 Vintage 2014 Fles - Champmarket","isPartOf":{"@id":"https:\/\/www.champmarket.com\/#website"},"primaryImageOfPage":{"@id":"https:\/\/www.champmarket.com\/nl\/champagne\/rare-rose-vintage-2012-fles-copie\/#primaryimage"},"image":{"@id":"https:\/\/www.champmarket.com\/nl\/champagne\/rare-rose-vintage-2012-fles-copie\/#primaryimage"},"thumbnailUrl":"https:\/\/www.champmarket.com\/wp-content\/uploads\/2024\/04\/rare-rose-millesime-2014-bouteille.webp","datePublished":"2024-04-30T09:06:57+00:00","dateModified":"2024-10-10T09:21:21+00:00","description":"Gedreven door het meesterschap van de keldermeester neemt Rare Ros\u00e9 Vintage 2014 ons mee op een wervelwind van aroma's!","breadcrumb":{"@id":"https:\/\/www.champmarket.com\/nl\/champagne\/rare-rose-vintage-2012-fles-copie\/#breadcrumb"},"inLanguage":"nl-NL","potentialAction":[{"@type":"ReadAction","target":["https:\/\/www.champmarket.com\/nl\/champagne\/rare-rose-vintage-2012-fles-copie\/"]}]},{"@type":"ImageObject","inLanguage":"nl-NL","@id":"https:\/\/www.champmarket.com\/nl\/champagne\/rare-rose-vintage-2012-fles-copie\/#primaryimage","url":"https:\/\/www.champmarket.com\/wp-content\/uploads\/2024\/04\/rare-rose-millesime-2014-bouteille.webp","contentUrl":"https:\/\/www.champmarket.com\/wp-content\/uploads\/2024\/04\/rare-rose-millesime-2014-bouteille.webp","width":1200,"height":1200,"caption":"Champagne Rare Ros\u00e9 mill\u00e9sime 2014 - Champmarket"},{"@type":"BreadcrumbList","@id":"https:\/\/www.champmarket.com\/nl\/champagne\/rare-rose-vintage-2012-fles-copie\/#breadcrumb","itemListElement":[{"@type":"ListItem","position":1,"name":"Accueil","item":"https:\/\/www.champmarket.com\/nl\/"},{"@type":"ListItem","position":2,"name":"Winkel","item":"https:\/\/www.champmarket.com\/nl\/boutique\/"},{"@type":"ListItem","position":3,"name":"Rare Champagne","item":"https:\/\/www.champmarket.com\/nl\/maisons\/selectie-champagne-rare-nl\/"},{"@type":"ListItem","position":4,"name":"Zeldzame Ros\u00e9 Vintage 2014 Fles"}]},{"@type":"WebSite","@id":"https:\/\/www.champmarket.com\/#website","url":"https:\/\/www.champmarket.com\/","name":"Champmarket","description":"Champmarket, Champagnes, Cadeaus en Levenskunst","publisher":{"@id":"https:\/\/www.champmarket.com\/#organization"},"potentialAction":[{"@type":"SearchAction","target":{"@type":"EntryPoint","urlTemplate":"https:\/\/www.champmarket.com\/?s={search_term_string}"},"query-input":{"@type":"PropertyValueSpecification","valueRequired":true,"valueName":"search_term_string"}}],"inLanguage":"nl-NL"},{"@type":"Organization","@id":"https:\/\/www.champmarket.com\/#organization","name":"Champmarket","url":"https:\/\/www.champmarket.com\/","logo":{"@type":"ImageObject","inLanguage":"nl-NL","@id":"https:\/\/www.champmarket.com\/#\/schema\/logo\/image\/","url":"https:\/\/www.champmarket.com\/wp-content\/uploads\/2024\/08\/logo2024-1.svg","contentUrl":"https:\/\/www.champmarket.com\/wp-content\/uploads\/2024\/08\/logo2024-1.svg","width":579.8,"height":80,"caption":"Champmarket"},"image":{"@id":"https:\/\/www.champmarket.com\/#\/schema\/logo\/image\/"},"sameAs":["https:\/\/www.facebook.com\/ChampMarket\/","https:\/\/x.com\/champmarket","https:\/\/www.instagram.com\/champmarket.paris\/","https:\/\/www.pinterest.fr\/champmarketparis\/","https:\/\/www.linkedin.com\/company\/champmarket\/"]}]}},"_links":{"self":[{"href":"https:\/\/www.champmarket.com\/nl\/wp-json\/wp\/v2\/product\/67696","targetHints":{"allow":["GET"]}}],"collection":[{"href":"https:\/\/www.champmarket.com\/nl\/wp-json\/wp\/v2\/product"}],"about":[{"href":"https:\/\/www.champmarket.com\/nl\/wp-json\/wp\/v2\/types\/product"}],"version-history":[{"count":3,"href":"https:\/\/www.champmarket.com\/nl\/wp-json\/wp\/v2\/product\/67696\/revisions"}],"predecessor-version":[{"id":74709,"href":"https:\/\/www.champmarket.com\/nl\/wp-json\/wp\/v2\/product\/67696\/revisions\/74709"}],"wp:featuredmedia":[{"embeddable":true,"href":"https:\/\/www.champmarket.com\/nl\/wp-json\/wp\/v2\/media\/67714"}],"wp:attachment":[{"href":"https:\/\/www.champmarket.com\/nl\/wp-json\/wp\/v2\/media?parent=67696"}],"wp:term":[{"taxonomy":"product_brand","embeddable":true,"href":"https:\/\/www.champmarket.com\/nl\/wp-json\/wp\/v2\/product_brand?post=67696"},{"taxonomy":"product_cat","embeddable":true,"href":"https:\/\/www.champmarket.com\/nl\/wp-json\/wp\/v2\/product_cat?post=67696"},{"taxonomy":"product_tag","embeddable":true,"href":"https:\/\/www.champmarket.com\/nl\/wp-json\/wp\/v2\/product_tag?post=67696"}],"curies":[{"name":"wp","href":"https:\/\/api.w.org\/{rel}","templated":true}]}}