{"id":67782,"date":"2024-05-06T13:43:20","date_gmt":"2024-05-06T11:43:21","guid":{"rendered":"https:\/\/www.champmarket.com\/?post_type=product&#038;p=67782"},"modified":"2024-10-10T11:17:49","modified_gmt":"2024-10-10T09:17:49","slug":"louis-roederer-cristal-vinotheque-2002-fles","status":"publish","type":"product","link":"https:\/\/www.champmarket.com\/nl\/champagne\/louis-roederer-cristal-vinotheque-2002-fles\/","title":{"rendered":"Louis Roederer Cristal Vinoth\u00e8que 2002 Fles"},"content":{"rendered":"<p><em>&#8220;Er is een gevoel van perfectie in de zeldzame ervaring van dit venster van schoonheid, belichaamd door Cristal Vinoth\u00e8que. De tijd heeft zijn magie gedaan en complexiteit, diepte, rijpheid van smaak, zachtheid van textuur en het transformeren van de aanvankelijke zuurgraad in een zoute, poederachtige frisheid gebracht&#8221;.<\/em> &#8211; Jean-Baptiste L\u00e9caillon, Chef de Caves Cristal Vinoth\u00e8que is het toppunt van Champagne-expertise, het resultaat van twintig jaar onge\u00ebvenaarde zorg en aandacht voor detail. Na 1995, 1996, 1999 en 2000 zet de Vintage 2002 de zoektocht naar verfijning voort die kenmerkend is voor deze cuv\u00e9e, met een uitzonderlijke intensiteit en complexiteit.  Gesmeed door 20 jaar rijping op maat in drie opeenvolgende fasen (op latten, op een punt en vervolgens op een kurk) hebben de flessen Cristal Vinoth\u00e8que een nieuwe identiteit. Het laboratorium van de tijd biedt hun een nieuwe omgeving en door de volledige uitstraling van de wijn, een samensmelting van materie, menselijke know-how en verwachting, worden de contouren van een totale prestatie getekend. Door de grenzen van de tijd te verleggen, wordt een nieuw Kristal geboren. Eenmaal de maximale expressie bereikt, krijgt het gekozen wijnjaar meer complexiteit, textuur en korrel. Cristal Vinoth\u00e8que De Louis Roederer Cristal Vinoth\u00e8que 2002 is ideaal voor speciale gelegenheden.<\/p>\n","protected":false},"excerpt":{"rendered":"<p>Louis Roederer Cristal Vinoth\u00e8que 2002 gaat verder dan Champagne: <em>hier zijn we in de geconcentreerde, lange, delicate en frisse texturen die ons dichter bij de ervaring van een grote witte Bourgogne brengen<\/em>. Louis Roederer Cristal Vinoth\u00e8que 2002 viert het verbazingwekkende avontuur van een paar flessen die 20 jaar in de kelders van het Huis werden bewaard, op zoek naar de perfecte balans.  De cuv\u00e9e rijpte 11 jaar op latten, vervolgens 5 jaar op punten en rustte 4 jaar na d\u00e9gorgement.<\/p>\n","protected":false},"featured_media":67806,"template":"","meta":{"_acf_changed":false},"product_brand":[],"product_cat":[3308,3138,3150,3106,3164,3176,3115,3116,3169,3168],"product_tag":[3188,3195,3199,3200,3196,3303],"class_list":{"0":"post-67782","1":"product","2":"type-product","3":"status-publish","4":"has-post-thumbnail","6":"maisons-selectie-champagne-louis-roederer-nl","7":"product_cat-alle-champagnes-en-boxes","8":"product_cat-categorie-champagnehuizen","9":"product_cat-louis-roederer-nl","10":"product_cat-flessen","11":"product_cat-nieuwigheden","12":"product_cat-tous-les-champagnes-nl","13":"product_cat-vintage-champagne","14":"product_cat-prestige-champagne","15":"product_cat-aperitief","16":"product_cat-repas-nl","17":"product_tag-haute-couture-nl","18":"product_tag-pour-offrir-nl","19":"product_tag-aperitif-nl","20":"product_tag-vintage-nl","21":"product_tag-repas-champagne-nl","22":"product_tag-wijnbibliotheek","24":"first","25":"instock","26":"taxable","27":"shipping-taxable","28":"purchasable","29":"product-type-simple"},"acf":[],"yoast_head":"<!-- This site is optimized with the Yoast SEO plugin v26.4 - https:\/\/yoast.com\/wordpress\/plugins\/seo\/ -->\n<title>Louis Roederer Cristal Vinoth\u00e8que 2002 Fles - Champmarket<\/title>\n<meta name=\"description\" content=\"Louis Roederer Cristal Vinoth\u00e8que 2002 gaat verder dan Champagne! Het viert het verbazingwekkende avontuur van een paar flessen die 20 jaar in de kelders van Louis Roederer werden bewaard, op zoek naar de perfecte balans...\" \/>\n<meta name=\"robots\" content=\"index, follow, max-snippet:-1, max-image-preview:large, max-video-preview:-1\" \/>\n<link rel=\"canonical\" href=\"https:\/\/www.champmarket.com\/nl\/champagne\/louis-roederer-cristal-vinotheque-2002-fles\/\" \/>\n<meta property=\"og:locale\" content=\"nl_NL\" \/>\n<meta property=\"og:type\" content=\"article\" \/>\n<meta property=\"og:title\" content=\"Louis Roederer Cristal Vinoth\u00e8que 2002 Fles - Champmarket\" \/>\n<meta property=\"og:description\" content=\"Louis Roederer Cristal Vinoth\u00e8que 2002 gaat verder dan Champagne! Het viert het verbazingwekkende avontuur van een paar flessen die 20 jaar in de kelders van Louis Roederer werden bewaard, op zoek naar de perfecte balans...\" \/>\n<meta property=\"og:url\" content=\"https:\/\/www.champmarket.com\/nl\/champagne\/louis-roederer-cristal-vinotheque-2002-fles\/\" \/>\n<meta property=\"og:site_name\" content=\"Champmarket\" \/>\n<meta property=\"article:publisher\" content=\"https:\/\/www.facebook.com\/ChampMarket\/\" \/>\n<meta property=\"article:modified_time\" content=\"2024-10-10T09:17:49+00:00\" \/>\n<meta property=\"og:image\" content=\"https:\/\/www.champmarket.com\/wp-content\/uploads\/2024\/05\/louis-roederer-cristal-vinotheque-2002-bouteille.webp\" \/>\n\t<meta property=\"og:image:width\" content=\"1200\" \/>\n\t<meta property=\"og:image:height\" content=\"1200\" \/>\n\t<meta property=\"og:image:type\" content=\"image\/webp\" \/>\n<meta name=\"twitter:card\" content=\"summary_large_image\" \/>\n<meta name=\"twitter:site\" content=\"@champmarket\" \/>\n<meta name=\"twitter:label1\" content=\"Geschatte leestijd\" \/>\n\t<meta name=\"twitter:data1\" content=\"2 minuten\" \/>\n<script type=\"application\/ld+json\" class=\"yoast-schema-graph\">{\"@context\":\"https:\/\/schema.org\",\"@graph\":[{\"@type\":\"WebPage\",\"@id\":\"https:\/\/www.champmarket.com\/nl\/champagne\/louis-roederer-cristal-vinotheque-2002-fles\/\",\"url\":\"https:\/\/www.champmarket.com\/nl\/champagne\/louis-roederer-cristal-vinotheque-2002-fles\/\",\"name\":\"Louis Roederer Cristal Vinoth\u00e8que 2002 Fles - Champmarket\",\"isPartOf\":{\"@id\":\"https:\/\/www.champmarket.com\/#website\"},\"primaryImageOfPage\":{\"@id\":\"https:\/\/www.champmarket.com\/nl\/champagne\/louis-roederer-cristal-vinotheque-2002-fles\/#primaryimage\"},\"image\":{\"@id\":\"https:\/\/www.champmarket.com\/nl\/champagne\/louis-roederer-cristal-vinotheque-2002-fles\/#primaryimage\"},\"thumbnailUrl\":\"https:\/\/www.champmarket.com\/wp-content\/uploads\/2024\/05\/louis-roederer-cristal-vinotheque-2002-bouteille.webp\",\"datePublished\":\"2024-05-06T11:43:21+00:00\",\"dateModified\":\"2024-10-10T09:17:49+00:00\",\"description\":\"Louis Roederer Cristal Vinoth\u00e8que 2002 gaat verder dan Champagne! Het viert het verbazingwekkende avontuur van een paar flessen die 20 jaar in de kelders van Louis Roederer werden bewaard, op zoek naar de perfecte balans...\",\"breadcrumb\":{\"@id\":\"https:\/\/www.champmarket.com\/nl\/champagne\/louis-roederer-cristal-vinotheque-2002-fles\/#breadcrumb\"},\"inLanguage\":\"nl-NL\",\"potentialAction\":[{\"@type\":\"ReadAction\",\"target\":[\"https:\/\/www.champmarket.com\/nl\/champagne\/louis-roederer-cristal-vinotheque-2002-fles\/\"]}]},{\"@type\":\"ImageObject\",\"inLanguage\":\"nl-NL\",\"@id\":\"https:\/\/www.champmarket.com\/nl\/champagne\/louis-roederer-cristal-vinotheque-2002-fles\/#primaryimage\",\"url\":\"https:\/\/www.champmarket.com\/wp-content\/uploads\/2024\/05\/louis-roederer-cristal-vinotheque-2002-bouteille.webp\",\"contentUrl\":\"https:\/\/www.champmarket.com\/wp-content\/uploads\/2024\/05\/louis-roederer-cristal-vinotheque-2002-bouteille.webp\",\"width\":1200,\"height\":1200,\"caption\":\"Champagne Louis Roederer Cristal Vinoth\u00e8que 2002 - Champmarket\"},{\"@type\":\"BreadcrumbList\",\"@id\":\"https:\/\/www.champmarket.com\/nl\/champagne\/louis-roederer-cristal-vinotheque-2002-fles\/#breadcrumb\",\"itemListElement\":[{\"@type\":\"ListItem\",\"position\":1,\"name\":\"Accueil\",\"item\":\"https:\/\/www.champmarket.com\/nl\/\"},{\"@type\":\"ListItem\",\"position\":2,\"name\":\"Winkel\",\"item\":\"https:\/\/www.champmarket.com\/nl\/boutique\/\"},{\"@type\":\"ListItem\",\"position\":3,\"name\":\"Louis Roederer\",\"item\":\"https:\/\/www.champmarket.com\/nl\/maisons\/selectie-champagne-louis-roederer-nl\/\"},{\"@type\":\"ListItem\",\"position\":4,\"name\":\"Louis Roederer Cristal Vinoth\u00e8que 2002 Fles\"}]},{\"@type\":\"WebSite\",\"@id\":\"https:\/\/www.champmarket.com\/#website\",\"url\":\"https:\/\/www.champmarket.com\/\",\"name\":\"Champmarket\",\"description\":\"Champmarket, Champagnes, Cadeaus en Levenskunst\",\"publisher\":{\"@id\":\"https:\/\/www.champmarket.com\/#organization\"},\"potentialAction\":[{\"@type\":\"SearchAction\",\"target\":{\"@type\":\"EntryPoint\",\"urlTemplate\":\"https:\/\/www.champmarket.com\/?s={search_term_string}\"},\"query-input\":{\"@type\":\"PropertyValueSpecification\",\"valueRequired\":true,\"valueName\":\"search_term_string\"}}],\"inLanguage\":\"nl-NL\"},{\"@type\":\"Organization\",\"@id\":\"https:\/\/www.champmarket.com\/#organization\",\"name\":\"Champmarket\",\"url\":\"https:\/\/www.champmarket.com\/\",\"logo\":{\"@type\":\"ImageObject\",\"inLanguage\":\"nl-NL\",\"@id\":\"https:\/\/www.champmarket.com\/#\/schema\/logo\/image\/\",\"url\":\"https:\/\/www.champmarket.com\/wp-content\/uploads\/2024\/08\/logo2024-1.svg\",\"contentUrl\":\"https:\/\/www.champmarket.com\/wp-content\/uploads\/2024\/08\/logo2024-1.svg\",\"width\":579.8,\"height\":80,\"caption\":\"Champmarket\"},\"image\":{\"@id\":\"https:\/\/www.champmarket.com\/#\/schema\/logo\/image\/\"},\"sameAs\":[\"https:\/\/www.facebook.com\/ChampMarket\/\",\"https:\/\/x.com\/champmarket\",\"https:\/\/www.instagram.com\/champmarket.paris\/\",\"https:\/\/www.pinterest.fr\/champmarketparis\/\",\"https:\/\/www.linkedin.com\/company\/champmarket\/\"]}]}<\/script>\n<!-- \/ Yoast SEO plugin. -->","yoast_head_json":{"title":"Louis Roederer Cristal Vinoth\u00e8que 2002 Fles - Champmarket","description":"Louis Roederer Cristal Vinoth\u00e8que 2002 gaat verder dan Champagne! Het viert het verbazingwekkende avontuur van een paar flessen die 20 jaar in de kelders van Louis Roederer werden bewaard, op zoek naar de perfecte balans...","robots":{"index":"index","follow":"follow","max-snippet":"max-snippet:-1","max-image-preview":"max-image-preview:large","max-video-preview":"max-video-preview:-1"},"canonical":"https:\/\/www.champmarket.com\/nl\/champagne\/louis-roederer-cristal-vinotheque-2002-fles\/","og_locale":"nl_NL","og_type":"article","og_title":"Louis Roederer Cristal Vinoth\u00e8que 2002 Fles - Champmarket","og_description":"Louis Roederer Cristal Vinoth\u00e8que 2002 gaat verder dan Champagne! Het viert het verbazingwekkende avontuur van een paar flessen die 20 jaar in de kelders van Louis Roederer werden bewaard, op zoek naar de perfecte balans...","og_url":"https:\/\/www.champmarket.com\/nl\/champagne\/louis-roederer-cristal-vinotheque-2002-fles\/","og_site_name":"Champmarket","article_publisher":"https:\/\/www.facebook.com\/ChampMarket\/","article_modified_time":"2024-10-10T09:17:49+00:00","og_image":[{"width":1200,"height":1200,"url":"https:\/\/www.champmarket.com\/wp-content\/uploads\/2024\/05\/louis-roederer-cristal-vinotheque-2002-bouteille.webp","type":"image\/webp"}],"twitter_card":"summary_large_image","twitter_site":"@champmarket","twitter_misc":{"Geschatte leestijd":"2 minuten"},"schema":{"@context":"https:\/\/schema.org","@graph":[{"@type":"WebPage","@id":"https:\/\/www.champmarket.com\/nl\/champagne\/louis-roederer-cristal-vinotheque-2002-fles\/","url":"https:\/\/www.champmarket.com\/nl\/champagne\/louis-roederer-cristal-vinotheque-2002-fles\/","name":"Louis Roederer Cristal Vinoth\u00e8que 2002 Fles - Champmarket","isPartOf":{"@id":"https:\/\/www.champmarket.com\/#website"},"primaryImageOfPage":{"@id":"https:\/\/www.champmarket.com\/nl\/champagne\/louis-roederer-cristal-vinotheque-2002-fles\/#primaryimage"},"image":{"@id":"https:\/\/www.champmarket.com\/nl\/champagne\/louis-roederer-cristal-vinotheque-2002-fles\/#primaryimage"},"thumbnailUrl":"https:\/\/www.champmarket.com\/wp-content\/uploads\/2024\/05\/louis-roederer-cristal-vinotheque-2002-bouteille.webp","datePublished":"2024-05-06T11:43:21+00:00","dateModified":"2024-10-10T09:17:49+00:00","description":"Louis Roederer Cristal Vinoth\u00e8que 2002 gaat verder dan Champagne! Het viert het verbazingwekkende avontuur van een paar flessen die 20 jaar in de kelders van Louis Roederer werden bewaard, op zoek naar de perfecte balans...","breadcrumb":{"@id":"https:\/\/www.champmarket.com\/nl\/champagne\/louis-roederer-cristal-vinotheque-2002-fles\/#breadcrumb"},"inLanguage":"nl-NL","potentialAction":[{"@type":"ReadAction","target":["https:\/\/www.champmarket.com\/nl\/champagne\/louis-roederer-cristal-vinotheque-2002-fles\/"]}]},{"@type":"ImageObject","inLanguage":"nl-NL","@id":"https:\/\/www.champmarket.com\/nl\/champagne\/louis-roederer-cristal-vinotheque-2002-fles\/#primaryimage","url":"https:\/\/www.champmarket.com\/wp-content\/uploads\/2024\/05\/louis-roederer-cristal-vinotheque-2002-bouteille.webp","contentUrl":"https:\/\/www.champmarket.com\/wp-content\/uploads\/2024\/05\/louis-roederer-cristal-vinotheque-2002-bouteille.webp","width":1200,"height":1200,"caption":"Champagne Louis Roederer Cristal Vinoth\u00e8que 2002 - Champmarket"},{"@type":"BreadcrumbList","@id":"https:\/\/www.champmarket.com\/nl\/champagne\/louis-roederer-cristal-vinotheque-2002-fles\/#breadcrumb","itemListElement":[{"@type":"ListItem","position":1,"name":"Accueil","item":"https:\/\/www.champmarket.com\/nl\/"},{"@type":"ListItem","position":2,"name":"Winkel","item":"https:\/\/www.champmarket.com\/nl\/boutique\/"},{"@type":"ListItem","position":3,"name":"Louis Roederer","item":"https:\/\/www.champmarket.com\/nl\/maisons\/selectie-champagne-louis-roederer-nl\/"},{"@type":"ListItem","position":4,"name":"Louis Roederer Cristal Vinoth\u00e8que 2002 Fles"}]},{"@type":"WebSite","@id":"https:\/\/www.champmarket.com\/#website","url":"https:\/\/www.champmarket.com\/","name":"Champmarket","description":"Champmarket, Champagnes, Cadeaus en Levenskunst","publisher":{"@id":"https:\/\/www.champmarket.com\/#organization"},"potentialAction":[{"@type":"SearchAction","target":{"@type":"EntryPoint","urlTemplate":"https:\/\/www.champmarket.com\/?s={search_term_string}"},"query-input":{"@type":"PropertyValueSpecification","valueRequired":true,"valueName":"search_term_string"}}],"inLanguage":"nl-NL"},{"@type":"Organization","@id":"https:\/\/www.champmarket.com\/#organization","name":"Champmarket","url":"https:\/\/www.champmarket.com\/","logo":{"@type":"ImageObject","inLanguage":"nl-NL","@id":"https:\/\/www.champmarket.com\/#\/schema\/logo\/image\/","url":"https:\/\/www.champmarket.com\/wp-content\/uploads\/2024\/08\/logo2024-1.svg","contentUrl":"https:\/\/www.champmarket.com\/wp-content\/uploads\/2024\/08\/logo2024-1.svg","width":579.8,"height":80,"caption":"Champmarket"},"image":{"@id":"https:\/\/www.champmarket.com\/#\/schema\/logo\/image\/"},"sameAs":["https:\/\/www.facebook.com\/ChampMarket\/","https:\/\/x.com\/champmarket","https:\/\/www.instagram.com\/champmarket.paris\/","https:\/\/www.pinterest.fr\/champmarketparis\/","https:\/\/www.linkedin.com\/company\/champmarket\/"]}]}},"_links":{"self":[{"href":"https:\/\/www.champmarket.com\/nl\/wp-json\/wp\/v2\/product\/67782","targetHints":{"allow":["GET"]}}],"collection":[{"href":"https:\/\/www.champmarket.com\/nl\/wp-json\/wp\/v2\/product"}],"about":[{"href":"https:\/\/www.champmarket.com\/nl\/wp-json\/wp\/v2\/types\/product"}],"version-history":[{"count":4,"href":"https:\/\/www.champmarket.com\/nl\/wp-json\/wp\/v2\/product\/67782\/revisions"}],"predecessor-version":[{"id":74702,"href":"https:\/\/www.champmarket.com\/nl\/wp-json\/wp\/v2\/product\/67782\/revisions\/74702"}],"wp:featuredmedia":[{"embeddable":true,"href":"https:\/\/www.champmarket.com\/nl\/wp-json\/wp\/v2\/media\/67806"}],"wp:attachment":[{"href":"https:\/\/www.champmarket.com\/nl\/wp-json\/wp\/v2\/media?parent=67782"}],"wp:term":[{"taxonomy":"product_brand","embeddable":true,"href":"https:\/\/www.champmarket.com\/nl\/wp-json\/wp\/v2\/product_brand?post=67782"},{"taxonomy":"product_cat","embeddable":true,"href":"https:\/\/www.champmarket.com\/nl\/wp-json\/wp\/v2\/product_cat?post=67782"},{"taxonomy":"product_tag","embeddable":true,"href":"https:\/\/www.champmarket.com\/nl\/wp-json\/wp\/v2\/product_tag?post=67782"}],"curies":[{"name":"wp","href":"https:\/\/api.w.org\/{rel}","templated":true}]}}