{"id":68365,"date":"2024-06-05T10:52:06","date_gmt":"2024-06-05T08:52:06","guid":{"rendered":"https:\/\/www.champmarket.com\/?post_type=product&#038;p=68365"},"modified":"2025-05-19T15:09:13","modified_gmt":"2025-05-19T13:09:13","slug":"louis-roederer-brut-nature-2015-van-philippe-starck-fles-copie-2","status":"publish","type":"product","link":"https:\/\/www.champmarket.com\/nl\/champagne\/louis-roederer-brut-nature-2015-van-philippe-starck-fles-copie-2\/","title":{"rendered":"Brut Louis Roederer Nature 2015 by Philippe Starck Fles met etui"},"content":{"rendered":"<p>Brut Het verhaal van Nature begon meer dan tien jaar geleden met een gesprek tussen Fr\u00e9d\u00e9ric Rouzaud, voorzitter en CEO van Champagne Louis Roederer, Jean-Baptiste L\u00e9caillon, keldermeester, en de ontwerper Philippe Starck. De levendige, gepassioneerde uitwisseling die nu is uitgegroeid tot een echte vriendschap, legde de basis voor deze minimalistische cuv\u00e9e die barst van het leven. Brut Dit vierde opus drukt op zijn eigen manier, zowel eigenzinnig als trouw aan de grondbeginselen van de natuur, de identiteit van de wijnmaker uit, een champagnewijn die zijn authenticiteit en originaliteit ontleent aan een gebaar dat even precies en scherpzinnig als vrij en emotioneel is.   <br \/>Deze cuv\u00e9e is het resultaat van een nieuwe verkenning van het terroir van Cumi\u00e8res, deze kleiheuvel met uitzicht op de zon en badend in al zijn licht, en in het bijzonder van drie aangrenzende percelen &#8211; Les Pierreuses, Les Ch\u00e8vres, Les Clos &#8211; voorheen weidegrond. Brut De koude, kleiachtige bodem, die contrasteert met het krijt van de Champagnestreek, biedt een ideale rijpheid en een superieure levendigheid in de warmste jaren, waardoor een mooi contrast ontstaat tussen de intensiteit van het fruit en het zoutgehalte dat kenmerkend is voor de natuur.  <br \/>Brut Louis Roederer Nature 2015 Philippe Starck met doos is een moderne wijn, mineraal en recht, een perfecte foto van zijn oorsprong. Een perfect cadeau-idee. <\/p>\n","protected":false},"excerpt":{"rendered":"<p>Brut De Louis Roederer Nature 2015 Philippe Starck cuv\u00e9e met box, het vierde opus in de samenwerking tussen het champagnehuis en de beroemde ontwerper, heeft een spectaculaire nieuwe Vintage gekregen. De continentale en zonovergoten Vintage 2015 biedt een explosief sap, een prachtige concentratie en een grote diepte en speelt met finesse in op de codes van de rijpheid. <br \/>Brut &#8221; <em> De natuur is een laboratorium dat het Huis Louis Roederer in staat stelt om dit leven, deze biodiversiteit, tot het uiterste te drijven om te zien in welke mate het veel van onze praktijken kan overnemen<\/em> &#8220;. <br \/>Jean-Baptiste L\u00e9caillon, keldermeester Champagne Louis Roederer<em>&#8220;We zitten helemaal in het juiste deel van de toekomst.<\/em>&#8221; Philippe Starck <\/p>\n","protected":false},"featured_media":68377,"template":"","meta":{"_acf_changed":false},"product_brand":[],"product_cat":[3368,3355,3352,3321,3138,3150,3106,3137,3107,3176,3114,3168],"product_tag":[3188,3184,3183,3195,3200,3196],"class_list":{"0":"post-68365","1":"product","2":"type-product","3":"status-publish","4":"has-post-thumbnail","6":"maisons-selectie-champagne-louis-roederer-nl","7":"product_cat-brut-nature-nl","8":"product_cat-champagne-en-oesters","9":"product_cat-zomerse-champagnes","10":"product_cat-beste-champagnes","11":"product_cat-categorie-champagnehuizen","12":"product_cat-louis-roederer-nl","13":"product_cat-flessen","14":"product_cat-niet-te-missen","15":"product_cat-relatiegeschenken","16":"product_cat-tous-les-champagnes-nl","17":"product_cat-champagne-extra-brut-non-dose-zero-dosage-nl","18":"product_cat-repas-nl","19":"product_tag-haute-couture-nl","20":"product_tag-fruits-de-mer-nl","21":"product_tag-met-sushi","22":"product_tag-pour-offrir-nl","23":"product_tag-vintage-nl","24":"product_tag-repas-champagne-nl","26":"first","27":"instock","28":"taxable","29":"shipping-taxable","30":"purchasable","31":"product-type-simple"},"acf":[],"yoast_head":"<!-- This site is optimized with the Yoast SEO plugin v26.4 - https:\/\/yoast.com\/wordpress\/plugins\/seo\/ -->\n<title>Champagne Brut Louis Roederer Nature 2015 by Philippe Starck Fles met etui%sep%Champmarket<\/title>\n<meta name=\"description\" content=\"Brut De Louis Roederer Nature 2015 Philippe Starck cuv\u00e9e met doos, het vierde opus in de samenwerking tussen het champagnehuis en de beroemde ontwerper, heeft een spectaculaire nieuwe Vintage gekregen.\" \/>\n<meta name=\"robots\" content=\"index, follow, max-snippet:-1, max-image-preview:large, max-video-preview:-1\" \/>\n<link rel=\"canonical\" href=\"https:\/\/www.champmarket.com\/nl\/champagne\/louis-roederer-brut-nature-2015-van-philippe-starck-fles-copie-2\/\" \/>\n<meta property=\"og:locale\" content=\"nl_NL\" \/>\n<meta property=\"og:type\" content=\"article\" \/>\n<meta property=\"og:title\" content=\"Champagne Brut Louis Roederer Nature 2015 by Philippe Starck Fles met etui%sep%Champmarket\" \/>\n<meta property=\"og:description\" content=\"Brut De Louis Roederer Nature 2015 Philippe Starck cuv\u00e9e met doos, het vierde opus in de samenwerking tussen het champagnehuis en de beroemde ontwerper, heeft een spectaculaire nieuwe Vintage gekregen.\" \/>\n<meta property=\"og:url\" content=\"https:\/\/www.champmarket.com\/nl\/champagne\/louis-roederer-brut-nature-2015-van-philippe-starck-fles-copie-2\/\" \/>\n<meta property=\"og:site_name\" content=\"Champmarket\" \/>\n<meta property=\"article:publisher\" content=\"https:\/\/www.facebook.com\/ChampMarket\/\" \/>\n<meta property=\"article:modified_time\" content=\"2025-05-19T13:09:13+00:00\" \/>\n<meta property=\"og:image\" content=\"https:\/\/www.champmarket.com\/wp-content\/uploads\/2024\/06\/louis-roederer-brut-nature-2015-philippe-starck-bouteille-coffret.webp\" \/>\n\t<meta property=\"og:image:width\" content=\"1200\" \/>\n\t<meta property=\"og:image:height\" content=\"1200\" \/>\n\t<meta property=\"og:image:type\" content=\"image\/webp\" \/>\n<meta name=\"twitter:card\" content=\"summary_large_image\" \/>\n<meta name=\"twitter:site\" content=\"@champmarket\" \/>\n<meta name=\"twitter:label1\" content=\"Geschatte leestijd\" \/>\n\t<meta name=\"twitter:data1\" content=\"1 minuut\" \/>\n<script type=\"application\/ld+json\" class=\"yoast-schema-graph\">{\"@context\":\"https:\/\/schema.org\",\"@graph\":[{\"@type\":\"WebPage\",\"@id\":\"https:\/\/www.champmarket.com\/nl\/champagne\/louis-roederer-brut-nature-2015-van-philippe-starck-fles-copie-2\/\",\"url\":\"https:\/\/www.champmarket.com\/nl\/champagne\/louis-roederer-brut-nature-2015-van-philippe-starck-fles-copie-2\/\",\"name\":\"Champagne Brut Louis Roederer Nature 2015 by Philippe Starck Fles met etui%sep%Champmarket\",\"isPartOf\":{\"@id\":\"https:\/\/www.champmarket.com\/#website\"},\"primaryImageOfPage\":{\"@id\":\"https:\/\/www.champmarket.com\/nl\/champagne\/louis-roederer-brut-nature-2015-van-philippe-starck-fles-copie-2\/#primaryimage\"},\"image\":{\"@id\":\"https:\/\/www.champmarket.com\/nl\/champagne\/louis-roederer-brut-nature-2015-van-philippe-starck-fles-copie-2\/#primaryimage\"},\"thumbnailUrl\":\"https:\/\/www.champmarket.com\/wp-content\/uploads\/2024\/06\/louis-roederer-brut-nature-2015-philippe-starck-bouteille-coffret.webp\",\"datePublished\":\"2024-06-05T08:52:06+00:00\",\"dateModified\":\"2025-05-19T13:09:13+00:00\",\"description\":\"Brut De Louis Roederer Nature 2015 Philippe Starck cuv\u00e9e met doos, het vierde opus in de samenwerking tussen het champagnehuis en de beroemde ontwerper, heeft een spectaculaire nieuwe Vintage gekregen.\",\"breadcrumb\":{\"@id\":\"https:\/\/www.champmarket.com\/nl\/champagne\/louis-roederer-brut-nature-2015-van-philippe-starck-fles-copie-2\/#breadcrumb\"},\"inLanguage\":\"nl-NL\",\"potentialAction\":[{\"@type\":\"ReadAction\",\"target\":[\"https:\/\/www.champmarket.com\/nl\/champagne\/louis-roederer-brut-nature-2015-van-philippe-starck-fles-copie-2\/\"]}]},{\"@type\":\"ImageObject\",\"inLanguage\":\"nl-NL\",\"@id\":\"https:\/\/www.champmarket.com\/nl\/champagne\/louis-roederer-brut-nature-2015-van-philippe-starck-fles-copie-2\/#primaryimage\",\"url\":\"https:\/\/www.champmarket.com\/wp-content\/uploads\/2024\/06\/louis-roederer-brut-nature-2015-philippe-starck-bouteille-coffret.webp\",\"contentUrl\":\"https:\/\/www.champmarket.com\/wp-content\/uploads\/2024\/06\/louis-roederer-brut-nature-2015-philippe-starck-bouteille-coffret.webp\",\"width\":1200,\"height\":1200,\"caption\":\"Champagne Louis Roederer Brut Nature 2015 Philippe Starck avec coffret - Champmarket\"},{\"@type\":\"BreadcrumbList\",\"@id\":\"https:\/\/www.champmarket.com\/nl\/champagne\/louis-roederer-brut-nature-2015-van-philippe-starck-fles-copie-2\/#breadcrumb\",\"itemListElement\":[{\"@type\":\"ListItem\",\"position\":1,\"name\":\"Accueil\",\"item\":\"https:\/\/www.champmarket.com\/nl\/\"},{\"@type\":\"ListItem\",\"position\":2,\"name\":\"Winkel\",\"item\":\"https:\/\/www.champmarket.com\/nl\/boutique\/\"},{\"@type\":\"ListItem\",\"position\":3,\"name\":\"Louis Roederer\",\"item\":\"https:\/\/www.champmarket.com\/nl\/maisons\/selectie-champagne-louis-roederer-nl\/\"},{\"@type\":\"ListItem\",\"position\":4,\"name\":\"Brut Louis Roederer Nature 2015 by Philippe Starck Fles met etui\"}]},{\"@type\":\"WebSite\",\"@id\":\"https:\/\/www.champmarket.com\/#website\",\"url\":\"https:\/\/www.champmarket.com\/\",\"name\":\"Champmarket\",\"description\":\"Champmarket, Champagnes, Cadeaus en Levenskunst\",\"publisher\":{\"@id\":\"https:\/\/www.champmarket.com\/#organization\"},\"potentialAction\":[{\"@type\":\"SearchAction\",\"target\":{\"@type\":\"EntryPoint\",\"urlTemplate\":\"https:\/\/www.champmarket.com\/?s={search_term_string}\"},\"query-input\":{\"@type\":\"PropertyValueSpecification\",\"valueRequired\":true,\"valueName\":\"search_term_string\"}}],\"inLanguage\":\"nl-NL\"},{\"@type\":\"Organization\",\"@id\":\"https:\/\/www.champmarket.com\/#organization\",\"name\":\"Champmarket\",\"url\":\"https:\/\/www.champmarket.com\/\",\"logo\":{\"@type\":\"ImageObject\",\"inLanguage\":\"nl-NL\",\"@id\":\"https:\/\/www.champmarket.com\/#\/schema\/logo\/image\/\",\"url\":\"https:\/\/www.champmarket.com\/wp-content\/uploads\/2024\/08\/logo2024-1.svg\",\"contentUrl\":\"https:\/\/www.champmarket.com\/wp-content\/uploads\/2024\/08\/logo2024-1.svg\",\"width\":579.8,\"height\":80,\"caption\":\"Champmarket\"},\"image\":{\"@id\":\"https:\/\/www.champmarket.com\/#\/schema\/logo\/image\/\"},\"sameAs\":[\"https:\/\/www.facebook.com\/ChampMarket\/\",\"https:\/\/x.com\/champmarket\",\"https:\/\/www.instagram.com\/champmarket.paris\/\",\"https:\/\/www.pinterest.fr\/champmarketparis\/\",\"https:\/\/www.linkedin.com\/company\/champmarket\/\"]}]}<\/script>\n<!-- \/ Yoast SEO plugin. -->","yoast_head_json":{"title":"Champagne Brut Louis Roederer Nature 2015 by Philippe Starck Fles met etui%sep%Champmarket","description":"Brut De Louis Roederer Nature 2015 Philippe Starck cuv\u00e9e met doos, het vierde opus in de samenwerking tussen het champagnehuis en de beroemde ontwerper, heeft een spectaculaire nieuwe Vintage gekregen.","robots":{"index":"index","follow":"follow","max-snippet":"max-snippet:-1","max-image-preview":"max-image-preview:large","max-video-preview":"max-video-preview:-1"},"canonical":"https:\/\/www.champmarket.com\/nl\/champagne\/louis-roederer-brut-nature-2015-van-philippe-starck-fles-copie-2\/","og_locale":"nl_NL","og_type":"article","og_title":"Champagne Brut Louis Roederer Nature 2015 by Philippe Starck Fles met etui%sep%Champmarket","og_description":"Brut De Louis Roederer Nature 2015 Philippe Starck cuv\u00e9e met doos, het vierde opus in de samenwerking tussen het champagnehuis en de beroemde ontwerper, heeft een spectaculaire nieuwe Vintage gekregen.","og_url":"https:\/\/www.champmarket.com\/nl\/champagne\/louis-roederer-brut-nature-2015-van-philippe-starck-fles-copie-2\/","og_site_name":"Champmarket","article_publisher":"https:\/\/www.facebook.com\/ChampMarket\/","article_modified_time":"2025-05-19T13:09:13+00:00","og_image":[{"width":1200,"height":1200,"url":"https:\/\/www.champmarket.com\/wp-content\/uploads\/2024\/06\/louis-roederer-brut-nature-2015-philippe-starck-bouteille-coffret.webp","type":"image\/webp"}],"twitter_card":"summary_large_image","twitter_site":"@champmarket","twitter_misc":{"Geschatte leestijd":"1 minuut"},"schema":{"@context":"https:\/\/schema.org","@graph":[{"@type":"WebPage","@id":"https:\/\/www.champmarket.com\/nl\/champagne\/louis-roederer-brut-nature-2015-van-philippe-starck-fles-copie-2\/","url":"https:\/\/www.champmarket.com\/nl\/champagne\/louis-roederer-brut-nature-2015-van-philippe-starck-fles-copie-2\/","name":"Champagne Brut Louis Roederer Nature 2015 by Philippe Starck Fles met etui%sep%Champmarket","isPartOf":{"@id":"https:\/\/www.champmarket.com\/#website"},"primaryImageOfPage":{"@id":"https:\/\/www.champmarket.com\/nl\/champagne\/louis-roederer-brut-nature-2015-van-philippe-starck-fles-copie-2\/#primaryimage"},"image":{"@id":"https:\/\/www.champmarket.com\/nl\/champagne\/louis-roederer-brut-nature-2015-van-philippe-starck-fles-copie-2\/#primaryimage"},"thumbnailUrl":"https:\/\/www.champmarket.com\/wp-content\/uploads\/2024\/06\/louis-roederer-brut-nature-2015-philippe-starck-bouteille-coffret.webp","datePublished":"2024-06-05T08:52:06+00:00","dateModified":"2025-05-19T13:09:13+00:00","description":"Brut De Louis Roederer Nature 2015 Philippe Starck cuv\u00e9e met doos, het vierde opus in de samenwerking tussen het champagnehuis en de beroemde ontwerper, heeft een spectaculaire nieuwe Vintage gekregen.","breadcrumb":{"@id":"https:\/\/www.champmarket.com\/nl\/champagne\/louis-roederer-brut-nature-2015-van-philippe-starck-fles-copie-2\/#breadcrumb"},"inLanguage":"nl-NL","potentialAction":[{"@type":"ReadAction","target":["https:\/\/www.champmarket.com\/nl\/champagne\/louis-roederer-brut-nature-2015-van-philippe-starck-fles-copie-2\/"]}]},{"@type":"ImageObject","inLanguage":"nl-NL","@id":"https:\/\/www.champmarket.com\/nl\/champagne\/louis-roederer-brut-nature-2015-van-philippe-starck-fles-copie-2\/#primaryimage","url":"https:\/\/www.champmarket.com\/wp-content\/uploads\/2024\/06\/louis-roederer-brut-nature-2015-philippe-starck-bouteille-coffret.webp","contentUrl":"https:\/\/www.champmarket.com\/wp-content\/uploads\/2024\/06\/louis-roederer-brut-nature-2015-philippe-starck-bouteille-coffret.webp","width":1200,"height":1200,"caption":"Champagne Louis Roederer Brut Nature 2015 Philippe Starck avec coffret - Champmarket"},{"@type":"BreadcrumbList","@id":"https:\/\/www.champmarket.com\/nl\/champagne\/louis-roederer-brut-nature-2015-van-philippe-starck-fles-copie-2\/#breadcrumb","itemListElement":[{"@type":"ListItem","position":1,"name":"Accueil","item":"https:\/\/www.champmarket.com\/nl\/"},{"@type":"ListItem","position":2,"name":"Winkel","item":"https:\/\/www.champmarket.com\/nl\/boutique\/"},{"@type":"ListItem","position":3,"name":"Louis Roederer","item":"https:\/\/www.champmarket.com\/nl\/maisons\/selectie-champagne-louis-roederer-nl\/"},{"@type":"ListItem","position":4,"name":"Brut Louis Roederer Nature 2015 by Philippe Starck Fles met etui"}]},{"@type":"WebSite","@id":"https:\/\/www.champmarket.com\/#website","url":"https:\/\/www.champmarket.com\/","name":"Champmarket","description":"Champmarket, Champagnes, Cadeaus en Levenskunst","publisher":{"@id":"https:\/\/www.champmarket.com\/#organization"},"potentialAction":[{"@type":"SearchAction","target":{"@type":"EntryPoint","urlTemplate":"https:\/\/www.champmarket.com\/?s={search_term_string}"},"query-input":{"@type":"PropertyValueSpecification","valueRequired":true,"valueName":"search_term_string"}}],"inLanguage":"nl-NL"},{"@type":"Organization","@id":"https:\/\/www.champmarket.com\/#organization","name":"Champmarket","url":"https:\/\/www.champmarket.com\/","logo":{"@type":"ImageObject","inLanguage":"nl-NL","@id":"https:\/\/www.champmarket.com\/#\/schema\/logo\/image\/","url":"https:\/\/www.champmarket.com\/wp-content\/uploads\/2024\/08\/logo2024-1.svg","contentUrl":"https:\/\/www.champmarket.com\/wp-content\/uploads\/2024\/08\/logo2024-1.svg","width":579.8,"height":80,"caption":"Champmarket"},"image":{"@id":"https:\/\/www.champmarket.com\/#\/schema\/logo\/image\/"},"sameAs":["https:\/\/www.facebook.com\/ChampMarket\/","https:\/\/x.com\/champmarket","https:\/\/www.instagram.com\/champmarket.paris\/","https:\/\/www.pinterest.fr\/champmarketparis\/","https:\/\/www.linkedin.com\/company\/champmarket\/"]}]}},"_links":{"self":[{"href":"https:\/\/www.champmarket.com\/nl\/wp-json\/wp\/v2\/product\/68365","targetHints":{"allow":["GET"]}}],"collection":[{"href":"https:\/\/www.champmarket.com\/nl\/wp-json\/wp\/v2\/product"}],"about":[{"href":"https:\/\/www.champmarket.com\/nl\/wp-json\/wp\/v2\/types\/product"}],"version-history":[{"count":2,"href":"https:\/\/www.champmarket.com\/nl\/wp-json\/wp\/v2\/product\/68365\/revisions"}],"predecessor-version":[{"id":74693,"href":"https:\/\/www.champmarket.com\/nl\/wp-json\/wp\/v2\/product\/68365\/revisions\/74693"}],"wp:featuredmedia":[{"embeddable":true,"href":"https:\/\/www.champmarket.com\/nl\/wp-json\/wp\/v2\/media\/68377"}],"wp:attachment":[{"href":"https:\/\/www.champmarket.com\/nl\/wp-json\/wp\/v2\/media?parent=68365"}],"wp:term":[{"taxonomy":"product_brand","embeddable":true,"href":"https:\/\/www.champmarket.com\/nl\/wp-json\/wp\/v2\/product_brand?post=68365"},{"taxonomy":"product_cat","embeddable":true,"href":"https:\/\/www.champmarket.com\/nl\/wp-json\/wp\/v2\/product_cat?post=68365"},{"taxonomy":"product_tag","embeddable":true,"href":"https:\/\/www.champmarket.com\/nl\/wp-json\/wp\/v2\/product_tag?post=68365"}],"curies":[{"name":"wp","href":"https:\/\/api.w.org\/{rel}","templated":true}]}}