{"id":68684,"date":"2024-06-27T16:07:14","date_gmt":"2024-06-27T14:07:15","guid":{"rendered":"https:\/\/www.champmarket.com\/?post_type=product&#038;p=68684"},"modified":"2024-10-10T11:12:00","modified_gmt":"2024-10-10T09:12:00","slug":"moet-chandon-ice-imperial-fles-2","status":"publish","type":"product","link":"https:\/\/www.champmarket.com\/nl\/champagne\/moet-chandon-ice-imperial-fles-2\/","title":{"rendered":"Mo\u00ebt &amp; Chandon Ice Imp\u00e9rial Fles"},"content":{"rendered":"<p>Mo\u00ebt Ice Imp\u00e9rial van Mo\u00ebt &amp; Chandon is speciaal gecre\u00eberd om te worden geserveerd met ijs. Met zijn fruitige intensiteit, rijke mondgevoel en frisse afdronk is Mo\u00ebt Ice Imp\u00e9rial de perfecte champagne voor zonnige dagen! <strong><span style=\"color: #23b9f3\">De Mo\u00ebt Ice ervaring:<\/span><\/strong> Een eenvoudig ritueel voor een kwaliteitsproeverij.  Doe 3 ijsblokjes in een groot Cabernet wijnglas, giet de Mo\u00ebt Ice champagne erin, wacht even en geniet ijskoud!<\/p>\n","protected":false},"excerpt":{"rendered":"<p>Mo\u00ebt Ice Imperial is een intense, fruitige en frisse champagne, speciaal gemaakt om op ijs te serveren voor een moment van absolute frisheid! Om uw zonnige dagen te begeleiden, vernieuwt Mo\u00ebt &amp; Chandon de kunst van het proeven met Mo\u00ebt Ice Imp\u00e9rial, een champagne om van te genieten op ijs.<\/p>\n","protected":false},"featured_media":73426,"template":"","meta":{"_acf_changed":false},"product_brand":[],"product_cat":[3535,3308,3138,3151,3106,3176,3113,3118,3169,3171,3128],"product_tag":[3185,3186,3199,3198],"class_list":{"0":"post-68684","1":"product","2":"type-product","3":"status-publish","4":"has-post-thumbnail","6":"maisons-selectie-champagne-moet-chandon-nl","7":"product_cat-b2b-groothandel-fles-aanbieding","8":"product_cat-alle-champagnes-en-boxes","9":"product_cat-categorie-champagnehuizen","10":"product_cat-moet-chandon-nl","11":"product_cat-flessen","12":"product_cat-tous-les-champagnes-nl","13":"product_cat-demi-sec-doux-champagne","14":"product_cat-zomerse-champagne","15":"product_cat-aperitief","16":"product_cat-voor-een-prive-of-professioneel-evenement-een-cocktail","17":"product_cat-experience-nl","18":"product_tag-cocktail-champagne-nl","19":"product_tag-experience-nl","20":"product_tag-aperitif-nl","21":"product_tag-cocktail-event-nl","23":"first","24":"instock","25":"taxable","26":"shipping-taxable","27":"purchasable","28":"product-type-simple"},"acf":[],"yoast_head":"<!-- This site is optimized with the Yoast SEO plugin v26.4 - https:\/\/yoast.com\/wordpress\/plugins\/seo\/ -->\n<title>Mo\u00ebt &amp; Chandon Ice Imp\u00e9rial Fles - Champmarket<\/title>\n<meta name=\"description\" content=\"Mo\u00ebt Ice Imperial van Mo\u00ebt &amp; Chandon is een intense, fruitige en frisse champagne, speciaal gecre\u00eberd om op ijs geserveerd te worden voor een moment van absolute frisheid.\" \/>\n<meta name=\"robots\" content=\"index, follow, max-snippet:-1, max-image-preview:large, max-video-preview:-1\" \/>\n<link rel=\"canonical\" href=\"https:\/\/www.champmarket.com\/nl\/champagne\/moet-chandon-ice-imperial-fles-2\/\" \/>\n<meta property=\"og:locale\" content=\"nl_NL\" \/>\n<meta property=\"og:type\" content=\"article\" \/>\n<meta property=\"og:title\" content=\"Mo\u00ebt &amp; Chandon Ice Imp\u00e9rial Fles - Champmarket\" \/>\n<meta property=\"og:description\" content=\"Mo\u00ebt Ice Imperial van Mo\u00ebt &amp; Chandon is een intense, fruitige en frisse champagne, speciaal gecre\u00eberd om op ijs geserveerd te worden voor een moment van absolute frisheid.\" \/>\n<meta property=\"og:url\" content=\"https:\/\/www.champmarket.com\/nl\/champagne\/moet-chandon-ice-imperial-fles-2\/\" \/>\n<meta property=\"og:site_name\" content=\"Champmarket\" \/>\n<meta property=\"article:publisher\" content=\"https:\/\/www.facebook.com\/ChampMarket\/\" \/>\n<meta property=\"article:modified_time\" content=\"2024-10-10T09:12:00+00:00\" \/>\n<meta property=\"og:image\" content=\"https:\/\/www.champmarket.com\/wp-content\/uploads\/2024\/06\/moet-et-chandon-ice-imperial-bouteille-new.webp\" \/>\n\t<meta property=\"og:image:width\" content=\"1200\" \/>\n\t<meta property=\"og:image:height\" content=\"1200\" \/>\n\t<meta property=\"og:image:type\" content=\"image\/webp\" \/>\n<meta name=\"twitter:card\" content=\"summary_large_image\" \/>\n<meta name=\"twitter:site\" content=\"@champmarket\" \/>\n<meta name=\"twitter:label1\" content=\"Geschatte leestijd\" \/>\n\t<meta name=\"twitter:data1\" content=\"1 minuut\" \/>\n<script type=\"application\/ld+json\" class=\"yoast-schema-graph\">{\"@context\":\"https:\/\/schema.org\",\"@graph\":[{\"@type\":\"WebPage\",\"@id\":\"https:\/\/www.champmarket.com\/nl\/champagne\/moet-chandon-ice-imperial-fles-2\/\",\"url\":\"https:\/\/www.champmarket.com\/nl\/champagne\/moet-chandon-ice-imperial-fles-2\/\",\"name\":\"Mo\u00ebt &amp; Chandon Ice Imp\u00e9rial Fles - Champmarket\",\"isPartOf\":{\"@id\":\"https:\/\/www.champmarket.com\/#website\"},\"primaryImageOfPage\":{\"@id\":\"https:\/\/www.champmarket.com\/nl\/champagne\/moet-chandon-ice-imperial-fles-2\/#primaryimage\"},\"image\":{\"@id\":\"https:\/\/www.champmarket.com\/nl\/champagne\/moet-chandon-ice-imperial-fles-2\/#primaryimage\"},\"thumbnailUrl\":\"https:\/\/www.champmarket.com\/wp-content\/uploads\/2024\/06\/moet-et-chandon-ice-imperial-bouteille-new.webp\",\"datePublished\":\"2024-06-27T14:07:15+00:00\",\"dateModified\":\"2024-10-10T09:12:00+00:00\",\"description\":\"Mo\u00ebt Ice Imperial van Mo\u00ebt & Chandon is een intense, fruitige en frisse champagne, speciaal gecre\u00eberd om op ijs geserveerd te worden voor een moment van absolute frisheid.\",\"breadcrumb\":{\"@id\":\"https:\/\/www.champmarket.com\/nl\/champagne\/moet-chandon-ice-imperial-fles-2\/#breadcrumb\"},\"inLanguage\":\"nl-NL\",\"potentialAction\":[{\"@type\":\"ReadAction\",\"target\":[\"https:\/\/www.champmarket.com\/nl\/champagne\/moet-chandon-ice-imperial-fles-2\/\"]}]},{\"@type\":\"ImageObject\",\"inLanguage\":\"nl-NL\",\"@id\":\"https:\/\/www.champmarket.com\/nl\/champagne\/moet-chandon-ice-imperial-fles-2\/#primaryimage\",\"url\":\"https:\/\/www.champmarket.com\/wp-content\/uploads\/2024\/06\/moet-et-chandon-ice-imperial-bouteille-new.webp\",\"contentUrl\":\"https:\/\/www.champmarket.com\/wp-content\/uploads\/2024\/06\/moet-et-chandon-ice-imperial-bouteille-new.webp\",\"width\":1200,\"height\":1200,\"caption\":\"Champagne Mo\u00ebt & Chandon Ice Imperial - Champmarket\"},{\"@type\":\"BreadcrumbList\",\"@id\":\"https:\/\/www.champmarket.com\/nl\/champagne\/moet-chandon-ice-imperial-fles-2\/#breadcrumb\",\"itemListElement\":[{\"@type\":\"ListItem\",\"position\":1,\"name\":\"Accueil\",\"item\":\"https:\/\/www.champmarket.com\/nl\/\"},{\"@type\":\"ListItem\",\"position\":2,\"name\":\"Winkel\",\"item\":\"https:\/\/www.champmarket.com\/nl\/boutique\/\"},{\"@type\":\"ListItem\",\"position\":3,\"name\":\"Mo\u00ebt &amp; Chandon\",\"item\":\"https:\/\/www.champmarket.com\/nl\/maisons\/selectie-champagne-moet-chandon-nl\/\"},{\"@type\":\"ListItem\",\"position\":4,\"name\":\"Mo\u00ebt &amp; Chandon Ice Imp\u00e9rial Fles\"}]},{\"@type\":\"WebSite\",\"@id\":\"https:\/\/www.champmarket.com\/#website\",\"url\":\"https:\/\/www.champmarket.com\/\",\"name\":\"Champmarket\",\"description\":\"Champmarket, Champagnes, Cadeaus en Levenskunst\",\"publisher\":{\"@id\":\"https:\/\/www.champmarket.com\/#organization\"},\"potentialAction\":[{\"@type\":\"SearchAction\",\"target\":{\"@type\":\"EntryPoint\",\"urlTemplate\":\"https:\/\/www.champmarket.com\/?s={search_term_string}\"},\"query-input\":{\"@type\":\"PropertyValueSpecification\",\"valueRequired\":true,\"valueName\":\"search_term_string\"}}],\"inLanguage\":\"nl-NL\"},{\"@type\":\"Organization\",\"@id\":\"https:\/\/www.champmarket.com\/#organization\",\"name\":\"Champmarket\",\"url\":\"https:\/\/www.champmarket.com\/\",\"logo\":{\"@type\":\"ImageObject\",\"inLanguage\":\"nl-NL\",\"@id\":\"https:\/\/www.champmarket.com\/#\/schema\/logo\/image\/\",\"url\":\"https:\/\/www.champmarket.com\/wp-content\/uploads\/2024\/08\/logo2024-1.svg\",\"contentUrl\":\"https:\/\/www.champmarket.com\/wp-content\/uploads\/2024\/08\/logo2024-1.svg\",\"width\":579.8,\"height\":80,\"caption\":\"Champmarket\"},\"image\":{\"@id\":\"https:\/\/www.champmarket.com\/#\/schema\/logo\/image\/\"},\"sameAs\":[\"https:\/\/www.facebook.com\/ChampMarket\/\",\"https:\/\/x.com\/champmarket\",\"https:\/\/www.instagram.com\/champmarket.paris\/\",\"https:\/\/www.pinterest.fr\/champmarketparis\/\",\"https:\/\/www.linkedin.com\/company\/champmarket\/\"]}]}<\/script>\n<!-- \/ Yoast SEO plugin. -->","yoast_head_json":{"title":"Mo\u00ebt &amp; Chandon Ice Imp\u00e9rial Fles - Champmarket","description":"Mo\u00ebt Ice Imperial van Mo\u00ebt & Chandon is een intense, fruitige en frisse champagne, speciaal gecre\u00eberd om op ijs geserveerd te worden voor een moment van absolute frisheid.","robots":{"index":"index","follow":"follow","max-snippet":"max-snippet:-1","max-image-preview":"max-image-preview:large","max-video-preview":"max-video-preview:-1"},"canonical":"https:\/\/www.champmarket.com\/nl\/champagne\/moet-chandon-ice-imperial-fles-2\/","og_locale":"nl_NL","og_type":"article","og_title":"Mo\u00ebt &amp; Chandon Ice Imp\u00e9rial Fles - Champmarket","og_description":"Mo\u00ebt Ice Imperial van Mo\u00ebt & Chandon is een intense, fruitige en frisse champagne, speciaal gecre\u00eberd om op ijs geserveerd te worden voor een moment van absolute frisheid.","og_url":"https:\/\/www.champmarket.com\/nl\/champagne\/moet-chandon-ice-imperial-fles-2\/","og_site_name":"Champmarket","article_publisher":"https:\/\/www.facebook.com\/ChampMarket\/","article_modified_time":"2024-10-10T09:12:00+00:00","og_image":[{"width":1200,"height":1200,"url":"https:\/\/www.champmarket.com\/wp-content\/uploads\/2024\/06\/moet-et-chandon-ice-imperial-bouteille-new.webp","type":"image\/webp"}],"twitter_card":"summary_large_image","twitter_site":"@champmarket","twitter_misc":{"Geschatte leestijd":"1 minuut"},"schema":{"@context":"https:\/\/schema.org","@graph":[{"@type":"WebPage","@id":"https:\/\/www.champmarket.com\/nl\/champagne\/moet-chandon-ice-imperial-fles-2\/","url":"https:\/\/www.champmarket.com\/nl\/champagne\/moet-chandon-ice-imperial-fles-2\/","name":"Mo\u00ebt &amp; Chandon Ice Imp\u00e9rial Fles - Champmarket","isPartOf":{"@id":"https:\/\/www.champmarket.com\/#website"},"primaryImageOfPage":{"@id":"https:\/\/www.champmarket.com\/nl\/champagne\/moet-chandon-ice-imperial-fles-2\/#primaryimage"},"image":{"@id":"https:\/\/www.champmarket.com\/nl\/champagne\/moet-chandon-ice-imperial-fles-2\/#primaryimage"},"thumbnailUrl":"https:\/\/www.champmarket.com\/wp-content\/uploads\/2024\/06\/moet-et-chandon-ice-imperial-bouteille-new.webp","datePublished":"2024-06-27T14:07:15+00:00","dateModified":"2024-10-10T09:12:00+00:00","description":"Mo\u00ebt Ice Imperial van Mo\u00ebt & Chandon is een intense, fruitige en frisse champagne, speciaal gecre\u00eberd om op ijs geserveerd te worden voor een moment van absolute frisheid.","breadcrumb":{"@id":"https:\/\/www.champmarket.com\/nl\/champagne\/moet-chandon-ice-imperial-fles-2\/#breadcrumb"},"inLanguage":"nl-NL","potentialAction":[{"@type":"ReadAction","target":["https:\/\/www.champmarket.com\/nl\/champagne\/moet-chandon-ice-imperial-fles-2\/"]}]},{"@type":"ImageObject","inLanguage":"nl-NL","@id":"https:\/\/www.champmarket.com\/nl\/champagne\/moet-chandon-ice-imperial-fles-2\/#primaryimage","url":"https:\/\/www.champmarket.com\/wp-content\/uploads\/2024\/06\/moet-et-chandon-ice-imperial-bouteille-new.webp","contentUrl":"https:\/\/www.champmarket.com\/wp-content\/uploads\/2024\/06\/moet-et-chandon-ice-imperial-bouteille-new.webp","width":1200,"height":1200,"caption":"Champagne Mo\u00ebt & Chandon Ice Imperial - Champmarket"},{"@type":"BreadcrumbList","@id":"https:\/\/www.champmarket.com\/nl\/champagne\/moet-chandon-ice-imperial-fles-2\/#breadcrumb","itemListElement":[{"@type":"ListItem","position":1,"name":"Accueil","item":"https:\/\/www.champmarket.com\/nl\/"},{"@type":"ListItem","position":2,"name":"Winkel","item":"https:\/\/www.champmarket.com\/nl\/boutique\/"},{"@type":"ListItem","position":3,"name":"Mo\u00ebt &amp; Chandon","item":"https:\/\/www.champmarket.com\/nl\/maisons\/selectie-champagne-moet-chandon-nl\/"},{"@type":"ListItem","position":4,"name":"Mo\u00ebt &amp; Chandon Ice Imp\u00e9rial Fles"}]},{"@type":"WebSite","@id":"https:\/\/www.champmarket.com\/#website","url":"https:\/\/www.champmarket.com\/","name":"Champmarket","description":"Champmarket, Champagnes, Cadeaus en Levenskunst","publisher":{"@id":"https:\/\/www.champmarket.com\/#organization"},"potentialAction":[{"@type":"SearchAction","target":{"@type":"EntryPoint","urlTemplate":"https:\/\/www.champmarket.com\/?s={search_term_string}"},"query-input":{"@type":"PropertyValueSpecification","valueRequired":true,"valueName":"search_term_string"}}],"inLanguage":"nl-NL"},{"@type":"Organization","@id":"https:\/\/www.champmarket.com\/#organization","name":"Champmarket","url":"https:\/\/www.champmarket.com\/","logo":{"@type":"ImageObject","inLanguage":"nl-NL","@id":"https:\/\/www.champmarket.com\/#\/schema\/logo\/image\/","url":"https:\/\/www.champmarket.com\/wp-content\/uploads\/2024\/08\/logo2024-1.svg","contentUrl":"https:\/\/www.champmarket.com\/wp-content\/uploads\/2024\/08\/logo2024-1.svg","width":579.8,"height":80,"caption":"Champmarket"},"image":{"@id":"https:\/\/www.champmarket.com\/#\/schema\/logo\/image\/"},"sameAs":["https:\/\/www.facebook.com\/ChampMarket\/","https:\/\/x.com\/champmarket","https:\/\/www.instagram.com\/champmarket.paris\/","https:\/\/www.pinterest.fr\/champmarketparis\/","https:\/\/www.linkedin.com\/company\/champmarket\/"]}]}},"_links":{"self":[{"href":"https:\/\/www.champmarket.com\/nl\/wp-json\/wp\/v2\/product\/68684","targetHints":{"allow":["GET"]}}],"collection":[{"href":"https:\/\/www.champmarket.com\/nl\/wp-json\/wp\/v2\/product"}],"about":[{"href":"https:\/\/www.champmarket.com\/nl\/wp-json\/wp\/v2\/types\/product"}],"version-history":[{"count":3,"href":"https:\/\/www.champmarket.com\/nl\/wp-json\/wp\/v2\/product\/68684\/revisions"}],"predecessor-version":[{"id":74688,"href":"https:\/\/www.champmarket.com\/nl\/wp-json\/wp\/v2\/product\/68684\/revisions\/74688"}],"wp:featuredmedia":[{"embeddable":true,"href":"https:\/\/www.champmarket.com\/nl\/wp-json\/wp\/v2\/media\/73426"}],"wp:attachment":[{"href":"https:\/\/www.champmarket.com\/nl\/wp-json\/wp\/v2\/media?parent=68684"}],"wp:term":[{"taxonomy":"product_brand","embeddable":true,"href":"https:\/\/www.champmarket.com\/nl\/wp-json\/wp\/v2\/product_brand?post=68684"},{"taxonomy":"product_cat","embeddable":true,"href":"https:\/\/www.champmarket.com\/nl\/wp-json\/wp\/v2\/product_cat?post=68684"},{"taxonomy":"product_tag","embeddable":true,"href":"https:\/\/www.champmarket.com\/nl\/wp-json\/wp\/v2\/product_tag?post=68684"}],"curies":[{"name":"wp","href":"https:\/\/api.w.org\/{rel}","templated":true}]}}