{"id":69582,"date":"2024-01-25T14:10:01","date_gmt":"2024-07-19T09:04:21","guid":{"rendered":"https:\/\/www.champmarket.com\/champagne\/drappier-grande-sendree-2010-magnum-met-houten-kist\/"},"modified":"2025-05-09T14:41:01","modified_gmt":"2025-05-09T12:41:01","slug":"drappier-grande-sendree-2010-magnum-met-houten-kist","status":"publish","type":"product","link":"https:\/\/www.champmarket.com\/nl\/champagne\/drappier-grande-sendree-2010-magnum-met-houten-kist\/","title":{"rendered":"Drappier Grande Sendr\u00e9e 2010 magnum met Houten Kist"},"content":{"rendered":"<p>Het in 1808 opgerichte Champagnehuis Drappier, gevestigd in Urville in de C\u00f4te des Bar, staat bekend om zijn krachtige wijnen met een sterk karakter, ondergebracht in uitzonderlijke flessen. Het familiebedrijf Champagne staat ook bekend om de benaming van zijn grote vintage cuv\u00e9e, de Cuv\u00e9e Grande Sendr\u00e9e. Deze prestigieuze cuv\u00e9e ontleent zijn naam aan een perceel dat in as is gelegd na de brand die Urville in 1838 teisterde. Het is een &#8220;S&#8221; die deze cuv\u00e9e vandaag onderscheidt, ter herinnering aan een spelfout die bij het drukken in het etiket is geslopen: &#8220;cendr\u00e9e&#8221; werd &#8220;sendr\u00e9e&#8221;.<\/p>\n","protected":false},"excerpt":{"rendered":"<p>De cuv\u00e9e Drappier Grande Sendr\u00e9e 2010 magnum met Houten Kist, die in zeer kleine hoeveelheden wordt geproduceerd van oude wijnstokken, is een prestigieuze champagne die alleen in grote jaren ontstaat. Hij verrast door zijn verfijning in het uitdrukken van zijn aromatische complexiteit. Het is de subtiele uitdrukking van volle aroma&#8217;s.<\/p>\n","protected":false},"featured_media":64157,"template":"","meta":{"_acf_changed":false},"product_brand":[],"product_cat":[3144,3129,3132,3176,3115,3116,3169,3168],"product_tag":[3188,3189,3195,3200,3196],"class_list":{"0":"post-69582","1":"product","2":"type-product","3":"status-publish","4":"has-post-thumbnail","6":"maisons-selectie-champagne-drappier-nl","7":"product_cat-drappier-nl","8":"product_cat-grote-flessen","9":"product_cat-magnum-nl","10":"product_cat-tous-les-champagnes-nl","11":"product_cat-vintage-champagne","12":"product_cat-prestige-champagne","13":"product_cat-aperitief","14":"product_cat-repas-nl","15":"product_tag-haute-couture-nl","16":"product_tag-incontournable-nl","17":"product_tag-pour-offrir-nl","18":"product_tag-vintage-nl","19":"product_tag-repas-champagne-nl","21":"first","22":"instock","23":"taxable","24":"shipping-taxable","25":"purchasable","26":"product-type-simple"},"acf":[],"yoast_head":"<!-- This site is optimized with the Yoast SEO plugin v26.4 - https:\/\/yoast.com\/wordpress\/plugins\/seo\/ -->\n<title>Drappier Grande Sendr\u00e9e 2010 magnum met Houten Kist - Champmarket<\/title>\n<meta name=\"description\" content=\"De cuv\u00e9e Drappier Grande Sendr\u00e9e 2010 magnum met Houten Kist is een prestigieuze champagne die verrast door zijn verfijnde expressie van aromatische complexiteit.\" \/>\n<meta name=\"robots\" content=\"index, follow, max-snippet:-1, max-image-preview:large, max-video-preview:-1\" \/>\n<link rel=\"canonical\" href=\"https:\/\/www.champmarket.com\/nl\/champagne\/drappier-grande-sendree-2010-magnum-met-houten-kist\/\" \/>\n<meta property=\"og:locale\" content=\"nl_NL\" \/>\n<meta property=\"og:type\" content=\"article\" \/>\n<meta property=\"og:title\" content=\"Drappier Grande Sendr\u00e9e 2010 magnum met Houten Kist - Champmarket\" \/>\n<meta property=\"og:description\" content=\"De cuv\u00e9e Drappier Grande Sendr\u00e9e 2010 magnum met Houten Kist is een prestigieuze champagne die verrast door zijn verfijnde expressie van aromatische complexiteit.\" \/>\n<meta property=\"og:url\" content=\"https:\/\/www.champmarket.com\/nl\/champagne\/drappier-grande-sendree-2010-magnum-met-houten-kist\/\" \/>\n<meta property=\"og:site_name\" content=\"Champmarket\" \/>\n<meta property=\"article:publisher\" content=\"https:\/\/www.facebook.com\/ChampMarket\/\" \/>\n<meta property=\"article:modified_time\" content=\"2025-05-09T12:41:01+00:00\" \/>\n<meta property=\"og:image\" content=\"https:\/\/www.champmarket.com\/wp-content\/uploads\/2024\/01\/drappier-grande-sendree-2010-magnum-coffret.webp\" \/>\n\t<meta property=\"og:image:width\" content=\"1200\" \/>\n\t<meta property=\"og:image:height\" content=\"1200\" \/>\n\t<meta property=\"og:image:type\" content=\"image\/webp\" \/>\n<meta name=\"twitter:card\" content=\"summary_large_image\" \/>\n<meta name=\"twitter:site\" content=\"@champmarket\" \/>\n<meta name=\"twitter:label1\" content=\"Geschatte leestijd\" \/>\n\t<meta name=\"twitter:data1\" content=\"1 minuut\" \/>\n<script type=\"application\/ld+json\" class=\"yoast-schema-graph\">{\"@context\":\"https:\/\/schema.org\",\"@graph\":[{\"@type\":\"WebPage\",\"@id\":\"https:\/\/www.champmarket.com\/nl\/champagne\/drappier-grande-sendree-2010-magnum-met-houten-kist\/\",\"url\":\"https:\/\/www.champmarket.com\/nl\/champagne\/drappier-grande-sendree-2010-magnum-met-houten-kist\/\",\"name\":\"Drappier Grande Sendr\u00e9e 2010 magnum met Houten Kist - Champmarket\",\"isPartOf\":{\"@id\":\"https:\/\/www.champmarket.com\/#website\"},\"primaryImageOfPage\":{\"@id\":\"https:\/\/www.champmarket.com\/nl\/champagne\/drappier-grande-sendree-2010-magnum-met-houten-kist\/#primaryimage\"},\"image\":{\"@id\":\"https:\/\/www.champmarket.com\/nl\/champagne\/drappier-grande-sendree-2010-magnum-met-houten-kist\/#primaryimage\"},\"thumbnailUrl\":\"https:\/\/www.champmarket.com\/wp-content\/uploads\/2024\/01\/drappier-grande-sendree-2010-magnum-coffret.webp\",\"datePublished\":\"2024-07-19T09:04:21+00:00\",\"dateModified\":\"2025-05-09T12:41:01+00:00\",\"description\":\"De cuv\u00e9e Drappier Grande Sendr\u00e9e 2010 magnum met Houten Kist is een prestigieuze champagne die verrast door zijn verfijnde expressie van aromatische complexiteit.\",\"breadcrumb\":{\"@id\":\"https:\/\/www.champmarket.com\/nl\/champagne\/drappier-grande-sendree-2010-magnum-met-houten-kist\/#breadcrumb\"},\"inLanguage\":\"nl-NL\",\"potentialAction\":[{\"@type\":\"ReadAction\",\"target\":[\"https:\/\/www.champmarket.com\/nl\/champagne\/drappier-grande-sendree-2010-magnum-met-houten-kist\/\"]}]},{\"@type\":\"ImageObject\",\"inLanguage\":\"nl-NL\",\"@id\":\"https:\/\/www.champmarket.com\/nl\/champagne\/drappier-grande-sendree-2010-magnum-met-houten-kist\/#primaryimage\",\"url\":\"https:\/\/www.champmarket.com\/wp-content\/uploads\/2024\/01\/drappier-grande-sendree-2010-magnum-coffret.webp\",\"contentUrl\":\"https:\/\/www.champmarket.com\/wp-content\/uploads\/2024\/01\/drappier-grande-sendree-2010-magnum-coffret.webp\",\"width\":1200,\"height\":1200,\"caption\":\"Champagne Drappier Grande Sendr\u00e9e 2010 magnum avec caisse bois - Champmarket\"},{\"@type\":\"BreadcrumbList\",\"@id\":\"https:\/\/www.champmarket.com\/nl\/champagne\/drappier-grande-sendree-2010-magnum-met-houten-kist\/#breadcrumb\",\"itemListElement\":[{\"@type\":\"ListItem\",\"position\":1,\"name\":\"Accueil\",\"item\":\"https:\/\/www.champmarket.com\/nl\/\"},{\"@type\":\"ListItem\",\"position\":2,\"name\":\"Winkel\",\"item\":\"https:\/\/www.champmarket.com\/nl\/boutique\/\"},{\"@type\":\"ListItem\",\"position\":3,\"name\":\"Drappier\",\"item\":\"https:\/\/www.champmarket.com\/nl\/maisons\/selectie-champagne-drappier-nl\/\"},{\"@type\":\"ListItem\",\"position\":4,\"name\":\"Drappier Grande Sendr\u00e9e 2010 magnum met Houten Kist\"}]},{\"@type\":\"WebSite\",\"@id\":\"https:\/\/www.champmarket.com\/#website\",\"url\":\"https:\/\/www.champmarket.com\/\",\"name\":\"Champmarket\",\"description\":\"Champmarket, Champagnes, Cadeaus en Levenskunst\",\"publisher\":{\"@id\":\"https:\/\/www.champmarket.com\/#organization\"},\"potentialAction\":[{\"@type\":\"SearchAction\",\"target\":{\"@type\":\"EntryPoint\",\"urlTemplate\":\"https:\/\/www.champmarket.com\/?s={search_term_string}\"},\"query-input\":{\"@type\":\"PropertyValueSpecification\",\"valueRequired\":true,\"valueName\":\"search_term_string\"}}],\"inLanguage\":\"nl-NL\"},{\"@type\":\"Organization\",\"@id\":\"https:\/\/www.champmarket.com\/#organization\",\"name\":\"Champmarket\",\"url\":\"https:\/\/www.champmarket.com\/\",\"logo\":{\"@type\":\"ImageObject\",\"inLanguage\":\"nl-NL\",\"@id\":\"https:\/\/www.champmarket.com\/#\/schema\/logo\/image\/\",\"url\":\"https:\/\/www.champmarket.com\/wp-content\/uploads\/2024\/08\/logo2024-1.svg\",\"contentUrl\":\"https:\/\/www.champmarket.com\/wp-content\/uploads\/2024\/08\/logo2024-1.svg\",\"width\":579.8,\"height\":80,\"caption\":\"Champmarket\"},\"image\":{\"@id\":\"https:\/\/www.champmarket.com\/#\/schema\/logo\/image\/\"},\"sameAs\":[\"https:\/\/www.facebook.com\/ChampMarket\/\",\"https:\/\/x.com\/champmarket\",\"https:\/\/www.instagram.com\/champmarket.paris\/\",\"https:\/\/www.pinterest.fr\/champmarketparis\/\",\"https:\/\/www.linkedin.com\/company\/champmarket\/\"]}]}<\/script>\n<!-- \/ Yoast SEO plugin. -->","yoast_head_json":{"title":"Drappier Grande Sendr\u00e9e 2010 magnum met Houten Kist - Champmarket","description":"De cuv\u00e9e Drappier Grande Sendr\u00e9e 2010 magnum met Houten Kist is een prestigieuze champagne die verrast door zijn verfijnde expressie van aromatische complexiteit.","robots":{"index":"index","follow":"follow","max-snippet":"max-snippet:-1","max-image-preview":"max-image-preview:large","max-video-preview":"max-video-preview:-1"},"canonical":"https:\/\/www.champmarket.com\/nl\/champagne\/drappier-grande-sendree-2010-magnum-met-houten-kist\/","og_locale":"nl_NL","og_type":"article","og_title":"Drappier Grande Sendr\u00e9e 2010 magnum met Houten Kist - Champmarket","og_description":"De cuv\u00e9e Drappier Grande Sendr\u00e9e 2010 magnum met Houten Kist is een prestigieuze champagne die verrast door zijn verfijnde expressie van aromatische complexiteit.","og_url":"https:\/\/www.champmarket.com\/nl\/champagne\/drappier-grande-sendree-2010-magnum-met-houten-kist\/","og_site_name":"Champmarket","article_publisher":"https:\/\/www.facebook.com\/ChampMarket\/","article_modified_time":"2025-05-09T12:41:01+00:00","og_image":[{"width":1200,"height":1200,"url":"https:\/\/www.champmarket.com\/wp-content\/uploads\/2024\/01\/drappier-grande-sendree-2010-magnum-coffret.webp","type":"image\/webp"}],"twitter_card":"summary_large_image","twitter_site":"@champmarket","twitter_misc":{"Geschatte leestijd":"1 minuut"},"schema":{"@context":"https:\/\/schema.org","@graph":[{"@type":"WebPage","@id":"https:\/\/www.champmarket.com\/nl\/champagne\/drappier-grande-sendree-2010-magnum-met-houten-kist\/","url":"https:\/\/www.champmarket.com\/nl\/champagne\/drappier-grande-sendree-2010-magnum-met-houten-kist\/","name":"Drappier Grande Sendr\u00e9e 2010 magnum met Houten Kist - Champmarket","isPartOf":{"@id":"https:\/\/www.champmarket.com\/#website"},"primaryImageOfPage":{"@id":"https:\/\/www.champmarket.com\/nl\/champagne\/drappier-grande-sendree-2010-magnum-met-houten-kist\/#primaryimage"},"image":{"@id":"https:\/\/www.champmarket.com\/nl\/champagne\/drappier-grande-sendree-2010-magnum-met-houten-kist\/#primaryimage"},"thumbnailUrl":"https:\/\/www.champmarket.com\/wp-content\/uploads\/2024\/01\/drappier-grande-sendree-2010-magnum-coffret.webp","datePublished":"2024-07-19T09:04:21+00:00","dateModified":"2025-05-09T12:41:01+00:00","description":"De cuv\u00e9e Drappier Grande Sendr\u00e9e 2010 magnum met Houten Kist is een prestigieuze champagne die verrast door zijn verfijnde expressie van aromatische complexiteit.","breadcrumb":{"@id":"https:\/\/www.champmarket.com\/nl\/champagne\/drappier-grande-sendree-2010-magnum-met-houten-kist\/#breadcrumb"},"inLanguage":"nl-NL","potentialAction":[{"@type":"ReadAction","target":["https:\/\/www.champmarket.com\/nl\/champagne\/drappier-grande-sendree-2010-magnum-met-houten-kist\/"]}]},{"@type":"ImageObject","inLanguage":"nl-NL","@id":"https:\/\/www.champmarket.com\/nl\/champagne\/drappier-grande-sendree-2010-magnum-met-houten-kist\/#primaryimage","url":"https:\/\/www.champmarket.com\/wp-content\/uploads\/2024\/01\/drappier-grande-sendree-2010-magnum-coffret.webp","contentUrl":"https:\/\/www.champmarket.com\/wp-content\/uploads\/2024\/01\/drappier-grande-sendree-2010-magnum-coffret.webp","width":1200,"height":1200,"caption":"Champagne Drappier Grande Sendr\u00e9e 2010 magnum avec caisse bois - Champmarket"},{"@type":"BreadcrumbList","@id":"https:\/\/www.champmarket.com\/nl\/champagne\/drappier-grande-sendree-2010-magnum-met-houten-kist\/#breadcrumb","itemListElement":[{"@type":"ListItem","position":1,"name":"Accueil","item":"https:\/\/www.champmarket.com\/nl\/"},{"@type":"ListItem","position":2,"name":"Winkel","item":"https:\/\/www.champmarket.com\/nl\/boutique\/"},{"@type":"ListItem","position":3,"name":"Drappier","item":"https:\/\/www.champmarket.com\/nl\/maisons\/selectie-champagne-drappier-nl\/"},{"@type":"ListItem","position":4,"name":"Drappier Grande Sendr\u00e9e 2010 magnum met Houten Kist"}]},{"@type":"WebSite","@id":"https:\/\/www.champmarket.com\/#website","url":"https:\/\/www.champmarket.com\/","name":"Champmarket","description":"Champmarket, Champagnes, Cadeaus en Levenskunst","publisher":{"@id":"https:\/\/www.champmarket.com\/#organization"},"potentialAction":[{"@type":"SearchAction","target":{"@type":"EntryPoint","urlTemplate":"https:\/\/www.champmarket.com\/?s={search_term_string}"},"query-input":{"@type":"PropertyValueSpecification","valueRequired":true,"valueName":"search_term_string"}}],"inLanguage":"nl-NL"},{"@type":"Organization","@id":"https:\/\/www.champmarket.com\/#organization","name":"Champmarket","url":"https:\/\/www.champmarket.com\/","logo":{"@type":"ImageObject","inLanguage":"nl-NL","@id":"https:\/\/www.champmarket.com\/#\/schema\/logo\/image\/","url":"https:\/\/www.champmarket.com\/wp-content\/uploads\/2024\/08\/logo2024-1.svg","contentUrl":"https:\/\/www.champmarket.com\/wp-content\/uploads\/2024\/08\/logo2024-1.svg","width":579.8,"height":80,"caption":"Champmarket"},"image":{"@id":"https:\/\/www.champmarket.com\/#\/schema\/logo\/image\/"},"sameAs":["https:\/\/www.facebook.com\/ChampMarket\/","https:\/\/x.com\/champmarket","https:\/\/www.instagram.com\/champmarket.paris\/","https:\/\/www.pinterest.fr\/champmarketparis\/","https:\/\/www.linkedin.com\/company\/champmarket\/"]}]}},"_links":{"self":[{"href":"https:\/\/www.champmarket.com\/nl\/wp-json\/wp\/v2\/product\/69582","targetHints":{"allow":["GET"]}}],"collection":[{"href":"https:\/\/www.champmarket.com\/nl\/wp-json\/wp\/v2\/product"}],"about":[{"href":"https:\/\/www.champmarket.com\/nl\/wp-json\/wp\/v2\/types\/product"}],"version-history":[{"count":2,"href":"https:\/\/www.champmarket.com\/nl\/wp-json\/wp\/v2\/product\/69582\/revisions"}],"predecessor-version":[{"id":74803,"href":"https:\/\/www.champmarket.com\/nl\/wp-json\/wp\/v2\/product\/69582\/revisions\/74803"}],"wp:featuredmedia":[{"embeddable":true,"href":"https:\/\/www.champmarket.com\/nl\/wp-json\/wp\/v2\/media\/64157"}],"wp:attachment":[{"href":"https:\/\/www.champmarket.com\/nl\/wp-json\/wp\/v2\/media?parent=69582"}],"wp:term":[{"taxonomy":"product_brand","embeddable":true,"href":"https:\/\/www.champmarket.com\/nl\/wp-json\/wp\/v2\/product_brand?post=69582"},{"taxonomy":"product_cat","embeddable":true,"href":"https:\/\/www.champmarket.com\/nl\/wp-json\/wp\/v2\/product_cat?post=69582"},{"taxonomy":"product_tag","embeddable":true,"href":"https:\/\/www.champmarket.com\/nl\/wp-json\/wp\/v2\/product_tag?post=69582"}],"curies":[{"name":"wp","href":"https:\/\/api.w.org\/{rel}","templated":true}]}}