{"id":73466,"date":"2024-09-20T14:10:12","date_gmt":"2024-09-20T12:10:12","guid":{"rendered":"https:\/\/www.champmarket.com\/?post_type=product&#038;p=73466"},"modified":"2024-10-10T10:55:14","modified_gmt":"2024-10-10T08:55:14","slug":"dom-perignon-vintage-2013-fles-copie","status":"publish","type":"product","link":"https:\/\/www.champmarket.com\/nl\/champagne\/dom-perignon-vintage-2013-fles-copie\/","title":{"rendered":"Dom P\u00e9rignon Vintage 2015 Fles"},"content":{"rendered":"<p>De structuur van Vintage 2015 voelt horizontaal, breed en recht aan, wat de intensiteit van de wijn weerspiegelt.<br \/>\nElke slok bedekt het gehemelte en drukt zijn stempel met duidelijke, zuivere smaken, getekend in rechte lijnen in plaats van krommingen.<br \/>\nDit gestructureerde design is de ware signatuur van Dom P\u00e9rignon, waar aanraking fundamenteel wordt.<br \/>\nZonder deze tactiele dimensie zou de smaak van de wijn zich niet volledig kunnen ontvouwen in de tijd en ruimte van het proeven.    Dom P\u00e9rignon heeft een creatieve ambitie, die van de zoektocht, voortdurend vernieuwd, naar de harmonie van de champagne. De sensorische waarden worden ingezet: precisie, intensiteit, tactiel, mineraal, complexiteit, volledigheid, een manier om de noot vast te houden. Elk creatief proces heeft zijn beperkingen. Voor Dom P\u00e9rignon is dat de jaargang. Een absoluut engagement om de oogst van \u00e9\u00e9n en hetzelfde jaar mee te maken, ongeacht de uitdaging, tot het punt dat men aanvaardt de oogst niet aan te geven. Tijd zit in de Dom P\u00e9rignon vergelijking. Tijdens de periode van actieve rijping op de droesem, in de duisternis van de kelders, onthult elk wijnjaar zichzelf. Voor Dom P\u00e9rignon Vintage 2015 duurde deze langzame metamorfose bijna tien jaar.<\/p>\n","protected":false},"excerpt":{"rendered":"<p>Dom P\u00e9rignon Vintage 2015, geboren uit een jaar van uitzonderlijke contrasten, onderscheidt zich door zijn kracht en opvallende, tactiele aanwezigheid. Deze vintage, aanvankelijk donker en raadselachtig, onthult een textuur die op een opmerkelijke manier raakt en een unieke zintuiglijke ervaring biedt. De emotie die Dom P\u00e9rignon Vintage 2015 oproept, schommelt tussen stimulatie en harmonie. De subtiele bitterheid treedt op, terwijl de gulheid van de wijn een lange vibratie en gestructureerde korrel ontvouwt, die zich geleidelijk opent. Dit wijnjaar illustreert perfect het vermogen van Dom P\u00e9rignon om de essentie van de ingredi\u00ebnten waarmee hij wordt geserveerd vast te leggen, en belooft een onvergetelijke proeverij die wordt gekenmerkt door zijn intensiteit en finesse.      &nbsp;<\/p>\n<p>&nbsp;<\/p>\n<p>&nbsp;<\/p>\n","protected":false},"featured_media":73477,"template":"","meta":{"_acf_changed":false},"product_brand":[],"product_cat":[3535,3470,3353,3321,3308,3138,3143,3106,3137,3176,3115,3116,3169,3168],"product_tag":[3188,3189,3199,3200,3196],"class_list":{"0":"post-73466","1":"product","2":"type-product","3":"status-publish","4":"has-post-thumbnail","6":"maisons-selectie-champagne-dom-perignon-nl","7":"product_cat-b2b-groothandel-fles-aanbieding","8":"product_cat-onze-favorieten","9":"product_cat-kerstchampagnes","10":"product_cat-beste-champagnes","11":"product_cat-alle-champagnes-en-boxes","12":"product_cat-categorie-champagnehuizen","13":"product_cat-dom-perignon-nl","14":"product_cat-flessen","15":"product_cat-niet-te-missen","16":"product_cat-tous-les-champagnes-nl","17":"product_cat-vintage-champagne","18":"product_cat-prestige-champagne","19":"product_cat-aperitief","20":"product_cat-repas-nl","21":"product_tag-haute-couture-nl","22":"product_tag-incontournable-nl","23":"product_tag-aperitif-nl","24":"product_tag-vintage-nl","25":"product_tag-repas-champagne-nl","27":"first","28":"instock","29":"taxable","30":"shipping-taxable","31":"purchasable","32":"product-type-simple"},"acf":[],"yoast_head":"<!-- This site is optimized with the Yoast SEO plugin v26.4 - https:\/\/yoast.com\/wordpress\/plugins\/seo\/ -->\n<title>Dom P\u00e9rignon Vintage 2015 Fles - Champmarket<\/title>\n<meta name=\"description\" content=\"Dom P\u00e9rignon Vintage 2015, geboren uit een jaar van uitzonderlijke contrasten, onderscheidt zich door zijn kracht en opvallende, tactiele aanwezigheid. Deze Vintage schommelt tussen stimulatie en harmonie.\" \/>\n<meta name=\"robots\" content=\"index, follow, max-snippet:-1, max-image-preview:large, max-video-preview:-1\" \/>\n<link rel=\"canonical\" href=\"https:\/\/www.champmarket.com\/nl\/champagne\/dom-perignon-vintage-2013-fles-copie\/\" \/>\n<meta property=\"og:locale\" content=\"nl_NL\" \/>\n<meta property=\"og:type\" content=\"article\" \/>\n<meta property=\"og:title\" content=\"Dom P\u00e9rignon Vintage 2015 Fles - Champmarket\" \/>\n<meta property=\"og:description\" content=\"Dom P\u00e9rignon Vintage 2015, geboren uit een jaar van uitzonderlijke contrasten, onderscheidt zich door zijn kracht en opvallende, tactiele aanwezigheid. Deze Vintage schommelt tussen stimulatie en harmonie.\" \/>\n<meta property=\"og:url\" content=\"https:\/\/www.champmarket.com\/nl\/champagne\/dom-perignon-vintage-2013-fles-copie\/\" \/>\n<meta property=\"og:site_name\" content=\"Champmarket\" \/>\n<meta property=\"article:publisher\" content=\"https:\/\/www.facebook.com\/ChampMarket\/\" \/>\n<meta property=\"article:modified_time\" content=\"2024-10-10T08:55:14+00:00\" \/>\n<meta property=\"og:image\" content=\"https:\/\/www.champmarket.com\/wp-content\/uploads\/2024\/09\/dom-perignon-vintage-2015-bouteille.webp\" \/>\n\t<meta property=\"og:image:width\" content=\"1200\" \/>\n\t<meta property=\"og:image:height\" content=\"1200\" \/>\n\t<meta property=\"og:image:type\" content=\"image\/webp\" \/>\n<meta name=\"twitter:card\" content=\"summary_large_image\" \/>\n<meta name=\"twitter:site\" content=\"@champmarket\" \/>\n<meta name=\"twitter:label1\" content=\"Geschatte leestijd\" \/>\n\t<meta name=\"twitter:data1\" content=\"2 minuten\" \/>\n<script type=\"application\/ld+json\" class=\"yoast-schema-graph\">{\"@context\":\"https:\/\/schema.org\",\"@graph\":[{\"@type\":\"WebPage\",\"@id\":\"https:\/\/www.champmarket.com\/nl\/champagne\/dom-perignon-vintage-2013-fles-copie\/\",\"url\":\"https:\/\/www.champmarket.com\/nl\/champagne\/dom-perignon-vintage-2013-fles-copie\/\",\"name\":\"Dom P\u00e9rignon Vintage 2015 Fles - Champmarket\",\"isPartOf\":{\"@id\":\"https:\/\/www.champmarket.com\/#website\"},\"primaryImageOfPage\":{\"@id\":\"https:\/\/www.champmarket.com\/nl\/champagne\/dom-perignon-vintage-2013-fles-copie\/#primaryimage\"},\"image\":{\"@id\":\"https:\/\/www.champmarket.com\/nl\/champagne\/dom-perignon-vintage-2013-fles-copie\/#primaryimage\"},\"thumbnailUrl\":\"https:\/\/www.champmarket.com\/wp-content\/uploads\/2024\/09\/dom-perignon-vintage-2015-bouteille.webp\",\"datePublished\":\"2024-09-20T12:10:12+00:00\",\"dateModified\":\"2024-10-10T08:55:14+00:00\",\"description\":\"Dom P\u00e9rignon Vintage 2015, geboren uit een jaar van uitzonderlijke contrasten, onderscheidt zich door zijn kracht en opvallende, tactiele aanwezigheid. Deze Vintage schommelt tussen stimulatie en harmonie.\",\"breadcrumb\":{\"@id\":\"https:\/\/www.champmarket.com\/nl\/champagne\/dom-perignon-vintage-2013-fles-copie\/#breadcrumb\"},\"inLanguage\":\"nl-NL\",\"potentialAction\":[{\"@type\":\"ReadAction\",\"target\":[\"https:\/\/www.champmarket.com\/nl\/champagne\/dom-perignon-vintage-2013-fles-copie\/\"]}]},{\"@type\":\"ImageObject\",\"inLanguage\":\"nl-NL\",\"@id\":\"https:\/\/www.champmarket.com\/nl\/champagne\/dom-perignon-vintage-2013-fles-copie\/#primaryimage\",\"url\":\"https:\/\/www.champmarket.com\/wp-content\/uploads\/2024\/09\/dom-perignon-vintage-2015-bouteille.webp\",\"contentUrl\":\"https:\/\/www.champmarket.com\/wp-content\/uploads\/2024\/09\/dom-perignon-vintage-2015-bouteille.webp\",\"width\":1200,\"height\":1200,\"caption\":\"Champagne Dom P\u00e9rignon Vintage 2015 - Champmarket\"},{\"@type\":\"BreadcrumbList\",\"@id\":\"https:\/\/www.champmarket.com\/nl\/champagne\/dom-perignon-vintage-2013-fles-copie\/#breadcrumb\",\"itemListElement\":[{\"@type\":\"ListItem\",\"position\":1,\"name\":\"Accueil\",\"item\":\"https:\/\/www.champmarket.com\/nl\/\"},{\"@type\":\"ListItem\",\"position\":2,\"name\":\"Winkel\",\"item\":\"https:\/\/www.champmarket.com\/nl\/boutique\/\"},{\"@type\":\"ListItem\",\"position\":3,\"name\":\"Dom P\u00e9rignon\",\"item\":\"https:\/\/www.champmarket.com\/nl\/maisons\/selectie-champagne-dom-perignon-nl\/\"},{\"@type\":\"ListItem\",\"position\":4,\"name\":\"Dom P\u00e9rignon Vintage 2015 Fles\"}]},{\"@type\":\"WebSite\",\"@id\":\"https:\/\/www.champmarket.com\/#website\",\"url\":\"https:\/\/www.champmarket.com\/\",\"name\":\"Champmarket\",\"description\":\"Champmarket, Champagnes, Cadeaus en Levenskunst\",\"publisher\":{\"@id\":\"https:\/\/www.champmarket.com\/#organization\"},\"potentialAction\":[{\"@type\":\"SearchAction\",\"target\":{\"@type\":\"EntryPoint\",\"urlTemplate\":\"https:\/\/www.champmarket.com\/?s={search_term_string}\"},\"query-input\":{\"@type\":\"PropertyValueSpecification\",\"valueRequired\":true,\"valueName\":\"search_term_string\"}}],\"inLanguage\":\"nl-NL\"},{\"@type\":\"Organization\",\"@id\":\"https:\/\/www.champmarket.com\/#organization\",\"name\":\"Champmarket\",\"url\":\"https:\/\/www.champmarket.com\/\",\"logo\":{\"@type\":\"ImageObject\",\"inLanguage\":\"nl-NL\",\"@id\":\"https:\/\/www.champmarket.com\/#\/schema\/logo\/image\/\",\"url\":\"https:\/\/www.champmarket.com\/wp-content\/uploads\/2024\/08\/logo2024-1.svg\",\"contentUrl\":\"https:\/\/www.champmarket.com\/wp-content\/uploads\/2024\/08\/logo2024-1.svg\",\"width\":579.8,\"height\":80,\"caption\":\"Champmarket\"},\"image\":{\"@id\":\"https:\/\/www.champmarket.com\/#\/schema\/logo\/image\/\"},\"sameAs\":[\"https:\/\/www.facebook.com\/ChampMarket\/\",\"https:\/\/x.com\/champmarket\",\"https:\/\/www.instagram.com\/champmarket.paris\/\",\"https:\/\/www.pinterest.fr\/champmarketparis\/\",\"https:\/\/www.linkedin.com\/company\/champmarket\/\"]}]}<\/script>\n<!-- \/ Yoast SEO plugin. -->","yoast_head_json":{"title":"Dom P\u00e9rignon Vintage 2015 Fles - Champmarket","description":"Dom P\u00e9rignon Vintage 2015, geboren uit een jaar van uitzonderlijke contrasten, onderscheidt zich door zijn kracht en opvallende, tactiele aanwezigheid. Deze Vintage schommelt tussen stimulatie en harmonie.","robots":{"index":"index","follow":"follow","max-snippet":"max-snippet:-1","max-image-preview":"max-image-preview:large","max-video-preview":"max-video-preview:-1"},"canonical":"https:\/\/www.champmarket.com\/nl\/champagne\/dom-perignon-vintage-2013-fles-copie\/","og_locale":"nl_NL","og_type":"article","og_title":"Dom P\u00e9rignon Vintage 2015 Fles - Champmarket","og_description":"Dom P\u00e9rignon Vintage 2015, geboren uit een jaar van uitzonderlijke contrasten, onderscheidt zich door zijn kracht en opvallende, tactiele aanwezigheid. Deze Vintage schommelt tussen stimulatie en harmonie.","og_url":"https:\/\/www.champmarket.com\/nl\/champagne\/dom-perignon-vintage-2013-fles-copie\/","og_site_name":"Champmarket","article_publisher":"https:\/\/www.facebook.com\/ChampMarket\/","article_modified_time":"2024-10-10T08:55:14+00:00","og_image":[{"width":1200,"height":1200,"url":"https:\/\/www.champmarket.com\/wp-content\/uploads\/2024\/09\/dom-perignon-vintage-2015-bouteille.webp","type":"image\/webp"}],"twitter_card":"summary_large_image","twitter_site":"@champmarket","twitter_misc":{"Geschatte leestijd":"2 minuten"},"schema":{"@context":"https:\/\/schema.org","@graph":[{"@type":"WebPage","@id":"https:\/\/www.champmarket.com\/nl\/champagne\/dom-perignon-vintage-2013-fles-copie\/","url":"https:\/\/www.champmarket.com\/nl\/champagne\/dom-perignon-vintage-2013-fles-copie\/","name":"Dom P\u00e9rignon Vintage 2015 Fles - Champmarket","isPartOf":{"@id":"https:\/\/www.champmarket.com\/#website"},"primaryImageOfPage":{"@id":"https:\/\/www.champmarket.com\/nl\/champagne\/dom-perignon-vintage-2013-fles-copie\/#primaryimage"},"image":{"@id":"https:\/\/www.champmarket.com\/nl\/champagne\/dom-perignon-vintage-2013-fles-copie\/#primaryimage"},"thumbnailUrl":"https:\/\/www.champmarket.com\/wp-content\/uploads\/2024\/09\/dom-perignon-vintage-2015-bouteille.webp","datePublished":"2024-09-20T12:10:12+00:00","dateModified":"2024-10-10T08:55:14+00:00","description":"Dom P\u00e9rignon Vintage 2015, geboren uit een jaar van uitzonderlijke contrasten, onderscheidt zich door zijn kracht en opvallende, tactiele aanwezigheid. Deze Vintage schommelt tussen stimulatie en harmonie.","breadcrumb":{"@id":"https:\/\/www.champmarket.com\/nl\/champagne\/dom-perignon-vintage-2013-fles-copie\/#breadcrumb"},"inLanguage":"nl-NL","potentialAction":[{"@type":"ReadAction","target":["https:\/\/www.champmarket.com\/nl\/champagne\/dom-perignon-vintage-2013-fles-copie\/"]}]},{"@type":"ImageObject","inLanguage":"nl-NL","@id":"https:\/\/www.champmarket.com\/nl\/champagne\/dom-perignon-vintage-2013-fles-copie\/#primaryimage","url":"https:\/\/www.champmarket.com\/wp-content\/uploads\/2024\/09\/dom-perignon-vintage-2015-bouteille.webp","contentUrl":"https:\/\/www.champmarket.com\/wp-content\/uploads\/2024\/09\/dom-perignon-vintage-2015-bouteille.webp","width":1200,"height":1200,"caption":"Champagne Dom P\u00e9rignon Vintage 2015 - Champmarket"},{"@type":"BreadcrumbList","@id":"https:\/\/www.champmarket.com\/nl\/champagne\/dom-perignon-vintage-2013-fles-copie\/#breadcrumb","itemListElement":[{"@type":"ListItem","position":1,"name":"Accueil","item":"https:\/\/www.champmarket.com\/nl\/"},{"@type":"ListItem","position":2,"name":"Winkel","item":"https:\/\/www.champmarket.com\/nl\/boutique\/"},{"@type":"ListItem","position":3,"name":"Dom P\u00e9rignon","item":"https:\/\/www.champmarket.com\/nl\/maisons\/selectie-champagne-dom-perignon-nl\/"},{"@type":"ListItem","position":4,"name":"Dom P\u00e9rignon Vintage 2015 Fles"}]},{"@type":"WebSite","@id":"https:\/\/www.champmarket.com\/#website","url":"https:\/\/www.champmarket.com\/","name":"Champmarket","description":"Champmarket, Champagnes, Cadeaus en Levenskunst","publisher":{"@id":"https:\/\/www.champmarket.com\/#organization"},"potentialAction":[{"@type":"SearchAction","target":{"@type":"EntryPoint","urlTemplate":"https:\/\/www.champmarket.com\/?s={search_term_string}"},"query-input":{"@type":"PropertyValueSpecification","valueRequired":true,"valueName":"search_term_string"}}],"inLanguage":"nl-NL"},{"@type":"Organization","@id":"https:\/\/www.champmarket.com\/#organization","name":"Champmarket","url":"https:\/\/www.champmarket.com\/","logo":{"@type":"ImageObject","inLanguage":"nl-NL","@id":"https:\/\/www.champmarket.com\/#\/schema\/logo\/image\/","url":"https:\/\/www.champmarket.com\/wp-content\/uploads\/2024\/08\/logo2024-1.svg","contentUrl":"https:\/\/www.champmarket.com\/wp-content\/uploads\/2024\/08\/logo2024-1.svg","width":579.8,"height":80,"caption":"Champmarket"},"image":{"@id":"https:\/\/www.champmarket.com\/#\/schema\/logo\/image\/"},"sameAs":["https:\/\/www.facebook.com\/ChampMarket\/","https:\/\/x.com\/champmarket","https:\/\/www.instagram.com\/champmarket.paris\/","https:\/\/www.pinterest.fr\/champmarketparis\/","https:\/\/www.linkedin.com\/company\/champmarket\/"]}]}},"_links":{"self":[{"href":"https:\/\/www.champmarket.com\/nl\/wp-json\/wp\/v2\/product\/73466","targetHints":{"allow":["GET"]}}],"collection":[{"href":"https:\/\/www.champmarket.com\/nl\/wp-json\/wp\/v2\/product"}],"about":[{"href":"https:\/\/www.champmarket.com\/nl\/wp-json\/wp\/v2\/types\/product"}],"version-history":[{"count":2,"href":"https:\/\/www.champmarket.com\/nl\/wp-json\/wp\/v2\/product\/73466\/revisions"}],"predecessor-version":[{"id":74654,"href":"https:\/\/www.champmarket.com\/nl\/wp-json\/wp\/v2\/product\/73466\/revisions\/74654"}],"wp:featuredmedia":[{"embeddable":true,"href":"https:\/\/www.champmarket.com\/nl\/wp-json\/wp\/v2\/media\/73477"}],"wp:attachment":[{"href":"https:\/\/www.champmarket.com\/nl\/wp-json\/wp\/v2\/media?parent=73466"}],"wp:term":[{"taxonomy":"product_brand","embeddable":true,"href":"https:\/\/www.champmarket.com\/nl\/wp-json\/wp\/v2\/product_brand?post=73466"},{"taxonomy":"product_cat","embeddable":true,"href":"https:\/\/www.champmarket.com\/nl\/wp-json\/wp\/v2\/product_cat?post=73466"},{"taxonomy":"product_tag","embeddable":true,"href":"https:\/\/www.champmarket.com\/nl\/wp-json\/wp\/v2\/product_tag?post=73466"}],"curies":[{"name":"wp","href":"https:\/\/api.w.org\/{rel}","templated":true}]}}