{"id":73965,"date":"2024-09-30T11:51:58","date_gmt":"2024-09-30T09:51:59","guid":{"rendered":"https:\/\/www.champmarket.com\/?post_type=product&#038;p=73965"},"modified":"2024-10-10T10:44:38","modified_gmt":"2024-10-10T08:44:38","slug":"veuve-clicquot-rose-fles-2","status":"publish","type":"product","link":"https:\/\/www.champmarket.com\/nl\/champagne\/veuve-clicquot-rose-fles-2\/","title":{"rendered":"Veuve Clicquot Ros\u00e9 Fles nieuw"},"content":{"rendered":"<p>Een frisse, gestructureerde en gastronomische champagne om te delen met vrienden.<\/p>\n","protected":false},"excerpt":{"rendered":"<p>Veuve Clicquot Ros\u00e9 is een cuv\u00e9e voor alle mooie momenten, een frisse, gestructureerde en gastronomische champagne om te delen met vrienden. Brut De Ros\u00e9 is een ros\u00e9uitdrukking van de Carte Jaune, de signatuur van Veuve Clicquot, en heeft dezelfde structuur: de intensiteit van de Pinot Noir, die de blend domineert en de stijl van het Huis Veuve Clicquot markeert, de finesse en elegantie van de Chardonnay en de rondheid van de toets van Meunier.  <\/p>\n","protected":false},"featured_media":73984,"template":"","meta":{"_acf_changed":false},"product_brand":[],"product_cat":[3535,3492,3352,3174,3308,3138,3161,3106,3176,3117,3169],"product_tag":[3190,3199],"class_list":{"0":"post-73965","1":"product","2":"type-product","3":"status-publish","4":"has-post-thumbnail","6":"maisons-selectie-champagne-veuve-clicquot-nl","7":"product_cat-b2b-groothandel-fles-aanbieding","8":"product_cat-selection-voor-samengestelde-doos-van-6-flessen-rose","9":"product_cat-zomerse-champagnes","10":"product_cat-selectie-voor-samenstelbare-box-6-flessen-469e","11":"product_cat-alle-champagnes-en-boxes","12":"product_cat-categorie-champagnehuizen","13":"product_cat-veuve-clicquot-nl","14":"product_cat-flessen","15":"product_cat-tous-les-champagnes-nl","16":"product_cat-rose-champagne","17":"product_cat-aperitief","18":"product_tag-la-vie-en-rose-nl","19":"product_tag-aperitif-nl","21":"first","22":"instock","23":"taxable","24":"shipping-taxable","25":"purchasable","26":"product-type-simple"},"acf":[],"yoast_head":"<!-- This site is optimized with the Yoast SEO plugin v26.4 - https:\/\/yoast.com\/wordpress\/plugins\/seo\/ -->\n<title>Veuve Clicquot Ros\u00e9 Fles nieuw - Champmarket<\/title>\n<meta name=\"description\" content=\"Veuve Clicquot Ros\u00e9 is een cuv\u00e9e voor al die speciale momenten, een frisse, gestructureerde en heerlijke champagne om te delen met vrienden.\" \/>\n<meta name=\"robots\" content=\"index, follow, max-snippet:-1, max-image-preview:large, max-video-preview:-1\" \/>\n<link rel=\"canonical\" href=\"https:\/\/www.champmarket.com\/nl\/champagne\/veuve-clicquot-rose-fles-2\/\" \/>\n<meta property=\"og:locale\" content=\"nl_NL\" \/>\n<meta property=\"og:type\" content=\"article\" \/>\n<meta property=\"og:title\" content=\"Veuve Clicquot Ros\u00e9 Fles nieuw - Champmarket\" \/>\n<meta property=\"og:description\" content=\"Veuve Clicquot Ros\u00e9 is een cuv\u00e9e voor al die speciale momenten, een frisse, gestructureerde en heerlijke champagne om te delen met vrienden.\" \/>\n<meta property=\"og:url\" content=\"https:\/\/www.champmarket.com\/nl\/champagne\/veuve-clicquot-rose-fles-2\/\" \/>\n<meta property=\"og:site_name\" content=\"Champmarket\" \/>\n<meta property=\"article:publisher\" content=\"https:\/\/www.facebook.com\/ChampMarket\/\" \/>\n<meta property=\"article:modified_time\" content=\"2024-10-10T08:44:38+00:00\" \/>\n<meta property=\"og:image\" content=\"https:\/\/www.champmarket.com\/wp-content\/uploads\/2024\/09\/veuve-clicquot-rose-bouteille.webp\" \/>\n\t<meta property=\"og:image:width\" content=\"1200\" \/>\n\t<meta property=\"og:image:height\" content=\"1200\" \/>\n\t<meta property=\"og:image:type\" content=\"image\/webp\" \/>\n<meta name=\"twitter:card\" content=\"summary_large_image\" \/>\n<meta name=\"twitter:site\" content=\"@champmarket\" \/>\n<meta name=\"twitter:label1\" content=\"Geschatte leestijd\" \/>\n\t<meta name=\"twitter:data1\" content=\"1 minuut\" \/>\n<script type=\"application\/ld+json\" class=\"yoast-schema-graph\">{\"@context\":\"https:\/\/schema.org\",\"@graph\":[{\"@type\":\"WebPage\",\"@id\":\"https:\/\/www.champmarket.com\/nl\/champagne\/veuve-clicquot-rose-fles-2\/\",\"url\":\"https:\/\/www.champmarket.com\/nl\/champagne\/veuve-clicquot-rose-fles-2\/\",\"name\":\"Veuve Clicquot Ros\u00e9 Fles nieuw - Champmarket\",\"isPartOf\":{\"@id\":\"https:\/\/www.champmarket.com\/#website\"},\"primaryImageOfPage\":{\"@id\":\"https:\/\/www.champmarket.com\/nl\/champagne\/veuve-clicquot-rose-fles-2\/#primaryimage\"},\"image\":{\"@id\":\"https:\/\/www.champmarket.com\/nl\/champagne\/veuve-clicquot-rose-fles-2\/#primaryimage\"},\"thumbnailUrl\":\"https:\/\/www.champmarket.com\/wp-content\/uploads\/2024\/09\/veuve-clicquot-rose-bouteille.webp\",\"datePublished\":\"2024-09-30T09:51:59+00:00\",\"dateModified\":\"2024-10-10T08:44:38+00:00\",\"description\":\"Veuve Clicquot Ros\u00e9 is een cuv\u00e9e voor al die speciale momenten, een frisse, gestructureerde en heerlijke champagne om te delen met vrienden.\",\"breadcrumb\":{\"@id\":\"https:\/\/www.champmarket.com\/nl\/champagne\/veuve-clicquot-rose-fles-2\/#breadcrumb\"},\"inLanguage\":\"nl-NL\",\"potentialAction\":[{\"@type\":\"ReadAction\",\"target\":[\"https:\/\/www.champmarket.com\/nl\/champagne\/veuve-clicquot-rose-fles-2\/\"]}]},{\"@type\":\"ImageObject\",\"inLanguage\":\"nl-NL\",\"@id\":\"https:\/\/www.champmarket.com\/nl\/champagne\/veuve-clicquot-rose-fles-2\/#primaryimage\",\"url\":\"https:\/\/www.champmarket.com\/wp-content\/uploads\/2024\/09\/veuve-clicquot-rose-bouteille.webp\",\"contentUrl\":\"https:\/\/www.champmarket.com\/wp-content\/uploads\/2024\/09\/veuve-clicquot-rose-bouteille.webp\",\"width\":1200,\"height\":1200,\"caption\":\"Champagne Veuve Clicquot Ros\u00e9 - Champmarket\"},{\"@type\":\"BreadcrumbList\",\"@id\":\"https:\/\/www.champmarket.com\/nl\/champagne\/veuve-clicquot-rose-fles-2\/#breadcrumb\",\"itemListElement\":[{\"@type\":\"ListItem\",\"position\":1,\"name\":\"Accueil\",\"item\":\"https:\/\/www.champmarket.com\/nl\/\"},{\"@type\":\"ListItem\",\"position\":2,\"name\":\"Winkel\",\"item\":\"https:\/\/www.champmarket.com\/nl\/boutique\/\"},{\"@type\":\"ListItem\",\"position\":3,\"name\":\"Veuve Clicquot\",\"item\":\"https:\/\/www.champmarket.com\/nl\/maisons\/selectie-champagne-veuve-clicquot-nl\/\"},{\"@type\":\"ListItem\",\"position\":4,\"name\":\"Veuve Clicquot Ros\u00e9 Fles nieuw\"}]},{\"@type\":\"WebSite\",\"@id\":\"https:\/\/www.champmarket.com\/#website\",\"url\":\"https:\/\/www.champmarket.com\/\",\"name\":\"Champmarket\",\"description\":\"Champmarket, Champagnes, Cadeaus en Levenskunst\",\"publisher\":{\"@id\":\"https:\/\/www.champmarket.com\/#organization\"},\"potentialAction\":[{\"@type\":\"SearchAction\",\"target\":{\"@type\":\"EntryPoint\",\"urlTemplate\":\"https:\/\/www.champmarket.com\/?s={search_term_string}\"},\"query-input\":{\"@type\":\"PropertyValueSpecification\",\"valueRequired\":true,\"valueName\":\"search_term_string\"}}],\"inLanguage\":\"nl-NL\"},{\"@type\":\"Organization\",\"@id\":\"https:\/\/www.champmarket.com\/#organization\",\"name\":\"Champmarket\",\"url\":\"https:\/\/www.champmarket.com\/\",\"logo\":{\"@type\":\"ImageObject\",\"inLanguage\":\"nl-NL\",\"@id\":\"https:\/\/www.champmarket.com\/#\/schema\/logo\/image\/\",\"url\":\"https:\/\/www.champmarket.com\/wp-content\/uploads\/2024\/08\/logo2024-1.svg\",\"contentUrl\":\"https:\/\/www.champmarket.com\/wp-content\/uploads\/2024\/08\/logo2024-1.svg\",\"width\":579.8,\"height\":80,\"caption\":\"Champmarket\"},\"image\":{\"@id\":\"https:\/\/www.champmarket.com\/#\/schema\/logo\/image\/\"},\"sameAs\":[\"https:\/\/www.facebook.com\/ChampMarket\/\",\"https:\/\/x.com\/champmarket\",\"https:\/\/www.instagram.com\/champmarket.paris\/\",\"https:\/\/www.pinterest.fr\/champmarketparis\/\",\"https:\/\/www.linkedin.com\/company\/champmarket\/\"]}]}<\/script>\n<!-- \/ Yoast SEO plugin. -->","yoast_head_json":{"title":"Veuve Clicquot Ros\u00e9 Fles nieuw - Champmarket","description":"Veuve Clicquot Ros\u00e9 is een cuv\u00e9e voor al die speciale momenten, een frisse, gestructureerde en heerlijke champagne om te delen met vrienden.","robots":{"index":"index","follow":"follow","max-snippet":"max-snippet:-1","max-image-preview":"max-image-preview:large","max-video-preview":"max-video-preview:-1"},"canonical":"https:\/\/www.champmarket.com\/nl\/champagne\/veuve-clicquot-rose-fles-2\/","og_locale":"nl_NL","og_type":"article","og_title":"Veuve Clicquot Ros\u00e9 Fles nieuw - Champmarket","og_description":"Veuve Clicquot Ros\u00e9 is een cuv\u00e9e voor al die speciale momenten, een frisse, gestructureerde en heerlijke champagne om te delen met vrienden.","og_url":"https:\/\/www.champmarket.com\/nl\/champagne\/veuve-clicquot-rose-fles-2\/","og_site_name":"Champmarket","article_publisher":"https:\/\/www.facebook.com\/ChampMarket\/","article_modified_time":"2024-10-10T08:44:38+00:00","og_image":[{"width":1200,"height":1200,"url":"https:\/\/www.champmarket.com\/wp-content\/uploads\/2024\/09\/veuve-clicquot-rose-bouteille.webp","type":"image\/webp"}],"twitter_card":"summary_large_image","twitter_site":"@champmarket","twitter_misc":{"Geschatte leestijd":"1 minuut"},"schema":{"@context":"https:\/\/schema.org","@graph":[{"@type":"WebPage","@id":"https:\/\/www.champmarket.com\/nl\/champagne\/veuve-clicquot-rose-fles-2\/","url":"https:\/\/www.champmarket.com\/nl\/champagne\/veuve-clicquot-rose-fles-2\/","name":"Veuve Clicquot Ros\u00e9 Fles nieuw - Champmarket","isPartOf":{"@id":"https:\/\/www.champmarket.com\/#website"},"primaryImageOfPage":{"@id":"https:\/\/www.champmarket.com\/nl\/champagne\/veuve-clicquot-rose-fles-2\/#primaryimage"},"image":{"@id":"https:\/\/www.champmarket.com\/nl\/champagne\/veuve-clicquot-rose-fles-2\/#primaryimage"},"thumbnailUrl":"https:\/\/www.champmarket.com\/wp-content\/uploads\/2024\/09\/veuve-clicquot-rose-bouteille.webp","datePublished":"2024-09-30T09:51:59+00:00","dateModified":"2024-10-10T08:44:38+00:00","description":"Veuve Clicquot Ros\u00e9 is een cuv\u00e9e voor al die speciale momenten, een frisse, gestructureerde en heerlijke champagne om te delen met vrienden.","breadcrumb":{"@id":"https:\/\/www.champmarket.com\/nl\/champagne\/veuve-clicquot-rose-fles-2\/#breadcrumb"},"inLanguage":"nl-NL","potentialAction":[{"@type":"ReadAction","target":["https:\/\/www.champmarket.com\/nl\/champagne\/veuve-clicquot-rose-fles-2\/"]}]},{"@type":"ImageObject","inLanguage":"nl-NL","@id":"https:\/\/www.champmarket.com\/nl\/champagne\/veuve-clicquot-rose-fles-2\/#primaryimage","url":"https:\/\/www.champmarket.com\/wp-content\/uploads\/2024\/09\/veuve-clicquot-rose-bouteille.webp","contentUrl":"https:\/\/www.champmarket.com\/wp-content\/uploads\/2024\/09\/veuve-clicquot-rose-bouteille.webp","width":1200,"height":1200,"caption":"Champagne Veuve Clicquot Ros\u00e9 - Champmarket"},{"@type":"BreadcrumbList","@id":"https:\/\/www.champmarket.com\/nl\/champagne\/veuve-clicquot-rose-fles-2\/#breadcrumb","itemListElement":[{"@type":"ListItem","position":1,"name":"Accueil","item":"https:\/\/www.champmarket.com\/nl\/"},{"@type":"ListItem","position":2,"name":"Winkel","item":"https:\/\/www.champmarket.com\/nl\/boutique\/"},{"@type":"ListItem","position":3,"name":"Veuve Clicquot","item":"https:\/\/www.champmarket.com\/nl\/maisons\/selectie-champagne-veuve-clicquot-nl\/"},{"@type":"ListItem","position":4,"name":"Veuve Clicquot Ros\u00e9 Fles nieuw"}]},{"@type":"WebSite","@id":"https:\/\/www.champmarket.com\/#website","url":"https:\/\/www.champmarket.com\/","name":"Champmarket","description":"Champmarket, Champagnes, Cadeaus en Levenskunst","publisher":{"@id":"https:\/\/www.champmarket.com\/#organization"},"potentialAction":[{"@type":"SearchAction","target":{"@type":"EntryPoint","urlTemplate":"https:\/\/www.champmarket.com\/?s={search_term_string}"},"query-input":{"@type":"PropertyValueSpecification","valueRequired":true,"valueName":"search_term_string"}}],"inLanguage":"nl-NL"},{"@type":"Organization","@id":"https:\/\/www.champmarket.com\/#organization","name":"Champmarket","url":"https:\/\/www.champmarket.com\/","logo":{"@type":"ImageObject","inLanguage":"nl-NL","@id":"https:\/\/www.champmarket.com\/#\/schema\/logo\/image\/","url":"https:\/\/www.champmarket.com\/wp-content\/uploads\/2024\/08\/logo2024-1.svg","contentUrl":"https:\/\/www.champmarket.com\/wp-content\/uploads\/2024\/08\/logo2024-1.svg","width":579.8,"height":80,"caption":"Champmarket"},"image":{"@id":"https:\/\/www.champmarket.com\/#\/schema\/logo\/image\/"},"sameAs":["https:\/\/www.facebook.com\/ChampMarket\/","https:\/\/x.com\/champmarket","https:\/\/www.instagram.com\/champmarket.paris\/","https:\/\/www.pinterest.fr\/champmarketparis\/","https:\/\/www.linkedin.com\/company\/champmarket\/"]}]}},"_links":{"self":[{"href":"https:\/\/www.champmarket.com\/nl\/wp-json\/wp\/v2\/product\/73965","targetHints":{"allow":["GET"]}}],"collection":[{"href":"https:\/\/www.champmarket.com\/nl\/wp-json\/wp\/v2\/product"}],"about":[{"href":"https:\/\/www.champmarket.com\/nl\/wp-json\/wp\/v2\/types\/product"}],"version-history":[{"count":4,"href":"https:\/\/www.champmarket.com\/nl\/wp-json\/wp\/v2\/product\/73965\/revisions"}],"predecessor-version":[{"id":74636,"href":"https:\/\/www.champmarket.com\/nl\/wp-json\/wp\/v2\/product\/73965\/revisions\/74636"}],"wp:featuredmedia":[{"embeddable":true,"href":"https:\/\/www.champmarket.com\/nl\/wp-json\/wp\/v2\/media\/73984"}],"wp:attachment":[{"href":"https:\/\/www.champmarket.com\/nl\/wp-json\/wp\/v2\/media?parent=73965"}],"wp:term":[{"taxonomy":"product_brand","embeddable":true,"href":"https:\/\/www.champmarket.com\/nl\/wp-json\/wp\/v2\/product_brand?post=73965"},{"taxonomy":"product_cat","embeddable":true,"href":"https:\/\/www.champmarket.com\/nl\/wp-json\/wp\/v2\/product_cat?post=73965"},{"taxonomy":"product_tag","embeddable":true,"href":"https:\/\/www.champmarket.com\/nl\/wp-json\/wp\/v2\/product_tag?post=73965"}],"curies":[{"name":"wp","href":"https:\/\/api.w.org\/{rel}","templated":true}]}}