{"id":74016,"date":"2024-09-30T12:05:26","date_gmt":"2024-09-30T10:05:26","guid":{"rendered":"https:\/\/www.champmarket.com\/?post_type=product&#038;p=74016"},"modified":"2024-10-10T10:41:27","modified_gmt":"2024-10-10T08:41:27","slug":"veuve-clicquot-rose-fles-met-etui","status":"publish","type":"product","link":"https:\/\/www.champmarket.com\/nl\/champagne\/veuve-clicquot-rose-fles-met-etui\/","title":{"rendered":"Veuve Clicquot Ros\u00e9 Fles met doos nieuw"},"content":{"rendered":"<p>Een frisse, gestructureerde en heerlijke champagne.<\/p>\n","protected":false},"excerpt":{"rendered":"<p>Veuve Clicquot Ros\u00e9 Bouteille avec \u00e9tui is een cuv\u00e9e voor alle mooie momenten, een frisse, gestructureerde en gastronomische champagne. De Veuve Clicquot Ros\u00e9, gepresenteerd in zijn luxueuze etui, is ideaal om cadeau te geven en voor al uw geschenkgelegenheden.<\/p>\n","protected":false},"featured_media":73980,"template":"","meta":{"_acf_changed":false},"product_brand":[],"product_cat":[3535,3308,3138,3161,3106,3176,3117,3169,3168],"product_tag":[3190,3195,3199],"class_list":{"0":"post-74016","1":"product","2":"type-product","3":"status-publish","4":"has-post-thumbnail","6":"maisons-selectie-champagne-veuve-clicquot-nl","7":"product_cat-b2b-groothandel-fles-aanbieding","8":"product_cat-alle-champagnes-en-boxes","9":"product_cat-categorie-champagnehuizen","10":"product_cat-veuve-clicquot-nl","11":"product_cat-flessen","12":"product_cat-tous-les-champagnes-nl","13":"product_cat-rose-champagne","14":"product_cat-aperitief","15":"product_cat-repas-nl","16":"product_tag-la-vie-en-rose-nl","17":"product_tag-pour-offrir-nl","18":"product_tag-aperitif-nl","20":"first","21":"instock","22":"taxable","23":"shipping-taxable","24":"purchasable","25":"product-type-simple"},"acf":[],"yoast_head":"<!-- This site is optimized with the Yoast SEO plugin v26.4 - https:\/\/yoast.com\/wordpress\/plugins\/seo\/ -->\n<title>Veuve Clicquot Ros\u00e9 Fles met doos nieuw - Champmarket<\/title>\n<meta name=\"description\" content=\"Veuve Clicquot Ros\u00e9 Fles met etui is een cuv\u00e9e voor alle mooie momenten, een frisse, gestructureerde en gastronomische champagne om te delen met vrienden.\" \/>\n<meta name=\"robots\" content=\"index, follow, max-snippet:-1, max-image-preview:large, max-video-preview:-1\" \/>\n<link rel=\"canonical\" href=\"https:\/\/www.champmarket.com\/nl\/champagne\/veuve-clicquot-rose-fles-met-etui\/\" \/>\n<meta property=\"og:locale\" content=\"nl_NL\" \/>\n<meta property=\"og:type\" content=\"article\" \/>\n<meta property=\"og:title\" content=\"Veuve Clicquot Ros\u00e9 Fles met doos nieuw - Champmarket\" \/>\n<meta property=\"og:description\" content=\"Veuve Clicquot Ros\u00e9 Fles met etui is een cuv\u00e9e voor alle mooie momenten, een frisse, gestructureerde en gastronomische champagne om te delen met vrienden.\" \/>\n<meta property=\"og:url\" content=\"https:\/\/www.champmarket.com\/nl\/champagne\/veuve-clicquot-rose-fles-met-etui\/\" \/>\n<meta property=\"og:site_name\" content=\"Champmarket\" \/>\n<meta property=\"article:publisher\" content=\"https:\/\/www.facebook.com\/ChampMarket\/\" \/>\n<meta property=\"article:modified_time\" content=\"2024-10-10T08:41:27+00:00\" \/>\n<meta property=\"og:image\" content=\"https:\/\/www.champmarket.com\/wp-content\/uploads\/2024\/09\/veuve-clicquot-rose-bouteille-etui.webp\" \/>\n\t<meta property=\"og:image:width\" content=\"1200\" \/>\n\t<meta property=\"og:image:height\" content=\"1200\" \/>\n\t<meta property=\"og:image:type\" content=\"image\/webp\" \/>\n<meta name=\"twitter:card\" content=\"summary_large_image\" \/>\n<meta name=\"twitter:site\" content=\"@champmarket\" \/>\n<meta name=\"twitter:label1\" content=\"Geschatte leestijd\" \/>\n\t<meta name=\"twitter:data1\" content=\"1 minuut\" \/>\n<script type=\"application\/ld+json\" class=\"yoast-schema-graph\">{\"@context\":\"https:\/\/schema.org\",\"@graph\":[{\"@type\":\"WebPage\",\"@id\":\"https:\/\/www.champmarket.com\/nl\/champagne\/veuve-clicquot-rose-fles-met-etui\/\",\"url\":\"https:\/\/www.champmarket.com\/nl\/champagne\/veuve-clicquot-rose-fles-met-etui\/\",\"name\":\"Veuve Clicquot Ros\u00e9 Fles met doos nieuw - Champmarket\",\"isPartOf\":{\"@id\":\"https:\/\/www.champmarket.com\/#website\"},\"primaryImageOfPage\":{\"@id\":\"https:\/\/www.champmarket.com\/nl\/champagne\/veuve-clicquot-rose-fles-met-etui\/#primaryimage\"},\"image\":{\"@id\":\"https:\/\/www.champmarket.com\/nl\/champagne\/veuve-clicquot-rose-fles-met-etui\/#primaryimage\"},\"thumbnailUrl\":\"https:\/\/www.champmarket.com\/wp-content\/uploads\/2024\/09\/veuve-clicquot-rose-bouteille-etui.webp\",\"datePublished\":\"2024-09-30T10:05:26+00:00\",\"dateModified\":\"2024-10-10T08:41:27+00:00\",\"description\":\"Veuve Clicquot Ros\u00e9 Fles met etui is een cuv\u00e9e voor alle mooie momenten, een frisse, gestructureerde en gastronomische champagne om te delen met vrienden.\",\"breadcrumb\":{\"@id\":\"https:\/\/www.champmarket.com\/nl\/champagne\/veuve-clicquot-rose-fles-met-etui\/#breadcrumb\"},\"inLanguage\":\"nl-NL\",\"potentialAction\":[{\"@type\":\"ReadAction\",\"target\":[\"https:\/\/www.champmarket.com\/nl\/champagne\/veuve-clicquot-rose-fles-met-etui\/\"]}]},{\"@type\":\"ImageObject\",\"inLanguage\":\"nl-NL\",\"@id\":\"https:\/\/www.champmarket.com\/nl\/champagne\/veuve-clicquot-rose-fles-met-etui\/#primaryimage\",\"url\":\"https:\/\/www.champmarket.com\/wp-content\/uploads\/2024\/09\/veuve-clicquot-rose-bouteille-etui.webp\",\"contentUrl\":\"https:\/\/www.champmarket.com\/wp-content\/uploads\/2024\/09\/veuve-clicquot-rose-bouteille-etui.webp\",\"width\":1200,\"height\":1200,\"caption\":\"Champagne Veuve Clicquot Ros\u00e9 - Champmarket\"},{\"@type\":\"BreadcrumbList\",\"@id\":\"https:\/\/www.champmarket.com\/nl\/champagne\/veuve-clicquot-rose-fles-met-etui\/#breadcrumb\",\"itemListElement\":[{\"@type\":\"ListItem\",\"position\":1,\"name\":\"Accueil\",\"item\":\"https:\/\/www.champmarket.com\/nl\/\"},{\"@type\":\"ListItem\",\"position\":2,\"name\":\"Winkel\",\"item\":\"https:\/\/www.champmarket.com\/nl\/boutique\/\"},{\"@type\":\"ListItem\",\"position\":3,\"name\":\"Veuve Clicquot\",\"item\":\"https:\/\/www.champmarket.com\/nl\/maisons\/selectie-champagne-veuve-clicquot-nl\/\"},{\"@type\":\"ListItem\",\"position\":4,\"name\":\"Veuve Clicquot Ros\u00e9 Fles met doos nieuw\"}]},{\"@type\":\"WebSite\",\"@id\":\"https:\/\/www.champmarket.com\/#website\",\"url\":\"https:\/\/www.champmarket.com\/\",\"name\":\"Champmarket\",\"description\":\"Champmarket, Champagnes, Cadeaus en Levenskunst\",\"publisher\":{\"@id\":\"https:\/\/www.champmarket.com\/#organization\"},\"potentialAction\":[{\"@type\":\"SearchAction\",\"target\":{\"@type\":\"EntryPoint\",\"urlTemplate\":\"https:\/\/www.champmarket.com\/?s={search_term_string}\"},\"query-input\":{\"@type\":\"PropertyValueSpecification\",\"valueRequired\":true,\"valueName\":\"search_term_string\"}}],\"inLanguage\":\"nl-NL\"},{\"@type\":\"Organization\",\"@id\":\"https:\/\/www.champmarket.com\/#organization\",\"name\":\"Champmarket\",\"url\":\"https:\/\/www.champmarket.com\/\",\"logo\":{\"@type\":\"ImageObject\",\"inLanguage\":\"nl-NL\",\"@id\":\"https:\/\/www.champmarket.com\/#\/schema\/logo\/image\/\",\"url\":\"https:\/\/www.champmarket.com\/wp-content\/uploads\/2024\/08\/logo2024-1.svg\",\"contentUrl\":\"https:\/\/www.champmarket.com\/wp-content\/uploads\/2024\/08\/logo2024-1.svg\",\"width\":579.8,\"height\":80,\"caption\":\"Champmarket\"},\"image\":{\"@id\":\"https:\/\/www.champmarket.com\/#\/schema\/logo\/image\/\"},\"sameAs\":[\"https:\/\/www.facebook.com\/ChampMarket\/\",\"https:\/\/x.com\/champmarket\",\"https:\/\/www.instagram.com\/champmarket.paris\/\",\"https:\/\/www.pinterest.fr\/champmarketparis\/\",\"https:\/\/www.linkedin.com\/company\/champmarket\/\"]}]}<\/script>\n<!-- \/ Yoast SEO plugin. -->","yoast_head_json":{"title":"Veuve Clicquot Ros\u00e9 Fles met doos nieuw - Champmarket","description":"Veuve Clicquot Ros\u00e9 Fles met etui is een cuv\u00e9e voor alle mooie momenten, een frisse, gestructureerde en gastronomische champagne om te delen met vrienden.","robots":{"index":"index","follow":"follow","max-snippet":"max-snippet:-1","max-image-preview":"max-image-preview:large","max-video-preview":"max-video-preview:-1"},"canonical":"https:\/\/www.champmarket.com\/nl\/champagne\/veuve-clicquot-rose-fles-met-etui\/","og_locale":"nl_NL","og_type":"article","og_title":"Veuve Clicquot Ros\u00e9 Fles met doos nieuw - Champmarket","og_description":"Veuve Clicquot Ros\u00e9 Fles met etui is een cuv\u00e9e voor alle mooie momenten, een frisse, gestructureerde en gastronomische champagne om te delen met vrienden.","og_url":"https:\/\/www.champmarket.com\/nl\/champagne\/veuve-clicquot-rose-fles-met-etui\/","og_site_name":"Champmarket","article_publisher":"https:\/\/www.facebook.com\/ChampMarket\/","article_modified_time":"2024-10-10T08:41:27+00:00","og_image":[{"width":1200,"height":1200,"url":"https:\/\/www.champmarket.com\/wp-content\/uploads\/2024\/09\/veuve-clicquot-rose-bouteille-etui.webp","type":"image\/webp"}],"twitter_card":"summary_large_image","twitter_site":"@champmarket","twitter_misc":{"Geschatte leestijd":"1 minuut"},"schema":{"@context":"https:\/\/schema.org","@graph":[{"@type":"WebPage","@id":"https:\/\/www.champmarket.com\/nl\/champagne\/veuve-clicquot-rose-fles-met-etui\/","url":"https:\/\/www.champmarket.com\/nl\/champagne\/veuve-clicquot-rose-fles-met-etui\/","name":"Veuve Clicquot Ros\u00e9 Fles met doos nieuw - Champmarket","isPartOf":{"@id":"https:\/\/www.champmarket.com\/#website"},"primaryImageOfPage":{"@id":"https:\/\/www.champmarket.com\/nl\/champagne\/veuve-clicquot-rose-fles-met-etui\/#primaryimage"},"image":{"@id":"https:\/\/www.champmarket.com\/nl\/champagne\/veuve-clicquot-rose-fles-met-etui\/#primaryimage"},"thumbnailUrl":"https:\/\/www.champmarket.com\/wp-content\/uploads\/2024\/09\/veuve-clicquot-rose-bouteille-etui.webp","datePublished":"2024-09-30T10:05:26+00:00","dateModified":"2024-10-10T08:41:27+00:00","description":"Veuve Clicquot Ros\u00e9 Fles met etui is een cuv\u00e9e voor alle mooie momenten, een frisse, gestructureerde en gastronomische champagne om te delen met vrienden.","breadcrumb":{"@id":"https:\/\/www.champmarket.com\/nl\/champagne\/veuve-clicquot-rose-fles-met-etui\/#breadcrumb"},"inLanguage":"nl-NL","potentialAction":[{"@type":"ReadAction","target":["https:\/\/www.champmarket.com\/nl\/champagne\/veuve-clicquot-rose-fles-met-etui\/"]}]},{"@type":"ImageObject","inLanguage":"nl-NL","@id":"https:\/\/www.champmarket.com\/nl\/champagne\/veuve-clicquot-rose-fles-met-etui\/#primaryimage","url":"https:\/\/www.champmarket.com\/wp-content\/uploads\/2024\/09\/veuve-clicquot-rose-bouteille-etui.webp","contentUrl":"https:\/\/www.champmarket.com\/wp-content\/uploads\/2024\/09\/veuve-clicquot-rose-bouteille-etui.webp","width":1200,"height":1200,"caption":"Champagne Veuve Clicquot Ros\u00e9 - Champmarket"},{"@type":"BreadcrumbList","@id":"https:\/\/www.champmarket.com\/nl\/champagne\/veuve-clicquot-rose-fles-met-etui\/#breadcrumb","itemListElement":[{"@type":"ListItem","position":1,"name":"Accueil","item":"https:\/\/www.champmarket.com\/nl\/"},{"@type":"ListItem","position":2,"name":"Winkel","item":"https:\/\/www.champmarket.com\/nl\/boutique\/"},{"@type":"ListItem","position":3,"name":"Veuve Clicquot","item":"https:\/\/www.champmarket.com\/nl\/maisons\/selectie-champagne-veuve-clicquot-nl\/"},{"@type":"ListItem","position":4,"name":"Veuve Clicquot Ros\u00e9 Fles met doos nieuw"}]},{"@type":"WebSite","@id":"https:\/\/www.champmarket.com\/#website","url":"https:\/\/www.champmarket.com\/","name":"Champmarket","description":"Champmarket, Champagnes, Cadeaus en Levenskunst","publisher":{"@id":"https:\/\/www.champmarket.com\/#organization"},"potentialAction":[{"@type":"SearchAction","target":{"@type":"EntryPoint","urlTemplate":"https:\/\/www.champmarket.com\/?s={search_term_string}"},"query-input":{"@type":"PropertyValueSpecification","valueRequired":true,"valueName":"search_term_string"}}],"inLanguage":"nl-NL"},{"@type":"Organization","@id":"https:\/\/www.champmarket.com\/#organization","name":"Champmarket","url":"https:\/\/www.champmarket.com\/","logo":{"@type":"ImageObject","inLanguage":"nl-NL","@id":"https:\/\/www.champmarket.com\/#\/schema\/logo\/image\/","url":"https:\/\/www.champmarket.com\/wp-content\/uploads\/2024\/08\/logo2024-1.svg","contentUrl":"https:\/\/www.champmarket.com\/wp-content\/uploads\/2024\/08\/logo2024-1.svg","width":579.8,"height":80,"caption":"Champmarket"},"image":{"@id":"https:\/\/www.champmarket.com\/#\/schema\/logo\/image\/"},"sameAs":["https:\/\/www.facebook.com\/ChampMarket\/","https:\/\/x.com\/champmarket","https:\/\/www.instagram.com\/champmarket.paris\/","https:\/\/www.pinterest.fr\/champmarketparis\/","https:\/\/www.linkedin.com\/company\/champmarket\/"]}]}},"_links":{"self":[{"href":"https:\/\/www.champmarket.com\/nl\/wp-json\/wp\/v2\/product\/74016","targetHints":{"allow":["GET"]}}],"collection":[{"href":"https:\/\/www.champmarket.com\/nl\/wp-json\/wp\/v2\/product"}],"about":[{"href":"https:\/\/www.champmarket.com\/nl\/wp-json\/wp\/v2\/types\/product"}],"version-history":[{"count":3,"href":"https:\/\/www.champmarket.com\/nl\/wp-json\/wp\/v2\/product\/74016\/revisions"}],"predecessor-version":[{"id":74626,"href":"https:\/\/www.champmarket.com\/nl\/wp-json\/wp\/v2\/product\/74016\/revisions\/74626"}],"wp:featuredmedia":[{"embeddable":true,"href":"https:\/\/www.champmarket.com\/nl\/wp-json\/wp\/v2\/media\/73980"}],"wp:attachment":[{"href":"https:\/\/www.champmarket.com\/nl\/wp-json\/wp\/v2\/media?parent=74016"}],"wp:term":[{"taxonomy":"product_brand","embeddable":true,"href":"https:\/\/www.champmarket.com\/nl\/wp-json\/wp\/v2\/product_brand?post=74016"},{"taxonomy":"product_cat","embeddable":true,"href":"https:\/\/www.champmarket.com\/nl\/wp-json\/wp\/v2\/product_cat?post=74016"},{"taxonomy":"product_tag","embeddable":true,"href":"https:\/\/www.champmarket.com\/nl\/wp-json\/wp\/v2\/product_tag?post=74016"}],"curies":[{"name":"wp","href":"https:\/\/api.w.org\/{rel}","templated":true}]}}