{"id":74143,"date":"2024-09-30T12:27:18","date_gmt":"2024-09-30T10:27:18","guid":{"rendered":"https:\/\/www.champmarket.com\/?post_type=product&#038;p=74143"},"modified":"2024-10-10T10:36:25","modified_gmt":"2024-10-10T08:36:25","slug":"veuve-clicquot-rose-magnum-copie-copie","status":"publish","type":"product","link":"https:\/\/www.champmarket.com\/nl\/champagne\/veuve-clicquot-rose-magnum-copie-copie\/","title":{"rendered":"Veuve Clicquot Ros\u00e9 Magnum met kist nieuw"},"content":{"rendered":"<p>Een frisse, gestructureerde en heerlijke champagne.<\/p>\n","protected":false},"excerpt":{"rendered":"<p>Veuve Clicquot Ros\u00e9 Magnum met kist is een cuv\u00e9e voor alle mooie momenten, een frisse, gestructureerde en gastronomische champagne. Het Magnum-formaat is een grote fles met een inhoud van 1,5 liter, die staat voor 2 flessen champagne of 12 glazen. Dit grote formaat is ideaal voor recepties, feestjes, cocktails, diners en alle gelegenheden waarbij geschenken worden gegeven.<\/p>\n","protected":false},"featured_media":73988,"template":"","meta":{"_acf_changed":false},"product_brand":[],"product_cat":[3308,3138,3161,3129,3132,3107,3176,3169,3171],"product_tag":[3187,3190,3195,3199],"class_list":{"0":"post-74143","1":"product","2":"type-product","3":"status-publish","4":"has-post-thumbnail","6":"maisons-selectie-champagne-veuve-clicquot-nl","7":"product_cat-alle-champagnes-en-boxes","8":"product_cat-categorie-champagnehuizen","9":"product_cat-veuve-clicquot-nl","10":"product_cat-grote-flessen","11":"product_cat-magnum-nl","12":"product_cat-relatiegeschenken","13":"product_cat-tous-les-champagnes-nl","14":"product_cat-aperitief","15":"product_cat-voor-een-prive-of-professioneel-evenement-een-cocktail","16":"product_tag-grand-flacon-nl","17":"product_tag-la-vie-en-rose-nl","18":"product_tag-pour-offrir-nl","19":"product_tag-aperitif-nl","21":"first","22":"instock","23":"taxable","24":"shipping-taxable","25":"purchasable","26":"product-type-simple"},"acf":[],"yoast_head":"<!-- This site is optimized with the Yoast SEO plugin v26.4 - https:\/\/yoast.com\/wordpress\/plugins\/seo\/ -->\n<title>Veuve Clicquot Ros\u00e9 Magnum met kist nieuw - Champmarket<\/title>\n<meta name=\"description\" content=\"Veuve Clicquot Ros\u00e9 Magnum met kist is een cuv\u00e9e voor alle mooie momenten, een frisse, gestructureerde en gastronomische champagne om te delen met vrienden.\" \/>\n<meta name=\"robots\" content=\"index, follow, max-snippet:-1, max-image-preview:large, max-video-preview:-1\" \/>\n<link rel=\"canonical\" href=\"https:\/\/www.champmarket.com\/nl\/champagne\/veuve-clicquot-rose-magnum-copie-copie\/\" \/>\n<meta property=\"og:locale\" content=\"nl_NL\" \/>\n<meta property=\"og:type\" content=\"article\" \/>\n<meta property=\"og:title\" content=\"Veuve Clicquot Ros\u00e9 Magnum met kist nieuw - Champmarket\" \/>\n<meta property=\"og:description\" content=\"Veuve Clicquot Ros\u00e9 Magnum met kist is een cuv\u00e9e voor alle mooie momenten, een frisse, gestructureerde en gastronomische champagne om te delen met vrienden.\" \/>\n<meta property=\"og:url\" content=\"https:\/\/www.champmarket.com\/nl\/champagne\/veuve-clicquot-rose-magnum-copie-copie\/\" \/>\n<meta property=\"og:site_name\" content=\"Champmarket\" \/>\n<meta property=\"article:publisher\" content=\"https:\/\/www.facebook.com\/ChampMarket\/\" \/>\n<meta property=\"article:modified_time\" content=\"2024-10-10T08:36:25+00:00\" \/>\n<meta property=\"og:image\" content=\"https:\/\/www.champmarket.com\/wp-content\/uploads\/2024\/09\/veuve-clicquot-rose-magnum-etui.webp\" \/>\n\t<meta property=\"og:image:width\" content=\"1200\" \/>\n\t<meta property=\"og:image:height\" content=\"1200\" \/>\n\t<meta property=\"og:image:type\" content=\"image\/webp\" \/>\n<meta name=\"twitter:card\" content=\"summary_large_image\" \/>\n<meta name=\"twitter:site\" content=\"@champmarket\" \/>\n<script type=\"application\/ld+json\" class=\"yoast-schema-graph\">{\"@context\":\"https:\/\/schema.org\",\"@graph\":[{\"@type\":\"WebPage\",\"@id\":\"https:\/\/www.champmarket.com\/nl\/champagne\/veuve-clicquot-rose-magnum-copie-copie\/\",\"url\":\"https:\/\/www.champmarket.com\/nl\/champagne\/veuve-clicquot-rose-magnum-copie-copie\/\",\"name\":\"Veuve Clicquot Ros\u00e9 Magnum met kist nieuw - Champmarket\",\"isPartOf\":{\"@id\":\"https:\/\/www.champmarket.com\/#website\"},\"primaryImageOfPage\":{\"@id\":\"https:\/\/www.champmarket.com\/nl\/champagne\/veuve-clicquot-rose-magnum-copie-copie\/#primaryimage\"},\"image\":{\"@id\":\"https:\/\/www.champmarket.com\/nl\/champagne\/veuve-clicquot-rose-magnum-copie-copie\/#primaryimage\"},\"thumbnailUrl\":\"https:\/\/www.champmarket.com\/wp-content\/uploads\/2024\/09\/veuve-clicquot-rose-magnum-etui.webp\",\"datePublished\":\"2024-09-30T10:27:18+00:00\",\"dateModified\":\"2024-10-10T08:36:25+00:00\",\"description\":\"Veuve Clicquot Ros\u00e9 Magnum met kist is een cuv\u00e9e voor alle mooie momenten, een frisse, gestructureerde en gastronomische champagne om te delen met vrienden.\",\"breadcrumb\":{\"@id\":\"https:\/\/www.champmarket.com\/nl\/champagne\/veuve-clicquot-rose-magnum-copie-copie\/#breadcrumb\"},\"inLanguage\":\"nl-NL\",\"potentialAction\":[{\"@type\":\"ReadAction\",\"target\":[\"https:\/\/www.champmarket.com\/nl\/champagne\/veuve-clicquot-rose-magnum-copie-copie\/\"]}]},{\"@type\":\"ImageObject\",\"inLanguage\":\"nl-NL\",\"@id\":\"https:\/\/www.champmarket.com\/nl\/champagne\/veuve-clicquot-rose-magnum-copie-copie\/#primaryimage\",\"url\":\"https:\/\/www.champmarket.com\/wp-content\/uploads\/2024\/09\/veuve-clicquot-rose-magnum-etui.webp\",\"contentUrl\":\"https:\/\/www.champmarket.com\/wp-content\/uploads\/2024\/09\/veuve-clicquot-rose-magnum-etui.webp\",\"width\":1200,\"height\":1200,\"caption\":\"Champagne Veuve Clicquot Ros\u00e9 - Champmarket\"},{\"@type\":\"BreadcrumbList\",\"@id\":\"https:\/\/www.champmarket.com\/nl\/champagne\/veuve-clicquot-rose-magnum-copie-copie\/#breadcrumb\",\"itemListElement\":[{\"@type\":\"ListItem\",\"position\":1,\"name\":\"Accueil\",\"item\":\"https:\/\/www.champmarket.com\/nl\/\"},{\"@type\":\"ListItem\",\"position\":2,\"name\":\"Winkel\",\"item\":\"https:\/\/www.champmarket.com\/nl\/boutique\/\"},{\"@type\":\"ListItem\",\"position\":3,\"name\":\"Veuve Clicquot\",\"item\":\"https:\/\/www.champmarket.com\/maisons\/selection-champagne-veuve-clicquot\/\"},{\"@type\":\"ListItem\",\"position\":4,\"name\":\"Veuve Clicquot Ros\u00e9 Magnum met kist nieuw\"}]},{\"@type\":\"WebSite\",\"@id\":\"https:\/\/www.champmarket.com\/#website\",\"url\":\"https:\/\/www.champmarket.com\/\",\"name\":\"Champmarket\",\"description\":\"Champmarket, Champagnes, Cadeaus en Levenskunst\",\"publisher\":{\"@id\":\"https:\/\/www.champmarket.com\/#organization\"},\"potentialAction\":[{\"@type\":\"SearchAction\",\"target\":{\"@type\":\"EntryPoint\",\"urlTemplate\":\"https:\/\/www.champmarket.com\/?s={search_term_string}\"},\"query-input\":{\"@type\":\"PropertyValueSpecification\",\"valueRequired\":true,\"valueName\":\"search_term_string\"}}],\"inLanguage\":\"nl-NL\"},{\"@type\":\"Organization\",\"@id\":\"https:\/\/www.champmarket.com\/#organization\",\"name\":\"Champmarket\",\"url\":\"https:\/\/www.champmarket.com\/\",\"logo\":{\"@type\":\"ImageObject\",\"inLanguage\":\"nl-NL\",\"@id\":\"https:\/\/www.champmarket.com\/#\/schema\/logo\/image\/\",\"url\":\"https:\/\/www.champmarket.com\/wp-content\/uploads\/2024\/08\/logo2024-1.svg\",\"contentUrl\":\"https:\/\/www.champmarket.com\/wp-content\/uploads\/2024\/08\/logo2024-1.svg\",\"width\":579.8,\"height\":80,\"caption\":\"Champmarket\"},\"image\":{\"@id\":\"https:\/\/www.champmarket.com\/#\/schema\/logo\/image\/\"},\"sameAs\":[\"https:\/\/www.facebook.com\/ChampMarket\/\",\"https:\/\/x.com\/champmarket\",\"https:\/\/www.instagram.com\/champmarket.paris\/\",\"https:\/\/www.pinterest.fr\/champmarketparis\/\",\"https:\/\/www.linkedin.com\/company\/champmarket\/\"]}]}<\/script>\n<!-- \/ Yoast SEO plugin. -->","yoast_head_json":{"title":"Veuve Clicquot Ros\u00e9 Magnum met kist nieuw - Champmarket","description":"Veuve Clicquot Ros\u00e9 Magnum met kist is een cuv\u00e9e voor alle mooie momenten, een frisse, gestructureerde en gastronomische champagne om te delen met vrienden.","robots":{"index":"index","follow":"follow","max-snippet":"max-snippet:-1","max-image-preview":"max-image-preview:large","max-video-preview":"max-video-preview:-1"},"canonical":"https:\/\/www.champmarket.com\/nl\/champagne\/veuve-clicquot-rose-magnum-copie-copie\/","og_locale":"nl_NL","og_type":"article","og_title":"Veuve Clicquot Ros\u00e9 Magnum met kist nieuw - Champmarket","og_description":"Veuve Clicquot Ros\u00e9 Magnum met kist is een cuv\u00e9e voor alle mooie momenten, een frisse, gestructureerde en gastronomische champagne om te delen met vrienden.","og_url":"https:\/\/www.champmarket.com\/nl\/champagne\/veuve-clicquot-rose-magnum-copie-copie\/","og_site_name":"Champmarket","article_publisher":"https:\/\/www.facebook.com\/ChampMarket\/","article_modified_time":"2024-10-10T08:36:25+00:00","og_image":[{"width":1200,"height":1200,"url":"https:\/\/www.champmarket.com\/wp-content\/uploads\/2024\/09\/veuve-clicquot-rose-magnum-etui.webp","type":"image\/webp"}],"twitter_card":"summary_large_image","twitter_site":"@champmarket","schema":{"@context":"https:\/\/schema.org","@graph":[{"@type":"WebPage","@id":"https:\/\/www.champmarket.com\/nl\/champagne\/veuve-clicquot-rose-magnum-copie-copie\/","url":"https:\/\/www.champmarket.com\/nl\/champagne\/veuve-clicquot-rose-magnum-copie-copie\/","name":"Veuve Clicquot Ros\u00e9 Magnum met kist nieuw - Champmarket","isPartOf":{"@id":"https:\/\/www.champmarket.com\/#website"},"primaryImageOfPage":{"@id":"https:\/\/www.champmarket.com\/nl\/champagne\/veuve-clicquot-rose-magnum-copie-copie\/#primaryimage"},"image":{"@id":"https:\/\/www.champmarket.com\/nl\/champagne\/veuve-clicquot-rose-magnum-copie-copie\/#primaryimage"},"thumbnailUrl":"https:\/\/www.champmarket.com\/wp-content\/uploads\/2024\/09\/veuve-clicquot-rose-magnum-etui.webp","datePublished":"2024-09-30T10:27:18+00:00","dateModified":"2024-10-10T08:36:25+00:00","description":"Veuve Clicquot Ros\u00e9 Magnum met kist is een cuv\u00e9e voor alle mooie momenten, een frisse, gestructureerde en gastronomische champagne om te delen met vrienden.","breadcrumb":{"@id":"https:\/\/www.champmarket.com\/nl\/champagne\/veuve-clicquot-rose-magnum-copie-copie\/#breadcrumb"},"inLanguage":"nl-NL","potentialAction":[{"@type":"ReadAction","target":["https:\/\/www.champmarket.com\/nl\/champagne\/veuve-clicquot-rose-magnum-copie-copie\/"]}]},{"@type":"ImageObject","inLanguage":"nl-NL","@id":"https:\/\/www.champmarket.com\/nl\/champagne\/veuve-clicquot-rose-magnum-copie-copie\/#primaryimage","url":"https:\/\/www.champmarket.com\/wp-content\/uploads\/2024\/09\/veuve-clicquot-rose-magnum-etui.webp","contentUrl":"https:\/\/www.champmarket.com\/wp-content\/uploads\/2024\/09\/veuve-clicquot-rose-magnum-etui.webp","width":1200,"height":1200,"caption":"Champagne Veuve Clicquot Ros\u00e9 - Champmarket"},{"@type":"BreadcrumbList","@id":"https:\/\/www.champmarket.com\/nl\/champagne\/veuve-clicquot-rose-magnum-copie-copie\/#breadcrumb","itemListElement":[{"@type":"ListItem","position":1,"name":"Accueil","item":"https:\/\/www.champmarket.com\/nl\/"},{"@type":"ListItem","position":2,"name":"Winkel","item":"https:\/\/www.champmarket.com\/nl\/boutique\/"},{"@type":"ListItem","position":3,"name":"Veuve Clicquot","item":"https:\/\/www.champmarket.com\/maisons\/selection-champagne-veuve-clicquot\/"},{"@type":"ListItem","position":4,"name":"Veuve Clicquot Ros\u00e9 Magnum met kist nieuw"}]},{"@type":"WebSite","@id":"https:\/\/www.champmarket.com\/#website","url":"https:\/\/www.champmarket.com\/","name":"Champmarket","description":"Champmarket, Champagnes, Cadeaus en Levenskunst","publisher":{"@id":"https:\/\/www.champmarket.com\/#organization"},"potentialAction":[{"@type":"SearchAction","target":{"@type":"EntryPoint","urlTemplate":"https:\/\/www.champmarket.com\/?s={search_term_string}"},"query-input":{"@type":"PropertyValueSpecification","valueRequired":true,"valueName":"search_term_string"}}],"inLanguage":"nl-NL"},{"@type":"Organization","@id":"https:\/\/www.champmarket.com\/#organization","name":"Champmarket","url":"https:\/\/www.champmarket.com\/","logo":{"@type":"ImageObject","inLanguage":"nl-NL","@id":"https:\/\/www.champmarket.com\/#\/schema\/logo\/image\/","url":"https:\/\/www.champmarket.com\/wp-content\/uploads\/2024\/08\/logo2024-1.svg","contentUrl":"https:\/\/www.champmarket.com\/wp-content\/uploads\/2024\/08\/logo2024-1.svg","width":579.8,"height":80,"caption":"Champmarket"},"image":{"@id":"https:\/\/www.champmarket.com\/#\/schema\/logo\/image\/"},"sameAs":["https:\/\/www.facebook.com\/ChampMarket\/","https:\/\/x.com\/champmarket","https:\/\/www.instagram.com\/champmarket.paris\/","https:\/\/www.pinterest.fr\/champmarketparis\/","https:\/\/www.linkedin.com\/company\/champmarket\/"]}]}},"_links":{"self":[{"href":"https:\/\/www.champmarket.com\/nl\/wp-json\/wp\/v2\/product\/74143","targetHints":{"allow":["GET"]}}],"collection":[{"href":"https:\/\/www.champmarket.com\/nl\/wp-json\/wp\/v2\/product"}],"about":[{"href":"https:\/\/www.champmarket.com\/nl\/wp-json\/wp\/v2\/types\/product"}],"version-history":[{"count":2,"href":"https:\/\/www.champmarket.com\/nl\/wp-json\/wp\/v2\/product\/74143\/revisions"}],"predecessor-version":[{"id":74613,"href":"https:\/\/www.champmarket.com\/nl\/wp-json\/wp\/v2\/product\/74143\/revisions\/74613"}],"wp:featuredmedia":[{"embeddable":true,"href":"https:\/\/www.champmarket.com\/nl\/wp-json\/wp\/v2\/media\/73988"}],"wp:attachment":[{"href":"https:\/\/www.champmarket.com\/nl\/wp-json\/wp\/v2\/media?parent=74143"}],"wp:term":[{"taxonomy":"product_brand","embeddable":true,"href":"https:\/\/www.champmarket.com\/nl\/wp-json\/wp\/v2\/product_brand?post=74143"},{"taxonomy":"product_cat","embeddable":true,"href":"https:\/\/www.champmarket.com\/nl\/wp-json\/wp\/v2\/product_cat?post=74143"},{"taxonomy":"product_tag","embeddable":true,"href":"https:\/\/www.champmarket.com\/nl\/wp-json\/wp\/v2\/product_tag?post=74143"}],"curies":[{"name":"wp","href":"https:\/\/api.w.org\/{rel}","templated":true}]}}