{"id":74873,"date":"2024-10-14T14:59:53","date_gmt":"2024-10-14T12:59:53","guid":{"rendered":"https:\/\/www.champmarket.com\/?post_type=product&#038;p=74873"},"modified":"2024-10-16T11:28:12","modified_gmt":"2024-10-16T09:28:12","slug":"dom-perignon-vintage-2015-fles-met-doos-copie","status":"publish","type":"product","link":"https:\/\/www.champmarket.com\/nl\/champagne\/dom-perignon-vintage-2015-fles-met-doos-copie\/","title":{"rendered":"Dom P\u00e9rignon Vintage 2015 Fles met doos (Copie)"},"content":{"rendered":"<p>De structuur van Vintage 2015 voelt horizontaal, breed en recht aan, wat de intensiteit van de wijn weerspiegelt.<br \/>\nElke slok bedekt het gehemelte en drukt zijn stempel met duidelijke, zuivere smaken, getekend in rechte lijnen in plaats van krommingen.<br \/>\nDit gestructureerde design is de ware signatuur van Dom P\u00e9rignon, waar aanraking fundamenteel wordt.<br \/>\nZonder deze tactiele dimensie zou de smaak van de wijn zich niet volledig kunnen ontvouwen in de tijd en ruimte van het proeven.    Dom P\u00e9rignon heeft een creatieve ambitie, die van de zoektocht, voortdurend vernieuwd, naar de harmonie van de champagne. De sensorische waarden worden ingezet: precisie, intensiteit, tactiel, mineraal, complexiteit, volledigheid, een manier om de noot vast te houden. Elk creatief proces heeft zijn beperkingen. Voor Dom P\u00e9rignon is dat de jaargang. Een absoluut engagement om de oogst van \u00e9\u00e9n en hetzelfde jaar mee te maken, ongeacht de uitdaging, tot het punt dat men aanvaardt de oogst niet aan te geven. Tijd zit in de Dom P\u00e9rignon vergelijking. Tijdens de periode van actieve rijping op de droesem, in de duisternis van de kelders, onthult elk wijnjaar zichzelf. Voor Dom P\u00e9rignon Vintage 2015 met doos duurde deze langzame metamorfose bijna tien jaar.<\/p>\n","protected":false},"excerpt":{"rendered":"<p>Dom P\u00e9rignon Vintage 2015 met doos, geboren uit een jaar van uitzonderlijke contrasten, onderscheidt zich door zijn kracht en opvallende, tactiele aanwezigheid.<br \/>\nDeze vintage, aanvankelijk donker en raadselachtig, onthult een textuur die op een opmerkelijke manier raakt en een unieke zintuiglijke ervaring biedt.<br \/>\nDe emotie die Dom P\u00e9rignon Vintage 2015 oproept, schommelt tussen stimulatie en harmonie.<br \/>\nDe subtiele bitterheid treedt op, terwijl de gulheid van de wijn een lange vibratie en gestructureerde korrel ontvouwt, die zich geleidelijk opent.<br \/>\nDeze vintage illustreert perfect het vermogen van Dom P\u00e9rignon om de essentie van de ingredi\u00ebnten waarmee hij wordt geserveerd vast te leggen, en belooft een onvergetelijke proeverij die wordt gekenmerkt door zijn intensiteit en finesse.    <\/p>\n","protected":false},"featured_media":74906,"template":"","meta":{"_acf_changed":false},"product_brand":[],"product_cat":[3308,3138,3143,3106,3178,3107,3176,3115,3116,3169,3168],"product_tag":[3188,3202,3189,3195,3199,3200,3196],"class_list":{"0":"post-74873","1":"product","2":"type-product","3":"status-publish","4":"has-post-thumbnail","6":"maisons-selectie-champagne-dom-perignon-nl","7":"product_cat-alle-champagnes-en-boxes","8":"product_cat-categorie-champagnehuizen","9":"product_cat-dom-perignon-nl","10":"product_cat-flessen","11":"product_cat-limited-editions","12":"product_cat-relatiegeschenken","13":"product_cat-tous-les-champagnes-nl","14":"product_cat-vintage-champagne","15":"product_cat-prestige-champagne","16":"product_cat-aperitief","17":"product_cat-repas-nl","18":"product_tag-haute-couture-nl","19":"product_tag-limited-edition","20":"product_tag-incontournable-nl","21":"product_tag-pour-offrir-nl","22":"product_tag-aperitif-nl","23":"product_tag-vintage-nl","24":"product_tag-repas-champagne-nl","26":"first","27":"outofstock","28":"taxable","29":"shipping-taxable","30":"purchasable","31":"product-type-simple"},"acf":[],"yoast_head":"<!-- This site is optimized with the Yoast SEO plugin v26.4 - https:\/\/yoast.com\/wordpress\/plugins\/seo\/ -->\n<title>Dom P\u00e9rignon Vintage 2015 Fles met doos (Copie) - Champmarket<\/title>\n<meta name=\"description\" content=\"Dom P\u00e9rignon Vintage 2015 met doos, geboren uit een jaar van uitzonderlijke contrasten, valt op door zijn kracht en opvallende, tactiele aanwezigheid.\" \/>\n<meta name=\"robots\" content=\"index, follow, max-snippet:-1, max-image-preview:large, max-video-preview:-1\" \/>\n<link rel=\"canonical\" href=\"https:\/\/www.champmarket.com\/nl\/champagne\/dom-perignon-vintage-2015-fles-met-doos-copie\/\" \/>\n<meta property=\"og:locale\" content=\"nl_NL\" \/>\n<meta property=\"og:type\" content=\"article\" \/>\n<meta property=\"og:title\" content=\"Dom P\u00e9rignon Vintage 2015 Fles met doos (Copie) - Champmarket\" \/>\n<meta property=\"og:description\" content=\"Dom P\u00e9rignon Vintage 2015 met doos, geboren uit een jaar van uitzonderlijke contrasten, valt op door zijn kracht en opvallende, tactiele aanwezigheid.\" \/>\n<meta property=\"og:url\" content=\"https:\/\/www.champmarket.com\/nl\/champagne\/dom-perignon-vintage-2015-fles-met-doos-copie\/\" \/>\n<meta property=\"og:site_name\" content=\"Champmarket\" \/>\n<meta property=\"article:publisher\" content=\"https:\/\/www.facebook.com\/ChampMarket\/\" \/>\n<meta property=\"article:modified_time\" content=\"2024-10-16T09:28:12+00:00\" \/>\n<meta property=\"og:image\" content=\"https:\/\/www.champmarket.com\/wp-content\/uploads\/2024\/10\/dom-perignon-vintage-2015-edition-speciale-tribute-jean-michel-basquiat-trio-ambiance.webp\" \/>\n\t<meta property=\"og:image:width\" content=\"1200\" \/>\n\t<meta property=\"og:image:height\" content=\"1200\" \/>\n\t<meta property=\"og:image:type\" content=\"image\/webp\" \/>\n<meta name=\"twitter:card\" content=\"summary_large_image\" \/>\n<meta name=\"twitter:site\" content=\"@champmarket\" \/>\n<meta name=\"twitter:label1\" content=\"Geschatte leestijd\" \/>\n\t<meta name=\"twitter:data1\" content=\"2 minuten\" \/>\n<script type=\"application\/ld+json\" class=\"yoast-schema-graph\">{\"@context\":\"https:\/\/schema.org\",\"@graph\":[{\"@type\":\"WebPage\",\"@id\":\"https:\/\/www.champmarket.com\/nl\/champagne\/dom-perignon-vintage-2015-fles-met-doos-copie\/\",\"url\":\"https:\/\/www.champmarket.com\/nl\/champagne\/dom-perignon-vintage-2015-fles-met-doos-copie\/\",\"name\":\"Dom P\u00e9rignon Vintage 2015 Fles met doos (Copie) - Champmarket\",\"isPartOf\":{\"@id\":\"https:\/\/www.champmarket.com\/#website\"},\"primaryImageOfPage\":{\"@id\":\"https:\/\/www.champmarket.com\/nl\/champagne\/dom-perignon-vintage-2015-fles-met-doos-copie\/#primaryimage\"},\"image\":{\"@id\":\"https:\/\/www.champmarket.com\/nl\/champagne\/dom-perignon-vintage-2015-fles-met-doos-copie\/#primaryimage\"},\"thumbnailUrl\":\"https:\/\/www.champmarket.com\/wp-content\/uploads\/2024\/10\/dom-perignon-vintage-2015-edition-speciale-tribute-jean-michel-basquiat-bouteille-yellow-coffret.webp\",\"datePublished\":\"2024-10-14T12:59:53+00:00\",\"dateModified\":\"2024-10-16T09:28:12+00:00\",\"description\":\"Dom P\u00e9rignon Vintage 2015 met doos, geboren uit een jaar van uitzonderlijke contrasten, valt op door zijn kracht en opvallende, tactiele aanwezigheid.\",\"breadcrumb\":{\"@id\":\"https:\/\/www.champmarket.com\/nl\/champagne\/dom-perignon-vintage-2015-fles-met-doos-copie\/#breadcrumb\"},\"inLanguage\":\"nl-NL\",\"potentialAction\":[{\"@type\":\"ReadAction\",\"target\":[\"https:\/\/www.champmarket.com\/nl\/champagne\/dom-perignon-vintage-2015-fles-met-doos-copie\/\"]}]},{\"@type\":\"ImageObject\",\"inLanguage\":\"nl-NL\",\"@id\":\"https:\/\/www.champmarket.com\/nl\/champagne\/dom-perignon-vintage-2015-fles-met-doos-copie\/#primaryimage\",\"url\":\"https:\/\/www.champmarket.com\/wp-content\/uploads\/2024\/10\/dom-perignon-vintage-2015-edition-speciale-tribute-jean-michel-basquiat-bouteille-yellow-coffret.webp\",\"contentUrl\":\"https:\/\/www.champmarket.com\/wp-content\/uploads\/2024\/10\/dom-perignon-vintage-2015-edition-speciale-tribute-jean-michel-basquiat-bouteille-yellow-coffret.webp\",\"width\":1200,\"height\":1200,\"caption\":\"Dom P\u00e9rignon Vintage 2015 \u00c9dition Sp\u00e9ciale Jean-Michel Basquiat Yellow Bouteille avec coffret - Champmarket\"},{\"@type\":\"BreadcrumbList\",\"@id\":\"https:\/\/www.champmarket.com\/nl\/champagne\/dom-perignon-vintage-2015-fles-met-doos-copie\/#breadcrumb\",\"itemListElement\":[{\"@type\":\"ListItem\",\"position\":1,\"name\":\"Accueil\",\"item\":\"https:\/\/www.champmarket.com\/nl\/\"},{\"@type\":\"ListItem\",\"position\":2,\"name\":\"Winkel\",\"item\":\"https:\/\/www.champmarket.com\/nl\/boutique\/\"},{\"@type\":\"ListItem\",\"position\":3,\"name\":\"Dom P\u00e9rignon\",\"item\":\"https:\/\/www.champmarket.com\/nl\/maisons\/selectie-champagne-dom-perignon-nl\/\"},{\"@type\":\"ListItem\",\"position\":4,\"name\":\"Dom P\u00e9rignon Vintage 2015 Fles met doos (Copie)\"}]},{\"@type\":\"WebSite\",\"@id\":\"https:\/\/www.champmarket.com\/#website\",\"url\":\"https:\/\/www.champmarket.com\/\",\"name\":\"Champmarket\",\"description\":\"Champmarket, Champagnes, Cadeaus en Levenskunst\",\"publisher\":{\"@id\":\"https:\/\/www.champmarket.com\/#organization\"},\"potentialAction\":[{\"@type\":\"SearchAction\",\"target\":{\"@type\":\"EntryPoint\",\"urlTemplate\":\"https:\/\/www.champmarket.com\/?s={search_term_string}\"},\"query-input\":{\"@type\":\"PropertyValueSpecification\",\"valueRequired\":true,\"valueName\":\"search_term_string\"}}],\"inLanguage\":\"nl-NL\"},{\"@type\":\"Organization\",\"@id\":\"https:\/\/www.champmarket.com\/#organization\",\"name\":\"Champmarket\",\"url\":\"https:\/\/www.champmarket.com\/\",\"logo\":{\"@type\":\"ImageObject\",\"inLanguage\":\"nl-NL\",\"@id\":\"https:\/\/www.champmarket.com\/#\/schema\/logo\/image\/\",\"url\":\"https:\/\/www.champmarket.com\/wp-content\/uploads\/2024\/08\/logo2024-1.svg\",\"contentUrl\":\"https:\/\/www.champmarket.com\/wp-content\/uploads\/2024\/08\/logo2024-1.svg\",\"width\":579.8,\"height\":80,\"caption\":\"Champmarket\"},\"image\":{\"@id\":\"https:\/\/www.champmarket.com\/#\/schema\/logo\/image\/\"},\"sameAs\":[\"https:\/\/www.facebook.com\/ChampMarket\/\",\"https:\/\/x.com\/champmarket\",\"https:\/\/www.instagram.com\/champmarket.paris\/\",\"https:\/\/www.pinterest.fr\/champmarketparis\/\",\"https:\/\/www.linkedin.com\/company\/champmarket\/\"]}]}<\/script>\n<!-- \/ Yoast SEO plugin. -->","yoast_head_json":{"title":"Dom P\u00e9rignon Vintage 2015 Fles met doos (Copie) - Champmarket","description":"Dom P\u00e9rignon Vintage 2015 met doos, geboren uit een jaar van uitzonderlijke contrasten, valt op door zijn kracht en opvallende, tactiele aanwezigheid.","robots":{"index":"index","follow":"follow","max-snippet":"max-snippet:-1","max-image-preview":"max-image-preview:large","max-video-preview":"max-video-preview:-1"},"canonical":"https:\/\/www.champmarket.com\/nl\/champagne\/dom-perignon-vintage-2015-fles-met-doos-copie\/","og_locale":"nl_NL","og_type":"article","og_title":"Dom P\u00e9rignon Vintage 2015 Fles met doos (Copie) - Champmarket","og_description":"Dom P\u00e9rignon Vintage 2015 met doos, geboren uit een jaar van uitzonderlijke contrasten, valt op door zijn kracht en opvallende, tactiele aanwezigheid.","og_url":"https:\/\/www.champmarket.com\/nl\/champagne\/dom-perignon-vintage-2015-fles-met-doos-copie\/","og_site_name":"Champmarket","article_publisher":"https:\/\/www.facebook.com\/ChampMarket\/","article_modified_time":"2024-10-16T09:28:12+00:00","og_image":[{"width":1200,"height":1200,"url":"https:\/\/www.champmarket.com\/wp-content\/uploads\/2024\/10\/dom-perignon-vintage-2015-edition-speciale-tribute-jean-michel-basquiat-trio-ambiance.webp","type":"image\/webp"}],"twitter_card":"summary_large_image","twitter_site":"@champmarket","twitter_misc":{"Geschatte leestijd":"2 minuten"},"schema":{"@context":"https:\/\/schema.org","@graph":[{"@type":"WebPage","@id":"https:\/\/www.champmarket.com\/nl\/champagne\/dom-perignon-vintage-2015-fles-met-doos-copie\/","url":"https:\/\/www.champmarket.com\/nl\/champagne\/dom-perignon-vintage-2015-fles-met-doos-copie\/","name":"Dom P\u00e9rignon Vintage 2015 Fles met doos (Copie) - Champmarket","isPartOf":{"@id":"https:\/\/www.champmarket.com\/#website"},"primaryImageOfPage":{"@id":"https:\/\/www.champmarket.com\/nl\/champagne\/dom-perignon-vintage-2015-fles-met-doos-copie\/#primaryimage"},"image":{"@id":"https:\/\/www.champmarket.com\/nl\/champagne\/dom-perignon-vintage-2015-fles-met-doos-copie\/#primaryimage"},"thumbnailUrl":"https:\/\/www.champmarket.com\/wp-content\/uploads\/2024\/10\/dom-perignon-vintage-2015-edition-speciale-tribute-jean-michel-basquiat-bouteille-yellow-coffret.webp","datePublished":"2024-10-14T12:59:53+00:00","dateModified":"2024-10-16T09:28:12+00:00","description":"Dom P\u00e9rignon Vintage 2015 met doos, geboren uit een jaar van uitzonderlijke contrasten, valt op door zijn kracht en opvallende, tactiele aanwezigheid.","breadcrumb":{"@id":"https:\/\/www.champmarket.com\/nl\/champagne\/dom-perignon-vintage-2015-fles-met-doos-copie\/#breadcrumb"},"inLanguage":"nl-NL","potentialAction":[{"@type":"ReadAction","target":["https:\/\/www.champmarket.com\/nl\/champagne\/dom-perignon-vintage-2015-fles-met-doos-copie\/"]}]},{"@type":"ImageObject","inLanguage":"nl-NL","@id":"https:\/\/www.champmarket.com\/nl\/champagne\/dom-perignon-vintage-2015-fles-met-doos-copie\/#primaryimage","url":"https:\/\/www.champmarket.com\/wp-content\/uploads\/2024\/10\/dom-perignon-vintage-2015-edition-speciale-tribute-jean-michel-basquiat-bouteille-yellow-coffret.webp","contentUrl":"https:\/\/www.champmarket.com\/wp-content\/uploads\/2024\/10\/dom-perignon-vintage-2015-edition-speciale-tribute-jean-michel-basquiat-bouteille-yellow-coffret.webp","width":1200,"height":1200,"caption":"Dom P\u00e9rignon Vintage 2015 \u00c9dition Sp\u00e9ciale Jean-Michel Basquiat Yellow Bouteille avec coffret - Champmarket"},{"@type":"BreadcrumbList","@id":"https:\/\/www.champmarket.com\/nl\/champagne\/dom-perignon-vintage-2015-fles-met-doos-copie\/#breadcrumb","itemListElement":[{"@type":"ListItem","position":1,"name":"Accueil","item":"https:\/\/www.champmarket.com\/nl\/"},{"@type":"ListItem","position":2,"name":"Winkel","item":"https:\/\/www.champmarket.com\/nl\/boutique\/"},{"@type":"ListItem","position":3,"name":"Dom P\u00e9rignon","item":"https:\/\/www.champmarket.com\/nl\/maisons\/selectie-champagne-dom-perignon-nl\/"},{"@type":"ListItem","position":4,"name":"Dom P\u00e9rignon Vintage 2015 Fles met doos (Copie)"}]},{"@type":"WebSite","@id":"https:\/\/www.champmarket.com\/#website","url":"https:\/\/www.champmarket.com\/","name":"Champmarket","description":"Champmarket, Champagnes, Cadeaus en Levenskunst","publisher":{"@id":"https:\/\/www.champmarket.com\/#organization"},"potentialAction":[{"@type":"SearchAction","target":{"@type":"EntryPoint","urlTemplate":"https:\/\/www.champmarket.com\/?s={search_term_string}"},"query-input":{"@type":"PropertyValueSpecification","valueRequired":true,"valueName":"search_term_string"}}],"inLanguage":"nl-NL"},{"@type":"Organization","@id":"https:\/\/www.champmarket.com\/#organization","name":"Champmarket","url":"https:\/\/www.champmarket.com\/","logo":{"@type":"ImageObject","inLanguage":"nl-NL","@id":"https:\/\/www.champmarket.com\/#\/schema\/logo\/image\/","url":"https:\/\/www.champmarket.com\/wp-content\/uploads\/2024\/08\/logo2024-1.svg","contentUrl":"https:\/\/www.champmarket.com\/wp-content\/uploads\/2024\/08\/logo2024-1.svg","width":579.8,"height":80,"caption":"Champmarket"},"image":{"@id":"https:\/\/www.champmarket.com\/#\/schema\/logo\/image\/"},"sameAs":["https:\/\/www.facebook.com\/ChampMarket\/","https:\/\/x.com\/champmarket","https:\/\/www.instagram.com\/champmarket.paris\/","https:\/\/www.pinterest.fr\/champmarketparis\/","https:\/\/www.linkedin.com\/company\/champmarket\/"]}]}},"_links":{"self":[{"href":"https:\/\/www.champmarket.com\/nl\/wp-json\/wp\/v2\/product\/74873","targetHints":{"allow":["GET"]}}],"collection":[{"href":"https:\/\/www.champmarket.com\/nl\/wp-json\/wp\/v2\/product"}],"about":[{"href":"https:\/\/www.champmarket.com\/nl\/wp-json\/wp\/v2\/types\/product"}],"version-history":[{"count":1,"href":"https:\/\/www.champmarket.com\/nl\/wp-json\/wp\/v2\/product\/74873\/revisions"}],"predecessor-version":[{"id":75062,"href":"https:\/\/www.champmarket.com\/nl\/wp-json\/wp\/v2\/product\/74873\/revisions\/75062"}],"wp:featuredmedia":[{"embeddable":true,"href":"https:\/\/www.champmarket.com\/nl\/wp-json\/wp\/v2\/media\/74906"}],"wp:attachment":[{"href":"https:\/\/www.champmarket.com\/nl\/wp-json\/wp\/v2\/media?parent=74873"}],"wp:term":[{"taxonomy":"product_brand","embeddable":true,"href":"https:\/\/www.champmarket.com\/nl\/wp-json\/wp\/v2\/product_brand?post=74873"},{"taxonomy":"product_cat","embeddable":true,"href":"https:\/\/www.champmarket.com\/nl\/wp-json\/wp\/v2\/product_cat?post=74873"},{"taxonomy":"product_tag","embeddable":true,"href":"https:\/\/www.champmarket.com\/nl\/wp-json\/wp\/v2\/product_tag?post=74873"}],"curies":[{"name":"wp","href":"https:\/\/api.w.org\/{rel}","templated":true}]}}