{"id":75401,"date":"2024-11-06T18:51:28","date_gmt":"2024-11-06T17:51:28","guid":{"rendered":"https:\/\/www.champmarket.com\/?post_type=product&#038;p=75401"},"modified":"2025-05-26T10:23:40","modified_gmt":"2025-05-26T08:23:40","slug":"krug-rose-28e-editie-fles-met-doos","status":"publish","type":"product","link":"https:\/\/www.champmarket.com\/nl\/champagne\/krug-rose-28e-editie-fles-met-doos\/","title":{"rendered":"Krug Ros\u00e9 28e Editie Fles met doos"},"content":{"rendered":"<p>Het editienummer komt overeen met het aantal keren dat de droom van de vijfde generatie is gerecre\u00eberd in het Huis van Krug. Het dient ook als referentie voor verzamelaars, zodat ze er later van kunnen genieten. Net als alle andere Champagnes van Krug zal de Krug Ros\u00e9 28th Edition zich in de loop der tijd blijven verbeteren en verrijken.<\/p>\n<p>Het volledige verhaal van elke editie wordt online onthuld via zijn Krug iD, de zes cijfers op het achteretiket.<\/p>\n<p>Krug Ros\u00e9 28th Edition is de ideale champagne voor speciale gelegenheden en bijzondere momenten.<\/p>\n","protected":false},"excerpt":{"rendered":"<p>In 1976, met de non-conformistische geest van Joseph Krug in het achterhoofd, gaf de vijfde generatie van de Krug familie geboorte aan een nieuwe compositie, een gedurfde ros\u00e9 ge\u00efnspireerd door de gerenommeerde kunst van het mengen van het Huis, die elk jaar opnieuw wordt gemaakt. Een mix van 32 wijnen uit 6 verschillende jaren, de jongste uit 2016 en de oudste uit 2010, Krug Ros\u00e9 28th Edition is een onverwachte ros\u00e9 champagne die een echte evenwichtsoefening uitvoert tussen finesse en substantie, dankzij een mix van wijnen met contrasterende karakters. Ongeveer zeven jaar in de kelder geven deze 28th Edition zijn unieke expressie en elegantie.<\/p>\n","protected":false},"featured_media":75388,"template":"","meta":{"_acf_changed":false},"product_brand":[],"product_cat":[3353,3321,3308,3138,3147,3106,3164,3107,3176,3117,3116,3168],"product_tag":[3188,3190,3195,3196],"class_list":{"0":"post-75401","1":"product","2":"type-product","3":"status-publish","4":"has-post-thumbnail","6":"maisons-selectie-champagne-krug-nl","7":"product_cat-kerstchampagnes","8":"product_cat-beste-champagnes","9":"product_cat-alle-champagnes-en-boxes","10":"product_cat-categorie-champagnehuizen","11":"product_cat-krug-nl","12":"product_cat-flessen","13":"product_cat-nieuwigheden","14":"product_cat-relatiegeschenken","15":"product_cat-tous-les-champagnes-nl","16":"product_cat-rose-champagne","17":"product_cat-prestige-champagne","18":"product_cat-repas-nl","19":"product_tag-haute-couture-nl","20":"product_tag-la-vie-en-rose-nl","21":"product_tag-pour-offrir-nl","22":"product_tag-repas-champagne-nl","24":"first","25":"instock","26":"taxable","27":"shipping-taxable","28":"purchasable","29":"product-type-simple"},"acf":[],"yoast_head":"<!-- This site is optimized with the Yoast SEO plugin v26.4 - https:\/\/yoast.com\/wordpress\/plugins\/seo\/ -->\n<title>Krug Ros\u00e9 28e Editie Fles met doos - Champmarket<\/title>\n<meta name=\"description\" content=\"Krug Ros\u00e9 28th Edition met box is een onverwachte ros\u00e9 champagne die een echte evenwichtsoefening doet tussen finesse en substantie...\" \/>\n<meta name=\"robots\" content=\"index, follow, max-snippet:-1, max-image-preview:large, max-video-preview:-1\" \/>\n<link rel=\"canonical\" href=\"https:\/\/www.champmarket.com\/nl\/champagne\/krug-rose-28e-editie-fles-met-doos\/\" \/>\n<meta property=\"og:locale\" content=\"nl_NL\" \/>\n<meta property=\"og:type\" content=\"article\" \/>\n<meta property=\"og:title\" content=\"Krug Ros\u00e9 28e Editie Fles met doos - Champmarket\" \/>\n<meta property=\"og:description\" content=\"Krug Ros\u00e9 28th Edition met box is een onverwachte ros\u00e9 champagne die een echte evenwichtsoefening doet tussen finesse en substantie...\" \/>\n<meta property=\"og:url\" content=\"https:\/\/www.champmarket.com\/nl\/champagne\/krug-rose-28e-editie-fles-met-doos\/\" \/>\n<meta property=\"og:site_name\" content=\"Champmarket\" \/>\n<meta property=\"article:publisher\" content=\"https:\/\/www.facebook.com\/ChampMarket\/\" \/>\n<meta property=\"article:modified_time\" content=\"2025-05-26T08:23:40+00:00\" \/>\n<meta property=\"og:image\" content=\"https:\/\/www.champmarket.com\/wp-content\/uploads\/2024\/11\/krug-rose-28-eme-edition-bouteille-coffret.webp\" \/>\n\t<meta property=\"og:image:width\" content=\"1200\" \/>\n\t<meta property=\"og:image:height\" content=\"1200\" \/>\n\t<meta property=\"og:image:type\" content=\"image\/webp\" \/>\n<meta name=\"twitter:card\" content=\"summary_large_image\" \/>\n<meta name=\"twitter:site\" content=\"@champmarket\" \/>\n<meta name=\"twitter:label1\" content=\"Geschatte leestijd\" \/>\n\t<meta name=\"twitter:data1\" content=\"1 minuut\" \/>\n<script type=\"application\/ld+json\" class=\"yoast-schema-graph\">{\"@context\":\"https:\/\/schema.org\",\"@graph\":[{\"@type\":\"WebPage\",\"@id\":\"https:\/\/www.champmarket.com\/nl\/champagne\/krug-rose-28e-editie-fles-met-doos\/\",\"url\":\"https:\/\/www.champmarket.com\/nl\/champagne\/krug-rose-28e-editie-fles-met-doos\/\",\"name\":\"Krug Ros\u00e9 28e Editie Fles met doos - Champmarket\",\"isPartOf\":{\"@id\":\"https:\/\/www.champmarket.com\/#website\"},\"primaryImageOfPage\":{\"@id\":\"https:\/\/www.champmarket.com\/nl\/champagne\/krug-rose-28e-editie-fles-met-doos\/#primaryimage\"},\"image\":{\"@id\":\"https:\/\/www.champmarket.com\/nl\/champagne\/krug-rose-28e-editie-fles-met-doos\/#primaryimage\"},\"thumbnailUrl\":\"https:\/\/www.champmarket.com\/wp-content\/uploads\/2024\/11\/krug-rose-28-eme-edition-bouteille-coffret.webp\",\"datePublished\":\"2024-11-06T17:51:28+00:00\",\"dateModified\":\"2025-05-26T08:23:40+00:00\",\"description\":\"Krug Ros\u00e9 28th Edition met box is een onverwachte ros\u00e9 champagne die een echte evenwichtsoefening doet tussen finesse en substantie...\",\"breadcrumb\":{\"@id\":\"https:\/\/www.champmarket.com\/nl\/champagne\/krug-rose-28e-editie-fles-met-doos\/#breadcrumb\"},\"inLanguage\":\"nl-NL\",\"potentialAction\":[{\"@type\":\"ReadAction\",\"target\":[\"https:\/\/www.champmarket.com\/nl\/champagne\/krug-rose-28e-editie-fles-met-doos\/\"]}]},{\"@type\":\"ImageObject\",\"inLanguage\":\"nl-NL\",\"@id\":\"https:\/\/www.champmarket.com\/nl\/champagne\/krug-rose-28e-editie-fles-met-doos\/#primaryimage\",\"url\":\"https:\/\/www.champmarket.com\/wp-content\/uploads\/2024\/11\/krug-rose-28-eme-edition-bouteille-coffret.webp\",\"contentUrl\":\"https:\/\/www.champmarket.com\/wp-content\/uploads\/2024\/11\/krug-rose-28-eme-edition-bouteille-coffret.webp\",\"width\":1200,\"height\":1200,\"caption\":\"Champagne Krug Ros\u00e9 28\u00e8me \u00e9dition avec coffret - Champmarket\"},{\"@type\":\"BreadcrumbList\",\"@id\":\"https:\/\/www.champmarket.com\/nl\/champagne\/krug-rose-28e-editie-fles-met-doos\/#breadcrumb\",\"itemListElement\":[{\"@type\":\"ListItem\",\"position\":1,\"name\":\"Accueil\",\"item\":\"https:\/\/www.champmarket.com\/nl\/\"},{\"@type\":\"ListItem\",\"position\":2,\"name\":\"Winkel\",\"item\":\"https:\/\/www.champmarket.com\/nl\/boutique\/\"},{\"@type\":\"ListItem\",\"position\":3,\"name\":\"Krug\",\"item\":\"https:\/\/www.champmarket.com\/nl\/maisons\/selectie-champagne-krug-nl\/\"},{\"@type\":\"ListItem\",\"position\":4,\"name\":\"Krug Ros\u00e9 28e Editie Fles met doos\"}]},{\"@type\":\"WebSite\",\"@id\":\"https:\/\/www.champmarket.com\/#website\",\"url\":\"https:\/\/www.champmarket.com\/\",\"name\":\"Champmarket\",\"description\":\"Champmarket, Champagnes, Cadeaus en Levenskunst\",\"publisher\":{\"@id\":\"https:\/\/www.champmarket.com\/#organization\"},\"potentialAction\":[{\"@type\":\"SearchAction\",\"target\":{\"@type\":\"EntryPoint\",\"urlTemplate\":\"https:\/\/www.champmarket.com\/?s={search_term_string}\"},\"query-input\":{\"@type\":\"PropertyValueSpecification\",\"valueRequired\":true,\"valueName\":\"search_term_string\"}}],\"inLanguage\":\"nl-NL\"},{\"@type\":\"Organization\",\"@id\":\"https:\/\/www.champmarket.com\/#organization\",\"name\":\"Champmarket\",\"url\":\"https:\/\/www.champmarket.com\/\",\"logo\":{\"@type\":\"ImageObject\",\"inLanguage\":\"nl-NL\",\"@id\":\"https:\/\/www.champmarket.com\/#\/schema\/logo\/image\/\",\"url\":\"https:\/\/www.champmarket.com\/wp-content\/uploads\/2024\/08\/logo2024-1.svg\",\"contentUrl\":\"https:\/\/www.champmarket.com\/wp-content\/uploads\/2024\/08\/logo2024-1.svg\",\"width\":579.8,\"height\":80,\"caption\":\"Champmarket\"},\"image\":{\"@id\":\"https:\/\/www.champmarket.com\/#\/schema\/logo\/image\/\"},\"sameAs\":[\"https:\/\/www.facebook.com\/ChampMarket\/\",\"https:\/\/x.com\/champmarket\",\"https:\/\/www.instagram.com\/champmarket.paris\/\",\"https:\/\/www.pinterest.fr\/champmarketparis\/\",\"https:\/\/www.linkedin.com\/company\/champmarket\/\"]}]}<\/script>\n<!-- \/ Yoast SEO plugin. -->","yoast_head_json":{"title":"Krug Ros\u00e9 28e Editie Fles met doos - Champmarket","description":"Krug Ros\u00e9 28th Edition met box is een onverwachte ros\u00e9 champagne die een echte evenwichtsoefening doet tussen finesse en substantie...","robots":{"index":"index","follow":"follow","max-snippet":"max-snippet:-1","max-image-preview":"max-image-preview:large","max-video-preview":"max-video-preview:-1"},"canonical":"https:\/\/www.champmarket.com\/nl\/champagne\/krug-rose-28e-editie-fles-met-doos\/","og_locale":"nl_NL","og_type":"article","og_title":"Krug Ros\u00e9 28e Editie Fles met doos - Champmarket","og_description":"Krug Ros\u00e9 28th Edition met box is een onverwachte ros\u00e9 champagne die een echte evenwichtsoefening doet tussen finesse en substantie...","og_url":"https:\/\/www.champmarket.com\/nl\/champagne\/krug-rose-28e-editie-fles-met-doos\/","og_site_name":"Champmarket","article_publisher":"https:\/\/www.facebook.com\/ChampMarket\/","article_modified_time":"2025-05-26T08:23:40+00:00","og_image":[{"width":1200,"height":1200,"url":"https:\/\/www.champmarket.com\/wp-content\/uploads\/2024\/11\/krug-rose-28-eme-edition-bouteille-coffret.webp","type":"image\/webp"}],"twitter_card":"summary_large_image","twitter_site":"@champmarket","twitter_misc":{"Geschatte leestijd":"1 minuut"},"schema":{"@context":"https:\/\/schema.org","@graph":[{"@type":"WebPage","@id":"https:\/\/www.champmarket.com\/nl\/champagne\/krug-rose-28e-editie-fles-met-doos\/","url":"https:\/\/www.champmarket.com\/nl\/champagne\/krug-rose-28e-editie-fles-met-doos\/","name":"Krug Ros\u00e9 28e Editie Fles met doos - Champmarket","isPartOf":{"@id":"https:\/\/www.champmarket.com\/#website"},"primaryImageOfPage":{"@id":"https:\/\/www.champmarket.com\/nl\/champagne\/krug-rose-28e-editie-fles-met-doos\/#primaryimage"},"image":{"@id":"https:\/\/www.champmarket.com\/nl\/champagne\/krug-rose-28e-editie-fles-met-doos\/#primaryimage"},"thumbnailUrl":"https:\/\/www.champmarket.com\/wp-content\/uploads\/2024\/11\/krug-rose-28-eme-edition-bouteille-coffret.webp","datePublished":"2024-11-06T17:51:28+00:00","dateModified":"2025-05-26T08:23:40+00:00","description":"Krug Ros\u00e9 28th Edition met box is een onverwachte ros\u00e9 champagne die een echte evenwichtsoefening doet tussen finesse en substantie...","breadcrumb":{"@id":"https:\/\/www.champmarket.com\/nl\/champagne\/krug-rose-28e-editie-fles-met-doos\/#breadcrumb"},"inLanguage":"nl-NL","potentialAction":[{"@type":"ReadAction","target":["https:\/\/www.champmarket.com\/nl\/champagne\/krug-rose-28e-editie-fles-met-doos\/"]}]},{"@type":"ImageObject","inLanguage":"nl-NL","@id":"https:\/\/www.champmarket.com\/nl\/champagne\/krug-rose-28e-editie-fles-met-doos\/#primaryimage","url":"https:\/\/www.champmarket.com\/wp-content\/uploads\/2024\/11\/krug-rose-28-eme-edition-bouteille-coffret.webp","contentUrl":"https:\/\/www.champmarket.com\/wp-content\/uploads\/2024\/11\/krug-rose-28-eme-edition-bouteille-coffret.webp","width":1200,"height":1200,"caption":"Champagne Krug Ros\u00e9 28\u00e8me \u00e9dition avec coffret - Champmarket"},{"@type":"BreadcrumbList","@id":"https:\/\/www.champmarket.com\/nl\/champagne\/krug-rose-28e-editie-fles-met-doos\/#breadcrumb","itemListElement":[{"@type":"ListItem","position":1,"name":"Accueil","item":"https:\/\/www.champmarket.com\/nl\/"},{"@type":"ListItem","position":2,"name":"Winkel","item":"https:\/\/www.champmarket.com\/nl\/boutique\/"},{"@type":"ListItem","position":3,"name":"Krug","item":"https:\/\/www.champmarket.com\/nl\/maisons\/selectie-champagne-krug-nl\/"},{"@type":"ListItem","position":4,"name":"Krug Ros\u00e9 28e Editie Fles met doos"}]},{"@type":"WebSite","@id":"https:\/\/www.champmarket.com\/#website","url":"https:\/\/www.champmarket.com\/","name":"Champmarket","description":"Champmarket, Champagnes, Cadeaus en Levenskunst","publisher":{"@id":"https:\/\/www.champmarket.com\/#organization"},"potentialAction":[{"@type":"SearchAction","target":{"@type":"EntryPoint","urlTemplate":"https:\/\/www.champmarket.com\/?s={search_term_string}"},"query-input":{"@type":"PropertyValueSpecification","valueRequired":true,"valueName":"search_term_string"}}],"inLanguage":"nl-NL"},{"@type":"Organization","@id":"https:\/\/www.champmarket.com\/#organization","name":"Champmarket","url":"https:\/\/www.champmarket.com\/","logo":{"@type":"ImageObject","inLanguage":"nl-NL","@id":"https:\/\/www.champmarket.com\/#\/schema\/logo\/image\/","url":"https:\/\/www.champmarket.com\/wp-content\/uploads\/2024\/08\/logo2024-1.svg","contentUrl":"https:\/\/www.champmarket.com\/wp-content\/uploads\/2024\/08\/logo2024-1.svg","width":579.8,"height":80,"caption":"Champmarket"},"image":{"@id":"https:\/\/www.champmarket.com\/#\/schema\/logo\/image\/"},"sameAs":["https:\/\/www.facebook.com\/ChampMarket\/","https:\/\/x.com\/champmarket","https:\/\/www.instagram.com\/champmarket.paris\/","https:\/\/www.pinterest.fr\/champmarketparis\/","https:\/\/www.linkedin.com\/company\/champmarket\/"]}]}},"_links":{"self":[{"href":"https:\/\/www.champmarket.com\/nl\/wp-json\/wp\/v2\/product\/75401","targetHints":{"allow":["GET"]}}],"collection":[{"href":"https:\/\/www.champmarket.com\/nl\/wp-json\/wp\/v2\/product"}],"about":[{"href":"https:\/\/www.champmarket.com\/nl\/wp-json\/wp\/v2\/types\/product"}],"version-history":[{"count":4,"href":"https:\/\/www.champmarket.com\/nl\/wp-json\/wp\/v2\/product\/75401\/revisions"}],"predecessor-version":[{"id":79538,"href":"https:\/\/www.champmarket.com\/nl\/wp-json\/wp\/v2\/product\/75401\/revisions\/79538"}],"wp:featuredmedia":[{"embeddable":true,"href":"https:\/\/www.champmarket.com\/nl\/wp-json\/wp\/v2\/media\/75388"}],"wp:attachment":[{"href":"https:\/\/www.champmarket.com\/nl\/wp-json\/wp\/v2\/media?parent=75401"}],"wp:term":[{"taxonomy":"product_brand","embeddable":true,"href":"https:\/\/www.champmarket.com\/nl\/wp-json\/wp\/v2\/product_brand?post=75401"},{"taxonomy":"product_cat","embeddable":true,"href":"https:\/\/www.champmarket.com\/nl\/wp-json\/wp\/v2\/product_cat?post=75401"},{"taxonomy":"product_tag","embeddable":true,"href":"https:\/\/www.champmarket.com\/nl\/wp-json\/wp\/v2\/product_tag?post=75401"}],"curies":[{"name":"wp","href":"https:\/\/api.w.org\/{rel}","templated":true}]}}