{"id":75563,"date":"2024-11-12T12:57:40","date_gmt":"2024-11-12T11:57:40","guid":{"rendered":"https:\/\/www.champmarket.com\/?post_type=product&#038;p=75563"},"modified":"2025-05-13T11:00:56","modified_gmt":"2025-05-13T09:00:56","slug":"moet-chandon-grand-vintage-rose-2016-fles-met-koffer","status":"publish","type":"product","link":"https:\/\/www.champmarket.com\/nl\/champagne\/moet-chandon-grand-vintage-rose-2016-fles-met-koffer\/","title":{"rendered":"Mo\u00ebt &amp; Chandon Grand Vintage Ros\u00e9 2016 Fles met koffer"},"content":{"rendered":"<p>Met zijn tonen van frambozen, licht geplette aardbeien en rode vruchten in siroop, is Mo\u00ebt &amp; Chandon Grand Vintage 2016 Ros\u00e9 met doos een weerspiegeling van een oogst van zwarte druiven van uitzonderlijke kwaliteit die een opmerkelijke rijpheid hebben onthuld.<\/p>\n","protected":false},"excerpt":{"rendered":"<p>Elke Grand Vintage is uniek, hij onthult een vrije en persoonlijke interpretatie van het jaar door de Chef de Cave. In de Champagne werd het jaar 2016 gekenmerkt door een turbulente en vol verrassingen zijnde weersomstandigheden, naar de grillen van de natuur, die uitzonderlijke Pinot Noir en Meunier druiven voortbrachten, die 85% van deze champagne vormen. Unieke expressie van een opmerkelijk jaar in de Champagne, Mo\u00ebt &amp; Chandon Grand Vintage 2016 Ros\u00e9 met kist, de 46e ros\u00e9 vintage sinds de oprichting van het Huis in 1743, drukt de sereniteit uit na de storm. Het biedt een lichte en moeiteloze mondgevoel, in een zomerse wereld van lichte en frisse smaken, met een grote frisheid. Het geheel is licht en luchtig, met een mooie spanning in de afdronk.<\/p>\n","protected":false},"featured_media":75601,"template":"","meta":{"_acf_changed":false},"product_brand":[],"product_cat":[3353,3308,3138,3151,3106,3164,3107,3176,3117,3115,3116,3114,3168],"product_tag":[3190,3195,3200,3196],"class_list":{"0":"post-75563","1":"product","2":"type-product","3":"status-publish","4":"has-post-thumbnail","6":"maisons-selectie-champagne-moet-chandon-nl","7":"product_cat-kerstchampagnes","8":"product_cat-alle-champagnes-en-boxes","9":"product_cat-categorie-champagnehuizen","10":"product_cat-moet-chandon-nl","11":"product_cat-flessen","12":"product_cat-nieuwigheden","13":"product_cat-relatiegeschenken","14":"product_cat-tous-les-champagnes-nl","15":"product_cat-rose-champagne","16":"product_cat-vintage-champagne","17":"product_cat-prestige-champagne","18":"product_cat-champagne-extra-brut-non-dose-zero-dosage-nl","19":"product_cat-repas-nl","20":"product_tag-la-vie-en-rose-nl","21":"product_tag-pour-offrir-nl","22":"product_tag-vintage-nl","23":"product_tag-repas-champagne-nl","25":"first","26":"instock","27":"taxable","28":"shipping-taxable","29":"purchasable","30":"product-type-simple"},"acf":[],"yoast_head":"<!-- This site is optimized with the Yoast SEO plugin v26.4 - https:\/\/yoast.com\/wordpress\/plugins\/seo\/ -->\n<title>Mo\u00ebt &amp; Chandon Grand Vintage Ros\u00e9 2016 Fles met koffer - Champmarket<\/title>\n<meta name=\"description\" content=\"Unieke expressie van een opmerkelijk jaar in de Champagne, Mo\u00ebt &amp; Chandon Grand Vintage 2016 Ros\u00e9 met geschenkdoos, uitdrukt de sereniteit na de storm.\" \/>\n<meta name=\"robots\" content=\"index, follow, max-snippet:-1, max-image-preview:large, max-video-preview:-1\" \/>\n<link rel=\"canonical\" href=\"https:\/\/www.champmarket.com\/nl\/champagne\/moet-chandon-grand-vintage-rose-2016-fles-met-koffer\/\" \/>\n<meta property=\"og:locale\" content=\"nl_NL\" \/>\n<meta property=\"og:type\" content=\"article\" \/>\n<meta property=\"og:title\" content=\"Mo\u00ebt &amp; Chandon Grand Vintage Ros\u00e9 2016 Fles met koffer - Champmarket\" \/>\n<meta property=\"og:description\" content=\"Unieke expressie van een opmerkelijk jaar in de Champagne, Mo\u00ebt &amp; Chandon Grand Vintage 2016 Ros\u00e9 met geschenkdoos, uitdrukt de sereniteit na de storm.\" \/>\n<meta property=\"og:url\" content=\"https:\/\/www.champmarket.com\/nl\/champagne\/moet-chandon-grand-vintage-rose-2016-fles-met-koffer\/\" \/>\n<meta property=\"og:site_name\" content=\"Champmarket\" \/>\n<meta property=\"article:publisher\" content=\"https:\/\/www.facebook.com\/ChampMarket\/\" \/>\n<meta property=\"article:modified_time\" content=\"2025-05-13T09:00:56+00:00\" \/>\n<meta property=\"og:image\" content=\"https:\/\/www.champmarket.com\/wp-content\/uploads\/2024\/11\/moet-et-chandon-grand-vintage-rose-2016-bouteille-coffret.webp\" \/>\n\t<meta property=\"og:image:width\" content=\"1200\" \/>\n\t<meta property=\"og:image:height\" content=\"1200\" \/>\n\t<meta property=\"og:image:type\" content=\"image\/webp\" \/>\n<meta name=\"twitter:card\" content=\"summary_large_image\" \/>\n<meta name=\"twitter:site\" content=\"@champmarket\" \/>\n<meta name=\"twitter:label1\" content=\"Geschatte leestijd\" \/>\n\t<meta name=\"twitter:data1\" content=\"1 minuut\" \/>\n<script type=\"application\/ld+json\" class=\"yoast-schema-graph\">{\"@context\":\"https:\/\/schema.org\",\"@graph\":[{\"@type\":\"WebPage\",\"@id\":\"https:\/\/www.champmarket.com\/nl\/champagne\/moet-chandon-grand-vintage-rose-2016-fles-met-koffer\/\",\"url\":\"https:\/\/www.champmarket.com\/nl\/champagne\/moet-chandon-grand-vintage-rose-2016-fles-met-koffer\/\",\"name\":\"Mo\u00ebt &amp; Chandon Grand Vintage Ros\u00e9 2016 Fles met koffer - Champmarket\",\"isPartOf\":{\"@id\":\"https:\/\/www.champmarket.com\/#website\"},\"primaryImageOfPage\":{\"@id\":\"https:\/\/www.champmarket.com\/nl\/champagne\/moet-chandon-grand-vintage-rose-2016-fles-met-koffer\/#primaryimage\"},\"image\":{\"@id\":\"https:\/\/www.champmarket.com\/nl\/champagne\/moet-chandon-grand-vintage-rose-2016-fles-met-koffer\/#primaryimage\"},\"thumbnailUrl\":\"https:\/\/www.champmarket.com\/wp-content\/uploads\/2024\/11\/moet-et-chandon-grand-vintage-rose-2016-bouteille-coffret.webp\",\"datePublished\":\"2024-11-12T11:57:40+00:00\",\"dateModified\":\"2025-05-13T09:00:56+00:00\",\"description\":\"Unieke expressie van een opmerkelijk jaar in de Champagne, Mo\u00ebt & Chandon Grand Vintage 2016 Ros\u00e9 met geschenkdoos, uitdrukt de sereniteit na de storm.\",\"breadcrumb\":{\"@id\":\"https:\/\/www.champmarket.com\/nl\/champagne\/moet-chandon-grand-vintage-rose-2016-fles-met-koffer\/#breadcrumb\"},\"inLanguage\":\"nl-NL\",\"potentialAction\":[{\"@type\":\"ReadAction\",\"target\":[\"https:\/\/www.champmarket.com\/nl\/champagne\/moet-chandon-grand-vintage-rose-2016-fles-met-koffer\/\"]}]},{\"@type\":\"ImageObject\",\"inLanguage\":\"nl-NL\",\"@id\":\"https:\/\/www.champmarket.com\/nl\/champagne\/moet-chandon-grand-vintage-rose-2016-fles-met-koffer\/#primaryimage\",\"url\":\"https:\/\/www.champmarket.com\/wp-content\/uploads\/2024\/11\/moet-et-chandon-grand-vintage-rose-2016-bouteille-coffret.webp\",\"contentUrl\":\"https:\/\/www.champmarket.com\/wp-content\/uploads\/2024\/11\/moet-et-chandon-grand-vintage-rose-2016-bouteille-coffret.webp\",\"width\":1200,\"height\":1200,\"caption\":\"Champagne Mo\u00ebt & Chandon Grand Vintage Ros\u00e9 2016 - Champmarket\"},{\"@type\":\"BreadcrumbList\",\"@id\":\"https:\/\/www.champmarket.com\/nl\/champagne\/moet-chandon-grand-vintage-rose-2016-fles-met-koffer\/#breadcrumb\",\"itemListElement\":[{\"@type\":\"ListItem\",\"position\":1,\"name\":\"Accueil\",\"item\":\"https:\/\/www.champmarket.com\/nl\/\"},{\"@type\":\"ListItem\",\"position\":2,\"name\":\"Winkel\",\"item\":\"https:\/\/www.champmarket.com\/nl\/boutique\/\"},{\"@type\":\"ListItem\",\"position\":3,\"name\":\"Mo\u00ebt &amp; Chandon\",\"item\":\"https:\/\/www.champmarket.com\/nl\/maisons\/selectie-champagne-moet-chandon-nl\/\"},{\"@type\":\"ListItem\",\"position\":4,\"name\":\"Mo\u00ebt &amp; Chandon Grand Vintage Ros\u00e9 2016 Fles met koffer\"}]},{\"@type\":\"WebSite\",\"@id\":\"https:\/\/www.champmarket.com\/#website\",\"url\":\"https:\/\/www.champmarket.com\/\",\"name\":\"Champmarket\",\"description\":\"Champmarket, Champagnes, Cadeaus en Levenskunst\",\"publisher\":{\"@id\":\"https:\/\/www.champmarket.com\/#organization\"},\"potentialAction\":[{\"@type\":\"SearchAction\",\"target\":{\"@type\":\"EntryPoint\",\"urlTemplate\":\"https:\/\/www.champmarket.com\/?s={search_term_string}\"},\"query-input\":{\"@type\":\"PropertyValueSpecification\",\"valueRequired\":true,\"valueName\":\"search_term_string\"}}],\"inLanguage\":\"nl-NL\"},{\"@type\":\"Organization\",\"@id\":\"https:\/\/www.champmarket.com\/#organization\",\"name\":\"Champmarket\",\"url\":\"https:\/\/www.champmarket.com\/\",\"logo\":{\"@type\":\"ImageObject\",\"inLanguage\":\"nl-NL\",\"@id\":\"https:\/\/www.champmarket.com\/#\/schema\/logo\/image\/\",\"url\":\"https:\/\/www.champmarket.com\/wp-content\/uploads\/2024\/08\/logo2024-1.svg\",\"contentUrl\":\"https:\/\/www.champmarket.com\/wp-content\/uploads\/2024\/08\/logo2024-1.svg\",\"width\":579.8,\"height\":80,\"caption\":\"Champmarket\"},\"image\":{\"@id\":\"https:\/\/www.champmarket.com\/#\/schema\/logo\/image\/\"},\"sameAs\":[\"https:\/\/www.facebook.com\/ChampMarket\/\",\"https:\/\/x.com\/champmarket\",\"https:\/\/www.instagram.com\/champmarket.paris\/\",\"https:\/\/www.pinterest.fr\/champmarketparis\/\",\"https:\/\/www.linkedin.com\/company\/champmarket\/\"]}]}<\/script>\n<!-- \/ Yoast SEO plugin. -->","yoast_head_json":{"title":"Mo\u00ebt &amp; Chandon Grand Vintage Ros\u00e9 2016 Fles met koffer - Champmarket","description":"Unieke expressie van een opmerkelijk jaar in de Champagne, Mo\u00ebt & Chandon Grand Vintage 2016 Ros\u00e9 met geschenkdoos, uitdrukt de sereniteit na de storm.","robots":{"index":"index","follow":"follow","max-snippet":"max-snippet:-1","max-image-preview":"max-image-preview:large","max-video-preview":"max-video-preview:-1"},"canonical":"https:\/\/www.champmarket.com\/nl\/champagne\/moet-chandon-grand-vintage-rose-2016-fles-met-koffer\/","og_locale":"nl_NL","og_type":"article","og_title":"Mo\u00ebt &amp; Chandon Grand Vintage Ros\u00e9 2016 Fles met koffer - Champmarket","og_description":"Unieke expressie van een opmerkelijk jaar in de Champagne, Mo\u00ebt & Chandon Grand Vintage 2016 Ros\u00e9 met geschenkdoos, uitdrukt de sereniteit na de storm.","og_url":"https:\/\/www.champmarket.com\/nl\/champagne\/moet-chandon-grand-vintage-rose-2016-fles-met-koffer\/","og_site_name":"Champmarket","article_publisher":"https:\/\/www.facebook.com\/ChampMarket\/","article_modified_time":"2025-05-13T09:00:56+00:00","og_image":[{"width":1200,"height":1200,"url":"https:\/\/www.champmarket.com\/wp-content\/uploads\/2024\/11\/moet-et-chandon-grand-vintage-rose-2016-bouteille-coffret.webp","type":"image\/webp"}],"twitter_card":"summary_large_image","twitter_site":"@champmarket","twitter_misc":{"Geschatte leestijd":"1 minuut"},"schema":{"@context":"https:\/\/schema.org","@graph":[{"@type":"WebPage","@id":"https:\/\/www.champmarket.com\/nl\/champagne\/moet-chandon-grand-vintage-rose-2016-fles-met-koffer\/","url":"https:\/\/www.champmarket.com\/nl\/champagne\/moet-chandon-grand-vintage-rose-2016-fles-met-koffer\/","name":"Mo\u00ebt &amp; Chandon Grand Vintage Ros\u00e9 2016 Fles met koffer - Champmarket","isPartOf":{"@id":"https:\/\/www.champmarket.com\/#website"},"primaryImageOfPage":{"@id":"https:\/\/www.champmarket.com\/nl\/champagne\/moet-chandon-grand-vintage-rose-2016-fles-met-koffer\/#primaryimage"},"image":{"@id":"https:\/\/www.champmarket.com\/nl\/champagne\/moet-chandon-grand-vintage-rose-2016-fles-met-koffer\/#primaryimage"},"thumbnailUrl":"https:\/\/www.champmarket.com\/wp-content\/uploads\/2024\/11\/moet-et-chandon-grand-vintage-rose-2016-bouteille-coffret.webp","datePublished":"2024-11-12T11:57:40+00:00","dateModified":"2025-05-13T09:00:56+00:00","description":"Unieke expressie van een opmerkelijk jaar in de Champagne, Mo\u00ebt & Chandon Grand Vintage 2016 Ros\u00e9 met geschenkdoos, uitdrukt de sereniteit na de storm.","breadcrumb":{"@id":"https:\/\/www.champmarket.com\/nl\/champagne\/moet-chandon-grand-vintage-rose-2016-fles-met-koffer\/#breadcrumb"},"inLanguage":"nl-NL","potentialAction":[{"@type":"ReadAction","target":["https:\/\/www.champmarket.com\/nl\/champagne\/moet-chandon-grand-vintage-rose-2016-fles-met-koffer\/"]}]},{"@type":"ImageObject","inLanguage":"nl-NL","@id":"https:\/\/www.champmarket.com\/nl\/champagne\/moet-chandon-grand-vintage-rose-2016-fles-met-koffer\/#primaryimage","url":"https:\/\/www.champmarket.com\/wp-content\/uploads\/2024\/11\/moet-et-chandon-grand-vintage-rose-2016-bouteille-coffret.webp","contentUrl":"https:\/\/www.champmarket.com\/wp-content\/uploads\/2024\/11\/moet-et-chandon-grand-vintage-rose-2016-bouteille-coffret.webp","width":1200,"height":1200,"caption":"Champagne Mo\u00ebt & Chandon Grand Vintage Ros\u00e9 2016 - Champmarket"},{"@type":"BreadcrumbList","@id":"https:\/\/www.champmarket.com\/nl\/champagne\/moet-chandon-grand-vintage-rose-2016-fles-met-koffer\/#breadcrumb","itemListElement":[{"@type":"ListItem","position":1,"name":"Accueil","item":"https:\/\/www.champmarket.com\/nl\/"},{"@type":"ListItem","position":2,"name":"Winkel","item":"https:\/\/www.champmarket.com\/nl\/boutique\/"},{"@type":"ListItem","position":3,"name":"Mo\u00ebt &amp; Chandon","item":"https:\/\/www.champmarket.com\/nl\/maisons\/selectie-champagne-moet-chandon-nl\/"},{"@type":"ListItem","position":4,"name":"Mo\u00ebt &amp; Chandon Grand Vintage Ros\u00e9 2016 Fles met koffer"}]},{"@type":"WebSite","@id":"https:\/\/www.champmarket.com\/#website","url":"https:\/\/www.champmarket.com\/","name":"Champmarket","description":"Champmarket, Champagnes, Cadeaus en Levenskunst","publisher":{"@id":"https:\/\/www.champmarket.com\/#organization"},"potentialAction":[{"@type":"SearchAction","target":{"@type":"EntryPoint","urlTemplate":"https:\/\/www.champmarket.com\/?s={search_term_string}"},"query-input":{"@type":"PropertyValueSpecification","valueRequired":true,"valueName":"search_term_string"}}],"inLanguage":"nl-NL"},{"@type":"Organization","@id":"https:\/\/www.champmarket.com\/#organization","name":"Champmarket","url":"https:\/\/www.champmarket.com\/","logo":{"@type":"ImageObject","inLanguage":"nl-NL","@id":"https:\/\/www.champmarket.com\/#\/schema\/logo\/image\/","url":"https:\/\/www.champmarket.com\/wp-content\/uploads\/2024\/08\/logo2024-1.svg","contentUrl":"https:\/\/www.champmarket.com\/wp-content\/uploads\/2024\/08\/logo2024-1.svg","width":579.8,"height":80,"caption":"Champmarket"},"image":{"@id":"https:\/\/www.champmarket.com\/#\/schema\/logo\/image\/"},"sameAs":["https:\/\/www.facebook.com\/ChampMarket\/","https:\/\/x.com\/champmarket","https:\/\/www.instagram.com\/champmarket.paris\/","https:\/\/www.pinterest.fr\/champmarketparis\/","https:\/\/www.linkedin.com\/company\/champmarket\/"]}]}},"_links":{"self":[{"href":"https:\/\/www.champmarket.com\/nl\/wp-json\/wp\/v2\/product\/75563","targetHints":{"allow":["GET"]}}],"collection":[{"href":"https:\/\/www.champmarket.com\/nl\/wp-json\/wp\/v2\/product"}],"about":[{"href":"https:\/\/www.champmarket.com\/nl\/wp-json\/wp\/v2\/types\/product"}],"version-history":[{"count":3,"href":"https:\/\/www.champmarket.com\/nl\/wp-json\/wp\/v2\/product\/75563\/revisions"}],"predecessor-version":[{"id":78905,"href":"https:\/\/www.champmarket.com\/nl\/wp-json\/wp\/v2\/product\/75563\/revisions\/78905"}],"wp:featuredmedia":[{"embeddable":true,"href":"https:\/\/www.champmarket.com\/nl\/wp-json\/wp\/v2\/media\/75601"}],"wp:attachment":[{"href":"https:\/\/www.champmarket.com\/nl\/wp-json\/wp\/v2\/media?parent=75563"}],"wp:term":[{"taxonomy":"product_brand","embeddable":true,"href":"https:\/\/www.champmarket.com\/nl\/wp-json\/wp\/v2\/product_brand?post=75563"},{"taxonomy":"product_cat","embeddable":true,"href":"https:\/\/www.champmarket.com\/nl\/wp-json\/wp\/v2\/product_cat?post=75563"},{"taxonomy":"product_tag","embeddable":true,"href":"https:\/\/www.champmarket.com\/nl\/wp-json\/wp\/v2\/product_tag?post=75563"}],"curies":[{"name":"wp","href":"https:\/\/api.w.org\/{rel}","templated":true}]}}