{"id":75627,"date":"2024-11-15T08:18:30","date_gmt":"2024-11-15T07:18:30","guid":{"rendered":"https:\/\/www.champmarket.com\/?post_type=product&#038;p=75627"},"modified":"2025-05-14T18:01:47","modified_gmt":"2025-05-14T16:01:47","slug":"krug-grande-cuvee-172e-edition-fles","status":"publish","type":"product","link":"https:\/\/www.champmarket.com\/nl\/champagne\/krug-grande-cuvee-172e-edition-fles\/","title":{"rendered":"Krug Grande Cuv\u00e9e 172e Edition Fles"},"content":{"rendered":"<p>Krug beschouwt elke wijn uit elke perceel als een unieke muzikant. Van de solist Clos, de puurheid van een enkel perceel van \u00e9\u00e9n jaar, tot het volledige orkest dat de symfonie van smaken van Krug Grande Cuv\u00e9e levert, en een ensemble van muzikanten die de smaakmelodie van een jaar met de jaargang interpreteren. Musici hebben melodie\u00ebn geselecteerd om de degustatie te begeleiden.<\/p>\n","protected":false},"excerpt":{"rendered":"<p>Krug Grande Cuv\u00e9e is geboren uit de droom van Joseph Krug om elk jaar de beste champagne te recre\u00ebren, ongeacht de grillen van het weer. Sinds 1843 eert het Huis Krug deze visie met een nieuwe editie van Krug Grande Cuv\u00e9e: de meest genereuze expressie van champagne. Krug Grande Cuv\u00e9e 172e Editie, gecre\u00eberd rond de oogst van 2016, is een champagne van grote rijkdom en verfijnde elegantie, voorbij de jaargangen. Om deze editie van Krug Grande Cuv\u00e9e te cre\u00ebren, heeft Julie Cavil, de Chef de Caves, geprobeerd de verschillende aromatische expressies van het jaar te accentueren met reservewijnen van verschillende percelen en van 10 andere jaren, wat een breedte aan smaken en aroma&#8217;s oplevert die onmogelijk te bereiken is met wijnen van slechts \u00e9\u00e9n jaar. De aandacht voor de wijngaarden en de unieke waardering van Krug voor het individuele karakter van elke perceel en zijn wijn hebben de diepte van expressie van deze \u00c9dition de Krug Grande Cuv\u00e9e mogelijk gemaakt.<\/p>\n","protected":false},"featured_media":75640,"template":"","meta":{"_acf_changed":false},"product_brand":[],"product_cat":[3535,3353,3321,3308,3138,3147,3106,3164,3176,3112,3116,3169,3168],"product_tag":[3188,3199,3196],"class_list":{"0":"post-75627","1":"product","2":"type-product","3":"status-publish","4":"has-post-thumbnail","6":"maisons-selectie-champagne-krug-nl","7":"product_cat-b2b-groothandel-fles-aanbieding","8":"product_cat-kerstchampagnes","9":"product_cat-beste-champagnes","10":"product_cat-alle-champagnes-en-boxes","11":"product_cat-categorie-champagnehuizen","12":"product_cat-krug-nl","13":"product_cat-flessen","14":"product_cat-nieuwigheden","15":"product_cat-tous-les-champagnes-nl","16":"product_cat-brut-champagne","17":"product_cat-prestige-champagne","18":"product_cat-aperitief","19":"product_cat-repas-nl","20":"product_tag-haute-couture-nl","21":"product_tag-aperitif-nl","22":"product_tag-repas-champagne-nl","24":"first","25":"instock","26":"taxable","27":"shipping-taxable","28":"purchasable","29":"product-type-simple"},"acf":[],"yoast_head":"<!-- This site is optimized with the Yoast SEO plugin v26.4 - https:\/\/yoast.com\/wordpress\/plugins\/seo\/ -->\n<title>Krug Grande Cuv\u00e9e 172e Edition Fles - Champmarket<\/title>\n<meta name=\"description\" content=\"Krug Grande Cuv\u00e9e 172\u00e8me \u00c9dition met kist is een champagne van grote rijkdom en verfijnde elegantie, voorbij de jaargangen.\" \/>\n<meta name=\"robots\" content=\"index, follow, max-snippet:-1, max-image-preview:large, max-video-preview:-1\" \/>\n<link rel=\"canonical\" href=\"https:\/\/www.champmarket.com\/nl\/champagne\/krug-grande-cuvee-172e-edition-fles\/\" \/>\n<meta property=\"og:locale\" content=\"nl_NL\" \/>\n<meta property=\"og:type\" content=\"article\" \/>\n<meta property=\"og:title\" content=\"Krug Grande Cuv\u00e9e 172e Edition Fles - Champmarket\" \/>\n<meta property=\"og:description\" content=\"Krug Grande Cuv\u00e9e 172\u00e8me \u00c9dition met kist is een champagne van grote rijkdom en verfijnde elegantie, voorbij de jaargangen.\" \/>\n<meta property=\"og:url\" content=\"https:\/\/www.champmarket.com\/nl\/champagne\/krug-grande-cuvee-172e-edition-fles\/\" \/>\n<meta property=\"og:site_name\" content=\"Champmarket\" \/>\n<meta property=\"article:publisher\" content=\"https:\/\/www.facebook.com\/ChampMarket\/\" \/>\n<meta property=\"article:modified_time\" content=\"2025-05-14T16:01:47+00:00\" \/>\n<meta property=\"og:image\" content=\"https:\/\/www.champmarket.com\/wp-content\/uploads\/2024\/11\/krug-172-eme-edition-bouteille.webp\" \/>\n\t<meta property=\"og:image:width\" content=\"1200\" \/>\n\t<meta property=\"og:image:height\" content=\"1200\" \/>\n\t<meta property=\"og:image:type\" content=\"image\/webp\" \/>\n<meta name=\"twitter:card\" content=\"summary_large_image\" \/>\n<meta name=\"twitter:site\" content=\"@champmarket\" \/>\n<meta name=\"twitter:label1\" content=\"Geschatte leestijd\" \/>\n\t<meta name=\"twitter:data1\" content=\"1 minuut\" \/>\n<script type=\"application\/ld+json\" class=\"yoast-schema-graph\">{\"@context\":\"https:\/\/schema.org\",\"@graph\":[{\"@type\":\"WebPage\",\"@id\":\"https:\/\/www.champmarket.com\/nl\/champagne\/krug-grande-cuvee-172e-edition-fles\/\",\"url\":\"https:\/\/www.champmarket.com\/nl\/champagne\/krug-grande-cuvee-172e-edition-fles\/\",\"name\":\"Krug Grande Cuv\u00e9e 172e Edition Fles - Champmarket\",\"isPartOf\":{\"@id\":\"https:\/\/www.champmarket.com\/#website\"},\"primaryImageOfPage\":{\"@id\":\"https:\/\/www.champmarket.com\/nl\/champagne\/krug-grande-cuvee-172e-edition-fles\/#primaryimage\"},\"image\":{\"@id\":\"https:\/\/www.champmarket.com\/nl\/champagne\/krug-grande-cuvee-172e-edition-fles\/#primaryimage\"},\"thumbnailUrl\":\"https:\/\/www.champmarket.com\/wp-content\/uploads\/2024\/11\/krug-172-eme-edition-bouteille.webp\",\"datePublished\":\"2024-11-15T07:18:30+00:00\",\"dateModified\":\"2025-05-14T16:01:47+00:00\",\"description\":\"Krug Grande Cuv\u00e9e 172\u00e8me \u00c9dition met kist is een champagne van grote rijkdom en verfijnde elegantie, voorbij de jaargangen.\",\"breadcrumb\":{\"@id\":\"https:\/\/www.champmarket.com\/nl\/champagne\/krug-grande-cuvee-172e-edition-fles\/#breadcrumb\"},\"inLanguage\":\"nl-NL\",\"potentialAction\":[{\"@type\":\"ReadAction\",\"target\":[\"https:\/\/www.champmarket.com\/nl\/champagne\/krug-grande-cuvee-172e-edition-fles\/\"]}]},{\"@type\":\"ImageObject\",\"inLanguage\":\"nl-NL\",\"@id\":\"https:\/\/www.champmarket.com\/nl\/champagne\/krug-grande-cuvee-172e-edition-fles\/#primaryimage\",\"url\":\"https:\/\/www.champmarket.com\/wp-content\/uploads\/2024\/11\/krug-172-eme-edition-bouteille.webp\",\"contentUrl\":\"https:\/\/www.champmarket.com\/wp-content\/uploads\/2024\/11\/krug-172-eme-edition-bouteille.webp\",\"width\":1200,\"height\":1200,\"caption\":\"Champagne Krug Grande Cuv\u00e9e 172\u00e8me \u00e9dition - Champmarket\"},{\"@type\":\"BreadcrumbList\",\"@id\":\"https:\/\/www.champmarket.com\/nl\/champagne\/krug-grande-cuvee-172e-edition-fles\/#breadcrumb\",\"itemListElement\":[{\"@type\":\"ListItem\",\"position\":1,\"name\":\"Accueil\",\"item\":\"https:\/\/www.champmarket.com\/nl\/\"},{\"@type\":\"ListItem\",\"position\":2,\"name\":\"Winkel\",\"item\":\"https:\/\/www.champmarket.com\/nl\/boutique\/\"},{\"@type\":\"ListItem\",\"position\":3,\"name\":\"Krug\",\"item\":\"https:\/\/www.champmarket.com\/maisons\/selection-champagne-krug\/\"},{\"@type\":\"ListItem\",\"position\":4,\"name\":\"Krug Grande Cuv\u00e9e 172e Edition Fles\"}]},{\"@type\":\"WebSite\",\"@id\":\"https:\/\/www.champmarket.com\/#website\",\"url\":\"https:\/\/www.champmarket.com\/\",\"name\":\"Champmarket\",\"description\":\"Champmarket, Champagnes, Cadeaus en Levenskunst\",\"publisher\":{\"@id\":\"https:\/\/www.champmarket.com\/#organization\"},\"potentialAction\":[{\"@type\":\"SearchAction\",\"target\":{\"@type\":\"EntryPoint\",\"urlTemplate\":\"https:\/\/www.champmarket.com\/?s={search_term_string}\"},\"query-input\":{\"@type\":\"PropertyValueSpecification\",\"valueRequired\":true,\"valueName\":\"search_term_string\"}}],\"inLanguage\":\"nl-NL\"},{\"@type\":\"Organization\",\"@id\":\"https:\/\/www.champmarket.com\/#organization\",\"name\":\"Champmarket\",\"url\":\"https:\/\/www.champmarket.com\/\",\"logo\":{\"@type\":\"ImageObject\",\"inLanguage\":\"nl-NL\",\"@id\":\"https:\/\/www.champmarket.com\/#\/schema\/logo\/image\/\",\"url\":\"https:\/\/www.champmarket.com\/wp-content\/uploads\/2024\/08\/logo2024-1.svg\",\"contentUrl\":\"https:\/\/www.champmarket.com\/wp-content\/uploads\/2024\/08\/logo2024-1.svg\",\"width\":579.8,\"height\":80,\"caption\":\"Champmarket\"},\"image\":{\"@id\":\"https:\/\/www.champmarket.com\/#\/schema\/logo\/image\/\"},\"sameAs\":[\"https:\/\/www.facebook.com\/ChampMarket\/\",\"https:\/\/x.com\/champmarket\",\"https:\/\/www.instagram.com\/champmarket.paris\/\",\"https:\/\/www.pinterest.fr\/champmarketparis\/\",\"https:\/\/www.linkedin.com\/company\/champmarket\/\"]}]}<\/script>\n<!-- \/ Yoast SEO plugin. -->","yoast_head_json":{"title":"Krug Grande Cuv\u00e9e 172e Edition Fles - Champmarket","description":"Krug Grande Cuv\u00e9e 172\u00e8me \u00c9dition met kist is een champagne van grote rijkdom en verfijnde elegantie, voorbij de jaargangen.","robots":{"index":"index","follow":"follow","max-snippet":"max-snippet:-1","max-image-preview":"max-image-preview:large","max-video-preview":"max-video-preview:-1"},"canonical":"https:\/\/www.champmarket.com\/nl\/champagne\/krug-grande-cuvee-172e-edition-fles\/","og_locale":"nl_NL","og_type":"article","og_title":"Krug Grande Cuv\u00e9e 172e Edition Fles - Champmarket","og_description":"Krug Grande Cuv\u00e9e 172\u00e8me \u00c9dition met kist is een champagne van grote rijkdom en verfijnde elegantie, voorbij de jaargangen.","og_url":"https:\/\/www.champmarket.com\/nl\/champagne\/krug-grande-cuvee-172e-edition-fles\/","og_site_name":"Champmarket","article_publisher":"https:\/\/www.facebook.com\/ChampMarket\/","article_modified_time":"2025-05-14T16:01:47+00:00","og_image":[{"width":1200,"height":1200,"url":"https:\/\/www.champmarket.com\/wp-content\/uploads\/2024\/11\/krug-172-eme-edition-bouteille.webp","type":"image\/webp"}],"twitter_card":"summary_large_image","twitter_site":"@champmarket","twitter_misc":{"Geschatte leestijd":"1 minuut"},"schema":{"@context":"https:\/\/schema.org","@graph":[{"@type":"WebPage","@id":"https:\/\/www.champmarket.com\/nl\/champagne\/krug-grande-cuvee-172e-edition-fles\/","url":"https:\/\/www.champmarket.com\/nl\/champagne\/krug-grande-cuvee-172e-edition-fles\/","name":"Krug Grande Cuv\u00e9e 172e Edition Fles - Champmarket","isPartOf":{"@id":"https:\/\/www.champmarket.com\/#website"},"primaryImageOfPage":{"@id":"https:\/\/www.champmarket.com\/nl\/champagne\/krug-grande-cuvee-172e-edition-fles\/#primaryimage"},"image":{"@id":"https:\/\/www.champmarket.com\/nl\/champagne\/krug-grande-cuvee-172e-edition-fles\/#primaryimage"},"thumbnailUrl":"https:\/\/www.champmarket.com\/wp-content\/uploads\/2024\/11\/krug-172-eme-edition-bouteille.webp","datePublished":"2024-11-15T07:18:30+00:00","dateModified":"2025-05-14T16:01:47+00:00","description":"Krug Grande Cuv\u00e9e 172\u00e8me \u00c9dition met kist is een champagne van grote rijkdom en verfijnde elegantie, voorbij de jaargangen.","breadcrumb":{"@id":"https:\/\/www.champmarket.com\/nl\/champagne\/krug-grande-cuvee-172e-edition-fles\/#breadcrumb"},"inLanguage":"nl-NL","potentialAction":[{"@type":"ReadAction","target":["https:\/\/www.champmarket.com\/nl\/champagne\/krug-grande-cuvee-172e-edition-fles\/"]}]},{"@type":"ImageObject","inLanguage":"nl-NL","@id":"https:\/\/www.champmarket.com\/nl\/champagne\/krug-grande-cuvee-172e-edition-fles\/#primaryimage","url":"https:\/\/www.champmarket.com\/wp-content\/uploads\/2024\/11\/krug-172-eme-edition-bouteille.webp","contentUrl":"https:\/\/www.champmarket.com\/wp-content\/uploads\/2024\/11\/krug-172-eme-edition-bouteille.webp","width":1200,"height":1200,"caption":"Champagne Krug Grande Cuv\u00e9e 172\u00e8me \u00e9dition - Champmarket"},{"@type":"BreadcrumbList","@id":"https:\/\/www.champmarket.com\/nl\/champagne\/krug-grande-cuvee-172e-edition-fles\/#breadcrumb","itemListElement":[{"@type":"ListItem","position":1,"name":"Accueil","item":"https:\/\/www.champmarket.com\/nl\/"},{"@type":"ListItem","position":2,"name":"Winkel","item":"https:\/\/www.champmarket.com\/nl\/boutique\/"},{"@type":"ListItem","position":3,"name":"Krug","item":"https:\/\/www.champmarket.com\/maisons\/selection-champagne-krug\/"},{"@type":"ListItem","position":4,"name":"Krug Grande Cuv\u00e9e 172e Edition Fles"}]},{"@type":"WebSite","@id":"https:\/\/www.champmarket.com\/#website","url":"https:\/\/www.champmarket.com\/","name":"Champmarket","description":"Champmarket, Champagnes, Cadeaus en Levenskunst","publisher":{"@id":"https:\/\/www.champmarket.com\/#organization"},"potentialAction":[{"@type":"SearchAction","target":{"@type":"EntryPoint","urlTemplate":"https:\/\/www.champmarket.com\/?s={search_term_string}"},"query-input":{"@type":"PropertyValueSpecification","valueRequired":true,"valueName":"search_term_string"}}],"inLanguage":"nl-NL"},{"@type":"Organization","@id":"https:\/\/www.champmarket.com\/#organization","name":"Champmarket","url":"https:\/\/www.champmarket.com\/","logo":{"@type":"ImageObject","inLanguage":"nl-NL","@id":"https:\/\/www.champmarket.com\/#\/schema\/logo\/image\/","url":"https:\/\/www.champmarket.com\/wp-content\/uploads\/2024\/08\/logo2024-1.svg","contentUrl":"https:\/\/www.champmarket.com\/wp-content\/uploads\/2024\/08\/logo2024-1.svg","width":579.8,"height":80,"caption":"Champmarket"},"image":{"@id":"https:\/\/www.champmarket.com\/#\/schema\/logo\/image\/"},"sameAs":["https:\/\/www.facebook.com\/ChampMarket\/","https:\/\/x.com\/champmarket","https:\/\/www.instagram.com\/champmarket.paris\/","https:\/\/www.pinterest.fr\/champmarketparis\/","https:\/\/www.linkedin.com\/company\/champmarket\/"]}]}},"_links":{"self":[{"href":"https:\/\/www.champmarket.com\/nl\/wp-json\/wp\/v2\/product\/75627","targetHints":{"allow":["GET"]}}],"collection":[{"href":"https:\/\/www.champmarket.com\/nl\/wp-json\/wp\/v2\/product"}],"about":[{"href":"https:\/\/www.champmarket.com\/nl\/wp-json\/wp\/v2\/types\/product"}],"version-history":[{"count":3,"href":"https:\/\/www.champmarket.com\/nl\/wp-json\/wp\/v2\/product\/75627\/revisions"}],"predecessor-version":[{"id":78897,"href":"https:\/\/www.champmarket.com\/nl\/wp-json\/wp\/v2\/product\/75627\/revisions\/78897"}],"wp:featuredmedia":[{"embeddable":true,"href":"https:\/\/www.champmarket.com\/nl\/wp-json\/wp\/v2\/media\/75640"}],"wp:attachment":[{"href":"https:\/\/www.champmarket.com\/nl\/wp-json\/wp\/v2\/media?parent=75627"}],"wp:term":[{"taxonomy":"product_brand","embeddable":true,"href":"https:\/\/www.champmarket.com\/nl\/wp-json\/wp\/v2\/product_brand?post=75627"},{"taxonomy":"product_cat","embeddable":true,"href":"https:\/\/www.champmarket.com\/nl\/wp-json\/wp\/v2\/product_cat?post=75627"},{"taxonomy":"product_tag","embeddable":true,"href":"https:\/\/www.champmarket.com\/nl\/wp-json\/wp\/v2\/product_tag?post=75627"}],"curies":[{"name":"wp","href":"https:\/\/api.w.org\/{rel}","templated":true}]}}