{"id":77128,"date":"2025-02-11T18:13:59","date_gmt":"2025-02-11T17:13:59","guid":{"rendered":"https:\/\/www.champmarket.com\/?post_type=product&#038;p=77128"},"modified":"2025-05-22T11:48:22","modified_gmt":"2025-05-22T09:48:22","slug":"barons-de-rothschild-triptyque-2018-fles","status":"publish","type":"product","link":"https:\/\/www.champmarket.com\/nl\/champagne\/barons-de-rothschild-triptyque-2018-fles\/","title":{"rendered":"Barons de Rothschild Triptyque 2018 Fles"},"content":{"rendered":"<p>Barons de Rothschild Triptyque 2018 weerspiegelt precisiewijnbouw. Er zijn slechts 80 are geselecteerd om de omstandigheden van deze Vintage zo goed mogelijk te weerspiegelen: 40 are in Avize, 20 are in Ambonnay en 20 are in A\u00ff. De gedurfde en veeleisende keuze om deze drie Grands Crus elk jaar in dezelfde verhouding te mengen, benadrukt de klimatologische variaties die deze terroirs door de tijd heen kenmerken. Verpakt in een kist is deze champagne ideaal voor al je speciale gelegenheden en geschenken.<\/p>\n","protected":false},"excerpt":{"rendered":"<p>De Barons de Rothschild Triptyque 2018 cuv\u00e9e is een gedurfde benadering van Vintage champagne, de link tussen terroir en precisiewenologie. Ge\u00efnspireerd door de Grands Vins van de familie Rothschild heeft keldermeester Guillaume L\u00e9t\u00e9 zichzelf de uitdaging gesteld om elk jaar een cuv\u00e9e vintage te cre\u00ebren door de beste percelen van dezelfde drie Grands Crus te mengen: Avize, Ambonnay en A\u00ff, geselecteerd op hun complementariteit in overeenstemming met de stijl van het Huis.<\/p>\n","protected":false},"featured_media":77119,"template":"","meta":{"_acf_changed":false},"product_brand":[],"product_cat":[3308,3138,3141,3106,3176,3115,3168],"product_tag":[3200,3196],"class_list":{"0":"post-77128","1":"product","2":"type-product","3":"status-publish","4":"has-post-thumbnail","6":"maisons-selectie-champagne-barons-de-rothschild-nl","7":"product_cat-alle-champagnes-en-boxes","8":"product_cat-categorie-champagnehuizen","9":"product_cat-barons-de-rothschild-nl","10":"product_cat-flessen","11":"product_cat-tous-les-champagnes-nl","12":"product_cat-vintage-champagne","13":"product_cat-repas-nl","14":"product_tag-vintage-nl","15":"product_tag-repas-champagne-nl","17":"first","18":"instock","19":"taxable","20":"shipping-taxable","21":"purchasable","22":"product-type-simple"},"acf":[],"yoast_head":"<!-- This site is optimized with the Yoast SEO plugin v26.4 - https:\/\/yoast.com\/wordpress\/plugins\/seo\/ -->\n<title>Barons de Rothschild Triptyque 2018 Fles - Champmarket<\/title>\n<meta name=\"description\" content=\"Barons de Rothschild Triptyque 2018 is een gedurfde benadering van Vintage champagne, de link tussen terroir en precisiewenologie.\" \/>\n<meta name=\"robots\" content=\"index, follow, max-snippet:-1, max-image-preview:large, max-video-preview:-1\" \/>\n<link rel=\"canonical\" href=\"https:\/\/www.champmarket.com\/nl\/champagne\/barons-de-rothschild-triptyque-2018-fles\/\" \/>\n<meta property=\"og:locale\" content=\"nl_NL\" \/>\n<meta property=\"og:type\" content=\"article\" \/>\n<meta property=\"og:title\" content=\"Barons de Rothschild Triptyque 2018 Fles - Champmarket\" \/>\n<meta property=\"og:description\" content=\"Barons de Rothschild Triptyque 2018 is een gedurfde benadering van Vintage champagne, de link tussen terroir en precisiewenologie.\" \/>\n<meta property=\"og:url\" content=\"https:\/\/www.champmarket.com\/nl\/champagne\/barons-de-rothschild-triptyque-2018-fles\/\" \/>\n<meta property=\"og:site_name\" content=\"Champmarket\" \/>\n<meta property=\"article:publisher\" content=\"https:\/\/www.facebook.com\/ChampMarket\/\" \/>\n<meta property=\"article:modified_time\" content=\"2025-05-22T09:48:22+00:00\" \/>\n<meta property=\"og:image\" content=\"https:\/\/www.champmarket.com\/wp-content\/uploads\/2025\/02\/barons-de-rothschild-triptyque-2018-bouteille.webp\" \/>\n\t<meta property=\"og:image:width\" content=\"1200\" \/>\n\t<meta property=\"og:image:height\" content=\"1200\" \/>\n\t<meta property=\"og:image:type\" content=\"image\/webp\" \/>\n<meta name=\"twitter:card\" content=\"summary_large_image\" \/>\n<meta name=\"twitter:site\" content=\"@champmarket\" \/>\n<meta name=\"twitter:label1\" content=\"Geschatte leestijd\" \/>\n\t<meta name=\"twitter:data1\" content=\"1 minuut\" \/>\n<script type=\"application\/ld+json\" class=\"yoast-schema-graph\">{\"@context\":\"https:\/\/schema.org\",\"@graph\":[{\"@type\":\"WebPage\",\"@id\":\"https:\/\/www.champmarket.com\/nl\/champagne\/barons-de-rothschild-triptyque-2018-fles\/\",\"url\":\"https:\/\/www.champmarket.com\/nl\/champagne\/barons-de-rothschild-triptyque-2018-fles\/\",\"name\":\"Barons de Rothschild Triptyque 2018 Fles - Champmarket\",\"isPartOf\":{\"@id\":\"https:\/\/www.champmarket.com\/#website\"},\"primaryImageOfPage\":{\"@id\":\"https:\/\/www.champmarket.com\/nl\/champagne\/barons-de-rothschild-triptyque-2018-fles\/#primaryimage\"},\"image\":{\"@id\":\"https:\/\/www.champmarket.com\/nl\/champagne\/barons-de-rothschild-triptyque-2018-fles\/#primaryimage\"},\"thumbnailUrl\":\"https:\/\/www.champmarket.com\/wp-content\/uploads\/2025\/02\/barons-de-rothschild-triptyque-2018-bouteille.webp\",\"datePublished\":\"2025-02-11T17:13:59+00:00\",\"dateModified\":\"2025-05-22T09:48:22+00:00\",\"description\":\"Barons de Rothschild Triptyque 2018 is een gedurfde benadering van Vintage champagne, de link tussen terroir en precisiewenologie.\",\"breadcrumb\":{\"@id\":\"https:\/\/www.champmarket.com\/nl\/champagne\/barons-de-rothschild-triptyque-2018-fles\/#breadcrumb\"},\"inLanguage\":\"nl-NL\",\"potentialAction\":[{\"@type\":\"ReadAction\",\"target\":[\"https:\/\/www.champmarket.com\/nl\/champagne\/barons-de-rothschild-triptyque-2018-fles\/\"]}]},{\"@type\":\"ImageObject\",\"inLanguage\":\"nl-NL\",\"@id\":\"https:\/\/www.champmarket.com\/nl\/champagne\/barons-de-rothschild-triptyque-2018-fles\/#primaryimage\",\"url\":\"https:\/\/www.champmarket.com\/wp-content\/uploads\/2025\/02\/barons-de-rothschild-triptyque-2018-bouteille.webp\",\"contentUrl\":\"https:\/\/www.champmarket.com\/wp-content\/uploads\/2025\/02\/barons-de-rothschild-triptyque-2018-bouteille.webp\",\"width\":1200,\"height\":1200,\"caption\":\"Champagne Barons de Rothschild Triptyque 2018 - Champmarket\"},{\"@type\":\"BreadcrumbList\",\"@id\":\"https:\/\/www.champmarket.com\/nl\/champagne\/barons-de-rothschild-triptyque-2018-fles\/#breadcrumb\",\"itemListElement\":[{\"@type\":\"ListItem\",\"position\":1,\"name\":\"Accueil\",\"item\":\"https:\/\/www.champmarket.com\/nl\/\"},{\"@type\":\"ListItem\",\"position\":2,\"name\":\"Winkel\",\"item\":\"https:\/\/www.champmarket.com\/nl\/boutique\/\"},{\"@type\":\"ListItem\",\"position\":3,\"name\":\"Barons de Rothschild\",\"item\":\"https:\/\/www.champmarket.com\/nl\/maisons\/selectie-champagne-barons-de-rothschild-nl\/\"},{\"@type\":\"ListItem\",\"position\":4,\"name\":\"Barons de Rothschild Triptyque 2018 Fles\"}]},{\"@type\":\"WebSite\",\"@id\":\"https:\/\/www.champmarket.com\/#website\",\"url\":\"https:\/\/www.champmarket.com\/\",\"name\":\"Champmarket\",\"description\":\"Champmarket, Champagnes, Cadeaus en Levenskunst\",\"publisher\":{\"@id\":\"https:\/\/www.champmarket.com\/#organization\"},\"potentialAction\":[{\"@type\":\"SearchAction\",\"target\":{\"@type\":\"EntryPoint\",\"urlTemplate\":\"https:\/\/www.champmarket.com\/?s={search_term_string}\"},\"query-input\":{\"@type\":\"PropertyValueSpecification\",\"valueRequired\":true,\"valueName\":\"search_term_string\"}}],\"inLanguage\":\"nl-NL\"},{\"@type\":\"Organization\",\"@id\":\"https:\/\/www.champmarket.com\/#organization\",\"name\":\"Champmarket\",\"url\":\"https:\/\/www.champmarket.com\/\",\"logo\":{\"@type\":\"ImageObject\",\"inLanguage\":\"nl-NL\",\"@id\":\"https:\/\/www.champmarket.com\/#\/schema\/logo\/image\/\",\"url\":\"https:\/\/www.champmarket.com\/wp-content\/uploads\/2024\/08\/logo2024-1.svg\",\"contentUrl\":\"https:\/\/www.champmarket.com\/wp-content\/uploads\/2024\/08\/logo2024-1.svg\",\"width\":579.8,\"height\":80,\"caption\":\"Champmarket\"},\"image\":{\"@id\":\"https:\/\/www.champmarket.com\/#\/schema\/logo\/image\/\"},\"sameAs\":[\"https:\/\/www.facebook.com\/ChampMarket\/\",\"https:\/\/x.com\/champmarket\",\"https:\/\/www.instagram.com\/champmarket.paris\/\",\"https:\/\/www.pinterest.fr\/champmarketparis\/\",\"https:\/\/www.linkedin.com\/company\/champmarket\/\"]}]}<\/script>\n<!-- \/ Yoast SEO plugin. -->","yoast_head_json":{"title":"Barons de Rothschild Triptyque 2018 Fles - Champmarket","description":"Barons de Rothschild Triptyque 2018 is een gedurfde benadering van Vintage champagne, de link tussen terroir en precisiewenologie.","robots":{"index":"index","follow":"follow","max-snippet":"max-snippet:-1","max-image-preview":"max-image-preview:large","max-video-preview":"max-video-preview:-1"},"canonical":"https:\/\/www.champmarket.com\/nl\/champagne\/barons-de-rothschild-triptyque-2018-fles\/","og_locale":"nl_NL","og_type":"article","og_title":"Barons de Rothschild Triptyque 2018 Fles - Champmarket","og_description":"Barons de Rothschild Triptyque 2018 is een gedurfde benadering van Vintage champagne, de link tussen terroir en precisiewenologie.","og_url":"https:\/\/www.champmarket.com\/nl\/champagne\/barons-de-rothschild-triptyque-2018-fles\/","og_site_name":"Champmarket","article_publisher":"https:\/\/www.facebook.com\/ChampMarket\/","article_modified_time":"2025-05-22T09:48:22+00:00","og_image":[{"width":1200,"height":1200,"url":"https:\/\/www.champmarket.com\/wp-content\/uploads\/2025\/02\/barons-de-rothschild-triptyque-2018-bouteille.webp","type":"image\/webp"}],"twitter_card":"summary_large_image","twitter_site":"@champmarket","twitter_misc":{"Geschatte leestijd":"1 minuut"},"schema":{"@context":"https:\/\/schema.org","@graph":[{"@type":"WebPage","@id":"https:\/\/www.champmarket.com\/nl\/champagne\/barons-de-rothschild-triptyque-2018-fles\/","url":"https:\/\/www.champmarket.com\/nl\/champagne\/barons-de-rothschild-triptyque-2018-fles\/","name":"Barons de Rothschild Triptyque 2018 Fles - Champmarket","isPartOf":{"@id":"https:\/\/www.champmarket.com\/#website"},"primaryImageOfPage":{"@id":"https:\/\/www.champmarket.com\/nl\/champagne\/barons-de-rothschild-triptyque-2018-fles\/#primaryimage"},"image":{"@id":"https:\/\/www.champmarket.com\/nl\/champagne\/barons-de-rothschild-triptyque-2018-fles\/#primaryimage"},"thumbnailUrl":"https:\/\/www.champmarket.com\/wp-content\/uploads\/2025\/02\/barons-de-rothschild-triptyque-2018-bouteille.webp","datePublished":"2025-02-11T17:13:59+00:00","dateModified":"2025-05-22T09:48:22+00:00","description":"Barons de Rothschild Triptyque 2018 is een gedurfde benadering van Vintage champagne, de link tussen terroir en precisiewenologie.","breadcrumb":{"@id":"https:\/\/www.champmarket.com\/nl\/champagne\/barons-de-rothschild-triptyque-2018-fles\/#breadcrumb"},"inLanguage":"nl-NL","potentialAction":[{"@type":"ReadAction","target":["https:\/\/www.champmarket.com\/nl\/champagne\/barons-de-rothschild-triptyque-2018-fles\/"]}]},{"@type":"ImageObject","inLanguage":"nl-NL","@id":"https:\/\/www.champmarket.com\/nl\/champagne\/barons-de-rothschild-triptyque-2018-fles\/#primaryimage","url":"https:\/\/www.champmarket.com\/wp-content\/uploads\/2025\/02\/barons-de-rothschild-triptyque-2018-bouteille.webp","contentUrl":"https:\/\/www.champmarket.com\/wp-content\/uploads\/2025\/02\/barons-de-rothschild-triptyque-2018-bouteille.webp","width":1200,"height":1200,"caption":"Champagne Barons de Rothschild Triptyque 2018 - Champmarket"},{"@type":"BreadcrumbList","@id":"https:\/\/www.champmarket.com\/nl\/champagne\/barons-de-rothschild-triptyque-2018-fles\/#breadcrumb","itemListElement":[{"@type":"ListItem","position":1,"name":"Accueil","item":"https:\/\/www.champmarket.com\/nl\/"},{"@type":"ListItem","position":2,"name":"Winkel","item":"https:\/\/www.champmarket.com\/nl\/boutique\/"},{"@type":"ListItem","position":3,"name":"Barons de Rothschild","item":"https:\/\/www.champmarket.com\/nl\/maisons\/selectie-champagne-barons-de-rothschild-nl\/"},{"@type":"ListItem","position":4,"name":"Barons de Rothschild Triptyque 2018 Fles"}]},{"@type":"WebSite","@id":"https:\/\/www.champmarket.com\/#website","url":"https:\/\/www.champmarket.com\/","name":"Champmarket","description":"Champmarket, Champagnes, Cadeaus en Levenskunst","publisher":{"@id":"https:\/\/www.champmarket.com\/#organization"},"potentialAction":[{"@type":"SearchAction","target":{"@type":"EntryPoint","urlTemplate":"https:\/\/www.champmarket.com\/?s={search_term_string}"},"query-input":{"@type":"PropertyValueSpecification","valueRequired":true,"valueName":"search_term_string"}}],"inLanguage":"nl-NL"},{"@type":"Organization","@id":"https:\/\/www.champmarket.com\/#organization","name":"Champmarket","url":"https:\/\/www.champmarket.com\/","logo":{"@type":"ImageObject","inLanguage":"nl-NL","@id":"https:\/\/www.champmarket.com\/#\/schema\/logo\/image\/","url":"https:\/\/www.champmarket.com\/wp-content\/uploads\/2024\/08\/logo2024-1.svg","contentUrl":"https:\/\/www.champmarket.com\/wp-content\/uploads\/2024\/08\/logo2024-1.svg","width":579.8,"height":80,"caption":"Champmarket"},"image":{"@id":"https:\/\/www.champmarket.com\/#\/schema\/logo\/image\/"},"sameAs":["https:\/\/www.facebook.com\/ChampMarket\/","https:\/\/x.com\/champmarket","https:\/\/www.instagram.com\/champmarket.paris\/","https:\/\/www.pinterest.fr\/champmarketparis\/","https:\/\/www.linkedin.com\/company\/champmarket\/"]}]}},"_links":{"self":[{"href":"https:\/\/www.champmarket.com\/nl\/wp-json\/wp\/v2\/product\/77128","targetHints":{"allow":["GET"]}}],"collection":[{"href":"https:\/\/www.champmarket.com\/nl\/wp-json\/wp\/v2\/product"}],"about":[{"href":"https:\/\/www.champmarket.com\/nl\/wp-json\/wp\/v2\/types\/product"}],"version-history":[{"count":2,"href":"https:\/\/www.champmarket.com\/nl\/wp-json\/wp\/v2\/product\/77128\/revisions"}],"predecessor-version":[{"id":78331,"href":"https:\/\/www.champmarket.com\/nl\/wp-json\/wp\/v2\/product\/77128\/revisions\/78331"}],"wp:featuredmedia":[{"embeddable":true,"href":"https:\/\/www.champmarket.com\/nl\/wp-json\/wp\/v2\/media\/77119"}],"wp:attachment":[{"href":"https:\/\/www.champmarket.com\/nl\/wp-json\/wp\/v2\/media?parent=77128"}],"wp:term":[{"taxonomy":"product_brand","embeddable":true,"href":"https:\/\/www.champmarket.com\/nl\/wp-json\/wp\/v2\/product_brand?post=77128"},{"taxonomy":"product_cat","embeddable":true,"href":"https:\/\/www.champmarket.com\/nl\/wp-json\/wp\/v2\/product_cat?post=77128"},{"taxonomy":"product_tag","embeddable":true,"href":"https:\/\/www.champmarket.com\/nl\/wp-json\/wp\/v2\/product_tag?post=77128"}],"curies":[{"name":"wp","href":"https:\/\/api.w.org\/{rel}","templated":true}]}}