{"id":77362,"date":"2025-03-07T17:10:50","date_gmt":"2025-03-07T16:10:52","guid":{"rendered":"https:\/\/www.champmarket.com\/?post_type=product&#038;p=77362"},"modified":"2025-05-12T16:44:12","modified_gmt":"2025-05-12T14:44:12","slug":"moet-chandon-brut-imperial-fles-pharrell-williams","status":"publish","type":"product","link":"https:\/\/www.champmarket.com\/nl\/champagne\/moet-chandon-brut-imperial-fles-pharrell-williams\/","title":{"rendered":"Mo\u00ebt &amp; Chandon Brut Imperial Fles X Pharrell Williams"},"content":{"rendered":"<p>Mo\u00ebt &amp; Chandon Brut Imp\u00e9rial onderscheidt zich door zijn gouden kleur, heldere fruitigheid en heerlijke smaak, met tonen van peer en witte perzik, aangevuld met florale nuances, brioche en verse walnoot.<\/p>\n","protected":false},"excerpt":{"rendered":"<p>Mo\u00ebt &amp; Chandon onthult een nieuwe gelimiteerde editie van zijn emblematische cuv\u00e9e, gecre\u00eberd door kunstenaar en ontwerper Pharrell Williams. Sinds 1743 cre\u00ebert Mo\u00ebt &amp; Chandon wijnen en producten van topkwaliteit. In lijn met deze traditie werkt het champagnehuis samen met de beroemde Amerikaanse ontwerper om zowel zijn geschiedenis als de promotie van Frans vakmanschap te weerspiegelen. Mo\u00ebt &amp; Chandon en Pharrell Williams doken in de archieven van het Huis om te ontdekken dat in 1892, wat nu de beroemde strik op de fles is, oorspronkelijk een lint was. Deze knoop, nu een geknoopte stropdas, is een echt symbool voor het Huis en wordt het sleutelelement van deze nieuwe Mo\u00ebt &amp; Chandon Brut Imp\u00e9rial Limited Edition met foedraal x Pharrell Williams. De koker en de hals van de fles zijn verkrijgbaar in verschillende kleuren (goud, blauw en rood). De emblematische typografie van het Huis is veranderd en heeft plaatsgemaakt voor witte letters met parelachtige stippen. Het rode koninklijke zegel op de fles is veranderd in een gepareld monogram. Geleverd in een doos met 6 flessen bestaande uit: 2 blauwe versies, 2 rode versies en 2 gouden versies.<\/p>\n","protected":false},"featured_media":77321,"template":"","meta":{"_acf_changed":false},"product_brand":[],"product_cat":[3446,3352,3321,3308,3138,3151,3106,3107,3176,3112,3169,3171],"product_tag":[3202,3189,3195,3199,3198],"class_list":{"0":"post-77362","1":"product","2":"type-product","3":"status-publish","4":"has-post-thumbnail","6":"maisons-selectie-champagne-moet-chandon-nl","7":"product_cat-voor-uw-bedrijfsevenementen-cocktailpartys-en-privefeesten","8":"product_cat-zomerse-champagnes","9":"product_cat-beste-champagnes","10":"product_cat-alle-champagnes-en-boxes","11":"product_cat-categorie-champagnehuizen","12":"product_cat-moet-chandon-nl","13":"product_cat-flessen","14":"product_cat-relatiegeschenken","15":"product_cat-tous-les-champagnes-nl","16":"product_cat-brut-champagne","17":"product_cat-aperitief","18":"product_cat-voor-een-prive-of-professioneel-evenement-een-cocktail","19":"product_tag-limited-edition","20":"product_tag-incontournable-nl","21":"product_tag-pour-offrir-nl","22":"product_tag-aperitif-nl","23":"product_tag-cocktail-event-nl","25":"first","26":"instock","27":"taxable","28":"shipping-taxable","29":"purchasable","30":"product-type-simple"},"acf":[],"yoast_head":"<!-- This site is optimized with the Yoast SEO plugin v26.4 - https:\/\/yoast.com\/wordpress\/plugins\/seo\/ -->\n<title>Mo\u00ebt &amp; Chandon Brut Imperial Fles X Pharrell Williams - Champmarket<\/title>\n<meta name=\"description\" content=\"Mo\u00ebt &amp; Chandon onthult een nieuwe gelimiteerde editie van zijn emblematische cuv\u00e9e, ontworpen door de Amerikaanse artiest en ontwerper Pharrell Williams\" \/>\n<meta name=\"robots\" content=\"index, follow, max-snippet:-1, max-image-preview:large, max-video-preview:-1\" \/>\n<link rel=\"canonical\" href=\"https:\/\/www.champmarket.com\/nl\/champagne\/moet-chandon-brut-imperial-fles-pharrell-williams\/\" \/>\n<meta property=\"og:locale\" content=\"nl_NL\" \/>\n<meta property=\"og:type\" content=\"article\" \/>\n<meta property=\"og:title\" content=\"Mo\u00ebt &amp; Chandon Brut Imperial Fles X Pharrell Williams - Champmarket\" \/>\n<meta property=\"og:description\" content=\"Mo\u00ebt &amp; Chandon onthult een nieuwe gelimiteerde editie van zijn emblematische cuv\u00e9e, ontworpen door de Amerikaanse artiest en ontwerper Pharrell Williams\" \/>\n<meta property=\"og:url\" content=\"https:\/\/www.champmarket.com\/nl\/champagne\/moet-chandon-brut-imperial-fles-pharrell-williams\/\" \/>\n<meta property=\"og:site_name\" content=\"Champmarket\" \/>\n<meta property=\"article:publisher\" content=\"https:\/\/www.facebook.com\/ChampMarket\/\" \/>\n<meta property=\"article:modified_time\" content=\"2025-05-12T14:44:12+00:00\" \/>\n<meta property=\"og:image\" content=\"https:\/\/www.champmarket.com\/wp-content\/uploads\/2025\/03\/moet-et-chandon-x-pharrell-williams-edition-limitee-brut-imperial-bouteille-blue-etui.webp\" \/>\n\t<meta property=\"og:image:width\" content=\"1200\" \/>\n\t<meta property=\"og:image:height\" content=\"1200\" \/>\n\t<meta property=\"og:image:type\" content=\"image\/webp\" \/>\n<meta name=\"twitter:card\" content=\"summary_large_image\" \/>\n<meta name=\"twitter:site\" content=\"@champmarket\" \/>\n<meta name=\"twitter:label1\" content=\"Geschatte leestijd\" \/>\n\t<meta name=\"twitter:data1\" content=\"1 minuut\" \/>\n<script type=\"application\/ld+json\" class=\"yoast-schema-graph\">{\"@context\":\"https:\/\/schema.org\",\"@graph\":[{\"@type\":\"WebPage\",\"@id\":\"https:\/\/www.champmarket.com\/nl\/champagne\/moet-chandon-brut-imperial-fles-pharrell-williams\/\",\"url\":\"https:\/\/www.champmarket.com\/nl\/champagne\/moet-chandon-brut-imperial-fles-pharrell-williams\/\",\"name\":\"Mo\u00ebt &amp; Chandon Brut Imperial Fles X Pharrell Williams - Champmarket\",\"isPartOf\":{\"@id\":\"https:\/\/www.champmarket.com\/#website\"},\"primaryImageOfPage\":{\"@id\":\"https:\/\/www.champmarket.com\/nl\/champagne\/moet-chandon-brut-imperial-fles-pharrell-williams\/#primaryimage\"},\"image\":{\"@id\":\"https:\/\/www.champmarket.com\/nl\/champagne\/moet-chandon-brut-imperial-fles-pharrell-williams\/#primaryimage\"},\"thumbnailUrl\":\"https:\/\/www.champmarket.com\/wp-content\/uploads\/2025\/03\/moet-et-chandon-x-pharrell-williams-edition-limitee-brut-imperial-bouteille-blue-etui.webp\",\"datePublished\":\"2025-03-07T16:10:52+00:00\",\"dateModified\":\"2025-05-12T14:44:12+00:00\",\"description\":\"Mo\u00ebt & Chandon onthult een nieuwe gelimiteerde editie van zijn emblematische cuv\u00e9e, ontworpen door de Amerikaanse artiest en ontwerper Pharrell Williams\",\"breadcrumb\":{\"@id\":\"https:\/\/www.champmarket.com\/nl\/champagne\/moet-chandon-brut-imperial-fles-pharrell-williams\/#breadcrumb\"},\"inLanguage\":\"nl-NL\",\"potentialAction\":[{\"@type\":\"ReadAction\",\"target\":[\"https:\/\/www.champmarket.com\/nl\/champagne\/moet-chandon-brut-imperial-fles-pharrell-williams\/\"]}]},{\"@type\":\"ImageObject\",\"inLanguage\":\"nl-NL\",\"@id\":\"https:\/\/www.champmarket.com\/nl\/champagne\/moet-chandon-brut-imperial-fles-pharrell-williams\/#primaryimage\",\"url\":\"https:\/\/www.champmarket.com\/wp-content\/uploads\/2025\/03\/moet-et-chandon-x-pharrell-williams-edition-limitee-brut-imperial-bouteille-blue-etui.webp\",\"contentUrl\":\"https:\/\/www.champmarket.com\/wp-content\/uploads\/2025\/03\/moet-et-chandon-x-pharrell-williams-edition-limitee-brut-imperial-bouteille-blue-etui.webp\",\"width\":1200,\"height\":1200,\"caption\":\"Champagne Mo\u00ebt & Chandon x Pharrell Williams \u00c9dition Limit\u00e9e Brut Imp\u00e9rial Blue - Champmarket\"},{\"@type\":\"BreadcrumbList\",\"@id\":\"https:\/\/www.champmarket.com\/nl\/champagne\/moet-chandon-brut-imperial-fles-pharrell-williams\/#breadcrumb\",\"itemListElement\":[{\"@type\":\"ListItem\",\"position\":1,\"name\":\"Accueil\",\"item\":\"https:\/\/www.champmarket.com\/nl\/\"},{\"@type\":\"ListItem\",\"position\":2,\"name\":\"Winkel\",\"item\":\"https:\/\/www.champmarket.com\/nl\/boutique\/\"},{\"@type\":\"ListItem\",\"position\":3,\"name\":\"Mo\u00ebt &amp; Chandon\",\"item\":\"https:\/\/www.champmarket.com\/nl\/maisons\/selectie-champagne-moet-chandon-nl\/\"},{\"@type\":\"ListItem\",\"position\":4,\"name\":\"Mo\u00ebt &amp; Chandon Brut Imperial Fles X Pharrell Williams\"}]},{\"@type\":\"WebSite\",\"@id\":\"https:\/\/www.champmarket.com\/#website\",\"url\":\"https:\/\/www.champmarket.com\/\",\"name\":\"Champmarket\",\"description\":\"Champmarket, Champagnes, Cadeaus en Levenskunst\",\"publisher\":{\"@id\":\"https:\/\/www.champmarket.com\/#organization\"},\"potentialAction\":[{\"@type\":\"SearchAction\",\"target\":{\"@type\":\"EntryPoint\",\"urlTemplate\":\"https:\/\/www.champmarket.com\/?s={search_term_string}\"},\"query-input\":{\"@type\":\"PropertyValueSpecification\",\"valueRequired\":true,\"valueName\":\"search_term_string\"}}],\"inLanguage\":\"nl-NL\"},{\"@type\":\"Organization\",\"@id\":\"https:\/\/www.champmarket.com\/#organization\",\"name\":\"Champmarket\",\"url\":\"https:\/\/www.champmarket.com\/\",\"logo\":{\"@type\":\"ImageObject\",\"inLanguage\":\"nl-NL\",\"@id\":\"https:\/\/www.champmarket.com\/#\/schema\/logo\/image\/\",\"url\":\"https:\/\/www.champmarket.com\/wp-content\/uploads\/2024\/08\/logo2024-1.svg\",\"contentUrl\":\"https:\/\/www.champmarket.com\/wp-content\/uploads\/2024\/08\/logo2024-1.svg\",\"width\":579.8,\"height\":80,\"caption\":\"Champmarket\"},\"image\":{\"@id\":\"https:\/\/www.champmarket.com\/#\/schema\/logo\/image\/\"},\"sameAs\":[\"https:\/\/www.facebook.com\/ChampMarket\/\",\"https:\/\/x.com\/champmarket\",\"https:\/\/www.instagram.com\/champmarket.paris\/\",\"https:\/\/www.pinterest.fr\/champmarketparis\/\",\"https:\/\/www.linkedin.com\/company\/champmarket\/\"]}]}<\/script>\n<!-- \/ Yoast SEO plugin. -->","yoast_head_json":{"title":"Mo\u00ebt &amp; Chandon Brut Imperial Fles X Pharrell Williams - Champmarket","description":"Mo\u00ebt & Chandon onthult een nieuwe gelimiteerde editie van zijn emblematische cuv\u00e9e, ontworpen door de Amerikaanse artiest en ontwerper Pharrell Williams","robots":{"index":"index","follow":"follow","max-snippet":"max-snippet:-1","max-image-preview":"max-image-preview:large","max-video-preview":"max-video-preview:-1"},"canonical":"https:\/\/www.champmarket.com\/nl\/champagne\/moet-chandon-brut-imperial-fles-pharrell-williams\/","og_locale":"nl_NL","og_type":"article","og_title":"Mo\u00ebt &amp; Chandon Brut Imperial Fles X Pharrell Williams - Champmarket","og_description":"Mo\u00ebt & Chandon onthult een nieuwe gelimiteerde editie van zijn emblematische cuv\u00e9e, ontworpen door de Amerikaanse artiest en ontwerper Pharrell Williams","og_url":"https:\/\/www.champmarket.com\/nl\/champagne\/moet-chandon-brut-imperial-fles-pharrell-williams\/","og_site_name":"Champmarket","article_publisher":"https:\/\/www.facebook.com\/ChampMarket\/","article_modified_time":"2025-05-12T14:44:12+00:00","og_image":[{"width":1200,"height":1200,"url":"https:\/\/www.champmarket.com\/wp-content\/uploads\/2025\/03\/moet-et-chandon-x-pharrell-williams-edition-limitee-brut-imperial-bouteille-blue-etui.webp","type":"image\/webp"}],"twitter_card":"summary_large_image","twitter_site":"@champmarket","twitter_misc":{"Geschatte leestijd":"1 minuut"},"schema":{"@context":"https:\/\/schema.org","@graph":[{"@type":"WebPage","@id":"https:\/\/www.champmarket.com\/nl\/champagne\/moet-chandon-brut-imperial-fles-pharrell-williams\/","url":"https:\/\/www.champmarket.com\/nl\/champagne\/moet-chandon-brut-imperial-fles-pharrell-williams\/","name":"Mo\u00ebt &amp; Chandon Brut Imperial Fles X Pharrell Williams - Champmarket","isPartOf":{"@id":"https:\/\/www.champmarket.com\/#website"},"primaryImageOfPage":{"@id":"https:\/\/www.champmarket.com\/nl\/champagne\/moet-chandon-brut-imperial-fles-pharrell-williams\/#primaryimage"},"image":{"@id":"https:\/\/www.champmarket.com\/nl\/champagne\/moet-chandon-brut-imperial-fles-pharrell-williams\/#primaryimage"},"thumbnailUrl":"https:\/\/www.champmarket.com\/wp-content\/uploads\/2025\/03\/moet-et-chandon-x-pharrell-williams-edition-limitee-brut-imperial-bouteille-blue-etui.webp","datePublished":"2025-03-07T16:10:52+00:00","dateModified":"2025-05-12T14:44:12+00:00","description":"Mo\u00ebt & Chandon onthult een nieuwe gelimiteerde editie van zijn emblematische cuv\u00e9e, ontworpen door de Amerikaanse artiest en ontwerper Pharrell Williams","breadcrumb":{"@id":"https:\/\/www.champmarket.com\/nl\/champagne\/moet-chandon-brut-imperial-fles-pharrell-williams\/#breadcrumb"},"inLanguage":"nl-NL","potentialAction":[{"@type":"ReadAction","target":["https:\/\/www.champmarket.com\/nl\/champagne\/moet-chandon-brut-imperial-fles-pharrell-williams\/"]}]},{"@type":"ImageObject","inLanguage":"nl-NL","@id":"https:\/\/www.champmarket.com\/nl\/champagne\/moet-chandon-brut-imperial-fles-pharrell-williams\/#primaryimage","url":"https:\/\/www.champmarket.com\/wp-content\/uploads\/2025\/03\/moet-et-chandon-x-pharrell-williams-edition-limitee-brut-imperial-bouteille-blue-etui.webp","contentUrl":"https:\/\/www.champmarket.com\/wp-content\/uploads\/2025\/03\/moet-et-chandon-x-pharrell-williams-edition-limitee-brut-imperial-bouteille-blue-etui.webp","width":1200,"height":1200,"caption":"Champagne Mo\u00ebt & Chandon x Pharrell Williams \u00c9dition Limit\u00e9e Brut Imp\u00e9rial Blue - Champmarket"},{"@type":"BreadcrumbList","@id":"https:\/\/www.champmarket.com\/nl\/champagne\/moet-chandon-brut-imperial-fles-pharrell-williams\/#breadcrumb","itemListElement":[{"@type":"ListItem","position":1,"name":"Accueil","item":"https:\/\/www.champmarket.com\/nl\/"},{"@type":"ListItem","position":2,"name":"Winkel","item":"https:\/\/www.champmarket.com\/nl\/boutique\/"},{"@type":"ListItem","position":3,"name":"Mo\u00ebt &amp; Chandon","item":"https:\/\/www.champmarket.com\/nl\/maisons\/selectie-champagne-moet-chandon-nl\/"},{"@type":"ListItem","position":4,"name":"Mo\u00ebt &amp; Chandon Brut Imperial Fles X Pharrell Williams"}]},{"@type":"WebSite","@id":"https:\/\/www.champmarket.com\/#website","url":"https:\/\/www.champmarket.com\/","name":"Champmarket","description":"Champmarket, Champagnes, Cadeaus en Levenskunst","publisher":{"@id":"https:\/\/www.champmarket.com\/#organization"},"potentialAction":[{"@type":"SearchAction","target":{"@type":"EntryPoint","urlTemplate":"https:\/\/www.champmarket.com\/?s={search_term_string}"},"query-input":{"@type":"PropertyValueSpecification","valueRequired":true,"valueName":"search_term_string"}}],"inLanguage":"nl-NL"},{"@type":"Organization","@id":"https:\/\/www.champmarket.com\/#organization","name":"Champmarket","url":"https:\/\/www.champmarket.com\/","logo":{"@type":"ImageObject","inLanguage":"nl-NL","@id":"https:\/\/www.champmarket.com\/#\/schema\/logo\/image\/","url":"https:\/\/www.champmarket.com\/wp-content\/uploads\/2024\/08\/logo2024-1.svg","contentUrl":"https:\/\/www.champmarket.com\/wp-content\/uploads\/2024\/08\/logo2024-1.svg","width":579.8,"height":80,"caption":"Champmarket"},"image":{"@id":"https:\/\/www.champmarket.com\/#\/schema\/logo\/image\/"},"sameAs":["https:\/\/www.facebook.com\/ChampMarket\/","https:\/\/x.com\/champmarket","https:\/\/www.instagram.com\/champmarket.paris\/","https:\/\/www.pinterest.fr\/champmarketparis\/","https:\/\/www.linkedin.com\/company\/champmarket\/"]}]}},"_links":{"self":[{"href":"https:\/\/www.champmarket.com\/nl\/wp-json\/wp\/v2\/product\/77362","targetHints":{"allow":["GET"]}}],"collection":[{"href":"https:\/\/www.champmarket.com\/nl\/wp-json\/wp\/v2\/product"}],"about":[{"href":"https:\/\/www.champmarket.com\/nl\/wp-json\/wp\/v2\/types\/product"}],"version-history":[{"count":3,"href":"https:\/\/www.champmarket.com\/nl\/wp-json\/wp\/v2\/product\/77362\/revisions"}],"predecessor-version":[{"id":78869,"href":"https:\/\/www.champmarket.com\/nl\/wp-json\/wp\/v2\/product\/77362\/revisions\/78869"}],"wp:featuredmedia":[{"embeddable":true,"href":"https:\/\/www.champmarket.com\/nl\/wp-json\/wp\/v2\/media\/77321"}],"wp:attachment":[{"href":"https:\/\/www.champmarket.com\/nl\/wp-json\/wp\/v2\/media?parent=77362"}],"wp:term":[{"taxonomy":"product_brand","embeddable":true,"href":"https:\/\/www.champmarket.com\/nl\/wp-json\/wp\/v2\/product_brand?post=77362"},{"taxonomy":"product_cat","embeddable":true,"href":"https:\/\/www.champmarket.com\/nl\/wp-json\/wp\/v2\/product_cat?post=77362"},{"taxonomy":"product_tag","embeddable":true,"href":"https:\/\/www.champmarket.com\/nl\/wp-json\/wp\/v2\/product_tag?post=77362"}],"curies":[{"name":"wp","href":"https:\/\/api.w.org\/{rel}","templated":true}]}}