{"id":77449,"date":"2025-03-13T15:22:39","date_gmt":"2025-03-13T14:22:39","guid":{"rendered":"https:\/\/www.champmarket.com\/?post_type=product&#038;p=77449"},"modified":"2025-05-12T10:32:07","modified_gmt":"2025-05-12T08:32:07","slug":"dom-ruinart-blanc-de-blancs-2010-fles-copie-copie","status":"publish","type":"product","link":"https:\/\/www.champmarket.com\/nl\/champagne\/dom-ruinart-blanc-de-blancs-2010-fles-copie-copie\/","title":{"rendered":"Dom Ruinart Blanc de Blancs 2013 Fles etui Cray\u00e8res"},"content":{"rendered":"<p>Een Dom Ruinart Vintage is de uitdrukking van Chardonnay gevormd door de tijd, dankzij een minimale rijping van 9 jaar in onze kelders. Grand crus die worden gekenmerkt door hun aromatische complexiteit en rijpingspotentieel.  Van de keuze van de terroirs tot de botteling, van de rijping tot d\u00e9gorgement, elke fase van de productie van een Dom Ruinart cuv\u00e9e draagt bij tot de geboorte van een wijn die voortkomt uit de intu\u00eftie van een veelbelovend jaar.<\/p>\n<p>Sinds de Vintage van 2010 heeft de cuv\u00e9e geprofiteerd van kurken en langdurige kelderrijping (meer dan 10 jaar).<\/p>\n","protected":false},"excerpt":{"rendered":"<p>2013 is de 28e Vintage van deze uitzonderlijke cuv\u00e9e, gecre\u00eberd als eerbetoon aan Dom Thierry Ruinart. Dom Ruinart Blanc de Blancs 2013 met Cray\u00e8res-kist is een geweldige champagne. Deze cuv\u00e9e heeft de aromatische frisheid van Chardonnay, de signatuur van het huis. Gecombineerd met de tijd drukt hij zich hier uit met nog meer diepte, amplitude en complexiteit.     <i>&#8220;De release van een Dom Ruinart cuv\u00e9e is een zeldzame kans om de afdruk van een bepaald jaar in een grote Blanc de Blancs te ontdekken. 2013 werd gekenmerkt door een zeer late oogst, die frisheid en geroosterde aroma&#8217;s toevoegde, versterkt door rijping onder kurk.   <\/i><i>&#8221; &#8211; <\/i><i>Fr\u00e9d\u00e9ric Pana\u00efotis, keldermeester bij Ruinart<\/i><\/p>\n","protected":false},"featured_media":77436,"template":"","meta":{"_acf_changed":false},"product_brand":[],"product_cat":[3524,3355,3353,3321,3308,3138,3159,3106,3137,3176,3110,3115,3116,3114,3169,3168],"product_tag":[3179,3188,3184,3195,3199,3200,3196],"class_list":{"0":"post-77449","1":"product","2":"type-product","3":"status-publish","4":"has-post-thumbnail","6":"maisons-selectie-champagne-ruinart-nl","7":"product_cat-champagne-extra-brut","8":"product_cat-champagne-en-oesters","9":"product_cat-kerstchampagnes","10":"product_cat-beste-champagnes","11":"product_cat-alle-champagnes-en-boxes","12":"product_cat-categorie-champagnehuizen","13":"product_cat-ruinart-nl","14":"product_cat-flessen","15":"product_cat-niet-te-missen","16":"product_cat-tous-les-champagnes-nl","17":"product_cat-blanc-de-blancs-champagne","18":"product_cat-vintage-champagne","19":"product_cat-prestige-champagne","20":"product_cat-champagne-extra-brut-non-dose-zero-dosage-nl","21":"product_cat-aperitief","22":"product_cat-repas-nl","23":"product_tag-100-chardonnay-nl","24":"product_tag-haute-couture-nl","25":"product_tag-fruits-de-mer-nl","26":"product_tag-pour-offrir-nl","27":"product_tag-aperitif-nl","28":"product_tag-vintage-nl","29":"product_tag-repas-champagne-nl","31":"first","32":"instock","33":"taxable","34":"shipping-taxable","35":"purchasable","36":"product-type-simple"},"acf":[],"yoast_head":"<!-- This site is optimized with the Yoast SEO plugin v26.4 - https:\/\/yoast.com\/wordpress\/plugins\/seo\/ -->\n<title>Dom Ruinart Blanc de Blancs 2013 Fles etui Cray\u00e8res - Champmarket<\/title>\n<meta name=\"description\" content=\"Dom Ruinart Blanc de Blancs 2013 met Cray\u00e8res-kist is een geweldige champagne. Deze cuv\u00e9e heeft de aromatische frisheid van Chardonnay...\" \/>\n<meta name=\"robots\" content=\"index, follow, max-snippet:-1, max-image-preview:large, max-video-preview:-1\" \/>\n<link rel=\"canonical\" href=\"https:\/\/www.champmarket.com\/nl\/champagne\/dom-ruinart-blanc-de-blancs-2010-fles-copie-copie\/\" \/>\n<meta property=\"og:locale\" content=\"nl_NL\" \/>\n<meta property=\"og:type\" content=\"article\" \/>\n<meta property=\"og:title\" content=\"Dom Ruinart Blanc de Blancs 2013 Fles etui Cray\u00e8res - Champmarket\" \/>\n<meta property=\"og:description\" content=\"Dom Ruinart Blanc de Blancs 2013 met Cray\u00e8res-kist is een geweldige champagne. Deze cuv\u00e9e heeft de aromatische frisheid van Chardonnay...\" \/>\n<meta property=\"og:url\" content=\"https:\/\/www.champmarket.com\/nl\/champagne\/dom-ruinart-blanc-de-blancs-2010-fles-copie-copie\/\" \/>\n<meta property=\"og:site_name\" content=\"Champmarket\" \/>\n<meta property=\"article:publisher\" content=\"https:\/\/www.facebook.com\/ChampMarket\/\" \/>\n<meta property=\"article:modified_time\" content=\"2025-05-12T08:32:07+00:00\" \/>\n<meta property=\"og:image\" content=\"https:\/\/www.champmarket.com\/wp-content\/uploads\/2025\/03\/dom-ruinart-blanc-de-blancs-2013-bouteille-etui-crayeres.webp\" \/>\n\t<meta property=\"og:image:width\" content=\"1200\" \/>\n\t<meta property=\"og:image:height\" content=\"1200\" \/>\n\t<meta property=\"og:image:type\" content=\"image\/webp\" \/>\n<meta name=\"twitter:card\" content=\"summary_large_image\" \/>\n<meta name=\"twitter:site\" content=\"@champmarket\" \/>\n<script type=\"application\/ld+json\" class=\"yoast-schema-graph\">{\"@context\":\"https:\/\/schema.org\",\"@graph\":[{\"@type\":\"WebPage\",\"@id\":\"https:\/\/www.champmarket.com\/nl\/champagne\/dom-ruinart-blanc-de-blancs-2010-fles-copie-copie\/\",\"url\":\"https:\/\/www.champmarket.com\/nl\/champagne\/dom-ruinart-blanc-de-blancs-2010-fles-copie-copie\/\",\"name\":\"Dom Ruinart Blanc de Blancs 2013 Fles etui Cray\u00e8res - Champmarket\",\"isPartOf\":{\"@id\":\"https:\/\/www.champmarket.com\/#website\"},\"primaryImageOfPage\":{\"@id\":\"https:\/\/www.champmarket.com\/nl\/champagne\/dom-ruinart-blanc-de-blancs-2010-fles-copie-copie\/#primaryimage\"},\"image\":{\"@id\":\"https:\/\/www.champmarket.com\/nl\/champagne\/dom-ruinart-blanc-de-blancs-2010-fles-copie-copie\/#primaryimage\"},\"thumbnailUrl\":\"https:\/\/www.champmarket.com\/wp-content\/uploads\/2025\/03\/dom-ruinart-blanc-de-blancs-2013-bouteille-etui-crayeres.webp\",\"datePublished\":\"2025-03-13T14:22:39+00:00\",\"dateModified\":\"2025-05-12T08:32:07+00:00\",\"description\":\"Dom Ruinart Blanc de Blancs 2013 met Cray\u00e8res-kist is een geweldige champagne. Deze cuv\u00e9e heeft de aromatische frisheid van Chardonnay...\",\"breadcrumb\":{\"@id\":\"https:\/\/www.champmarket.com\/nl\/champagne\/dom-ruinart-blanc-de-blancs-2010-fles-copie-copie\/#breadcrumb\"},\"inLanguage\":\"nl-NL\",\"potentialAction\":[{\"@type\":\"ReadAction\",\"target\":[\"https:\/\/www.champmarket.com\/nl\/champagne\/dom-ruinart-blanc-de-blancs-2010-fles-copie-copie\/\"]}]},{\"@type\":\"ImageObject\",\"inLanguage\":\"nl-NL\",\"@id\":\"https:\/\/www.champmarket.com\/nl\/champagne\/dom-ruinart-blanc-de-blancs-2010-fles-copie-copie\/#primaryimage\",\"url\":\"https:\/\/www.champmarket.com\/wp-content\/uploads\/2025\/03\/dom-ruinart-blanc-de-blancs-2013-bouteille-etui-crayeres.webp\",\"contentUrl\":\"https:\/\/www.champmarket.com\/wp-content\/uploads\/2025\/03\/dom-ruinart-blanc-de-blancs-2013-bouteille-etui-crayeres.webp\",\"width\":1200,\"height\":1200,\"caption\":\"Champagne Dom Ruinart Blanc de Blancs 2013 - Champmarket\"},{\"@type\":\"BreadcrumbList\",\"@id\":\"https:\/\/www.champmarket.com\/nl\/champagne\/dom-ruinart-blanc-de-blancs-2010-fles-copie-copie\/#breadcrumb\",\"itemListElement\":[{\"@type\":\"ListItem\",\"position\":1,\"name\":\"Accueil\",\"item\":\"https:\/\/www.champmarket.com\/nl\/\"},{\"@type\":\"ListItem\",\"position\":2,\"name\":\"Winkel\",\"item\":\"https:\/\/www.champmarket.com\/nl\/boutique\/\"},{\"@type\":\"ListItem\",\"position\":3,\"name\":\"Ruinart\",\"item\":\"https:\/\/www.champmarket.com\/nl\/maisons\/selectie-champagne-ruinart-nl\/\"},{\"@type\":\"ListItem\",\"position\":4,\"name\":\"Dom Ruinart Blanc de Blancs 2013 Fles etui Cray\u00e8res\"}]},{\"@type\":\"WebSite\",\"@id\":\"https:\/\/www.champmarket.com\/#website\",\"url\":\"https:\/\/www.champmarket.com\/\",\"name\":\"Champmarket\",\"description\":\"Champmarket, Champagnes, Cadeaus en Levenskunst\",\"publisher\":{\"@id\":\"https:\/\/www.champmarket.com\/#organization\"},\"potentialAction\":[{\"@type\":\"SearchAction\",\"target\":{\"@type\":\"EntryPoint\",\"urlTemplate\":\"https:\/\/www.champmarket.com\/?s={search_term_string}\"},\"query-input\":{\"@type\":\"PropertyValueSpecification\",\"valueRequired\":true,\"valueName\":\"search_term_string\"}}],\"inLanguage\":\"nl-NL\"},{\"@type\":\"Organization\",\"@id\":\"https:\/\/www.champmarket.com\/#organization\",\"name\":\"Champmarket\",\"url\":\"https:\/\/www.champmarket.com\/\",\"logo\":{\"@type\":\"ImageObject\",\"inLanguage\":\"nl-NL\",\"@id\":\"https:\/\/www.champmarket.com\/#\/schema\/logo\/image\/\",\"url\":\"https:\/\/www.champmarket.com\/wp-content\/uploads\/2024\/08\/logo2024-1.svg\",\"contentUrl\":\"https:\/\/www.champmarket.com\/wp-content\/uploads\/2024\/08\/logo2024-1.svg\",\"width\":579.8,\"height\":80,\"caption\":\"Champmarket\"},\"image\":{\"@id\":\"https:\/\/www.champmarket.com\/#\/schema\/logo\/image\/\"},\"sameAs\":[\"https:\/\/www.facebook.com\/ChampMarket\/\",\"https:\/\/x.com\/champmarket\",\"https:\/\/www.instagram.com\/champmarket.paris\/\",\"https:\/\/www.pinterest.fr\/champmarketparis\/\",\"https:\/\/www.linkedin.com\/company\/champmarket\/\"]}]}<\/script>\n<!-- \/ Yoast SEO plugin. -->","yoast_head_json":{"title":"Dom Ruinart Blanc de Blancs 2013 Fles etui Cray\u00e8res - Champmarket","description":"Dom Ruinart Blanc de Blancs 2013 met Cray\u00e8res-kist is een geweldige champagne. Deze cuv\u00e9e heeft de aromatische frisheid van Chardonnay...","robots":{"index":"index","follow":"follow","max-snippet":"max-snippet:-1","max-image-preview":"max-image-preview:large","max-video-preview":"max-video-preview:-1"},"canonical":"https:\/\/www.champmarket.com\/nl\/champagne\/dom-ruinart-blanc-de-blancs-2010-fles-copie-copie\/","og_locale":"nl_NL","og_type":"article","og_title":"Dom Ruinart Blanc de Blancs 2013 Fles etui Cray\u00e8res - Champmarket","og_description":"Dom Ruinart Blanc de Blancs 2013 met Cray\u00e8res-kist is een geweldige champagne. Deze cuv\u00e9e heeft de aromatische frisheid van Chardonnay...","og_url":"https:\/\/www.champmarket.com\/nl\/champagne\/dom-ruinart-blanc-de-blancs-2010-fles-copie-copie\/","og_site_name":"Champmarket","article_publisher":"https:\/\/www.facebook.com\/ChampMarket\/","article_modified_time":"2025-05-12T08:32:07+00:00","og_image":[{"width":1200,"height":1200,"url":"https:\/\/www.champmarket.com\/wp-content\/uploads\/2025\/03\/dom-ruinart-blanc-de-blancs-2013-bouteille-etui-crayeres.webp","type":"image\/webp"}],"twitter_card":"summary_large_image","twitter_site":"@champmarket","schema":{"@context":"https:\/\/schema.org","@graph":[{"@type":"WebPage","@id":"https:\/\/www.champmarket.com\/nl\/champagne\/dom-ruinart-blanc-de-blancs-2010-fles-copie-copie\/","url":"https:\/\/www.champmarket.com\/nl\/champagne\/dom-ruinart-blanc-de-blancs-2010-fles-copie-copie\/","name":"Dom Ruinart Blanc de Blancs 2013 Fles etui Cray\u00e8res - Champmarket","isPartOf":{"@id":"https:\/\/www.champmarket.com\/#website"},"primaryImageOfPage":{"@id":"https:\/\/www.champmarket.com\/nl\/champagne\/dom-ruinart-blanc-de-blancs-2010-fles-copie-copie\/#primaryimage"},"image":{"@id":"https:\/\/www.champmarket.com\/nl\/champagne\/dom-ruinart-blanc-de-blancs-2010-fles-copie-copie\/#primaryimage"},"thumbnailUrl":"https:\/\/www.champmarket.com\/wp-content\/uploads\/2025\/03\/dom-ruinart-blanc-de-blancs-2013-bouteille-etui-crayeres.webp","datePublished":"2025-03-13T14:22:39+00:00","dateModified":"2025-05-12T08:32:07+00:00","description":"Dom Ruinart Blanc de Blancs 2013 met Cray\u00e8res-kist is een geweldige champagne. Deze cuv\u00e9e heeft de aromatische frisheid van Chardonnay...","breadcrumb":{"@id":"https:\/\/www.champmarket.com\/nl\/champagne\/dom-ruinart-blanc-de-blancs-2010-fles-copie-copie\/#breadcrumb"},"inLanguage":"nl-NL","potentialAction":[{"@type":"ReadAction","target":["https:\/\/www.champmarket.com\/nl\/champagne\/dom-ruinart-blanc-de-blancs-2010-fles-copie-copie\/"]}]},{"@type":"ImageObject","inLanguage":"nl-NL","@id":"https:\/\/www.champmarket.com\/nl\/champagne\/dom-ruinart-blanc-de-blancs-2010-fles-copie-copie\/#primaryimage","url":"https:\/\/www.champmarket.com\/wp-content\/uploads\/2025\/03\/dom-ruinart-blanc-de-blancs-2013-bouteille-etui-crayeres.webp","contentUrl":"https:\/\/www.champmarket.com\/wp-content\/uploads\/2025\/03\/dom-ruinart-blanc-de-blancs-2013-bouteille-etui-crayeres.webp","width":1200,"height":1200,"caption":"Champagne Dom Ruinart Blanc de Blancs 2013 - Champmarket"},{"@type":"BreadcrumbList","@id":"https:\/\/www.champmarket.com\/nl\/champagne\/dom-ruinart-blanc-de-blancs-2010-fles-copie-copie\/#breadcrumb","itemListElement":[{"@type":"ListItem","position":1,"name":"Accueil","item":"https:\/\/www.champmarket.com\/nl\/"},{"@type":"ListItem","position":2,"name":"Winkel","item":"https:\/\/www.champmarket.com\/nl\/boutique\/"},{"@type":"ListItem","position":3,"name":"Ruinart","item":"https:\/\/www.champmarket.com\/nl\/maisons\/selectie-champagne-ruinart-nl\/"},{"@type":"ListItem","position":4,"name":"Dom Ruinart Blanc de Blancs 2013 Fles etui Cray\u00e8res"}]},{"@type":"WebSite","@id":"https:\/\/www.champmarket.com\/#website","url":"https:\/\/www.champmarket.com\/","name":"Champmarket","description":"Champmarket, Champagnes, Cadeaus en Levenskunst","publisher":{"@id":"https:\/\/www.champmarket.com\/#organization"},"potentialAction":[{"@type":"SearchAction","target":{"@type":"EntryPoint","urlTemplate":"https:\/\/www.champmarket.com\/?s={search_term_string}"},"query-input":{"@type":"PropertyValueSpecification","valueRequired":true,"valueName":"search_term_string"}}],"inLanguage":"nl-NL"},{"@type":"Organization","@id":"https:\/\/www.champmarket.com\/#organization","name":"Champmarket","url":"https:\/\/www.champmarket.com\/","logo":{"@type":"ImageObject","inLanguage":"nl-NL","@id":"https:\/\/www.champmarket.com\/#\/schema\/logo\/image\/","url":"https:\/\/www.champmarket.com\/wp-content\/uploads\/2024\/08\/logo2024-1.svg","contentUrl":"https:\/\/www.champmarket.com\/wp-content\/uploads\/2024\/08\/logo2024-1.svg","width":579.8,"height":80,"caption":"Champmarket"},"image":{"@id":"https:\/\/www.champmarket.com\/#\/schema\/logo\/image\/"},"sameAs":["https:\/\/www.facebook.com\/ChampMarket\/","https:\/\/x.com\/champmarket","https:\/\/www.instagram.com\/champmarket.paris\/","https:\/\/www.pinterest.fr\/champmarketparis\/","https:\/\/www.linkedin.com\/company\/champmarket\/"]}]}},"_links":{"self":[{"href":"https:\/\/www.champmarket.com\/nl\/wp-json\/wp\/v2\/product\/77449","targetHints":{"allow":["GET"]}}],"collection":[{"href":"https:\/\/www.champmarket.com\/nl\/wp-json\/wp\/v2\/product"}],"about":[{"href":"https:\/\/www.champmarket.com\/nl\/wp-json\/wp\/v2\/types\/product"}],"version-history":[{"count":2,"href":"https:\/\/www.champmarket.com\/nl\/wp-json\/wp\/v2\/product\/77449\/revisions"}],"predecessor-version":[{"id":78028,"href":"https:\/\/www.champmarket.com\/nl\/wp-json\/wp\/v2\/product\/77449\/revisions\/78028"}],"wp:featuredmedia":[{"embeddable":true,"href":"https:\/\/www.champmarket.com\/nl\/wp-json\/wp\/v2\/media\/77436"}],"wp:attachment":[{"href":"https:\/\/www.champmarket.com\/nl\/wp-json\/wp\/v2\/media?parent=77449"}],"wp:term":[{"taxonomy":"product_brand","embeddable":true,"href":"https:\/\/www.champmarket.com\/nl\/wp-json\/wp\/v2\/product_brand?post=77449"},{"taxonomy":"product_cat","embeddable":true,"href":"https:\/\/www.champmarket.com\/nl\/wp-json\/wp\/v2\/product_cat?post=77449"},{"taxonomy":"product_tag","embeddable":true,"href":"https:\/\/www.champmarket.com\/nl\/wp-json\/wp\/v2\/product_tag?post=77449"}],"curies":[{"name":"wp","href":"https:\/\/api.w.org\/{rel}","templated":true}]}}