{"id":77462,"date":"2025-03-13T16:56:04","date_gmt":"2025-03-13T15:56:06","guid":{"rendered":"https:\/\/www.champmarket.com\/?post_type=product&#038;p=77462"},"modified":"2025-05-12T10:20:27","modified_gmt":"2025-05-12T08:20:27","slug":"veuve-clicquot-extra-brut-extra-old-4-fles","status":"publish","type":"product","link":"https:\/\/www.champmarket.com\/nl\/champagne\/veuve-clicquot-extra-brut-extra-old-4-fles\/","title":{"rendered":"Veuve Clicquot Extra Brut Extra Old 4 Fles"},"content":{"rendered":"<p>Tot op de dag van vandaag, jaar na jaar, biedt Didier Mariotti (de 11e keldermeester van het Huis), met dit idee van overdracht, een reeks uitzonderlijke wijnen waar Veuve Clicquot bekend om staat. 96% van de wijngaarden van Veuve Clicquot zijn geclassificeerd als Grands Crus of Premiers Crus. Veuve Clicquot heeft de grootste en meest gevarieerde collectie reservewijnen in de Champagnestreek: meer dan 400 vari\u00ebteiten in totaal. Elk van de champagnes rijpt minstens 3 jaar, wat zorgt voor een unieke aromatische rijkdom. Alle cuv\u00e9es worden sinds 1909 bewaard in de kelders van Cray\u00e8res.<\/p>\n","protected":false},"excerpt":{"rendered":"<p>Bij Veuve Clicquot spelen reservewijnen een essenti\u00eble rol in de kunst van het mengen van de champagnes, waardoor ze diepte, complexiteit en verfijning krijgen. Extra Brut Extra Old getuigt van de historische expertise van het huis op dit gebied. Veuve Clicquot Extra Brut Extra Old 4 is in feite een blend die uitsluitend bestaat uit deze zeer gewaardeerde reservewijnen. De 4e editie van de Extra Brut Extra Old cuv\u00e9e is een blend van zes van Veuve Clicquot&#8217;s meest prestigieuze reservewijnen uit 1996, 2008, 2010, 2012, 2013 en 2014. De Extra Brut-dosering zorgt ervoor dat deze rijpe of \u201ckruidige\u201d reservewijnen concentratie en diepte in de blend brengen. De wijnen rijpen minstens drie jaar op fles in de Cray\u00e8res de la Maison voordat ze worden gedegorgeerd, waardoor ze een unieke textuur en aromatische complexiteit krijgen.<\/p>\n","protected":false},"featured_media":77488,"template":"","meta":{"_acf_changed":false},"product_brand":[],"product_cat":[3524,3355,3138,3161,3106,3176,3114,3169,3168],"product_tag":[3184,3183,3199,3196],"class_list":{"0":"post-77462","1":"product","2":"type-product","3":"status-publish","4":"has-post-thumbnail","6":"maisons-selectie-champagne-veuve-clicquot-nl","7":"product_cat-champagne-extra-brut","8":"product_cat-champagne-en-oesters","9":"product_cat-categorie-champagnehuizen","10":"product_cat-veuve-clicquot-nl","11":"product_cat-flessen","12":"product_cat-tous-les-champagnes-nl","13":"product_cat-champagne-extra-brut-non-dose-zero-dosage-nl","14":"product_cat-aperitief","15":"product_cat-repas-nl","16":"product_tag-fruits-de-mer-nl","17":"product_tag-met-sushi","18":"product_tag-aperitif-nl","19":"product_tag-repas-champagne-nl","21":"first","22":"instock","23":"taxable","24":"shipping-taxable","25":"purchasable","26":"product-type-simple"},"acf":[],"yoast_head":"<!-- This site is optimized with the Yoast SEO plugin v26.4 - https:\/\/yoast.com\/wordpress\/plugins\/seo\/ -->\n<title>Veuve Clicquot Extra Brut Extra Old 4 Fles - Champmarket<\/title>\n<meta name=\"description\" content=\"Veuve Clicquot Extra Brut Extra Old 4 wordt uitsluitend gemaakt van reservewijnen en getuigt van de historische expertise van het huis in het mengen van...\" \/>\n<meta name=\"robots\" content=\"index, follow, max-snippet:-1, max-image-preview:large, max-video-preview:-1\" \/>\n<link rel=\"canonical\" href=\"https:\/\/www.champmarket.com\/nl\/champagne\/veuve-clicquot-extra-brut-extra-old-4-fles\/\" \/>\n<meta property=\"og:locale\" content=\"nl_NL\" \/>\n<meta property=\"og:type\" content=\"article\" \/>\n<meta property=\"og:title\" content=\"Veuve Clicquot Extra Brut Extra Old 4 Fles - Champmarket\" \/>\n<meta property=\"og:description\" content=\"Veuve Clicquot Extra Brut Extra Old 4 wordt uitsluitend gemaakt van reservewijnen en getuigt van de historische expertise van het huis in het mengen van...\" \/>\n<meta property=\"og:url\" content=\"https:\/\/www.champmarket.com\/nl\/champagne\/veuve-clicquot-extra-brut-extra-old-4-fles\/\" \/>\n<meta property=\"og:site_name\" content=\"Champmarket\" \/>\n<meta property=\"article:publisher\" content=\"https:\/\/www.facebook.com\/ChampMarket\/\" \/>\n<meta property=\"article:modified_time\" content=\"2025-05-12T08:20:27+00:00\" \/>\n<meta property=\"og:image\" content=\"https:\/\/www.champmarket.com\/wp-content\/uploads\/2025\/03\/veuve-clicquot-extra-brut-extra-old-4-bouteille.webp\" \/>\n\t<meta property=\"og:image:width\" content=\"1200\" \/>\n\t<meta property=\"og:image:height\" content=\"1200\" \/>\n\t<meta property=\"og:image:type\" content=\"image\/webp\" \/>\n<meta name=\"twitter:card\" content=\"summary_large_image\" \/>\n<meta name=\"twitter:site\" content=\"@champmarket\" \/>\n<meta name=\"twitter:label1\" content=\"Geschatte leestijd\" \/>\n\t<meta name=\"twitter:data1\" content=\"1 minuut\" \/>\n<script type=\"application\/ld+json\" class=\"yoast-schema-graph\">{\"@context\":\"https:\/\/schema.org\",\"@graph\":[{\"@type\":\"WebPage\",\"@id\":\"https:\/\/www.champmarket.com\/nl\/champagne\/veuve-clicquot-extra-brut-extra-old-4-fles\/\",\"url\":\"https:\/\/www.champmarket.com\/nl\/champagne\/veuve-clicquot-extra-brut-extra-old-4-fles\/\",\"name\":\"Veuve Clicquot Extra Brut Extra Old 4 Fles - Champmarket\",\"isPartOf\":{\"@id\":\"https:\/\/www.champmarket.com\/#website\"},\"primaryImageOfPage\":{\"@id\":\"https:\/\/www.champmarket.com\/nl\/champagne\/veuve-clicquot-extra-brut-extra-old-4-fles\/#primaryimage\"},\"image\":{\"@id\":\"https:\/\/www.champmarket.com\/nl\/champagne\/veuve-clicquot-extra-brut-extra-old-4-fles\/#primaryimage\"},\"thumbnailUrl\":\"https:\/\/www.champmarket.com\/wp-content\/uploads\/2025\/03\/veuve-clicquot-extra-brut-extra-old-4-bouteille.webp\",\"datePublished\":\"2025-03-13T15:56:06+00:00\",\"dateModified\":\"2025-05-12T08:20:27+00:00\",\"description\":\"Veuve Clicquot Extra Brut Extra Old 4 wordt uitsluitend gemaakt van reservewijnen en getuigt van de historische expertise van het huis in het mengen van...\",\"breadcrumb\":{\"@id\":\"https:\/\/www.champmarket.com\/nl\/champagne\/veuve-clicquot-extra-brut-extra-old-4-fles\/#breadcrumb\"},\"inLanguage\":\"nl-NL\",\"potentialAction\":[{\"@type\":\"ReadAction\",\"target\":[\"https:\/\/www.champmarket.com\/nl\/champagne\/veuve-clicquot-extra-brut-extra-old-4-fles\/\"]}]},{\"@type\":\"ImageObject\",\"inLanguage\":\"nl-NL\",\"@id\":\"https:\/\/www.champmarket.com\/nl\/champagne\/veuve-clicquot-extra-brut-extra-old-4-fles\/#primaryimage\",\"url\":\"https:\/\/www.champmarket.com\/wp-content\/uploads\/2025\/03\/veuve-clicquot-extra-brut-extra-old-4-bouteille.webp\",\"contentUrl\":\"https:\/\/www.champmarket.com\/wp-content\/uploads\/2025\/03\/veuve-clicquot-extra-brut-extra-old-4-bouteille.webp\",\"width\":1200,\"height\":1200,\"caption\":\"Champagne Veuve Clicquot Extra Brut Extra Old 4 - Champmarket\"},{\"@type\":\"BreadcrumbList\",\"@id\":\"https:\/\/www.champmarket.com\/nl\/champagne\/veuve-clicquot-extra-brut-extra-old-4-fles\/#breadcrumb\",\"itemListElement\":[{\"@type\":\"ListItem\",\"position\":1,\"name\":\"Accueil\",\"item\":\"https:\/\/www.champmarket.com\/nl\/\"},{\"@type\":\"ListItem\",\"position\":2,\"name\":\"Winkel\",\"item\":\"https:\/\/www.champmarket.com\/nl\/boutique\/\"},{\"@type\":\"ListItem\",\"position\":3,\"name\":\"Veuve Clicquot\",\"item\":\"https:\/\/www.champmarket.com\/nl\/maisons\/selectie-champagne-veuve-clicquot-nl\/\"},{\"@type\":\"ListItem\",\"position\":4,\"name\":\"Veuve Clicquot Extra Brut Extra Old 4 Fles\"}]},{\"@type\":\"WebSite\",\"@id\":\"https:\/\/www.champmarket.com\/#website\",\"url\":\"https:\/\/www.champmarket.com\/\",\"name\":\"Champmarket\",\"description\":\"Champmarket, Champagnes, Cadeaus en Levenskunst\",\"publisher\":{\"@id\":\"https:\/\/www.champmarket.com\/#organization\"},\"potentialAction\":[{\"@type\":\"SearchAction\",\"target\":{\"@type\":\"EntryPoint\",\"urlTemplate\":\"https:\/\/www.champmarket.com\/?s={search_term_string}\"},\"query-input\":{\"@type\":\"PropertyValueSpecification\",\"valueRequired\":true,\"valueName\":\"search_term_string\"}}],\"inLanguage\":\"nl-NL\"},{\"@type\":\"Organization\",\"@id\":\"https:\/\/www.champmarket.com\/#organization\",\"name\":\"Champmarket\",\"url\":\"https:\/\/www.champmarket.com\/\",\"logo\":{\"@type\":\"ImageObject\",\"inLanguage\":\"nl-NL\",\"@id\":\"https:\/\/www.champmarket.com\/#\/schema\/logo\/image\/\",\"url\":\"https:\/\/www.champmarket.com\/wp-content\/uploads\/2024\/08\/logo2024-1.svg\",\"contentUrl\":\"https:\/\/www.champmarket.com\/wp-content\/uploads\/2024\/08\/logo2024-1.svg\",\"width\":579.8,\"height\":80,\"caption\":\"Champmarket\"},\"image\":{\"@id\":\"https:\/\/www.champmarket.com\/#\/schema\/logo\/image\/\"},\"sameAs\":[\"https:\/\/www.facebook.com\/ChampMarket\/\",\"https:\/\/x.com\/champmarket\",\"https:\/\/www.instagram.com\/champmarket.paris\/\",\"https:\/\/www.pinterest.fr\/champmarketparis\/\",\"https:\/\/www.linkedin.com\/company\/champmarket\/\"]}]}<\/script>\n<!-- \/ Yoast SEO plugin. -->","yoast_head_json":{"title":"Veuve Clicquot Extra Brut Extra Old 4 Fles - Champmarket","description":"Veuve Clicquot Extra Brut Extra Old 4 wordt uitsluitend gemaakt van reservewijnen en getuigt van de historische expertise van het huis in het mengen van...","robots":{"index":"index","follow":"follow","max-snippet":"max-snippet:-1","max-image-preview":"max-image-preview:large","max-video-preview":"max-video-preview:-1"},"canonical":"https:\/\/www.champmarket.com\/nl\/champagne\/veuve-clicquot-extra-brut-extra-old-4-fles\/","og_locale":"nl_NL","og_type":"article","og_title":"Veuve Clicquot Extra Brut Extra Old 4 Fles - Champmarket","og_description":"Veuve Clicquot Extra Brut Extra Old 4 wordt uitsluitend gemaakt van reservewijnen en getuigt van de historische expertise van het huis in het mengen van...","og_url":"https:\/\/www.champmarket.com\/nl\/champagne\/veuve-clicquot-extra-brut-extra-old-4-fles\/","og_site_name":"Champmarket","article_publisher":"https:\/\/www.facebook.com\/ChampMarket\/","article_modified_time":"2025-05-12T08:20:27+00:00","og_image":[{"width":1200,"height":1200,"url":"https:\/\/www.champmarket.com\/wp-content\/uploads\/2025\/03\/veuve-clicquot-extra-brut-extra-old-4-bouteille.webp","type":"image\/webp"}],"twitter_card":"summary_large_image","twitter_site":"@champmarket","twitter_misc":{"Geschatte leestijd":"1 minuut"},"schema":{"@context":"https:\/\/schema.org","@graph":[{"@type":"WebPage","@id":"https:\/\/www.champmarket.com\/nl\/champagne\/veuve-clicquot-extra-brut-extra-old-4-fles\/","url":"https:\/\/www.champmarket.com\/nl\/champagne\/veuve-clicquot-extra-brut-extra-old-4-fles\/","name":"Veuve Clicquot Extra Brut Extra Old 4 Fles - Champmarket","isPartOf":{"@id":"https:\/\/www.champmarket.com\/#website"},"primaryImageOfPage":{"@id":"https:\/\/www.champmarket.com\/nl\/champagne\/veuve-clicquot-extra-brut-extra-old-4-fles\/#primaryimage"},"image":{"@id":"https:\/\/www.champmarket.com\/nl\/champagne\/veuve-clicquot-extra-brut-extra-old-4-fles\/#primaryimage"},"thumbnailUrl":"https:\/\/www.champmarket.com\/wp-content\/uploads\/2025\/03\/veuve-clicquot-extra-brut-extra-old-4-bouteille.webp","datePublished":"2025-03-13T15:56:06+00:00","dateModified":"2025-05-12T08:20:27+00:00","description":"Veuve Clicquot Extra Brut Extra Old 4 wordt uitsluitend gemaakt van reservewijnen en getuigt van de historische expertise van het huis in het mengen van...","breadcrumb":{"@id":"https:\/\/www.champmarket.com\/nl\/champagne\/veuve-clicquot-extra-brut-extra-old-4-fles\/#breadcrumb"},"inLanguage":"nl-NL","potentialAction":[{"@type":"ReadAction","target":["https:\/\/www.champmarket.com\/nl\/champagne\/veuve-clicquot-extra-brut-extra-old-4-fles\/"]}]},{"@type":"ImageObject","inLanguage":"nl-NL","@id":"https:\/\/www.champmarket.com\/nl\/champagne\/veuve-clicquot-extra-brut-extra-old-4-fles\/#primaryimage","url":"https:\/\/www.champmarket.com\/wp-content\/uploads\/2025\/03\/veuve-clicquot-extra-brut-extra-old-4-bouteille.webp","contentUrl":"https:\/\/www.champmarket.com\/wp-content\/uploads\/2025\/03\/veuve-clicquot-extra-brut-extra-old-4-bouteille.webp","width":1200,"height":1200,"caption":"Champagne Veuve Clicquot Extra Brut Extra Old 4 - Champmarket"},{"@type":"BreadcrumbList","@id":"https:\/\/www.champmarket.com\/nl\/champagne\/veuve-clicquot-extra-brut-extra-old-4-fles\/#breadcrumb","itemListElement":[{"@type":"ListItem","position":1,"name":"Accueil","item":"https:\/\/www.champmarket.com\/nl\/"},{"@type":"ListItem","position":2,"name":"Winkel","item":"https:\/\/www.champmarket.com\/nl\/boutique\/"},{"@type":"ListItem","position":3,"name":"Veuve Clicquot","item":"https:\/\/www.champmarket.com\/nl\/maisons\/selectie-champagne-veuve-clicquot-nl\/"},{"@type":"ListItem","position":4,"name":"Veuve Clicquot Extra Brut Extra Old 4 Fles"}]},{"@type":"WebSite","@id":"https:\/\/www.champmarket.com\/#website","url":"https:\/\/www.champmarket.com\/","name":"Champmarket","description":"Champmarket, Champagnes, Cadeaus en Levenskunst","publisher":{"@id":"https:\/\/www.champmarket.com\/#organization"},"potentialAction":[{"@type":"SearchAction","target":{"@type":"EntryPoint","urlTemplate":"https:\/\/www.champmarket.com\/?s={search_term_string}"},"query-input":{"@type":"PropertyValueSpecification","valueRequired":true,"valueName":"search_term_string"}}],"inLanguage":"nl-NL"},{"@type":"Organization","@id":"https:\/\/www.champmarket.com\/#organization","name":"Champmarket","url":"https:\/\/www.champmarket.com\/","logo":{"@type":"ImageObject","inLanguage":"nl-NL","@id":"https:\/\/www.champmarket.com\/#\/schema\/logo\/image\/","url":"https:\/\/www.champmarket.com\/wp-content\/uploads\/2024\/08\/logo2024-1.svg","contentUrl":"https:\/\/www.champmarket.com\/wp-content\/uploads\/2024\/08\/logo2024-1.svg","width":579.8,"height":80,"caption":"Champmarket"},"image":{"@id":"https:\/\/www.champmarket.com\/#\/schema\/logo\/image\/"},"sameAs":["https:\/\/www.facebook.com\/ChampMarket\/","https:\/\/x.com\/champmarket","https:\/\/www.instagram.com\/champmarket.paris\/","https:\/\/www.pinterest.fr\/champmarketparis\/","https:\/\/www.linkedin.com\/company\/champmarket\/"]}]}},"_links":{"self":[{"href":"https:\/\/www.champmarket.com\/nl\/wp-json\/wp\/v2\/product\/77462","targetHints":{"allow":["GET"]}}],"collection":[{"href":"https:\/\/www.champmarket.com\/nl\/wp-json\/wp\/v2\/product"}],"about":[{"href":"https:\/\/www.champmarket.com\/nl\/wp-json\/wp\/v2\/types\/product"}],"version-history":[{"count":3,"href":"https:\/\/www.champmarket.com\/nl\/wp-json\/wp\/v2\/product\/77462\/revisions"}],"predecessor-version":[{"id":78839,"href":"https:\/\/www.champmarket.com\/nl\/wp-json\/wp\/v2\/product\/77462\/revisions\/78839"}],"wp:featuredmedia":[{"embeddable":true,"href":"https:\/\/www.champmarket.com\/nl\/wp-json\/wp\/v2\/media\/77488"}],"wp:attachment":[{"href":"https:\/\/www.champmarket.com\/nl\/wp-json\/wp\/v2\/media?parent=77462"}],"wp:term":[{"taxonomy":"product_brand","embeddable":true,"href":"https:\/\/www.champmarket.com\/nl\/wp-json\/wp\/v2\/product_brand?post=77462"},{"taxonomy":"product_cat","embeddable":true,"href":"https:\/\/www.champmarket.com\/nl\/wp-json\/wp\/v2\/product_cat?post=77462"},{"taxonomy":"product_tag","embeddable":true,"href":"https:\/\/www.champmarket.com\/nl\/wp-json\/wp\/v2\/product_tag?post=77462"}],"curies":[{"name":"wp","href":"https:\/\/api.w.org\/{rel}","templated":true}]}}