{"id":78497,"date":"2025-05-02T14:37:36","date_gmt":"2025-05-02T12:37:36","guid":{"rendered":"https:\/\/www.champmarket.com\/?post_type=product&#038;p=78497"},"modified":"2025-05-12T09:58:45","modified_gmt":"2025-05-12T07:58:45","slug":"alexandre-bonnet-blanc-de-blancs-fles-copie-copie-copie","status":"publish","type":"product","link":"https:\/\/www.champmarket.com\/nl\/champagne\/alexandre-bonnet-blanc-de-blancs-fles-copie-copie-copie\/","title":{"rendered":"Saint-Sauveur Ros\u00e9 Premier Cru Fles"},"content":{"rendered":"<p>Cuv\u00e9e Saint-Sauveur Ros\u00e9 Premier Cru is de ideale wijn om van te genieten als aperitief of bij de maaltijd.<\/p>\n","protected":false},"excerpt":{"rendered":"<p>Saint-Sauveur Ros\u00e9 Premier Cru is een elegante champagne gemaakt van twee zeer mooie oogsten van zowel Chardonnays als Pinots Noirs. Zijn lichtroze kleur en delicate bruis zullen puristen van ros\u00e9 blends aanspreken. Zijn evenwichtige neus, met toetsen van rood fruit gaande van wilde aardbeien tot morellen, maakt er een verrassend lichte, gastronomische champagne van.  <\/p>\n","protected":false},"featured_media":78545,"template":"","meta":{"_acf_changed":false},"product_brand":[],"product_cat":[3352,3308,3138,3562,3106,3176,3117,3169,3168],"product_tag":[3190,3199],"class_list":{"0":"post-78497","1":"product","2":"type-product","3":"status-publish","4":"has-post-thumbnail","6":"maisons-saint-sauveur-nl","7":"product_cat-zomerse-champagnes","8":"product_cat-alle-champagnes-en-boxes","9":"product_cat-categorie-champagnehuizen","10":"product_cat-saint-sauveur-nl","11":"product_cat-flessen","12":"product_cat-tous-les-champagnes-nl","13":"product_cat-rose-champagne","14":"product_cat-aperitief","15":"product_cat-repas-nl","16":"product_tag-la-vie-en-rose-nl","17":"product_tag-aperitif-nl","19":"first","20":"instock","21":"taxable","22":"shipping-taxable","23":"purchasable","24":"product-type-simple"},"acf":[],"yoast_head":"<!-- This site is optimized with the Yoast SEO plugin v26.4 - https:\/\/yoast.com\/wordpress\/plugins\/seo\/ -->\n<title>Saint-Sauveur Ros\u00e9 Premier Cru Fles - Champmarket<\/title>\n<meta name=\"description\" content=\"Saint-Sauveur Ros\u00e9 Premier Cru is een elegante champagne die het resultaat is van twee zeer goede oogsten. Zijn lichtroze kleur en delicate bruis...\" \/>\n<meta name=\"robots\" content=\"index, follow, max-snippet:-1, max-image-preview:large, max-video-preview:-1\" \/>\n<link rel=\"canonical\" href=\"https:\/\/www.champmarket.com\/nl\/champagne\/alexandre-bonnet-blanc-de-blancs-fles-copie-copie-copie\/\" \/>\n<meta property=\"og:locale\" content=\"nl_NL\" \/>\n<meta property=\"og:type\" content=\"article\" \/>\n<meta property=\"og:title\" content=\"Saint-Sauveur Ros\u00e9 Premier Cru Fles - Champmarket\" \/>\n<meta property=\"og:description\" content=\"Saint-Sauveur Ros\u00e9 Premier Cru is een elegante champagne die het resultaat is van twee zeer goede oogsten. Zijn lichtroze kleur en delicate bruis...\" \/>\n<meta property=\"og:url\" content=\"https:\/\/www.champmarket.com\/nl\/champagne\/alexandre-bonnet-blanc-de-blancs-fles-copie-copie-copie\/\" \/>\n<meta property=\"og:site_name\" content=\"Champmarket\" \/>\n<meta property=\"article:publisher\" content=\"https:\/\/www.facebook.com\/ChampMarket\/\" \/>\n<meta property=\"article:modified_time\" content=\"2025-05-12T07:58:45+00:00\" \/>\n<meta property=\"og:image\" content=\"https:\/\/www.champmarket.com\/wp-content\/uploads\/2025\/05\/saint-sauveur-rose-premier-cru-bouteille.webp\" \/>\n\t<meta property=\"og:image:width\" content=\"1200\" \/>\n\t<meta property=\"og:image:height\" content=\"1200\" \/>\n\t<meta property=\"og:image:type\" content=\"image\/webp\" \/>\n<meta name=\"twitter:card\" content=\"summary_large_image\" \/>\n<meta name=\"twitter:site\" content=\"@champmarket\" \/>\n<script type=\"application\/ld+json\" class=\"yoast-schema-graph\">{\"@context\":\"https:\/\/schema.org\",\"@graph\":[{\"@type\":\"WebPage\",\"@id\":\"https:\/\/www.champmarket.com\/nl\/champagne\/alexandre-bonnet-blanc-de-blancs-fles-copie-copie-copie\/\",\"url\":\"https:\/\/www.champmarket.com\/nl\/champagne\/alexandre-bonnet-blanc-de-blancs-fles-copie-copie-copie\/\",\"name\":\"Saint-Sauveur Ros\u00e9 Premier Cru Fles - Champmarket\",\"isPartOf\":{\"@id\":\"https:\/\/www.champmarket.com\/#website\"},\"primaryImageOfPage\":{\"@id\":\"https:\/\/www.champmarket.com\/nl\/champagne\/alexandre-bonnet-blanc-de-blancs-fles-copie-copie-copie\/#primaryimage\"},\"image\":{\"@id\":\"https:\/\/www.champmarket.com\/nl\/champagne\/alexandre-bonnet-blanc-de-blancs-fles-copie-copie-copie\/#primaryimage\"},\"thumbnailUrl\":\"https:\/\/www.champmarket.com\/wp-content\/uploads\/2025\/05\/saint-sauveur-rose-premier-cru-bouteille.webp\",\"datePublished\":\"2025-05-02T12:37:36+00:00\",\"dateModified\":\"2025-05-12T07:58:45+00:00\",\"description\":\"Saint-Sauveur Ros\u00e9 Premier Cru is een elegante champagne die het resultaat is van twee zeer goede oogsten. Zijn lichtroze kleur en delicate bruis...\",\"breadcrumb\":{\"@id\":\"https:\/\/www.champmarket.com\/nl\/champagne\/alexandre-bonnet-blanc-de-blancs-fles-copie-copie-copie\/#breadcrumb\"},\"inLanguage\":\"nl-NL\",\"potentialAction\":[{\"@type\":\"ReadAction\",\"target\":[\"https:\/\/www.champmarket.com\/nl\/champagne\/alexandre-bonnet-blanc-de-blancs-fles-copie-copie-copie\/\"]}]},{\"@type\":\"ImageObject\",\"inLanguage\":\"nl-NL\",\"@id\":\"https:\/\/www.champmarket.com\/nl\/champagne\/alexandre-bonnet-blanc-de-blancs-fles-copie-copie-copie\/#primaryimage\",\"url\":\"https:\/\/www.champmarket.com\/wp-content\/uploads\/2025\/05\/saint-sauveur-rose-premier-cru-bouteille.webp\",\"contentUrl\":\"https:\/\/www.champmarket.com\/wp-content\/uploads\/2025\/05\/saint-sauveur-rose-premier-cru-bouteille.webp\",\"width\":1200,\"height\":1200,\"caption\":\"Champagne Saint-Sauveur Ros\u00e9 Premier Cru - Champmarket\"},{\"@type\":\"BreadcrumbList\",\"@id\":\"https:\/\/www.champmarket.com\/nl\/champagne\/alexandre-bonnet-blanc-de-blancs-fles-copie-copie-copie\/#breadcrumb\",\"itemListElement\":[{\"@type\":\"ListItem\",\"position\":1,\"name\":\"Accueil\",\"item\":\"https:\/\/www.champmarket.com\/nl\/\"},{\"@type\":\"ListItem\",\"position\":2,\"name\":\"Winkel\",\"item\":\"https:\/\/www.champmarket.com\/nl\/boutique\/\"},{\"@type\":\"ListItem\",\"position\":3,\"name\":\"Saint-Sauveur\",\"item\":\"https:\/\/www.champmarket.com\/nl\/maisons\/saint-sauveur-nl\/\"},{\"@type\":\"ListItem\",\"position\":4,\"name\":\"Saint-Sauveur Ros\u00e9 Premier Cru Fles\"}]},{\"@type\":\"WebSite\",\"@id\":\"https:\/\/www.champmarket.com\/#website\",\"url\":\"https:\/\/www.champmarket.com\/\",\"name\":\"Champmarket\",\"description\":\"Champmarket, Champagnes, Cadeaus en Levenskunst\",\"publisher\":{\"@id\":\"https:\/\/www.champmarket.com\/#organization\"},\"potentialAction\":[{\"@type\":\"SearchAction\",\"target\":{\"@type\":\"EntryPoint\",\"urlTemplate\":\"https:\/\/www.champmarket.com\/?s={search_term_string}\"},\"query-input\":{\"@type\":\"PropertyValueSpecification\",\"valueRequired\":true,\"valueName\":\"search_term_string\"}}],\"inLanguage\":\"nl-NL\"},{\"@type\":\"Organization\",\"@id\":\"https:\/\/www.champmarket.com\/#organization\",\"name\":\"Champmarket\",\"url\":\"https:\/\/www.champmarket.com\/\",\"logo\":{\"@type\":\"ImageObject\",\"inLanguage\":\"nl-NL\",\"@id\":\"https:\/\/www.champmarket.com\/#\/schema\/logo\/image\/\",\"url\":\"https:\/\/www.champmarket.com\/wp-content\/uploads\/2024\/08\/logo2024-1.svg\",\"contentUrl\":\"https:\/\/www.champmarket.com\/wp-content\/uploads\/2024\/08\/logo2024-1.svg\",\"width\":579.8,\"height\":80,\"caption\":\"Champmarket\"},\"image\":{\"@id\":\"https:\/\/www.champmarket.com\/#\/schema\/logo\/image\/\"},\"sameAs\":[\"https:\/\/www.facebook.com\/ChampMarket\/\",\"https:\/\/x.com\/champmarket\",\"https:\/\/www.instagram.com\/champmarket.paris\/\",\"https:\/\/www.pinterest.fr\/champmarketparis\/\",\"https:\/\/www.linkedin.com\/company\/champmarket\/\"]}]}<\/script>\n<!-- \/ Yoast SEO plugin. -->","yoast_head_json":{"title":"Saint-Sauveur Ros\u00e9 Premier Cru Fles - Champmarket","description":"Saint-Sauveur Ros\u00e9 Premier Cru is een elegante champagne die het resultaat is van twee zeer goede oogsten. Zijn lichtroze kleur en delicate bruis...","robots":{"index":"index","follow":"follow","max-snippet":"max-snippet:-1","max-image-preview":"max-image-preview:large","max-video-preview":"max-video-preview:-1"},"canonical":"https:\/\/www.champmarket.com\/nl\/champagne\/alexandre-bonnet-blanc-de-blancs-fles-copie-copie-copie\/","og_locale":"nl_NL","og_type":"article","og_title":"Saint-Sauveur Ros\u00e9 Premier Cru Fles - Champmarket","og_description":"Saint-Sauveur Ros\u00e9 Premier Cru is een elegante champagne die het resultaat is van twee zeer goede oogsten. Zijn lichtroze kleur en delicate bruis...","og_url":"https:\/\/www.champmarket.com\/nl\/champagne\/alexandre-bonnet-blanc-de-blancs-fles-copie-copie-copie\/","og_site_name":"Champmarket","article_publisher":"https:\/\/www.facebook.com\/ChampMarket\/","article_modified_time":"2025-05-12T07:58:45+00:00","og_image":[{"width":1200,"height":1200,"url":"https:\/\/www.champmarket.com\/wp-content\/uploads\/2025\/05\/saint-sauveur-rose-premier-cru-bouteille.webp","type":"image\/webp"}],"twitter_card":"summary_large_image","twitter_site":"@champmarket","schema":{"@context":"https:\/\/schema.org","@graph":[{"@type":"WebPage","@id":"https:\/\/www.champmarket.com\/nl\/champagne\/alexandre-bonnet-blanc-de-blancs-fles-copie-copie-copie\/","url":"https:\/\/www.champmarket.com\/nl\/champagne\/alexandre-bonnet-blanc-de-blancs-fles-copie-copie-copie\/","name":"Saint-Sauveur Ros\u00e9 Premier Cru Fles - Champmarket","isPartOf":{"@id":"https:\/\/www.champmarket.com\/#website"},"primaryImageOfPage":{"@id":"https:\/\/www.champmarket.com\/nl\/champagne\/alexandre-bonnet-blanc-de-blancs-fles-copie-copie-copie\/#primaryimage"},"image":{"@id":"https:\/\/www.champmarket.com\/nl\/champagne\/alexandre-bonnet-blanc-de-blancs-fles-copie-copie-copie\/#primaryimage"},"thumbnailUrl":"https:\/\/www.champmarket.com\/wp-content\/uploads\/2025\/05\/saint-sauveur-rose-premier-cru-bouteille.webp","datePublished":"2025-05-02T12:37:36+00:00","dateModified":"2025-05-12T07:58:45+00:00","description":"Saint-Sauveur Ros\u00e9 Premier Cru is een elegante champagne die het resultaat is van twee zeer goede oogsten. Zijn lichtroze kleur en delicate bruis...","breadcrumb":{"@id":"https:\/\/www.champmarket.com\/nl\/champagne\/alexandre-bonnet-blanc-de-blancs-fles-copie-copie-copie\/#breadcrumb"},"inLanguage":"nl-NL","potentialAction":[{"@type":"ReadAction","target":["https:\/\/www.champmarket.com\/nl\/champagne\/alexandre-bonnet-blanc-de-blancs-fles-copie-copie-copie\/"]}]},{"@type":"ImageObject","inLanguage":"nl-NL","@id":"https:\/\/www.champmarket.com\/nl\/champagne\/alexandre-bonnet-blanc-de-blancs-fles-copie-copie-copie\/#primaryimage","url":"https:\/\/www.champmarket.com\/wp-content\/uploads\/2025\/05\/saint-sauveur-rose-premier-cru-bouteille.webp","contentUrl":"https:\/\/www.champmarket.com\/wp-content\/uploads\/2025\/05\/saint-sauveur-rose-premier-cru-bouteille.webp","width":1200,"height":1200,"caption":"Champagne Saint-Sauveur Ros\u00e9 Premier Cru - Champmarket"},{"@type":"BreadcrumbList","@id":"https:\/\/www.champmarket.com\/nl\/champagne\/alexandre-bonnet-blanc-de-blancs-fles-copie-copie-copie\/#breadcrumb","itemListElement":[{"@type":"ListItem","position":1,"name":"Accueil","item":"https:\/\/www.champmarket.com\/nl\/"},{"@type":"ListItem","position":2,"name":"Winkel","item":"https:\/\/www.champmarket.com\/nl\/boutique\/"},{"@type":"ListItem","position":3,"name":"Saint-Sauveur","item":"https:\/\/www.champmarket.com\/nl\/maisons\/saint-sauveur-nl\/"},{"@type":"ListItem","position":4,"name":"Saint-Sauveur Ros\u00e9 Premier Cru Fles"}]},{"@type":"WebSite","@id":"https:\/\/www.champmarket.com\/#website","url":"https:\/\/www.champmarket.com\/","name":"Champmarket","description":"Champmarket, Champagnes, Cadeaus en Levenskunst","publisher":{"@id":"https:\/\/www.champmarket.com\/#organization"},"potentialAction":[{"@type":"SearchAction","target":{"@type":"EntryPoint","urlTemplate":"https:\/\/www.champmarket.com\/?s={search_term_string}"},"query-input":{"@type":"PropertyValueSpecification","valueRequired":true,"valueName":"search_term_string"}}],"inLanguage":"nl-NL"},{"@type":"Organization","@id":"https:\/\/www.champmarket.com\/#organization","name":"Champmarket","url":"https:\/\/www.champmarket.com\/","logo":{"@type":"ImageObject","inLanguage":"nl-NL","@id":"https:\/\/www.champmarket.com\/#\/schema\/logo\/image\/","url":"https:\/\/www.champmarket.com\/wp-content\/uploads\/2024\/08\/logo2024-1.svg","contentUrl":"https:\/\/www.champmarket.com\/wp-content\/uploads\/2024\/08\/logo2024-1.svg","width":579.8,"height":80,"caption":"Champmarket"},"image":{"@id":"https:\/\/www.champmarket.com\/#\/schema\/logo\/image\/"},"sameAs":["https:\/\/www.facebook.com\/ChampMarket\/","https:\/\/x.com\/champmarket","https:\/\/www.instagram.com\/champmarket.paris\/","https:\/\/www.pinterest.fr\/champmarketparis\/","https:\/\/www.linkedin.com\/company\/champmarket\/"]}]}},"_links":{"self":[{"href":"https:\/\/www.champmarket.com\/nl\/wp-json\/wp\/v2\/product\/78497","targetHints":{"allow":["GET"]}}],"collection":[{"href":"https:\/\/www.champmarket.com\/nl\/wp-json\/wp\/v2\/product"}],"about":[{"href":"https:\/\/www.champmarket.com\/nl\/wp-json\/wp\/v2\/types\/product"}],"version-history":[{"count":2,"href":"https:\/\/www.champmarket.com\/nl\/wp-json\/wp\/v2\/product\/78497\/revisions"}],"predecessor-version":[{"id":78829,"href":"https:\/\/www.champmarket.com\/nl\/wp-json\/wp\/v2\/product\/78497\/revisions\/78829"}],"wp:featuredmedia":[{"embeddable":true,"href":"https:\/\/www.champmarket.com\/nl\/wp-json\/wp\/v2\/media\/78545"}],"wp:attachment":[{"href":"https:\/\/www.champmarket.com\/nl\/wp-json\/wp\/v2\/media?parent=78497"}],"wp:term":[{"taxonomy":"product_brand","embeddable":true,"href":"https:\/\/www.champmarket.com\/nl\/wp-json\/wp\/v2\/product_brand?post=78497"},{"taxonomy":"product_cat","embeddable":true,"href":"https:\/\/www.champmarket.com\/nl\/wp-json\/wp\/v2\/product_cat?post=78497"},{"taxonomy":"product_tag","embeddable":true,"href":"https:\/\/www.champmarket.com\/nl\/wp-json\/wp\/v2\/product_tag?post=78497"}],"curies":[{"name":"wp","href":"https:\/\/api.w.org\/{rel}","templated":true}]}}