{"id":79340,"date":"2022-10-24T15:47:57","date_gmt":"2022-10-24T13:47:57","guid":{"rendered":"https:\/\/www.champmarket.com\/champagne\/ruinart-dom-ruinart-rose-2009-fles-met-doos\/"},"modified":"2025-05-19T15:25:19","modified_gmt":"2025-05-19T13:25:19","slug":"ruinart-dom-ruinart-rose-2009-fles-met-doos","status":"publish","type":"product","link":"https:\/\/www.champmarket.com\/nl\/champagne\/ruinart-dom-ruinart-rose-2009-fles-met-doos\/","title":{"rendered":"Ruinart Dom Ruinart Ros\u00e9 2009 Fles met doos"},"content":{"rendered":"<p>Een Dom Ruinart vintage is de meest volmaakte uitdrukking van een champagne met het merk Ruinart. Zeldzame jaargangen, waarvan het aantal wordt opgelegd door een grote vraag. Van de keuze van de terroirs tot de botteling, van de rijping tot d\u00e9gorgement, elke fase van de productie van een Dom Ruinart cuv\u00e9e draagt bij tot de geboorte van een wijn die voortkomt uit de intu\u00eftie van een veelbelovend jaar. Het Huis is verheugd Dom Ruinart Ros\u00e9 2009 te onthullen, de 20e jaargang van de cuv\u00e9e genoemd als eerbetoon aan Dom Thierry Ruinart, de verlichte man die zijn familie en hun nakomelingen inspireerde vanaf de 17e eeuw.<\/p>\n<p>Dom Ruinart Ros\u00e9 2009 heeft 11 jaar gerijpt op latten in het hart van Les Cray\u00e8res, de tijd die nodig is om zijn geroosterde aroma&#8217;s te ontwikkelen en zijn rondheid in de mond vorm te geven.<\/p>\n<p>Deze uitzonderlijke cuv\u00e9e wordt gepresenteerd in een geschenkdoos en is ideaal om een blijvende indruk te maken bij speciale gelegenheden. Het is ook het perfecte cadeau-idee! <\/p>\n","protected":false},"excerpt":{"rendered":"<p>Dom Ruinart Ros\u00e9 2009 is een wijn gemaakt van de mooiste percelen van de Champagnestreek. Trouw aan de expertise van Ruinart dankt deze cuv\u00e9e zijn finesse en elegantie aan het hoge aandeel Grand Cru Chardonnay uit de C\u00f4te des Blancs. <em>&#8220;2009: een jaar van extremen voor wijnen met een sappig, dynamisch evenwicht.<\/em> Dankzij de meesterlijke assemblage heeft Dom Ruinart ros\u00e9 2009 de elegantie en finesse van Chardonnay, de signatuur van Ruinart, met de toegevoegde omhullende dimensie van Pinot Noir. Deze karaktervolle champagne gaat goed samen met de fijnste gerechten.<\/p>\n","protected":false},"featured_media":49139,"template":"","meta":{"_acf_changed":false},"product_brand":[],"product_cat":[3159,3106,3107,3176,3117,3115,3116,3168],"product_tag":[3188,3190,3195,3200,3196],"class_list":{"0":"post-79340","1":"product","2":"type-product","3":"status-publish","4":"has-post-thumbnail","6":"maisons-selectie-champagne-ruinart-nl","7":"product_cat-ruinart-nl","8":"product_cat-flessen","9":"product_cat-relatiegeschenken","10":"product_cat-tous-les-champagnes-nl","11":"product_cat-rose-champagne","12":"product_cat-vintage-champagne","13":"product_cat-prestige-champagne","14":"product_cat-repas-nl","15":"product_tag-haute-couture-nl","16":"product_tag-la-vie-en-rose-nl","17":"product_tag-pour-offrir-nl","18":"product_tag-vintage-nl","19":"product_tag-repas-champagne-nl","21":"first","22":"instock","23":"taxable","24":"shipping-taxable","25":"purchasable","26":"product-type-simple"},"acf":[],"yoast_head":"<!-- This site is optimized with the Yoast SEO plugin v26.4 - https:\/\/yoast.com\/wordpress\/plugins\/seo\/ -->\n<title>Champagne Ruinart Dom Ruinart Ros\u00e9 2009 Fles met doos%sep%Champmarket<\/title>\n<meta name=\"description\" content=\"Dom Ruinart Ros\u00e9 2009 is een wijn gemaakt van de mooiste percelen van de Champagnestreek. Trouw aan de expertise van Ruinart dankt deze cuv\u00e9e zijn finesse en elegantie aan het hoge aandeel Grand Cru Chardonnay uit de C\u00f4te des Blancs. &quot;2009: een jaar van extremen voor wijnen met een sappig, dynamisch evenwicht. Dankzij de meesterlijke assemblage heeft Dom Ruinart ros\u00e9 2009 de elegantie en finesse van Chardonnay, de signatuur van Ruinart, met de toegevoegde omhullende dimensie van Pinot Noir. Deze karaktervolle champagne gaat goed samen met de fijnste gerechten.%\" \/>\n<meta name=\"robots\" content=\"index, follow, max-snippet:-1, max-image-preview:large, max-video-preview:-1\" \/>\n<link rel=\"canonical\" href=\"https:\/\/www.champmarket.com\/nl\/champagne\/ruinart-dom-ruinart-rose-2009-fles-met-doos\/\" \/>\n<meta property=\"og:locale\" content=\"nl_NL\" \/>\n<meta property=\"og:type\" content=\"article\" \/>\n<meta property=\"og:title\" content=\"Champagne Ruinart Dom Ruinart Ros\u00e9 2009 Fles met doos%sep%Champmarket\" \/>\n<meta property=\"og:description\" content=\"Dom Ruinart Ros\u00e9 2009 is een wijn gemaakt van de mooiste percelen van de Champagnestreek. Trouw aan de expertise van Ruinart dankt deze cuv\u00e9e zijn finesse en elegantie aan het hoge aandeel Grand Cru Chardonnay uit de C\u00f4te des Blancs. &quot;2009: een jaar van extremen voor wijnen met een sappig, dynamisch evenwicht. Dankzij de meesterlijke assemblage heeft Dom Ruinart ros\u00e9 2009 de elegantie en finesse van Chardonnay, de signatuur van Ruinart, met de toegevoegde omhullende dimensie van Pinot Noir. Deze karaktervolle champagne gaat goed samen met de fijnste gerechten.%\" \/>\n<meta property=\"og:url\" content=\"https:\/\/www.champmarket.com\/nl\/champagne\/ruinart-dom-ruinart-rose-2009-fles-met-doos\/\" \/>\n<meta property=\"og:site_name\" content=\"Champmarket\" \/>\n<meta property=\"article:publisher\" content=\"https:\/\/www.facebook.com\/ChampMarket\/\" \/>\n<meta property=\"article:modified_time\" content=\"2025-05-19T13:25:19+00:00\" \/>\n<meta property=\"og:image\" content=\"https:\/\/www.champmarket.com\/wp-content\/uploads\/2022\/10\/fiche-produit-dom-ruinart-rose-2009-bouteille-coffret.webp\" \/>\n\t<meta property=\"og:image:width\" content=\"1200\" \/>\n\t<meta property=\"og:image:height\" content=\"1200\" \/>\n\t<meta property=\"og:image:type\" content=\"image\/jpeg\" \/>\n<meta name=\"twitter:card\" content=\"summary_large_image\" \/>\n<meta name=\"twitter:site\" content=\"@champmarket\" \/>\n<meta name=\"twitter:label1\" content=\"Geschatte leestijd\" \/>\n\t<meta name=\"twitter:data1\" content=\"1 minuut\" \/>\n<script type=\"application\/ld+json\" class=\"yoast-schema-graph\">{\"@context\":\"https:\/\/schema.org\",\"@graph\":[{\"@type\":\"WebPage\",\"@id\":\"https:\/\/www.champmarket.com\/nl\/champagne\/ruinart-dom-ruinart-rose-2009-fles-met-doos\/\",\"url\":\"https:\/\/www.champmarket.com\/nl\/champagne\/ruinart-dom-ruinart-rose-2009-fles-met-doos\/\",\"name\":\"Champagne Ruinart Dom Ruinart Ros\u00e9 2009 Fles met doos%sep%Champmarket\",\"isPartOf\":{\"@id\":\"https:\/\/www.champmarket.com\/#website\"},\"primaryImageOfPage\":{\"@id\":\"https:\/\/www.champmarket.com\/nl\/champagne\/ruinart-dom-ruinart-rose-2009-fles-met-doos\/#primaryimage\"},\"image\":{\"@id\":\"https:\/\/www.champmarket.com\/nl\/champagne\/ruinart-dom-ruinart-rose-2009-fles-met-doos\/#primaryimage\"},\"thumbnailUrl\":\"https:\/\/www.champmarket.com\/wp-content\/uploads\/2022\/10\/fiche-produit-dom-ruinart-rose-2009-bouteille-coffret.webp\",\"datePublished\":\"2022-10-24T13:47:57+00:00\",\"dateModified\":\"2025-05-19T13:25:19+00:00\",\"description\":\"Dom Ruinart Ros\u00e9 2009 is een wijn gemaakt van de mooiste percelen van de Champagnestreek. Trouw aan de expertise van Ruinart dankt deze cuv\u00e9e zijn finesse en elegantie aan het hoge aandeel Grand Cru Chardonnay uit de C\u00f4te des Blancs. \\\"2009: een jaar van extremen voor wijnen met een sappig, dynamisch evenwicht. Dankzij de meesterlijke assemblage heeft Dom Ruinart ros\u00e9 2009 de elegantie en finesse van Chardonnay, de signatuur van Ruinart, met de toegevoegde omhullende dimensie van Pinot Noir. Deze karaktervolle champagne gaat goed samen met de fijnste gerechten.%\",\"breadcrumb\":{\"@id\":\"https:\/\/www.champmarket.com\/nl\/champagne\/ruinart-dom-ruinart-rose-2009-fles-met-doos\/#breadcrumb\"},\"inLanguage\":\"nl-NL\",\"potentialAction\":[{\"@type\":\"ReadAction\",\"target\":[\"https:\/\/www.champmarket.com\/nl\/champagne\/ruinart-dom-ruinart-rose-2009-fles-met-doos\/\"]}]},{\"@type\":\"ImageObject\",\"inLanguage\":\"nl-NL\",\"@id\":\"https:\/\/www.champmarket.com\/nl\/champagne\/ruinart-dom-ruinart-rose-2009-fles-met-doos\/#primaryimage\",\"url\":\"https:\/\/www.champmarket.com\/wp-content\/uploads\/2022\/10\/fiche-produit-dom-ruinart-rose-2009-bouteille-coffret.webp\",\"contentUrl\":\"https:\/\/www.champmarket.com\/wp-content\/uploads\/2022\/10\/fiche-produit-dom-ruinart-rose-2009-bouteille-coffret.webp\",\"width\":1200,\"height\":1200},{\"@type\":\"BreadcrumbList\",\"@id\":\"https:\/\/www.champmarket.com\/nl\/champagne\/ruinart-dom-ruinart-rose-2009-fles-met-doos\/#breadcrumb\",\"itemListElement\":[{\"@type\":\"ListItem\",\"position\":1,\"name\":\"Accueil\",\"item\":\"https:\/\/www.champmarket.com\/nl\/\"},{\"@type\":\"ListItem\",\"position\":2,\"name\":\"Winkel\",\"item\":\"https:\/\/www.champmarket.com\/nl\/boutique\/\"},{\"@type\":\"ListItem\",\"position\":3,\"name\":\"Ruinart\",\"item\":\"https:\/\/www.champmarket.com\/nl\/maisons\/selectie-champagne-ruinart-nl\/\"},{\"@type\":\"ListItem\",\"position\":4,\"name\":\"Ruinart Dom Ruinart Ros\u00e9 2009 Fles met doos\"}]},{\"@type\":\"WebSite\",\"@id\":\"https:\/\/www.champmarket.com\/#website\",\"url\":\"https:\/\/www.champmarket.com\/\",\"name\":\"Champmarket\",\"description\":\"Champmarket, Champagnes, Cadeaus en Levenskunst\",\"publisher\":{\"@id\":\"https:\/\/www.champmarket.com\/#organization\"},\"potentialAction\":[{\"@type\":\"SearchAction\",\"target\":{\"@type\":\"EntryPoint\",\"urlTemplate\":\"https:\/\/www.champmarket.com\/?s={search_term_string}\"},\"query-input\":{\"@type\":\"PropertyValueSpecification\",\"valueRequired\":true,\"valueName\":\"search_term_string\"}}],\"inLanguage\":\"nl-NL\"},{\"@type\":\"Organization\",\"@id\":\"https:\/\/www.champmarket.com\/#organization\",\"name\":\"Champmarket\",\"url\":\"https:\/\/www.champmarket.com\/\",\"logo\":{\"@type\":\"ImageObject\",\"inLanguage\":\"nl-NL\",\"@id\":\"https:\/\/www.champmarket.com\/#\/schema\/logo\/image\/\",\"url\":\"https:\/\/www.champmarket.com\/wp-content\/uploads\/2024\/08\/logo2024-1.svg\",\"contentUrl\":\"https:\/\/www.champmarket.com\/wp-content\/uploads\/2024\/08\/logo2024-1.svg\",\"width\":579.8,\"height\":80,\"caption\":\"Champmarket\"},\"image\":{\"@id\":\"https:\/\/www.champmarket.com\/#\/schema\/logo\/image\/\"},\"sameAs\":[\"https:\/\/www.facebook.com\/ChampMarket\/\",\"https:\/\/x.com\/champmarket\",\"https:\/\/www.instagram.com\/champmarket.paris\/\",\"https:\/\/www.pinterest.fr\/champmarketparis\/\",\"https:\/\/www.linkedin.com\/company\/champmarket\/\"]}]}<\/script>\n<!-- \/ Yoast SEO plugin. -->","yoast_head_json":{"title":"Champagne Ruinart Dom Ruinart Ros\u00e9 2009 Fles met doos%sep%Champmarket","description":"Dom Ruinart Ros\u00e9 2009 is een wijn gemaakt van de mooiste percelen van de Champagnestreek. Trouw aan de expertise van Ruinart dankt deze cuv\u00e9e zijn finesse en elegantie aan het hoge aandeel Grand Cru Chardonnay uit de C\u00f4te des Blancs. \"2009: een jaar van extremen voor wijnen met een sappig, dynamisch evenwicht. Dankzij de meesterlijke assemblage heeft Dom Ruinart ros\u00e9 2009 de elegantie en finesse van Chardonnay, de signatuur van Ruinart, met de toegevoegde omhullende dimensie van Pinot Noir. Deze karaktervolle champagne gaat goed samen met de fijnste gerechten.%","robots":{"index":"index","follow":"follow","max-snippet":"max-snippet:-1","max-image-preview":"max-image-preview:large","max-video-preview":"max-video-preview:-1"},"canonical":"https:\/\/www.champmarket.com\/nl\/champagne\/ruinart-dom-ruinart-rose-2009-fles-met-doos\/","og_locale":"nl_NL","og_type":"article","og_title":"Champagne Ruinart Dom Ruinart Ros\u00e9 2009 Fles met doos%sep%Champmarket","og_description":"Dom Ruinart Ros\u00e9 2009 is een wijn gemaakt van de mooiste percelen van de Champagnestreek. Trouw aan de expertise van Ruinart dankt deze cuv\u00e9e zijn finesse en elegantie aan het hoge aandeel Grand Cru Chardonnay uit de C\u00f4te des Blancs. \"2009: een jaar van extremen voor wijnen met een sappig, dynamisch evenwicht. Dankzij de meesterlijke assemblage heeft Dom Ruinart ros\u00e9 2009 de elegantie en finesse van Chardonnay, de signatuur van Ruinart, met de toegevoegde omhullende dimensie van Pinot Noir. Deze karaktervolle champagne gaat goed samen met de fijnste gerechten.%","og_url":"https:\/\/www.champmarket.com\/nl\/champagne\/ruinart-dom-ruinart-rose-2009-fles-met-doos\/","og_site_name":"Champmarket","article_publisher":"https:\/\/www.facebook.com\/ChampMarket\/","article_modified_time":"2025-05-19T13:25:19+00:00","og_image":[{"width":1200,"height":1200,"url":"https:\/\/www.champmarket.com\/wp-content\/uploads\/2022\/10\/fiche-produit-dom-ruinart-rose-2009-bouteille-coffret.webp","type":"image\/jpeg"}],"twitter_card":"summary_large_image","twitter_site":"@champmarket","twitter_misc":{"Geschatte leestijd":"1 minuut"},"schema":{"@context":"https:\/\/schema.org","@graph":[{"@type":"WebPage","@id":"https:\/\/www.champmarket.com\/nl\/champagne\/ruinart-dom-ruinart-rose-2009-fles-met-doos\/","url":"https:\/\/www.champmarket.com\/nl\/champagne\/ruinart-dom-ruinart-rose-2009-fles-met-doos\/","name":"Champagne Ruinart Dom Ruinart Ros\u00e9 2009 Fles met doos%sep%Champmarket","isPartOf":{"@id":"https:\/\/www.champmarket.com\/#website"},"primaryImageOfPage":{"@id":"https:\/\/www.champmarket.com\/nl\/champagne\/ruinart-dom-ruinart-rose-2009-fles-met-doos\/#primaryimage"},"image":{"@id":"https:\/\/www.champmarket.com\/nl\/champagne\/ruinart-dom-ruinart-rose-2009-fles-met-doos\/#primaryimage"},"thumbnailUrl":"https:\/\/www.champmarket.com\/wp-content\/uploads\/2022\/10\/fiche-produit-dom-ruinart-rose-2009-bouteille-coffret.webp","datePublished":"2022-10-24T13:47:57+00:00","dateModified":"2025-05-19T13:25:19+00:00","description":"Dom Ruinart Ros\u00e9 2009 is een wijn gemaakt van de mooiste percelen van de Champagnestreek. Trouw aan de expertise van Ruinart dankt deze cuv\u00e9e zijn finesse en elegantie aan het hoge aandeel Grand Cru Chardonnay uit de C\u00f4te des Blancs. \"2009: een jaar van extremen voor wijnen met een sappig, dynamisch evenwicht. Dankzij de meesterlijke assemblage heeft Dom Ruinart ros\u00e9 2009 de elegantie en finesse van Chardonnay, de signatuur van Ruinart, met de toegevoegde omhullende dimensie van Pinot Noir. Deze karaktervolle champagne gaat goed samen met de fijnste gerechten.%","breadcrumb":{"@id":"https:\/\/www.champmarket.com\/nl\/champagne\/ruinart-dom-ruinart-rose-2009-fles-met-doos\/#breadcrumb"},"inLanguage":"nl-NL","potentialAction":[{"@type":"ReadAction","target":["https:\/\/www.champmarket.com\/nl\/champagne\/ruinart-dom-ruinart-rose-2009-fles-met-doos\/"]}]},{"@type":"ImageObject","inLanguage":"nl-NL","@id":"https:\/\/www.champmarket.com\/nl\/champagne\/ruinart-dom-ruinart-rose-2009-fles-met-doos\/#primaryimage","url":"https:\/\/www.champmarket.com\/wp-content\/uploads\/2022\/10\/fiche-produit-dom-ruinart-rose-2009-bouteille-coffret.webp","contentUrl":"https:\/\/www.champmarket.com\/wp-content\/uploads\/2022\/10\/fiche-produit-dom-ruinart-rose-2009-bouteille-coffret.webp","width":1200,"height":1200},{"@type":"BreadcrumbList","@id":"https:\/\/www.champmarket.com\/nl\/champagne\/ruinart-dom-ruinart-rose-2009-fles-met-doos\/#breadcrumb","itemListElement":[{"@type":"ListItem","position":1,"name":"Accueil","item":"https:\/\/www.champmarket.com\/nl\/"},{"@type":"ListItem","position":2,"name":"Winkel","item":"https:\/\/www.champmarket.com\/nl\/boutique\/"},{"@type":"ListItem","position":3,"name":"Ruinart","item":"https:\/\/www.champmarket.com\/nl\/maisons\/selectie-champagne-ruinart-nl\/"},{"@type":"ListItem","position":4,"name":"Ruinart Dom Ruinart Ros\u00e9 2009 Fles met doos"}]},{"@type":"WebSite","@id":"https:\/\/www.champmarket.com\/#website","url":"https:\/\/www.champmarket.com\/","name":"Champmarket","description":"Champmarket, Champagnes, Cadeaus en Levenskunst","publisher":{"@id":"https:\/\/www.champmarket.com\/#organization"},"potentialAction":[{"@type":"SearchAction","target":{"@type":"EntryPoint","urlTemplate":"https:\/\/www.champmarket.com\/?s={search_term_string}"},"query-input":{"@type":"PropertyValueSpecification","valueRequired":true,"valueName":"search_term_string"}}],"inLanguage":"nl-NL"},{"@type":"Organization","@id":"https:\/\/www.champmarket.com\/#organization","name":"Champmarket","url":"https:\/\/www.champmarket.com\/","logo":{"@type":"ImageObject","inLanguage":"nl-NL","@id":"https:\/\/www.champmarket.com\/#\/schema\/logo\/image\/","url":"https:\/\/www.champmarket.com\/wp-content\/uploads\/2024\/08\/logo2024-1.svg","contentUrl":"https:\/\/www.champmarket.com\/wp-content\/uploads\/2024\/08\/logo2024-1.svg","width":579.8,"height":80,"caption":"Champmarket"},"image":{"@id":"https:\/\/www.champmarket.com\/#\/schema\/logo\/image\/"},"sameAs":["https:\/\/www.facebook.com\/ChampMarket\/","https:\/\/x.com\/champmarket","https:\/\/www.instagram.com\/champmarket.paris\/","https:\/\/www.pinterest.fr\/champmarketparis\/","https:\/\/www.linkedin.com\/company\/champmarket\/"]}]}},"_links":{"self":[{"href":"https:\/\/www.champmarket.com\/nl\/wp-json\/wp\/v2\/product\/79340","targetHints":{"allow":["GET"]}}],"collection":[{"href":"https:\/\/www.champmarket.com\/nl\/wp-json\/wp\/v2\/product"}],"about":[{"href":"https:\/\/www.champmarket.com\/nl\/wp-json\/wp\/v2\/types\/product"}],"version-history":[{"count":0,"href":"https:\/\/www.champmarket.com\/nl\/wp-json\/wp\/v2\/product\/79340\/revisions"}],"wp:featuredmedia":[{"embeddable":true,"href":"https:\/\/www.champmarket.com\/nl\/wp-json\/wp\/v2\/media\/49139"}],"wp:attachment":[{"href":"https:\/\/www.champmarket.com\/nl\/wp-json\/wp\/v2\/media?parent=79340"}],"wp:term":[{"taxonomy":"product_brand","embeddable":true,"href":"https:\/\/www.champmarket.com\/nl\/wp-json\/wp\/v2\/product_brand?post=79340"},{"taxonomy":"product_cat","embeddable":true,"href":"https:\/\/www.champmarket.com\/nl\/wp-json\/wp\/v2\/product_cat?post=79340"},{"taxonomy":"product_tag","embeddable":true,"href":"https:\/\/www.champmarket.com\/nl\/wp-json\/wp\/v2\/product_tag?post=79340"}],"curies":[{"name":"wp","href":"https:\/\/api.w.org\/{rel}","templated":true}]}}