{"id":83104,"date":"2025-07-24T09:15:17","date_gmt":"2025-07-24T07:15:17","guid":{"rendered":"https:\/\/www.champmarket.com\/?post_type=product&#038;p=83104"},"modified":"2025-09-05T15:41:39","modified_gmt":"2025-09-05T13:41:39","slug":"charles-heidsieck-blanc-des-millenaires-2014-fles-copie-copie-copie","status":"publish","type":"product","link":"https:\/\/www.champmarket.com\/nl\/champagne\/charles-heidsieck-blanc-des-millenaires-2014-fles-copie-copie-copie\/","title":{"rendered":"Charles Heidsieck Blanc des Mill\u00e9naires 2014 Fles (Copie) (Copie) (Copie)"},"content":{"rendered":"<p>Charles Heidsieck was een voorloper in de ontwikkeling van blends die volledig uit Chardonnays bestonden, en toonde al heel vroeg interesse in deze categorie, Blancs de Blancs, die toen nog marginaal was.<\/p>\n<p>Charles Heidsieck Blanc des Mill\u00e9naires 2014, de 8e Vintage in de afgelopen 40 jaar, is :<\/p>\n<p><strong>Een onvergelijkbare textuur. <\/strong>Rijpheid, levendigheid en rijpingspotentieel geven deze wijn zijn onmiskenbare aromatische complexiteit.<\/p>\n<p><strong>De extreme uitdrukking van tijd.<\/strong> 9 jaar gerijpt in de eeuwenoude kalkputten waaraan de wijn zijn naam ontleent.<\/p>\n<p><strong>Het exclusieve product van grote Chardonnays.<\/strong> 5 Grands Crus en 1 Premier Cru uit de C\u00f4te des Blancs, geselecteerd op hun vermogen om zich te ontwikkelen en hun rijkdom tot uitdrukking te brengen naarmate ze rijpen: Oger, Mesnil-sur-Oger, Avize, Cramant, Vertus.<\/p>\n","protected":false},"excerpt":{"rendered":"<p>Een subtiele en diepgaande openbaring van de C\u00f4te des Blancs. Een intense, stralende champagne. &#8221; <em>De cuv\u00e9e Charles Heidsieck Blanc des Mill\u00e9naires 2014 drukt met intensiteit en elegantie de essentie van de tijd uit voor het Huis Charles Heidsieck. Tien jaar geduld en de expertise van drie keldermeesters hebben dit meesterwerk van de C\u00f4te des Blancs gevormd. Een reis door de tijd en de textuur, van kalkrijke terroirs tot onze eeuwenoude Cray\u00e8res.<\/em> &#8220;Elise Losfelt, keldermanager<\/p>\n","protected":false},"featured_media":83516,"template":"","meta":{"_acf_changed":false},"product_brand":[],"product_cat":[3353,3321,3308,3138,3142,3106,3164,3176,3110,3115,3116,3169,3168],"product_tag":[3179,3188,3184,3195,3200,3196],"class_list":{"0":"post-83104","1":"product","2":"type-product","3":"status-publish","4":"has-post-thumbnail","6":"maisons-selectie-champagne-charles-heidsieck-nl","7":"product_cat-kerstchampagnes","8":"product_cat-beste-champagnes","9":"product_cat-alle-champagnes-en-boxes","10":"product_cat-categorie-champagnehuizen","11":"product_cat-charles-heidsieck-nl","12":"product_cat-flessen","13":"product_cat-nieuwigheden","14":"product_cat-tous-les-champagnes-nl","15":"product_cat-blanc-de-blancs-champagne","16":"product_cat-vintage-champagne","17":"product_cat-prestige-champagne","18":"product_cat-aperitief","19":"product_cat-repas-nl","20":"product_tag-100-chardonnay-nl","21":"product_tag-haute-couture-nl","22":"product_tag-fruits-de-mer-nl","23":"product_tag-pour-offrir-nl","24":"product_tag-vintage-nl","25":"product_tag-repas-champagne-nl","27":"first","28":"instock","29":"taxable","30":"shipping-taxable","31":"purchasable","32":"product-type-simple"},"acf":[],"yoast_head":"<!-- This site is optimized with the Yoast SEO plugin v26.4 - https:\/\/yoast.com\/wordpress\/plugins\/seo\/ -->\n<title>Charles Heidsieck Blanc des Mill\u00e9naires 2014 Fles (Copie) (Copie) (Copie) - Champmarket<\/title>\n<meta name=\"description\" content=\"Charles Heidsieck Blanc des Mill\u00e9naires 2014 drukt met intensiteit en elegantie de essentie van tijd uit voor het Huis Charles Heidsieck. Tien jaar geduld...\" \/>\n<meta name=\"robots\" content=\"index, follow, max-snippet:-1, max-image-preview:large, max-video-preview:-1\" \/>\n<link rel=\"canonical\" href=\"https:\/\/www.champmarket.com\/nl\/champagne\/charles-heidsieck-blanc-des-millenaires-2014-fles-copie-copie-copie\/\" \/>\n<meta property=\"og:locale\" content=\"nl_NL\" \/>\n<meta property=\"og:type\" content=\"article\" \/>\n<meta property=\"og:title\" content=\"Charles Heidsieck Blanc des Mill\u00e9naires 2014 Fles (Copie) (Copie) (Copie) - Champmarket\" \/>\n<meta property=\"og:description\" content=\"Charles Heidsieck Blanc des Mill\u00e9naires 2014 drukt met intensiteit en elegantie de essentie van tijd uit voor het Huis Charles Heidsieck. Tien jaar geduld...\" \/>\n<meta property=\"og:url\" content=\"https:\/\/www.champmarket.com\/nl\/champagne\/charles-heidsieck-blanc-des-millenaires-2014-fles-copie-copie-copie\/\" \/>\n<meta property=\"og:site_name\" content=\"Champmarket\" \/>\n<meta property=\"article:publisher\" content=\"https:\/\/www.facebook.com\/ChampMarket\/\" \/>\n<meta property=\"article:modified_time\" content=\"2025-09-05T13:41:39+00:00\" \/>\n<meta property=\"og:image\" content=\"https:\/\/www.champmarket.com\/wp-content\/uploads\/2025\/07\/Charles-Heidsieck-blanc-des-millenaires-1985-bouteille-coffret.webp\" \/>\n\t<meta property=\"og:image:width\" content=\"1200\" \/>\n\t<meta property=\"og:image:height\" content=\"1200\" \/>\n\t<meta property=\"og:image:type\" content=\"image\/webp\" \/>\n<meta name=\"twitter:card\" content=\"summary_large_image\" \/>\n<meta name=\"twitter:site\" content=\"@champmarket\" \/>\n<meta name=\"twitter:label1\" content=\"Geschatte leestijd\" \/>\n\t<meta name=\"twitter:data1\" content=\"1 minuut\" \/>\n<script type=\"application\/ld+json\" class=\"yoast-schema-graph\">{\"@context\":\"https:\/\/schema.org\",\"@graph\":[{\"@type\":\"WebPage\",\"@id\":\"https:\/\/www.champmarket.com\/nl\/champagne\/charles-heidsieck-blanc-des-millenaires-2014-fles-copie-copie-copie\/\",\"url\":\"https:\/\/www.champmarket.com\/nl\/champagne\/charles-heidsieck-blanc-des-millenaires-2014-fles-copie-copie-copie\/\",\"name\":\"Charles Heidsieck Blanc des Mill\u00e9naires 2014 Fles (Copie) (Copie) (Copie) - Champmarket\",\"isPartOf\":{\"@id\":\"https:\/\/www.champmarket.com\/#website\"},\"primaryImageOfPage\":{\"@id\":\"https:\/\/www.champmarket.com\/nl\/champagne\/charles-heidsieck-blanc-des-millenaires-2014-fles-copie-copie-copie\/#primaryimage\"},\"image\":{\"@id\":\"https:\/\/www.champmarket.com\/nl\/champagne\/charles-heidsieck-blanc-des-millenaires-2014-fles-copie-copie-copie\/#primaryimage\"},\"thumbnailUrl\":\"https:\/\/www.champmarket.com\/wp-content\/uploads\/2025\/07\/Charles-Heidsieck-blanc-des-millenaires-1985-bouteille-coffret.webp\",\"datePublished\":\"2025-07-24T07:15:17+00:00\",\"dateModified\":\"2025-09-05T13:41:39+00:00\",\"description\":\"Charles Heidsieck Blanc des Mill\u00e9naires 2014 drukt met intensiteit en elegantie de essentie van tijd uit voor het Huis Charles Heidsieck. Tien jaar geduld...\",\"breadcrumb\":{\"@id\":\"https:\/\/www.champmarket.com\/nl\/champagne\/charles-heidsieck-blanc-des-millenaires-2014-fles-copie-copie-copie\/#breadcrumb\"},\"inLanguage\":\"nl-NL\",\"potentialAction\":[{\"@type\":\"ReadAction\",\"target\":[\"https:\/\/www.champmarket.com\/nl\/champagne\/charles-heidsieck-blanc-des-millenaires-2014-fles-copie-copie-copie\/\"]}]},{\"@type\":\"ImageObject\",\"inLanguage\":\"nl-NL\",\"@id\":\"https:\/\/www.champmarket.com\/nl\/champagne\/charles-heidsieck-blanc-des-millenaires-2014-fles-copie-copie-copie\/#primaryimage\",\"url\":\"https:\/\/www.champmarket.com\/wp-content\/uploads\/2025\/07\/Charles-Heidsieck-blanc-des-millenaires-1985-bouteille-coffret.webp\",\"contentUrl\":\"https:\/\/www.champmarket.com\/wp-content\/uploads\/2025\/07\/Charles-Heidsieck-blanc-des-millenaires-1985-bouteille-coffret.webp\",\"width\":1200,\"height\":1200,\"caption\":\"Champagne Charles Heidsieck Blanc des Mill\u00e9naires 1985 avec coffret sur Champmarket\"},{\"@type\":\"BreadcrumbList\",\"@id\":\"https:\/\/www.champmarket.com\/nl\/champagne\/charles-heidsieck-blanc-des-millenaires-2014-fles-copie-copie-copie\/#breadcrumb\",\"itemListElement\":[{\"@type\":\"ListItem\",\"position\":1,\"name\":\"Accueil\",\"item\":\"https:\/\/www.champmarket.com\/nl\/\"},{\"@type\":\"ListItem\",\"position\":2,\"name\":\"Winkel\",\"item\":\"https:\/\/www.champmarket.com\/nl\/boutique\/\"},{\"@type\":\"ListItem\",\"position\":3,\"name\":\"Charles Heidsieck\",\"item\":\"https:\/\/www.champmarket.com\/nl\/maisons\/selectie-champagne-charles-heidsieck-nl\/\"},{\"@type\":\"ListItem\",\"position\":4,\"name\":\"Charles Heidsieck Blanc des Mill\u00e9naires 2014 Fles (Copie) (Copie) (Copie)\"}]},{\"@type\":\"WebSite\",\"@id\":\"https:\/\/www.champmarket.com\/#website\",\"url\":\"https:\/\/www.champmarket.com\/\",\"name\":\"Champmarket\",\"description\":\"Champmarket, Champagnes, Cadeaus en Levenskunst\",\"publisher\":{\"@id\":\"https:\/\/www.champmarket.com\/#organization\"},\"potentialAction\":[{\"@type\":\"SearchAction\",\"target\":{\"@type\":\"EntryPoint\",\"urlTemplate\":\"https:\/\/www.champmarket.com\/?s={search_term_string}\"},\"query-input\":{\"@type\":\"PropertyValueSpecification\",\"valueRequired\":true,\"valueName\":\"search_term_string\"}}],\"inLanguage\":\"nl-NL\"},{\"@type\":\"Organization\",\"@id\":\"https:\/\/www.champmarket.com\/#organization\",\"name\":\"Champmarket\",\"url\":\"https:\/\/www.champmarket.com\/\",\"logo\":{\"@type\":\"ImageObject\",\"inLanguage\":\"nl-NL\",\"@id\":\"https:\/\/www.champmarket.com\/#\/schema\/logo\/image\/\",\"url\":\"https:\/\/www.champmarket.com\/wp-content\/uploads\/2024\/08\/logo2024-1.svg\",\"contentUrl\":\"https:\/\/www.champmarket.com\/wp-content\/uploads\/2024\/08\/logo2024-1.svg\",\"width\":579.8,\"height\":80,\"caption\":\"Champmarket\"},\"image\":{\"@id\":\"https:\/\/www.champmarket.com\/#\/schema\/logo\/image\/\"},\"sameAs\":[\"https:\/\/www.facebook.com\/ChampMarket\/\",\"https:\/\/x.com\/champmarket\",\"https:\/\/www.instagram.com\/champmarket.paris\/\",\"https:\/\/www.pinterest.fr\/champmarketparis\/\",\"https:\/\/www.linkedin.com\/company\/champmarket\/\"]}]}<\/script>\n<!-- \/ Yoast SEO plugin. -->","yoast_head_json":{"title":"Charles Heidsieck Blanc des Mill\u00e9naires 2014 Fles (Copie) (Copie) (Copie) - Champmarket","description":"Charles Heidsieck Blanc des Mill\u00e9naires 2014 drukt met intensiteit en elegantie de essentie van tijd uit voor het Huis Charles Heidsieck. Tien jaar geduld...","robots":{"index":"index","follow":"follow","max-snippet":"max-snippet:-1","max-image-preview":"max-image-preview:large","max-video-preview":"max-video-preview:-1"},"canonical":"https:\/\/www.champmarket.com\/nl\/champagne\/charles-heidsieck-blanc-des-millenaires-2014-fles-copie-copie-copie\/","og_locale":"nl_NL","og_type":"article","og_title":"Charles Heidsieck Blanc des Mill\u00e9naires 2014 Fles (Copie) (Copie) (Copie) - Champmarket","og_description":"Charles Heidsieck Blanc des Mill\u00e9naires 2014 drukt met intensiteit en elegantie de essentie van tijd uit voor het Huis Charles Heidsieck. Tien jaar geduld...","og_url":"https:\/\/www.champmarket.com\/nl\/champagne\/charles-heidsieck-blanc-des-millenaires-2014-fles-copie-copie-copie\/","og_site_name":"Champmarket","article_publisher":"https:\/\/www.facebook.com\/ChampMarket\/","article_modified_time":"2025-09-05T13:41:39+00:00","og_image":[{"width":1200,"height":1200,"url":"https:\/\/www.champmarket.com\/wp-content\/uploads\/2025\/07\/Charles-Heidsieck-blanc-des-millenaires-1985-bouteille-coffret.webp","type":"image\/webp"}],"twitter_card":"summary_large_image","twitter_site":"@champmarket","twitter_misc":{"Geschatte leestijd":"1 minuut"},"schema":{"@context":"https:\/\/schema.org","@graph":[{"@type":"WebPage","@id":"https:\/\/www.champmarket.com\/nl\/champagne\/charles-heidsieck-blanc-des-millenaires-2014-fles-copie-copie-copie\/","url":"https:\/\/www.champmarket.com\/nl\/champagne\/charles-heidsieck-blanc-des-millenaires-2014-fles-copie-copie-copie\/","name":"Charles Heidsieck Blanc des Mill\u00e9naires 2014 Fles (Copie) (Copie) (Copie) - Champmarket","isPartOf":{"@id":"https:\/\/www.champmarket.com\/#website"},"primaryImageOfPage":{"@id":"https:\/\/www.champmarket.com\/nl\/champagne\/charles-heidsieck-blanc-des-millenaires-2014-fles-copie-copie-copie\/#primaryimage"},"image":{"@id":"https:\/\/www.champmarket.com\/nl\/champagne\/charles-heidsieck-blanc-des-millenaires-2014-fles-copie-copie-copie\/#primaryimage"},"thumbnailUrl":"https:\/\/www.champmarket.com\/wp-content\/uploads\/2025\/07\/Charles-Heidsieck-blanc-des-millenaires-1985-bouteille-coffret.webp","datePublished":"2025-07-24T07:15:17+00:00","dateModified":"2025-09-05T13:41:39+00:00","description":"Charles Heidsieck Blanc des Mill\u00e9naires 2014 drukt met intensiteit en elegantie de essentie van tijd uit voor het Huis Charles Heidsieck. Tien jaar geduld...","breadcrumb":{"@id":"https:\/\/www.champmarket.com\/nl\/champagne\/charles-heidsieck-blanc-des-millenaires-2014-fles-copie-copie-copie\/#breadcrumb"},"inLanguage":"nl-NL","potentialAction":[{"@type":"ReadAction","target":["https:\/\/www.champmarket.com\/nl\/champagne\/charles-heidsieck-blanc-des-millenaires-2014-fles-copie-copie-copie\/"]}]},{"@type":"ImageObject","inLanguage":"nl-NL","@id":"https:\/\/www.champmarket.com\/nl\/champagne\/charles-heidsieck-blanc-des-millenaires-2014-fles-copie-copie-copie\/#primaryimage","url":"https:\/\/www.champmarket.com\/wp-content\/uploads\/2025\/07\/Charles-Heidsieck-blanc-des-millenaires-1985-bouteille-coffret.webp","contentUrl":"https:\/\/www.champmarket.com\/wp-content\/uploads\/2025\/07\/Charles-Heidsieck-blanc-des-millenaires-1985-bouteille-coffret.webp","width":1200,"height":1200,"caption":"Champagne Charles Heidsieck Blanc des Mill\u00e9naires 1985 avec coffret sur Champmarket"},{"@type":"BreadcrumbList","@id":"https:\/\/www.champmarket.com\/nl\/champagne\/charles-heidsieck-blanc-des-millenaires-2014-fles-copie-copie-copie\/#breadcrumb","itemListElement":[{"@type":"ListItem","position":1,"name":"Accueil","item":"https:\/\/www.champmarket.com\/nl\/"},{"@type":"ListItem","position":2,"name":"Winkel","item":"https:\/\/www.champmarket.com\/nl\/boutique\/"},{"@type":"ListItem","position":3,"name":"Charles Heidsieck","item":"https:\/\/www.champmarket.com\/nl\/maisons\/selectie-champagne-charles-heidsieck-nl\/"},{"@type":"ListItem","position":4,"name":"Charles Heidsieck Blanc des Mill\u00e9naires 2014 Fles (Copie) (Copie) (Copie)"}]},{"@type":"WebSite","@id":"https:\/\/www.champmarket.com\/#website","url":"https:\/\/www.champmarket.com\/","name":"Champmarket","description":"Champmarket, Champagnes, Cadeaus en Levenskunst","publisher":{"@id":"https:\/\/www.champmarket.com\/#organization"},"potentialAction":[{"@type":"SearchAction","target":{"@type":"EntryPoint","urlTemplate":"https:\/\/www.champmarket.com\/?s={search_term_string}"},"query-input":{"@type":"PropertyValueSpecification","valueRequired":true,"valueName":"search_term_string"}}],"inLanguage":"nl-NL"},{"@type":"Organization","@id":"https:\/\/www.champmarket.com\/#organization","name":"Champmarket","url":"https:\/\/www.champmarket.com\/","logo":{"@type":"ImageObject","inLanguage":"nl-NL","@id":"https:\/\/www.champmarket.com\/#\/schema\/logo\/image\/","url":"https:\/\/www.champmarket.com\/wp-content\/uploads\/2024\/08\/logo2024-1.svg","contentUrl":"https:\/\/www.champmarket.com\/wp-content\/uploads\/2024\/08\/logo2024-1.svg","width":579.8,"height":80,"caption":"Champmarket"},"image":{"@id":"https:\/\/www.champmarket.com\/#\/schema\/logo\/image\/"},"sameAs":["https:\/\/www.facebook.com\/ChampMarket\/","https:\/\/x.com\/champmarket","https:\/\/www.instagram.com\/champmarket.paris\/","https:\/\/www.pinterest.fr\/champmarketparis\/","https:\/\/www.linkedin.com\/company\/champmarket\/"]}]}},"_links":{"self":[{"href":"https:\/\/www.champmarket.com\/nl\/wp-json\/wp\/v2\/product\/83104","targetHints":{"allow":["GET"]}}],"collection":[{"href":"https:\/\/www.champmarket.com\/nl\/wp-json\/wp\/v2\/product"}],"about":[{"href":"https:\/\/www.champmarket.com\/nl\/wp-json\/wp\/v2\/types\/product"}],"version-history":[{"count":1,"href":"https:\/\/www.champmarket.com\/nl\/wp-json\/wp\/v2\/product\/83104\/revisions"}],"predecessor-version":[{"id":83529,"href":"https:\/\/www.champmarket.com\/nl\/wp-json\/wp\/v2\/product\/83104\/revisions\/83529"}],"wp:featuredmedia":[{"embeddable":true,"href":"https:\/\/www.champmarket.com\/nl\/wp-json\/wp\/v2\/media\/83516"}],"wp:attachment":[{"href":"https:\/\/www.champmarket.com\/nl\/wp-json\/wp\/v2\/media?parent=83104"}],"wp:term":[{"taxonomy":"product_brand","embeddable":true,"href":"https:\/\/www.champmarket.com\/nl\/wp-json\/wp\/v2\/product_brand?post=83104"},{"taxonomy":"product_cat","embeddable":true,"href":"https:\/\/www.champmarket.com\/nl\/wp-json\/wp\/v2\/product_cat?post=83104"},{"taxonomy":"product_tag","embeddable":true,"href":"https:\/\/www.champmarket.com\/nl\/wp-json\/wp\/v2\/product_tag?post=83104"}],"curies":[{"name":"wp","href":"https:\/\/api.w.org\/{rel}","templated":true}]}}